{"id":6922,"date":"2025-01-08T10:32:47","date_gmt":"2025-01-08T10:32:47","guid":{"rendered":"https:\/\/hoomei.fr\/produit\/electric-bubble-blackhead-remover-vacuum-suction-pore-cleaner-spot-acne-pimple-black-head-extractor-facial-cleaning-tools\/"},"modified":"2025-04-06T18:07:47","modified_gmt":"2025-04-06T18:07:47","slug":"nettoyeur-aspirateur-de-points-noirs","status":"publish","type":"product","link":"https:\/\/hoomei.fr\/en\/produit\/nettoyeur-aspirateur-de-points-noirs\/","title":{"rendered":"Nettoyeur \/ Aspirateur de Points Noirs"},"content":{"rendered":"<p>Transformez votre routine de soin de la peau avec ce nettoyeur de points noirs \u00e0 bulles r\u00e9volutionnaire. Con\u00e7u pour un nettoyage en profondeur, il combine aspiration sous vide et hydratation pour une peau visiblement plus nette et \u00e9clatante.<\/p>\n<h4><strong>Pourquoi Choisir Ce Nettoyeur ?<\/strong><\/h4>\n<ul>\n<li><strong>Soin Complet :<\/strong> Nettoie, exfolie et hydrate en une seule \u00e9tape.<\/li>\n<li><strong>Peau Visiblement Am\u00e9lior\u00e9e :<\/strong> R\u00e9duit les pores, unifie le teint et \u00e9limine les points noirs d\u00e8s la premi\u00e8re utilisation.<\/li>\n<li><strong>Pratique et Ergonomique :<\/strong> Compact et facile \u00e0 transporter pour vos d\u00e9placements.<\/li>\n<li><strong>\u00c9cologique :<\/strong> Longue autonomie et mat\u00e9riaux durables.<\/li>\n<\/ul>\n","protected":false},"excerpt":{"rendered":"<p>Transformez votre routine de soin de la peau avec ce nettoyeur de points noirs \u00e0 bulles r\u00e9volutionnaire. Con\u00e7u pour un nettoyage en profondeur, il combine aspiration sous vide et hydratation pour une peau visiblement plus nette et \u00e9clatante.<\/p>\n<h4><strong>Pourquoi Choisir Ce Nettoyeur ?<\/strong><\/h4>\n<ul>\n<li><strong>Soin Complet :<\/strong> Nettoie, exfolie et hydrate en une seule \u00e9tape.<\/li>\n<li><strong>Peau Visiblement Am\u00e9lior\u00e9e :<\/strong> R\u00e9duit les pores, unifie le teint et \u00e9limine les points noirs d\u00e8s la premi\u00e8re utilisation.<\/li>\n<li><strong>Pratique et Ergonomique :<\/strong> Compact et facile \u00e0 transporter pour vos d\u00e9placements.<\/li>\n<li><strong>\u00c9cologique :<\/strong> Longue autonomie et mat\u00e9riaux durables.<\/li>\n<\/ul>\n","protected":false},"featured_media":8018,"template":"","meta":{"_acf_changed":false,"ub_ctt_via":"","_monsterinsights_skip_tracking":false,"_monsterinsights_sitenote_active":false,"_monsterinsights_sitenote_note":"","_monsterinsights_sitenote_category":0},"product_cat":[270],"product_tag":[],"class_list":{"0":"post-6922","1":"product","2":"type-product","3":"status-publish","4":"has-post-thumbnail","6":"product_cat-respiration-pure","8":"first","9":"instock","10":"shipping-taxable","11":"purchasable","12":"product-type-simple"},"acf":[],"yoast_head":"<!-- This site is optimized with the Yoast SEO plugin v23.8 - https:\/\/yoast.com\/wordpress\/plugins\/seo\/ -->\n<title>Nettoyeur \/ Aspirateur de Points Noirs - Hoomei<\/title>\n<meta name=\"description\" content=\"D\u00e9couvrez le nettoyeur de points noirs \u00e0 bulles, un appareil innovant pour une peau nette et hydrat\u00e9e. Aspiration sous vide, nettoyage en profondeur.\" \/>\n<meta name=\"robots\" content=\"index, follow, max-snippet:-1, max-image-preview:large, max-video-preview:-1\" \/>\n<link rel=\"canonical\" href=\"https:\/\/hoomei.fr\/en\/produit\/nettoyeur-aspirateur-de-points-noirs\/\" \/>\n<meta property=\"og:locale\" content=\"en_US\" \/>\n<meta property=\"og:type\" content=\"article\" \/>\n<meta property=\"og:title\" content=\"Nettoyeur \/ Aspirateur de Points Noirs - Hoomei\" \/>\n<meta property=\"og:description\" content=\"D\u00e9couvrez le nettoyeur de points noirs \u00e0 bulles, un appareil innovant pour une peau nette et hydrat\u00e9e. Aspiration sous vide, nettoyage en profondeur.\" \/>\n<meta property=\"og:url\" content=\"https:\/\/hoomei.fr\/en\/produit\/nettoyeur-aspirateur-de-points-noirs\/\" \/>\n<meta property=\"og:site_name\" content=\"Hoomei\" \/>\n<meta property=\"article:modified_time\" content=\"2025-04-06T18:07:47+00:00\" \/>\n<meta property=\"og:image\" content=\"https:\/\/hoomei.fr\/wp-content\/uploads\/2025\/01\/photoroom_20250112_175002-1.jpg\" \/>\n\t<meta property=\"og:image:width\" content=\"1080\" \/>\n\t<meta property=\"og:image:height\" content=\"1080\" \/>\n\t<meta property=\"og:image:type\" content=\"image\/jpeg\" \/>\n<meta name=\"twitter:card\" content=\"summary_large_image\" \/>\n<meta name=\"twitter:label1\" content=\"Est. reading time\" \/>\n\t<meta name=\"twitter:data1\" content=\"1 minute\" \/>\n<script type=\"application\/ld+json\" class=\"yoast-schema-graph\">{\"@context\":\"https:\/\/schema.org\",\"@graph\":[{\"@type\":\"WebPage\",\"@id\":\"https:\/\/hoomei.fr\/en\/produit\/nettoyeur-aspirateur-de-points-noirs\/\",\"url\":\"https:\/\/hoomei.fr\/en\/produit\/nettoyeur-aspirateur-de-points-noirs\/\",\"name\":\"Nettoyeur \/ Aspirateur de Points Noirs - Hoomei\",\"isPartOf\":{\"@id\":\"https:\/\/hoomei.fr\/en\/#website\"},\"primaryImageOfPage\":{\"@id\":\"https:\/\/hoomei.fr\/en\/produit\/nettoyeur-aspirateur-de-points-noirs\/#primaryimage\"},\"image\":{\"@id\":\"https:\/\/hoomei.fr\/en\/produit\/nettoyeur-aspirateur-de-points-noirs\/#primaryimage\"},\"thumbnailUrl\":\"https:\/\/hoomei.fr\/wp-content\/uploads\/2025\/01\/photoroom_20250112_175002-1.jpg\",\"datePublished\":\"2025-01-08T10:32:47+00:00\",\"dateModified\":\"2025-04-06T18:07:47+00:00\",\"description\":\"D\u00e9couvrez le nettoyeur de points noirs \u00e0 bulles, un appareil innovant pour une peau nette et hydrat\u00e9e. Aspiration sous vide, nettoyage en profondeur.\",\"breadcrumb\":{\"@id\":\"https:\/\/hoomei.fr\/en\/produit\/nettoyeur-aspirateur-de-points-noirs\/#breadcrumb\"},\"inLanguage\":\"en-US\",\"potentialAction\":[{\"@type\":\"ReadAction\",\"target\":[\"https:\/\/hoomei.fr\/en\/produit\/nettoyeur-aspirateur-de-points-noirs\/\"]}]},{\"@type\":\"ImageObject\",\"inLanguage\":\"en-US\",\"@id\":\"https:\/\/hoomei.fr\/en\/produit\/nettoyeur-aspirateur-de-points-noirs\/#primaryimage\",\"url\":\"https:\/\/hoomei.fr\/wp-content\/uploads\/2025\/01\/photoroom_20250112_175002-1.jpg\",\"contentUrl\":\"https:\/\/hoomei.fr\/wp-content\/uploads\/2025\/01\/photoroom_20250112_175002-1.jpg\",\"width\":1080,\"height\":1080},{\"@type\":\"BreadcrumbList\",\"@id\":\"https:\/\/hoomei.fr\/en\/produit\/nettoyeur-aspirateur-de-points-noirs\/#breadcrumb\",\"itemListElement\":[{\"@type\":\"ListItem\",\"position\":1,\"name\":\"Accueil\",\"item\":\"https:\/\/hoomei.fr\/en\/\"},{\"@type\":\"ListItem\",\"position\":2,\"name\":\"Shop\",\"item\":\"https:\/\/hoomei.fr\/en\/shop\/\"},{\"@type\":\"ListItem\",\"position\":3,\"name\":\"Nettoyeur \/ Aspirateur de Points Noirs\"}]},{\"@type\":\"WebSite\",\"@id\":\"https:\/\/hoomei.fr\/en\/#website\",\"url\":\"https:\/\/hoomei.fr\/en\/\",\"name\":\"Hoomei\",\"description\":\"Votre Routine R\u00e9invent\u00e9e\",\"publisher\":{\"@id\":\"https:\/\/hoomei.fr\/en\/#\/schema\/person\/8cfb2570bae5452af0aefde1cfdc78b4\"},\"potentialAction\":[{\"@type\":\"SearchAction\",\"target\":{\"@type\":\"EntryPoint\",\"urlTemplate\":\"https:\/\/hoomei.fr\/en\/?s={search_term_string}\"},\"query-input\":{\"@type\":\"PropertyValueSpecification\",\"valueRequired\":true,\"valueName\":\"search_term_string\"}}],\"inLanguage\":\"en-US\"},{\"@type\":[\"Person\",\"Organization\"],\"@id\":\"https:\/\/hoomei.fr\/en\/#\/schema\/person\/8cfb2570bae5452af0aefde1cfdc78b4\",\"name\":\"GHULAm WIASS\",\"image\":{\"@type\":\"ImageObject\",\"inLanguage\":\"en-US\",\"@id\":\"https:\/\/hoomei.fr\/en\/#\/schema\/person\/image\/\",\"url\":\"https:\/\/hoomei.fr\/wp-content\/uploads\/2024\/11\/Design-sans-titre-2024-11-01T212453.191.png\",\"contentUrl\":\"https:\/\/hoomei.fr\/wp-content\/uploads\/2024\/11\/Design-sans-titre-2024-11-01T212453.191.png\",\"width\":436,\"height\":124,\"caption\":\"GHULAm WIASS\"},\"logo\":{\"@id\":\"https:\/\/hoomei.fr\/en\/#\/schema\/person\/image\/\"},\"sameAs\":[\"http:\/\/hoomei.fr\"]}]}<\/script>\n<!-- \/ Yoast SEO plugin. -->","yoast_head_json":{"title":"Nettoyeur \/ Aspirateur de Points Noirs - Hoomei","description":"D\u00e9couvrez le nettoyeur de points noirs \u00e0 bulles, un appareil innovant pour une peau nette et hydrat\u00e9e. Aspiration sous vide, nettoyage en profondeur.","robots":{"index":"index","follow":"follow","max-snippet":"max-snippet:-1","max-image-preview":"max-image-preview:large","max-video-preview":"max-video-preview:-1"},"canonical":"https:\/\/hoomei.fr\/en\/produit\/nettoyeur-aspirateur-de-points-noirs\/","og_locale":"en_US","og_type":"article","og_title":"Nettoyeur \/ Aspirateur de Points Noirs - Hoomei","og_description":"D\u00e9couvrez le nettoyeur de points noirs \u00e0 bulles, un appareil innovant pour une peau nette et hydrat\u00e9e. Aspiration sous vide, nettoyage en profondeur.","og_url":"https:\/\/hoomei.fr\/en\/produit\/nettoyeur-aspirateur-de-points-noirs\/","og_site_name":"Hoomei","article_modified_time":"2025-04-06T18:07:47+00:00","og_image":[{"width":1080,"height":1080,"url":"https:\/\/hoomei.fr\/wp-content\/uploads\/2025\/01\/photoroom_20250112_175002-1.jpg","type":"image\/jpeg"}],"twitter_card":"summary_large_image","twitter_misc":{"Est. reading time":"1 minute"},"schema":{"@context":"https:\/\/schema.org","@graph":[{"@type":"WebPage","@id":"https:\/\/hoomei.fr\/en\/produit\/nettoyeur-aspirateur-de-points-noirs\/","url":"https:\/\/hoomei.fr\/en\/produit\/nettoyeur-aspirateur-de-points-noirs\/","name":"Nettoyeur \/ Aspirateur de Points Noirs - Hoomei","isPartOf":{"@id":"https:\/\/hoomei.fr\/en\/#website"},"primaryImageOfPage":{"@id":"https:\/\/hoomei.fr\/en\/produit\/nettoyeur-aspirateur-de-points-noirs\/#primaryimage"},"image":{"@id":"https:\/\/hoomei.fr\/en\/produit\/nettoyeur-aspirateur-de-points-noirs\/#primaryimage"},"thumbnailUrl":"https:\/\/hoomei.fr\/wp-content\/uploads\/2025\/01\/photoroom_20250112_175002-1.jpg","datePublished":"2025-01-08T10:32:47+00:00","dateModified":"2025-04-06T18:07:47+00:00","description":"D\u00e9couvrez le nettoyeur de points noirs \u00e0 bulles, un appareil innovant pour une peau nette et hydrat\u00e9e. Aspiration sous vide, nettoyage en profondeur.","breadcrumb":{"@id":"https:\/\/hoomei.fr\/en\/produit\/nettoyeur-aspirateur-de-points-noirs\/#breadcrumb"},"inLanguage":"en-US","potentialAction":[{"@type":"ReadAction","target":["https:\/\/hoomei.fr\/en\/produit\/nettoyeur-aspirateur-de-points-noirs\/"]}]},{"@type":"ImageObject","inLanguage":"en-US","@id":"https:\/\/hoomei.fr\/en\/produit\/nettoyeur-aspirateur-de-points-noirs\/#primaryimage","url":"https:\/\/hoomei.fr\/wp-content\/uploads\/2025\/01\/photoroom_20250112_175002-1.jpg","contentUrl":"https:\/\/hoomei.fr\/wp-content\/uploads\/2025\/01\/photoroom_20250112_175002-1.jpg","width":1080,"height":1080},{"@type":"BreadcrumbList","@id":"https:\/\/hoomei.fr\/en\/produit\/nettoyeur-aspirateur-de-points-noirs\/#breadcrumb","itemListElement":[{"@type":"ListItem","position":1,"name":"Accueil","item":"https:\/\/hoomei.fr\/en\/"},{"@type":"ListItem","position":2,"name":"Shop","item":"https:\/\/hoomei.fr\/en\/shop\/"},{"@type":"ListItem","position":3,"name":"Nettoyeur \/ Aspirateur de Points Noirs"}]},{"@type":"WebSite","@id":"https:\/\/hoomei.fr\/en\/#website","url":"https:\/\/hoomei.fr\/en\/","name":"Hoomei","description":"Votre Routine R\u00e9invent\u00e9e","publisher":{"@id":"https:\/\/hoomei.fr\/en\/#\/schema\/person\/8cfb2570bae5452af0aefde1cfdc78b4"},"potentialAction":[{"@type":"SearchAction","target":{"@type":"EntryPoint","urlTemplate":"https:\/\/hoomei.fr\/en\/?s={search_term_string}"},"query-input":{"@type":"PropertyValueSpecification","valueRequired":true,"valueName":"search_term_string"}}],"inLanguage":"en-US"},{"@type":["Person","Organization"],"@id":"https:\/\/hoomei.fr\/en\/#\/schema\/person\/8cfb2570bae5452af0aefde1cfdc78b4","name":"GHULAm WIASS","image":{"@type":"ImageObject","inLanguage":"en-US","@id":"https:\/\/hoomei.fr\/en\/#\/schema\/person\/image\/","url":"https:\/\/hoomei.fr\/wp-content\/uploads\/2024\/11\/Design-sans-titre-2024-11-01T212453.191.png","contentUrl":"https:\/\/hoomei.fr\/wp-content\/uploads\/2024\/11\/Design-sans-titre-2024-11-01T212453.191.png","width":436,"height":124,"caption":"GHULAm WIASS"},"logo":{"@id":"https:\/\/hoomei.fr\/en\/#\/schema\/person\/image\/"},"sameAs":["http:\/\/hoomei.fr"]}]}},"_links":{"self":[{"href":"https:\/\/hoomei.fr\/en\/wp-json\/wp\/v2\/product\/6922"}],"collection":[{"href":"https:\/\/hoomei.fr\/en\/wp-json\/wp\/v2\/product"}],"about":[{"href":"https:\/\/hoomei.fr\/en\/wp-json\/wp\/v2\/types\/product"}],"wp:featuredmedia":[{"embeddable":true,"href":"https:\/\/hoomei.fr\/en\/wp-json\/wp\/v2\/media\/8018"}],"wp:attachment":[{"href":"https:\/\/hoomei.fr\/en\/wp-json\/wp\/v2\/media?parent=6922"}],"wp:term":[{"taxonomy":"product_cat","embeddable":true,"href":"https:\/\/hoomei.fr\/en\/wp-json\/wp\/v2\/product_cat?post=6922"},{"taxonomy":"product_tag","embeddable":true,"href":"https:\/\/hoomei.fr\/en\/wp-json\/wp\/v2\/product_tag?post=6922"}],"curies":[{"name":"wp","href":"https:\/\/api.w.org\/{rel}","templated":true}]}}