{"id":6354,"date":"2025-01-08T10:08:24","date_gmt":"2025-01-08T10:08:24","guid":{"rendered":"https:\/\/hoomei.fr\/produit\/ocheal-anti-wrinkle-anti-dark-circle-eye-cream-roller-massager-moisturizing-eye-bags-anti-aging-hyaluronic-acid-eye-skin-care\/"},"modified":"2025-04-06T18:04:46","modified_gmt":"2025-04-06T18:04:46","slug":"creme-yeux-anti-rides-avec-applicateur-massage-360","status":"publish","type":"product","link":"https:\/\/hoomei.fr\/en\/produit\/creme-yeux-anti-rides-avec-applicateur-massage-360\/","title":{"rendered":"Cr\u00e8me Yeux Anti-Rides avec Applicateur Massage 360\u00b0"},"content":{"rendered":"<p>Combattez les signes de l\u2019\u00e2ge et offrez \u00e0 votre peau un soin expert avec cette cr\u00e8me pour les yeux innovante. Formul\u00e9e avec du <strong>r\u00e9tinol<\/strong> et de l\u2019acide hyaluronique, elle hydrate en profondeur, r\u00e9duit les ridules, et raffermit la peau d\u00e9licate du contour des yeux. Son applicateur triple bille massant garantit une application uniforme et une absorption optimale des actifs, tout en procurant un effet relaxant. \ud83c\udf3f<\/p>\n<h4><strong>Pourquoi l\u2019Adopter ?<\/strong><\/h4>\n<ul>\n<li><strong>Hydratation Durable :<\/strong> La combinaison d\u2019acides hyaluroniques \u00e0 diff\u00e9rentes tailles de mol\u00e9cules garantit une hydratation de la surface aux couches profondes.<\/li>\n<li><strong>Action Anti-Rides Cibl\u00e9e :<\/strong> R\u00e9duit visiblement les signes de l&#8217;\u00e2ge en quelques semaines.<\/li>\n<li><strong>Facile et Hygi\u00e9nique :<\/strong> Pas besoin d&#8217;utiliser les doigts gr\u00e2ce \u00e0 son applicateur intelligent.<\/li>\n<li><strong>Astuce :<\/strong> Appliquez une petite quantit\u00e9 en tapotant pour activer les bienfaits de la formule. \ud83d\udc50<\/li>\n<\/ul>\n","protected":false},"excerpt":{"rendered":"<p>Combattez les signes de l\u2019\u00e2ge et offrez \u00e0 votre peau un soin expert avec cette cr\u00e8me pour les yeux innovante. Formul\u00e9e avec du <strong>r\u00e9tinol<\/strong> et de l\u2019acide hyaluronique, elle hydrate en profondeur, r\u00e9duit les ridules, et raffermit la peau d\u00e9licate du contour des yeux. Son applicateur triple bille massant garantit une application uniforme et une absorption optimale des actifs, tout en procurant un effet relaxant. \ud83c\udf3f<\/p>\n<h4><strong>Pourquoi l\u2019Adopter ?<\/strong><\/h4>\n<ul>\n<li><strong>Hydratation Durable :<\/strong> La combinaison d\u2019acides hyaluroniques \u00e0 diff\u00e9rentes tailles de mol\u00e9cules garantit une hydratation de la surface aux couches profondes.<\/li>\n<li><strong>Action Anti-Rides Cibl\u00e9e :<\/strong> R\u00e9duit visiblement les signes de l&#8217;\u00e2ge en quelques semaines.<\/li>\n<li><strong>Facile et Hygi\u00e9nique :<\/strong> Pas besoin d&#8217;utiliser les doigts gr\u00e2ce \u00e0 son applicateur intelligent.<\/li>\n<li><strong>Astuce :<\/strong> Appliquez une petite quantit\u00e9 en tapotant pour activer les bienfaits de la formule. \ud83d\udc50<\/li>\n<\/ul>\n<p>&nbsp;<\/p>\n","protected":false},"featured_media":8919,"template":"","meta":{"_acf_changed":false,"ub_ctt_via":"","_monsterinsights_skip_tracking":false,"_monsterinsights_sitenote_active":false,"_monsterinsights_sitenote_note":"","_monsterinsights_sitenote_category":0},"product_cat":[269],"product_tag":[],"class_list":{"0":"post-6354","1":"product","2":"type-product","3":"status-publish","4":"has-post-thumbnail","6":"product_cat-regard-lumineux","8":"first","9":"instock","10":"shipping-taxable","11":"purchasable","12":"product-type-simple"},"acf":[],"yoast_head":"<!-- This site is optimized with the Yoast SEO plugin v23.8 - https:\/\/yoast.com\/wordpress\/plugins\/seo\/ -->\n<title>Cr\u00e8me Yeux Anti-Rides avec Applicateur Massage 360\u00b0 - Hoomei<\/title>\n<meta name=\"description\" content=\"Cr\u00e8me contour des yeux anti-rides avec applicateur massant 360\u00b0. Hydrate, raffermit, r\u00e9duit les ridules et prot\u00e8ge contre la lumi\u00e8re bleue.\" \/>\n<meta name=\"robots\" content=\"index, follow, max-snippet:-1, max-image-preview:large, max-video-preview:-1\" \/>\n<link rel=\"canonical\" href=\"https:\/\/hoomei.fr\/en\/produit\/creme-yeux-anti-rides-avec-applicateur-massage-360\/\" \/>\n<meta property=\"og:locale\" content=\"en_US\" \/>\n<meta property=\"og:type\" content=\"article\" \/>\n<meta property=\"og:title\" content=\"Cr\u00e8me Yeux Anti-Rides avec Applicateur Massage 360\u00b0 - Hoomei\" \/>\n<meta property=\"og:description\" content=\"Cr\u00e8me contour des yeux anti-rides avec applicateur massant 360\u00b0. Hydrate, raffermit, r\u00e9duit les ridules et prot\u00e8ge contre la lumi\u00e8re bleue.\" \/>\n<meta property=\"og:url\" content=\"https:\/\/hoomei.fr\/en\/produit\/creme-yeux-anti-rides-avec-applicateur-massage-360\/\" \/>\n<meta property=\"og:site_name\" content=\"Hoomei\" \/>\n<meta property=\"article:modified_time\" content=\"2025-04-06T18:04:46+00:00\" \/>\n<meta property=\"og:image\" content=\"https:\/\/hoomei.fr\/wp-content\/uploads\/2025\/01\/oreill-12.png\" \/>\n\t<meta property=\"og:image:width\" content=\"1080\" \/>\n\t<meta property=\"og:image:height\" content=\"1080\" \/>\n\t<meta property=\"og:image:type\" content=\"image\/png\" \/>\n<meta name=\"twitter:card\" content=\"summary_large_image\" \/>\n<meta name=\"twitter:label1\" content=\"Est. reading time\" \/>\n\t<meta name=\"twitter:data1\" content=\"1 minute\" \/>\n<script type=\"application\/ld+json\" class=\"yoast-schema-graph\">{\"@context\":\"https:\/\/schema.org\",\"@graph\":[{\"@type\":\"WebPage\",\"@id\":\"https:\/\/hoomei.fr\/en\/produit\/creme-yeux-anti-rides-avec-applicateur-massage-360\/\",\"url\":\"https:\/\/hoomei.fr\/en\/produit\/creme-yeux-anti-rides-avec-applicateur-massage-360\/\",\"name\":\"Cr\u00e8me Yeux Anti-Rides avec Applicateur Massage 360\u00b0 - Hoomei\",\"isPartOf\":{\"@id\":\"https:\/\/hoomei.fr\/en\/#website\"},\"primaryImageOfPage\":{\"@id\":\"https:\/\/hoomei.fr\/en\/produit\/creme-yeux-anti-rides-avec-applicateur-massage-360\/#primaryimage\"},\"image\":{\"@id\":\"https:\/\/hoomei.fr\/en\/produit\/creme-yeux-anti-rides-avec-applicateur-massage-360\/#primaryimage\"},\"thumbnailUrl\":\"https:\/\/hoomei.fr\/wp-content\/uploads\/2025\/01\/oreill-12.png\",\"datePublished\":\"2025-01-08T10:08:24+00:00\",\"dateModified\":\"2025-04-06T18:04:46+00:00\",\"description\":\"Cr\u00e8me contour des yeux anti-rides avec applicateur massant 360\u00b0. Hydrate, raffermit, r\u00e9duit les ridules et prot\u00e8ge contre la lumi\u00e8re bleue.\",\"breadcrumb\":{\"@id\":\"https:\/\/hoomei.fr\/en\/produit\/creme-yeux-anti-rides-avec-applicateur-massage-360\/#breadcrumb\"},\"inLanguage\":\"en-US\",\"potentialAction\":[{\"@type\":\"ReadAction\",\"target\":[\"https:\/\/hoomei.fr\/en\/produit\/creme-yeux-anti-rides-avec-applicateur-massage-360\/\"]}]},{\"@type\":\"ImageObject\",\"inLanguage\":\"en-US\",\"@id\":\"https:\/\/hoomei.fr\/en\/produit\/creme-yeux-anti-rides-avec-applicateur-massage-360\/#primaryimage\",\"url\":\"https:\/\/hoomei.fr\/wp-content\/uploads\/2025\/01\/oreill-12.png\",\"contentUrl\":\"https:\/\/hoomei.fr\/wp-content\/uploads\/2025\/01\/oreill-12.png\",\"width\":1080,\"height\":1080},{\"@type\":\"BreadcrumbList\",\"@id\":\"https:\/\/hoomei.fr\/en\/produit\/creme-yeux-anti-rides-avec-applicateur-massage-360\/#breadcrumb\",\"itemListElement\":[{\"@type\":\"ListItem\",\"position\":1,\"name\":\"Accueil\",\"item\":\"https:\/\/hoomei.fr\/en\/\"},{\"@type\":\"ListItem\",\"position\":2,\"name\":\"Shop\",\"item\":\"https:\/\/hoomei.fr\/en\/shop\/\"},{\"@type\":\"ListItem\",\"position\":3,\"name\":\"Cr\u00e8me Yeux Anti-Rides avec Applicateur Massage 360\u00b0\"}]},{\"@type\":\"WebSite\",\"@id\":\"https:\/\/hoomei.fr\/en\/#website\",\"url\":\"https:\/\/hoomei.fr\/en\/\",\"name\":\"Hoomei\",\"description\":\"Votre Routine R\u00e9invent\u00e9e\",\"publisher\":{\"@id\":\"https:\/\/hoomei.fr\/en\/#\/schema\/person\/8cfb2570bae5452af0aefde1cfdc78b4\"},\"potentialAction\":[{\"@type\":\"SearchAction\",\"target\":{\"@type\":\"EntryPoint\",\"urlTemplate\":\"https:\/\/hoomei.fr\/en\/?s={search_term_string}\"},\"query-input\":{\"@type\":\"PropertyValueSpecification\",\"valueRequired\":true,\"valueName\":\"search_term_string\"}}],\"inLanguage\":\"en-US\"},{\"@type\":[\"Person\",\"Organization\"],\"@id\":\"https:\/\/hoomei.fr\/en\/#\/schema\/person\/8cfb2570bae5452af0aefde1cfdc78b4\",\"name\":\"GHULAm WIASS\",\"image\":{\"@type\":\"ImageObject\",\"inLanguage\":\"en-US\",\"@id\":\"https:\/\/hoomei.fr\/en\/#\/schema\/person\/image\/\",\"url\":\"https:\/\/hoomei.fr\/wp-content\/uploads\/2024\/11\/Design-sans-titre-2024-11-01T212453.191.png\",\"contentUrl\":\"https:\/\/hoomei.fr\/wp-content\/uploads\/2024\/11\/Design-sans-titre-2024-11-01T212453.191.png\",\"width\":436,\"height\":124,\"caption\":\"GHULAm WIASS\"},\"logo\":{\"@id\":\"https:\/\/hoomei.fr\/en\/#\/schema\/person\/image\/\"},\"sameAs\":[\"http:\/\/hoomei.fr\"]}]}<\/script>\n<!-- \/ Yoast SEO plugin. -->","yoast_head_json":{"title":"Cr\u00e8me Yeux Anti-Rides avec Applicateur Massage 360\u00b0 - Hoomei","description":"Cr\u00e8me contour des yeux anti-rides avec applicateur massant 360\u00b0. Hydrate, raffermit, r\u00e9duit les ridules et prot\u00e8ge contre la lumi\u00e8re bleue.","robots":{"index":"index","follow":"follow","max-snippet":"max-snippet:-1","max-image-preview":"max-image-preview:large","max-video-preview":"max-video-preview:-1"},"canonical":"https:\/\/hoomei.fr\/en\/produit\/creme-yeux-anti-rides-avec-applicateur-massage-360\/","og_locale":"en_US","og_type":"article","og_title":"Cr\u00e8me Yeux Anti-Rides avec Applicateur Massage 360\u00b0 - Hoomei","og_description":"Cr\u00e8me contour des yeux anti-rides avec applicateur massant 360\u00b0. Hydrate, raffermit, r\u00e9duit les ridules et prot\u00e8ge contre la lumi\u00e8re bleue.","og_url":"https:\/\/hoomei.fr\/en\/produit\/creme-yeux-anti-rides-avec-applicateur-massage-360\/","og_site_name":"Hoomei","article_modified_time":"2025-04-06T18:04:46+00:00","og_image":[{"width":1080,"height":1080,"url":"https:\/\/hoomei.fr\/wp-content\/uploads\/2025\/01\/oreill-12.png","type":"image\/png"}],"twitter_card":"summary_large_image","twitter_misc":{"Est. reading time":"1 minute"},"schema":{"@context":"https:\/\/schema.org","@graph":[{"@type":"WebPage","@id":"https:\/\/hoomei.fr\/en\/produit\/creme-yeux-anti-rides-avec-applicateur-massage-360\/","url":"https:\/\/hoomei.fr\/en\/produit\/creme-yeux-anti-rides-avec-applicateur-massage-360\/","name":"Cr\u00e8me Yeux Anti-Rides avec Applicateur Massage 360\u00b0 - Hoomei","isPartOf":{"@id":"https:\/\/hoomei.fr\/en\/#website"},"primaryImageOfPage":{"@id":"https:\/\/hoomei.fr\/en\/produit\/creme-yeux-anti-rides-avec-applicateur-massage-360\/#primaryimage"},"image":{"@id":"https:\/\/hoomei.fr\/en\/produit\/creme-yeux-anti-rides-avec-applicateur-massage-360\/#primaryimage"},"thumbnailUrl":"https:\/\/hoomei.fr\/wp-content\/uploads\/2025\/01\/oreill-12.png","datePublished":"2025-01-08T10:08:24+00:00","dateModified":"2025-04-06T18:04:46+00:00","description":"Cr\u00e8me contour des yeux anti-rides avec applicateur massant 360\u00b0. Hydrate, raffermit, r\u00e9duit les ridules et prot\u00e8ge contre la lumi\u00e8re bleue.","breadcrumb":{"@id":"https:\/\/hoomei.fr\/en\/produit\/creme-yeux-anti-rides-avec-applicateur-massage-360\/#breadcrumb"},"inLanguage":"en-US","potentialAction":[{"@type":"ReadAction","target":["https:\/\/hoomei.fr\/en\/produit\/creme-yeux-anti-rides-avec-applicateur-massage-360\/"]}]},{"@type":"ImageObject","inLanguage":"en-US","@id":"https:\/\/hoomei.fr\/en\/produit\/creme-yeux-anti-rides-avec-applicateur-massage-360\/#primaryimage","url":"https:\/\/hoomei.fr\/wp-content\/uploads\/2025\/01\/oreill-12.png","contentUrl":"https:\/\/hoomei.fr\/wp-content\/uploads\/2025\/01\/oreill-12.png","width":1080,"height":1080},{"@type":"BreadcrumbList","@id":"https:\/\/hoomei.fr\/en\/produit\/creme-yeux-anti-rides-avec-applicateur-massage-360\/#breadcrumb","itemListElement":[{"@type":"ListItem","position":1,"name":"Accueil","item":"https:\/\/hoomei.fr\/en\/"},{"@type":"ListItem","position":2,"name":"Shop","item":"https:\/\/hoomei.fr\/en\/shop\/"},{"@type":"ListItem","position":3,"name":"Cr\u00e8me Yeux Anti-Rides avec Applicateur Massage 360\u00b0"}]},{"@type":"WebSite","@id":"https:\/\/hoomei.fr\/en\/#website","url":"https:\/\/hoomei.fr\/en\/","name":"Hoomei","description":"Votre Routine R\u00e9invent\u00e9e","publisher":{"@id":"https:\/\/hoomei.fr\/en\/#\/schema\/person\/8cfb2570bae5452af0aefde1cfdc78b4"},"potentialAction":[{"@type":"SearchAction","target":{"@type":"EntryPoint","urlTemplate":"https:\/\/hoomei.fr\/en\/?s={search_term_string}"},"query-input":{"@type":"PropertyValueSpecification","valueRequired":true,"valueName":"search_term_string"}}],"inLanguage":"en-US"},{"@type":["Person","Organization"],"@id":"https:\/\/hoomei.fr\/en\/#\/schema\/person\/8cfb2570bae5452af0aefde1cfdc78b4","name":"GHULAm WIASS","image":{"@type":"ImageObject","inLanguage":"en-US","@id":"https:\/\/hoomei.fr\/en\/#\/schema\/person\/image\/","url":"https:\/\/hoomei.fr\/wp-content\/uploads\/2024\/11\/Design-sans-titre-2024-11-01T212453.191.png","contentUrl":"https:\/\/hoomei.fr\/wp-content\/uploads\/2024\/11\/Design-sans-titre-2024-11-01T212453.191.png","width":436,"height":124,"caption":"GHULAm WIASS"},"logo":{"@id":"https:\/\/hoomei.fr\/en\/#\/schema\/person\/image\/"},"sameAs":["http:\/\/hoomei.fr"]}]}},"_links":{"self":[{"href":"https:\/\/hoomei.fr\/en\/wp-json\/wp\/v2\/product\/6354"}],"collection":[{"href":"https:\/\/hoomei.fr\/en\/wp-json\/wp\/v2\/product"}],"about":[{"href":"https:\/\/hoomei.fr\/en\/wp-json\/wp\/v2\/types\/product"}],"wp:featuredmedia":[{"embeddable":true,"href":"https:\/\/hoomei.fr\/en\/wp-json\/wp\/v2\/media\/8919"}],"wp:attachment":[{"href":"https:\/\/hoomei.fr\/en\/wp-json\/wp\/v2\/media?parent=6354"}],"wp:term":[{"taxonomy":"product_cat","embeddable":true,"href":"https:\/\/hoomei.fr\/en\/wp-json\/wp\/v2\/product_cat?post=6354"},{"taxonomy":"product_tag","embeddable":true,"href":"https:\/\/hoomei.fr\/en\/wp-json\/wp\/v2\/product_tag?post=6354"}],"curies":[{"name":"wp","href":"https:\/\/api.w.org\/{rel}","templated":true}]}}