{"id":5745,"date":"2025-01-07T21:56:14","date_gmt":"2025-01-07T21:56:14","guid":{"rendered":"https:\/\/hoomei.fr\/produit\/5-100pc-nose-blackhead-remover-strip-deep-cleansing-shrink-pore-acne-treatment-mask-black-dots-pore-strips-face-skin-care-patch\/"},"modified":"2025-04-06T18:04:51","modified_gmt":"2025-04-06T18:04:51","slug":"bande-de-nettoyage-du-nez-anti-points-noirs-5-pieces","status":"publish","type":"product","link":"https:\/\/hoomei.fr\/en\/produit\/bande-de-nettoyage-du-nez-anti-points-noirs-5-pieces\/","title":{"rendered":"Bande de Nettoyage du Nez Anti-Points Noirs (5 pi\u00e8ces)"},"content":{"rendered":"<p>Obtenez une peau nette et lisse avec ces bandes anti-points noirs ultra efficaces ! Sp\u00e9cialement con\u00e7ues pour extraire les impuret\u00e9s, l&#8217;exc\u00e8s de s\u00e9bum et les points noirs, ces bandes en charbon actif nettoient vos pores en profondeur tout en laissant votre nez visiblement plus propre. Faciles \u00e0 utiliser, elles s&#8217;adaptent parfaitement \u00e0 la forme du nez, offrant des r\u00e9sultats imm\u00e9diats d\u00e8s la premi\u00e8re utilisation.<\/p>\n<h4><strong>Pourquoi Choisir Ces Bandes Anti-Points Noirs ?<\/strong><\/h4>\n<ul>\n<li><strong>R\u00e9sultats professionnels \u00e0 domicile :<\/strong> Plus besoin de soins co\u00fbteux en institut.<\/li>\n<li><strong>Solution rapide :<\/strong> Nettoyage en seulement quelques minutes.<\/li>\n<li><strong>Format pratique :<\/strong> Id\u00e9al pour une utilisation \u00e0 la maison ou en voyage.<\/li>\n<\/ul>\n<p><img loading=\"lazy\" decoding=\"async\" class=\"alignnone wp-image-8047\" src=\"https:\/\/hoomei.fr\/wp-content\/uploads\/2025\/01\/Copie-de-Oreille-1-800x185.png\" alt=\"\" width=\"493\" height=\"114\" srcset=\"https:\/\/hoomei.fr\/wp-content\/uploads\/2025\/01\/Copie-de-Oreille-1-800x185.png 800w, https:\/\/hoomei.fr\/wp-content\/uploads\/2025\/01\/Copie-de-Oreille-1-768x178.png 768w, https:\/\/hoomei.fr\/wp-content\/uploads\/2025\/01\/Copie-de-Oreille-1-510x118.png 510w, https:\/\/hoomei.fr\/wp-content\/uploads\/2025\/01\/Copie-de-Oreille-1.png 1079w\" sizes=\"(max-width: 493px) 100vw, 493px\" \/><\/p>\n","protected":false},"excerpt":{"rendered":"<p>Obtenez une peau nette et lisse avec ces bandes anti-points noirs ultra efficaces ! Sp\u00e9cialement con\u00e7ues pour extraire les impuret\u00e9s, l&#8217;exc\u00e8s de s\u00e9bum et les points noirs, ces bandes en charbon actif nettoient vos pores en profondeur tout en laissant votre nez visiblement plus propre. Faciles \u00e0 utiliser, elles s&#8217;adaptent parfaitement \u00e0 la forme du [&#8230;]\n","protected":false},"featured_media":8054,"template":"","meta":{"_acf_changed":false,"ub_ctt_via":"","_monsterinsights_skip_tracking":false,"_monsterinsights_sitenote_active":false,"_monsterinsights_sitenote_note":"","_monsterinsights_sitenote_category":0},"product_cat":[270],"product_tag":[],"class_list":{"0":"post-5745","1":"product","2":"type-product","3":"status-publish","4":"has-post-thumbnail","6":"product_cat-respiration-pure","8":"first","9":"instock","10":"shipping-taxable","11":"purchasable","12":"product-type-simple"},"acf":[],"yoast_head":"<!-- This site is optimized with the Yoast SEO plugin v23.8 - https:\/\/yoast.com\/wordpress\/plugins\/seo\/ -->\n<title>Bande de Nettoyage du Nez Anti-Points Noirs (5 pi\u00e8ces) - Hoomei<\/title>\n<meta name=\"description\" content=\"\u00c9liminez facilement les points noirs avec nos anti-points noirs. Rapide et efficace pour des pores nettoy\u00e9s et une peau lisse d\u00e8s la premi\u00e8re utilisation.\" \/>\n<meta name=\"robots\" content=\"index, follow, max-snippet:-1, max-image-preview:large, max-video-preview:-1\" \/>\n<link rel=\"canonical\" href=\"https:\/\/hoomei.fr\/en\/produit\/bande-de-nettoyage-du-nez-anti-points-noirs-5-pieces\/\" \/>\n<meta property=\"og:locale\" content=\"en_US\" \/>\n<meta property=\"og:type\" content=\"article\" \/>\n<meta property=\"og:title\" content=\"Bande de Nettoyage du Nez Anti-Points Noirs (5 pi\u00e8ces) - Hoomei\" \/>\n<meta property=\"og:description\" content=\"\u00c9liminez facilement les points noirs avec nos anti-points noirs. Rapide et efficace pour des pores nettoy\u00e9s et une peau lisse d\u00e8s la premi\u00e8re utilisation.\" \/>\n<meta property=\"og:url\" content=\"https:\/\/hoomei.fr\/en\/produit\/bande-de-nettoyage-du-nez-anti-points-noirs-5-pieces\/\" \/>\n<meta property=\"og:site_name\" content=\"Hoomei\" \/>\n<meta property=\"article:modified_time\" content=\"2025-04-06T18:04:51+00:00\" \/>\n<meta property=\"og:image\" content=\"https:\/\/hoomei.fr\/wp-content\/uploads\/2025\/01\/Copie-de-Oreille-1-1.png\" \/>\n\t<meta property=\"og:image:width\" content=\"1080\" \/>\n\t<meta property=\"og:image:height\" content=\"1080\" \/>\n\t<meta property=\"og:image:type\" content=\"image\/png\" \/>\n<meta name=\"twitter:card\" content=\"summary_large_image\" \/>\n<meta name=\"twitter:label1\" content=\"Est. reading time\" \/>\n\t<meta name=\"twitter:data1\" content=\"1 minute\" \/>\n<script type=\"application\/ld+json\" class=\"yoast-schema-graph\">{\"@context\":\"https:\/\/schema.org\",\"@graph\":[{\"@type\":\"WebPage\",\"@id\":\"https:\/\/hoomei.fr\/en\/produit\/bande-de-nettoyage-du-nez-anti-points-noirs-5-pieces\/\",\"url\":\"https:\/\/hoomei.fr\/en\/produit\/bande-de-nettoyage-du-nez-anti-points-noirs-5-pieces\/\",\"name\":\"Bande de Nettoyage du Nez Anti-Points Noirs (5 pi\u00e8ces) - Hoomei\",\"isPartOf\":{\"@id\":\"https:\/\/hoomei.fr\/en\/#website\"},\"primaryImageOfPage\":{\"@id\":\"https:\/\/hoomei.fr\/en\/produit\/bande-de-nettoyage-du-nez-anti-points-noirs-5-pieces\/#primaryimage\"},\"image\":{\"@id\":\"https:\/\/hoomei.fr\/en\/produit\/bande-de-nettoyage-du-nez-anti-points-noirs-5-pieces\/#primaryimage\"},\"thumbnailUrl\":\"https:\/\/hoomei.fr\/wp-content\/uploads\/2025\/01\/Copie-de-Oreille-1-1.png\",\"datePublished\":\"2025-01-07T21:56:14+00:00\",\"dateModified\":\"2025-04-06T18:04:51+00:00\",\"description\":\"\u00c9liminez facilement les points noirs avec nos anti-points noirs. Rapide et efficace pour des pores nettoy\u00e9s et une peau lisse d\u00e8s la premi\u00e8re utilisation.\",\"breadcrumb\":{\"@id\":\"https:\/\/hoomei.fr\/en\/produit\/bande-de-nettoyage-du-nez-anti-points-noirs-5-pieces\/#breadcrumb\"},\"inLanguage\":\"en-US\",\"potentialAction\":[{\"@type\":\"ReadAction\",\"target\":[\"https:\/\/hoomei.fr\/en\/produit\/bande-de-nettoyage-du-nez-anti-points-noirs-5-pieces\/\"]}]},{\"@type\":\"ImageObject\",\"inLanguage\":\"en-US\",\"@id\":\"https:\/\/hoomei.fr\/en\/produit\/bande-de-nettoyage-du-nez-anti-points-noirs-5-pieces\/#primaryimage\",\"url\":\"https:\/\/hoomei.fr\/wp-content\/uploads\/2025\/01\/Copie-de-Oreille-1-1.png\",\"contentUrl\":\"https:\/\/hoomei.fr\/wp-content\/uploads\/2025\/01\/Copie-de-Oreille-1-1.png\",\"width\":1080,\"height\":1080},{\"@type\":\"BreadcrumbList\",\"@id\":\"https:\/\/hoomei.fr\/en\/produit\/bande-de-nettoyage-du-nez-anti-points-noirs-5-pieces\/#breadcrumb\",\"itemListElement\":[{\"@type\":\"ListItem\",\"position\":1,\"name\":\"Accueil\",\"item\":\"https:\/\/hoomei.fr\/en\/\"},{\"@type\":\"ListItem\",\"position\":2,\"name\":\"Shop\",\"item\":\"https:\/\/hoomei.fr\/en\/shop\/\"},{\"@type\":\"ListItem\",\"position\":3,\"name\":\"Bande de Nettoyage du Nez Anti-Points Noirs (5 pi\u00e8ces)\"}]},{\"@type\":\"WebSite\",\"@id\":\"https:\/\/hoomei.fr\/en\/#website\",\"url\":\"https:\/\/hoomei.fr\/en\/\",\"name\":\"Hoomei\",\"description\":\"Votre Routine R\u00e9invent\u00e9e\",\"publisher\":{\"@id\":\"https:\/\/hoomei.fr\/en\/#\/schema\/person\/8cfb2570bae5452af0aefde1cfdc78b4\"},\"potentialAction\":[{\"@type\":\"SearchAction\",\"target\":{\"@type\":\"EntryPoint\",\"urlTemplate\":\"https:\/\/hoomei.fr\/en\/?s={search_term_string}\"},\"query-input\":{\"@type\":\"PropertyValueSpecification\",\"valueRequired\":true,\"valueName\":\"search_term_string\"}}],\"inLanguage\":\"en-US\"},{\"@type\":[\"Person\",\"Organization\"],\"@id\":\"https:\/\/hoomei.fr\/en\/#\/schema\/person\/8cfb2570bae5452af0aefde1cfdc78b4\",\"name\":\"GHULAm WIASS\",\"image\":{\"@type\":\"ImageObject\",\"inLanguage\":\"en-US\",\"@id\":\"https:\/\/hoomei.fr\/en\/#\/schema\/person\/image\/\",\"url\":\"https:\/\/hoomei.fr\/wp-content\/uploads\/2024\/11\/Design-sans-titre-2024-11-01T212453.191.png\",\"contentUrl\":\"https:\/\/hoomei.fr\/wp-content\/uploads\/2024\/11\/Design-sans-titre-2024-11-01T212453.191.png\",\"width\":436,\"height\":124,\"caption\":\"GHULAm WIASS\"},\"logo\":{\"@id\":\"https:\/\/hoomei.fr\/en\/#\/schema\/person\/image\/\"},\"sameAs\":[\"http:\/\/hoomei.fr\"]}]}<\/script>\n<!-- \/ Yoast SEO plugin. -->","yoast_head_json":{"title":"Bande de Nettoyage du Nez Anti-Points Noirs (5 pi\u00e8ces) - Hoomei","description":"\u00c9liminez facilement les points noirs avec nos anti-points noirs. Rapide et efficace pour des pores nettoy\u00e9s et une peau lisse d\u00e8s la premi\u00e8re utilisation.","robots":{"index":"index","follow":"follow","max-snippet":"max-snippet:-1","max-image-preview":"max-image-preview:large","max-video-preview":"max-video-preview:-1"},"canonical":"https:\/\/hoomei.fr\/en\/produit\/bande-de-nettoyage-du-nez-anti-points-noirs-5-pieces\/","og_locale":"en_US","og_type":"article","og_title":"Bande de Nettoyage du Nez Anti-Points Noirs (5 pi\u00e8ces) - Hoomei","og_description":"\u00c9liminez facilement les points noirs avec nos anti-points noirs. Rapide et efficace pour des pores nettoy\u00e9s et une peau lisse d\u00e8s la premi\u00e8re utilisation.","og_url":"https:\/\/hoomei.fr\/en\/produit\/bande-de-nettoyage-du-nez-anti-points-noirs-5-pieces\/","og_site_name":"Hoomei","article_modified_time":"2025-04-06T18:04:51+00:00","og_image":[{"width":1080,"height":1080,"url":"https:\/\/hoomei.fr\/wp-content\/uploads\/2025\/01\/Copie-de-Oreille-1-1.png","type":"image\/png"}],"twitter_card":"summary_large_image","twitter_misc":{"Est. reading time":"1 minute"},"schema":{"@context":"https:\/\/schema.org","@graph":[{"@type":"WebPage","@id":"https:\/\/hoomei.fr\/en\/produit\/bande-de-nettoyage-du-nez-anti-points-noirs-5-pieces\/","url":"https:\/\/hoomei.fr\/en\/produit\/bande-de-nettoyage-du-nez-anti-points-noirs-5-pieces\/","name":"Bande de Nettoyage du Nez Anti-Points Noirs (5 pi\u00e8ces) - Hoomei","isPartOf":{"@id":"https:\/\/hoomei.fr\/en\/#website"},"primaryImageOfPage":{"@id":"https:\/\/hoomei.fr\/en\/produit\/bande-de-nettoyage-du-nez-anti-points-noirs-5-pieces\/#primaryimage"},"image":{"@id":"https:\/\/hoomei.fr\/en\/produit\/bande-de-nettoyage-du-nez-anti-points-noirs-5-pieces\/#primaryimage"},"thumbnailUrl":"https:\/\/hoomei.fr\/wp-content\/uploads\/2025\/01\/Copie-de-Oreille-1-1.png","datePublished":"2025-01-07T21:56:14+00:00","dateModified":"2025-04-06T18:04:51+00:00","description":"\u00c9liminez facilement les points noirs avec nos anti-points noirs. Rapide et efficace pour des pores nettoy\u00e9s et une peau lisse d\u00e8s la premi\u00e8re utilisation.","breadcrumb":{"@id":"https:\/\/hoomei.fr\/en\/produit\/bande-de-nettoyage-du-nez-anti-points-noirs-5-pieces\/#breadcrumb"},"inLanguage":"en-US","potentialAction":[{"@type":"ReadAction","target":["https:\/\/hoomei.fr\/en\/produit\/bande-de-nettoyage-du-nez-anti-points-noirs-5-pieces\/"]}]},{"@type":"ImageObject","inLanguage":"en-US","@id":"https:\/\/hoomei.fr\/en\/produit\/bande-de-nettoyage-du-nez-anti-points-noirs-5-pieces\/#primaryimage","url":"https:\/\/hoomei.fr\/wp-content\/uploads\/2025\/01\/Copie-de-Oreille-1-1.png","contentUrl":"https:\/\/hoomei.fr\/wp-content\/uploads\/2025\/01\/Copie-de-Oreille-1-1.png","width":1080,"height":1080},{"@type":"BreadcrumbList","@id":"https:\/\/hoomei.fr\/en\/produit\/bande-de-nettoyage-du-nez-anti-points-noirs-5-pieces\/#breadcrumb","itemListElement":[{"@type":"ListItem","position":1,"name":"Accueil","item":"https:\/\/hoomei.fr\/en\/"},{"@type":"ListItem","position":2,"name":"Shop","item":"https:\/\/hoomei.fr\/en\/shop\/"},{"@type":"ListItem","position":3,"name":"Bande de Nettoyage du Nez Anti-Points Noirs (5 pi\u00e8ces)"}]},{"@type":"WebSite","@id":"https:\/\/hoomei.fr\/en\/#website","url":"https:\/\/hoomei.fr\/en\/","name":"Hoomei","description":"Votre Routine R\u00e9invent\u00e9e","publisher":{"@id":"https:\/\/hoomei.fr\/en\/#\/schema\/person\/8cfb2570bae5452af0aefde1cfdc78b4"},"potentialAction":[{"@type":"SearchAction","target":{"@type":"EntryPoint","urlTemplate":"https:\/\/hoomei.fr\/en\/?s={search_term_string}"},"query-input":{"@type":"PropertyValueSpecification","valueRequired":true,"valueName":"search_term_string"}}],"inLanguage":"en-US"},{"@type":["Person","Organization"],"@id":"https:\/\/hoomei.fr\/en\/#\/schema\/person\/8cfb2570bae5452af0aefde1cfdc78b4","name":"GHULAm WIASS","image":{"@type":"ImageObject","inLanguage":"en-US","@id":"https:\/\/hoomei.fr\/en\/#\/schema\/person\/image\/","url":"https:\/\/hoomei.fr\/wp-content\/uploads\/2024\/11\/Design-sans-titre-2024-11-01T212453.191.png","contentUrl":"https:\/\/hoomei.fr\/wp-content\/uploads\/2024\/11\/Design-sans-titre-2024-11-01T212453.191.png","width":436,"height":124,"caption":"GHULAm WIASS"},"logo":{"@id":"https:\/\/hoomei.fr\/en\/#\/schema\/person\/image\/"},"sameAs":["http:\/\/hoomei.fr"]}]}},"_links":{"self":[{"href":"https:\/\/hoomei.fr\/en\/wp-json\/wp\/v2\/product\/5745"}],"collection":[{"href":"https:\/\/hoomei.fr\/en\/wp-json\/wp\/v2\/product"}],"about":[{"href":"https:\/\/hoomei.fr\/en\/wp-json\/wp\/v2\/types\/product"}],"wp:featuredmedia":[{"embeddable":true,"href":"https:\/\/hoomei.fr\/en\/wp-json\/wp\/v2\/media\/8054"}],"wp:attachment":[{"href":"https:\/\/hoomei.fr\/en\/wp-json\/wp\/v2\/media?parent=5745"}],"wp:term":[{"taxonomy":"product_cat","embeddable":true,"href":"https:\/\/hoomei.fr\/en\/wp-json\/wp\/v2\/product_cat?post=5745"},{"taxonomy":"product_tag","embeddable":true,"href":"https:\/\/hoomei.fr\/en\/wp-json\/wp\/v2\/product_tag?post=5745"}],"curies":[{"name":"wp","href":"https:\/\/api.w.org\/{rel}","templated":true}]}}