{"id":4830,"date":"2025-01-07T21:43:28","date_gmt":"2025-01-07T21:43:28","guid":{"rendered":"https:\/\/hoomei.fr\/produit\/60pcs-aloe-vera-collagen-eye-mask-anti-dark-circles-eyes-bags-moisturizing-anti-wrinkles-eye-patches-eyes-skin-care-products\/"},"modified":"2025-04-06T18:08:30","modified_gmt":"2025-04-06T18:08:30","slug":"masque-apaisant-pour-les-yeux-aloe-vera-collagen","status":"publish","type":"product","link":"https:\/\/hoomei.fr\/en\/produit\/masque-apaisant-pour-les-yeux-aloe-vera-collagen\/","title":{"rendered":"Masque Apaisant pour les Yeux Aloe Vera Collagen"},"content":{"rendered":"<p>Offrez \u00e0 vos yeux les soins qu\u2019ils m\u00e9ritent avec le <strong>Masque Apaisant pour les Yeux Aloe Vera Collagen<\/strong> ! Con\u00e7u avec les propri\u00e9t\u00e9s puissantes de l\u2019aloe vera et du collag\u00e8ne, ce masque cible les pr\u00e9occupations autour du contour des yeux : cernes, poches et rides fines. Retrouvez une peau lumineuse, hydrat\u00e9e et rajeunie. Votre alli\u00e9 parfait pour un regard frais et \u00e9clatant !<\/p>\n<h3>Pourquoi choisir le masque pour les yeux Aloe Vera Collagen ?<\/h3>\n<ol>\n<li><strong>98 % d\u2019ingr\u00e9dients naturels :<\/strong> Convient \u00e0 tous les types de peau gr\u00e2ce \u00e0 une formule douce et efficace.<\/li>\n<li><strong>R\u00e9sultats prouv\u00e9s cliniquement :<\/strong> 93,46 % des utilisateurs ont remarqu\u00e9 une peau plus ferme, 82,81 % un regard plus lumineux, et 84,20 % une texture plus lisse.<\/li>\n<li><strong>Facile \u00e0 utiliser :<\/strong> Application rapide et sans effort \u2013 posez, d\u00e9tendez-vous, et laissez agir.<\/li>\n<li><strong>Packaging pratique :<\/strong> Format compact id\u00e9al pour voyager et ne jamais manquer votre routine de soins.<\/li>\n<\/ol>\n<h3><strong>Ne Passez Pas \u00e0 C\u00f4t\u00e9 !<\/strong><\/h3>\n<p>Dites adieu \u00e0 l&#8217;\u00e9clat du matin ! Passer \u00e0 c\u00f4t\u00e9 du masque Sadoer, c\u2019est risquer de conserver un regard fatigu\u00e9 et terne, alors que ce soin vous offre une solution simple et efficace pour illuminer votre visage chaque jour. Vos yeux m\u00e9ritent mieux !<\/p>\n","protected":false},"excerpt":{"rendered":"<p>Offrez \u00e0 vos yeux les soins qu\u2019ils m\u00e9ritent avec le <strong>Masque Apaisant pour les Yeux Aloe Vera Collagen<\/strong> ! Con\u00e7u avec les propri\u00e9t\u00e9s puissantes de l\u2019aloe vera et du collag\u00e8ne, ce masque cible les pr\u00e9occupations autour du contour des yeux : cernes, poches et rides fines. Retrouvez une peau lumineuse, hydrat\u00e9e et rajeunie. Votre alli\u00e9 parfait pour un regard frais et \u00e9clatant !<\/p>\n<h3>Pourquoi choisir le masque pour les yeux Aloe Vera Collagen ?<\/h3>\n<ol>\n<li><strong>98 % d\u2019ingr\u00e9dients naturels :<\/strong> Convient \u00e0 tous les types de peau gr\u00e2ce \u00e0 une formule douce et efficace.<\/li>\n<li><strong>R\u00e9sultats prouv\u00e9s cliniquement :<\/strong> 93,46 % des utilisateurs ont remarqu\u00e9 une peau plus ferme, 82,81 % un regard plus lumineux, et 84,20 % une texture plus lisse.<\/li>\n<li><strong>Facile \u00e0 utiliser :<\/strong> Application rapide et sans effort \u2013 posez, d\u00e9tendez-vous, et laissez agir.<\/li>\n<li><strong>Packaging pratique :<\/strong> Format compact id\u00e9al pour voyager et ne jamais manquer votre routine de soins.<\/li>\n<\/ol>\n","protected":false},"featured_media":8954,"template":"","meta":{"_acf_changed":false,"ub_ctt_via":"","_monsterinsights_skip_tracking":false,"_monsterinsights_sitenote_active":false,"_monsterinsights_sitenote_note":"","_monsterinsights_sitenote_category":0},"product_cat":[269],"product_tag":[],"class_list":{"0":"post-4830","1":"product","2":"type-product","3":"status-publish","4":"has-post-thumbnail","6":"product_cat-regard-lumineux","8":"first","9":"instock","10":"shipping-taxable","11":"purchasable","12":"product-type-simple"},"acf":[],"yoast_head":"<!-- This site is optimized with the Yoast SEO plugin v23.8 - https:\/\/yoast.com\/wordpress\/plugins\/seo\/ -->\n<title>Masque Apaisant pour les Yeux Aloe Vera Collagen - Hoomei<\/title>\n<meta name=\"description\" content=\"Prenez soin de votre regard avec le masque Aloe Vera Collagen. Hydratez, r\u00e9duisez les cernes et att\u00e9nuez les rides. Un soin essentiel.\" \/>\n<meta name=\"robots\" content=\"index, follow, max-snippet:-1, max-image-preview:large, max-video-preview:-1\" \/>\n<link rel=\"canonical\" href=\"https:\/\/hoomei.fr\/en\/produit\/masque-apaisant-pour-les-yeux-aloe-vera-collagen\/\" \/>\n<meta property=\"og:locale\" content=\"en_US\" \/>\n<meta property=\"og:type\" content=\"article\" \/>\n<meta property=\"og:title\" content=\"Masque Apaisant pour les Yeux Aloe Vera Collagen - Hoomei\" \/>\n<meta property=\"og:description\" content=\"Prenez soin de votre regard avec le masque Aloe Vera Collagen. Hydratez, r\u00e9duisez les cernes et att\u00e9nuez les rides. Un soin essentiel.\" \/>\n<meta property=\"og:url\" content=\"https:\/\/hoomei.fr\/en\/produit\/masque-apaisant-pour-les-yeux-aloe-vera-collagen\/\" \/>\n<meta property=\"og:site_name\" content=\"Hoomei\" \/>\n<meta property=\"article:modified_time\" content=\"2025-04-06T18:08:30+00:00\" \/>\n<meta property=\"og:image\" content=\"https:\/\/hoomei.fr\/wp-content\/uploads\/2025\/01\/oreill-20.png\" \/>\n\t<meta property=\"og:image:width\" content=\"1080\" \/>\n\t<meta property=\"og:image:height\" content=\"1080\" \/>\n\t<meta property=\"og:image:type\" content=\"image\/png\" \/>\n<meta name=\"twitter:card\" content=\"summary_large_image\" \/>\n<meta name=\"twitter:label1\" content=\"Est. reading time\" \/>\n\t<meta name=\"twitter:data1\" content=\"2 minutes\" \/>\n<script type=\"application\/ld+json\" class=\"yoast-schema-graph\">{\"@context\":\"https:\/\/schema.org\",\"@graph\":[{\"@type\":\"WebPage\",\"@id\":\"https:\/\/hoomei.fr\/en\/produit\/masque-apaisant-pour-les-yeux-aloe-vera-collagen\/\",\"url\":\"https:\/\/hoomei.fr\/en\/produit\/masque-apaisant-pour-les-yeux-aloe-vera-collagen\/\",\"name\":\"Masque Apaisant pour les Yeux Aloe Vera Collagen - Hoomei\",\"isPartOf\":{\"@id\":\"https:\/\/hoomei.fr\/en\/#website\"},\"primaryImageOfPage\":{\"@id\":\"https:\/\/hoomei.fr\/en\/produit\/masque-apaisant-pour-les-yeux-aloe-vera-collagen\/#primaryimage\"},\"image\":{\"@id\":\"https:\/\/hoomei.fr\/en\/produit\/masque-apaisant-pour-les-yeux-aloe-vera-collagen\/#primaryimage\"},\"thumbnailUrl\":\"https:\/\/hoomei.fr\/wp-content\/uploads\/2025\/01\/oreill-20.png\",\"datePublished\":\"2025-01-07T21:43:28+00:00\",\"dateModified\":\"2025-04-06T18:08:30+00:00\",\"description\":\"Prenez soin de votre regard avec le masque Aloe Vera Collagen. Hydratez, r\u00e9duisez les cernes et att\u00e9nuez les rides. Un soin essentiel.\",\"breadcrumb\":{\"@id\":\"https:\/\/hoomei.fr\/en\/produit\/masque-apaisant-pour-les-yeux-aloe-vera-collagen\/#breadcrumb\"},\"inLanguage\":\"en-US\",\"potentialAction\":[{\"@type\":\"ReadAction\",\"target\":[\"https:\/\/hoomei.fr\/en\/produit\/masque-apaisant-pour-les-yeux-aloe-vera-collagen\/\"]}]},{\"@type\":\"ImageObject\",\"inLanguage\":\"en-US\",\"@id\":\"https:\/\/hoomei.fr\/en\/produit\/masque-apaisant-pour-les-yeux-aloe-vera-collagen\/#primaryimage\",\"url\":\"https:\/\/hoomei.fr\/wp-content\/uploads\/2025\/01\/oreill-20.png\",\"contentUrl\":\"https:\/\/hoomei.fr\/wp-content\/uploads\/2025\/01\/oreill-20.png\",\"width\":1080,\"height\":1080},{\"@type\":\"BreadcrumbList\",\"@id\":\"https:\/\/hoomei.fr\/en\/produit\/masque-apaisant-pour-les-yeux-aloe-vera-collagen\/#breadcrumb\",\"itemListElement\":[{\"@type\":\"ListItem\",\"position\":1,\"name\":\"Accueil\",\"item\":\"https:\/\/hoomei.fr\/en\/\"},{\"@type\":\"ListItem\",\"position\":2,\"name\":\"Shop\",\"item\":\"https:\/\/hoomei.fr\/en\/shop\/\"},{\"@type\":\"ListItem\",\"position\":3,\"name\":\"Masque Apaisant pour les Yeux Aloe Vera Collagen\"}]},{\"@type\":\"WebSite\",\"@id\":\"https:\/\/hoomei.fr\/en\/#website\",\"url\":\"https:\/\/hoomei.fr\/en\/\",\"name\":\"Hoomei\",\"description\":\"Votre Routine R\u00e9invent\u00e9e\",\"publisher\":{\"@id\":\"https:\/\/hoomei.fr\/en\/#\/schema\/person\/8cfb2570bae5452af0aefde1cfdc78b4\"},\"potentialAction\":[{\"@type\":\"SearchAction\",\"target\":{\"@type\":\"EntryPoint\",\"urlTemplate\":\"https:\/\/hoomei.fr\/en\/?s={search_term_string}\"},\"query-input\":{\"@type\":\"PropertyValueSpecification\",\"valueRequired\":true,\"valueName\":\"search_term_string\"}}],\"inLanguage\":\"en-US\"},{\"@type\":[\"Person\",\"Organization\"],\"@id\":\"https:\/\/hoomei.fr\/en\/#\/schema\/person\/8cfb2570bae5452af0aefde1cfdc78b4\",\"name\":\"GHULAm WIASS\",\"image\":{\"@type\":\"ImageObject\",\"inLanguage\":\"en-US\",\"@id\":\"https:\/\/hoomei.fr\/en\/#\/schema\/person\/image\/\",\"url\":\"https:\/\/hoomei.fr\/wp-content\/uploads\/2024\/11\/Design-sans-titre-2024-11-01T212453.191.png\",\"contentUrl\":\"https:\/\/hoomei.fr\/wp-content\/uploads\/2024\/11\/Design-sans-titre-2024-11-01T212453.191.png\",\"width\":436,\"height\":124,\"caption\":\"GHULAm WIASS\"},\"logo\":{\"@id\":\"https:\/\/hoomei.fr\/en\/#\/schema\/person\/image\/\"},\"sameAs\":[\"http:\/\/hoomei.fr\"]}]}<\/script>\n<!-- \/ Yoast SEO plugin. -->","yoast_head_json":{"title":"Masque Apaisant pour les Yeux Aloe Vera Collagen - Hoomei","description":"Prenez soin de votre regard avec le masque Aloe Vera Collagen. Hydratez, r\u00e9duisez les cernes et att\u00e9nuez les rides. Un soin essentiel.","robots":{"index":"index","follow":"follow","max-snippet":"max-snippet:-1","max-image-preview":"max-image-preview:large","max-video-preview":"max-video-preview:-1"},"canonical":"https:\/\/hoomei.fr\/en\/produit\/masque-apaisant-pour-les-yeux-aloe-vera-collagen\/","og_locale":"en_US","og_type":"article","og_title":"Masque Apaisant pour les Yeux Aloe Vera Collagen - Hoomei","og_description":"Prenez soin de votre regard avec le masque Aloe Vera Collagen. Hydratez, r\u00e9duisez les cernes et att\u00e9nuez les rides. Un soin essentiel.","og_url":"https:\/\/hoomei.fr\/en\/produit\/masque-apaisant-pour-les-yeux-aloe-vera-collagen\/","og_site_name":"Hoomei","article_modified_time":"2025-04-06T18:08:30+00:00","og_image":[{"width":1080,"height":1080,"url":"https:\/\/hoomei.fr\/wp-content\/uploads\/2025\/01\/oreill-20.png","type":"image\/png"}],"twitter_card":"summary_large_image","twitter_misc":{"Est. reading time":"2 minutes"},"schema":{"@context":"https:\/\/schema.org","@graph":[{"@type":"WebPage","@id":"https:\/\/hoomei.fr\/en\/produit\/masque-apaisant-pour-les-yeux-aloe-vera-collagen\/","url":"https:\/\/hoomei.fr\/en\/produit\/masque-apaisant-pour-les-yeux-aloe-vera-collagen\/","name":"Masque Apaisant pour les Yeux Aloe Vera Collagen - Hoomei","isPartOf":{"@id":"https:\/\/hoomei.fr\/en\/#website"},"primaryImageOfPage":{"@id":"https:\/\/hoomei.fr\/en\/produit\/masque-apaisant-pour-les-yeux-aloe-vera-collagen\/#primaryimage"},"image":{"@id":"https:\/\/hoomei.fr\/en\/produit\/masque-apaisant-pour-les-yeux-aloe-vera-collagen\/#primaryimage"},"thumbnailUrl":"https:\/\/hoomei.fr\/wp-content\/uploads\/2025\/01\/oreill-20.png","datePublished":"2025-01-07T21:43:28+00:00","dateModified":"2025-04-06T18:08:30+00:00","description":"Prenez soin de votre regard avec le masque Aloe Vera Collagen. Hydratez, r\u00e9duisez les cernes et att\u00e9nuez les rides. Un soin essentiel.","breadcrumb":{"@id":"https:\/\/hoomei.fr\/en\/produit\/masque-apaisant-pour-les-yeux-aloe-vera-collagen\/#breadcrumb"},"inLanguage":"en-US","potentialAction":[{"@type":"ReadAction","target":["https:\/\/hoomei.fr\/en\/produit\/masque-apaisant-pour-les-yeux-aloe-vera-collagen\/"]}]},{"@type":"ImageObject","inLanguage":"en-US","@id":"https:\/\/hoomei.fr\/en\/produit\/masque-apaisant-pour-les-yeux-aloe-vera-collagen\/#primaryimage","url":"https:\/\/hoomei.fr\/wp-content\/uploads\/2025\/01\/oreill-20.png","contentUrl":"https:\/\/hoomei.fr\/wp-content\/uploads\/2025\/01\/oreill-20.png","width":1080,"height":1080},{"@type":"BreadcrumbList","@id":"https:\/\/hoomei.fr\/en\/produit\/masque-apaisant-pour-les-yeux-aloe-vera-collagen\/#breadcrumb","itemListElement":[{"@type":"ListItem","position":1,"name":"Accueil","item":"https:\/\/hoomei.fr\/en\/"},{"@type":"ListItem","position":2,"name":"Shop","item":"https:\/\/hoomei.fr\/en\/shop\/"},{"@type":"ListItem","position":3,"name":"Masque Apaisant pour les Yeux Aloe Vera Collagen"}]},{"@type":"WebSite","@id":"https:\/\/hoomei.fr\/en\/#website","url":"https:\/\/hoomei.fr\/en\/","name":"Hoomei","description":"Votre Routine R\u00e9invent\u00e9e","publisher":{"@id":"https:\/\/hoomei.fr\/en\/#\/schema\/person\/8cfb2570bae5452af0aefde1cfdc78b4"},"potentialAction":[{"@type":"SearchAction","target":{"@type":"EntryPoint","urlTemplate":"https:\/\/hoomei.fr\/en\/?s={search_term_string}"},"query-input":{"@type":"PropertyValueSpecification","valueRequired":true,"valueName":"search_term_string"}}],"inLanguage":"en-US"},{"@type":["Person","Organization"],"@id":"https:\/\/hoomei.fr\/en\/#\/schema\/person\/8cfb2570bae5452af0aefde1cfdc78b4","name":"GHULAm WIASS","image":{"@type":"ImageObject","inLanguage":"en-US","@id":"https:\/\/hoomei.fr\/en\/#\/schema\/person\/image\/","url":"https:\/\/hoomei.fr\/wp-content\/uploads\/2024\/11\/Design-sans-titre-2024-11-01T212453.191.png","contentUrl":"https:\/\/hoomei.fr\/wp-content\/uploads\/2024\/11\/Design-sans-titre-2024-11-01T212453.191.png","width":436,"height":124,"caption":"GHULAm WIASS"},"logo":{"@id":"https:\/\/hoomei.fr\/en\/#\/schema\/person\/image\/"},"sameAs":["http:\/\/hoomei.fr"]}]}},"_links":{"self":[{"href":"https:\/\/hoomei.fr\/en\/wp-json\/wp\/v2\/product\/4830"}],"collection":[{"href":"https:\/\/hoomei.fr\/en\/wp-json\/wp\/v2\/product"}],"about":[{"href":"https:\/\/hoomei.fr\/en\/wp-json\/wp\/v2\/types\/product"}],"wp:featuredmedia":[{"embeddable":true,"href":"https:\/\/hoomei.fr\/en\/wp-json\/wp\/v2\/media\/8954"}],"wp:attachment":[{"href":"https:\/\/hoomei.fr\/en\/wp-json\/wp\/v2\/media?parent=4830"}],"wp:term":[{"taxonomy":"product_cat","embeddable":true,"href":"https:\/\/hoomei.fr\/en\/wp-json\/wp\/v2\/product_cat?post=4830"},{"taxonomy":"product_tag","embeddable":true,"href":"https:\/\/hoomei.fr\/en\/wp-json\/wp\/v2\/product_tag?post=4830"}],"curies":[{"name":"wp","href":"https:\/\/api.w.org\/{rel}","templated":true}]}}