{"id":4565,"date":"2025-01-07T21:08:45","date_gmt":"2025-01-07T21:08:45","guid":{"rendered":"https:\/\/hoomei.fr\/produit\/round-head-stainless-steel-nose-hair-scissors-stork-type-beautyscissors-for-eyebrows-nose-hair-beard-ear-hair-eyebrow-scissors\/"},"modified":"2025-04-06T18:08:42","modified_gmt":"2025-04-06T18:08:42","slug":"ciseaux-de-precision-multi-usage-pour-nez-et-autres-soins","status":"publish","type":"product","link":"https:\/\/hoomei.fr\/en\/produit\/ciseaux-de-precision-multi-usage-pour-nez-et-autres-soins\/","title":{"rendered":"Ciseaux de Pr\u00e9cision Multi-Usage pour Nez et Autres Soins"},"content":{"rendered":"<div>\n<div>\n<div>\n<div>\n<p>Ces ciseaux de pr\u00e9cision sont un indispensable pour votre routine de soin ! Con\u00e7us avec une lame s\u00e9curis\u00e9e et un design ergonomique, ils vous permettent de couper en toute s\u00e9curit\u00e9 les poils du nez, de retoucher vos cils artificiels, ou encore d&#8217;ajuster des bandes adh\u00e9sives de maquillage. Leur format compact et pratique les rend id\u00e9als pour un usage quotidien et en d\u00e9placement.<\/p>\n<h4><strong>Pourquoi Choisir Ces Ciseaux de Pr\u00e9cision ?<\/strong><\/h4>\n<ul>\n<li><strong>S\u00e9curit\u00e9 garantie :<\/strong> Les pointes arrondies sont parfaites pour les zones sensibles comme le nez.<\/li>\n<li><strong>Multi-usages :<\/strong> Adapt\u00e9 \u00e0 diverses t\u00e2ches de beaut\u00e9 et de soins personnels.<\/li>\n<li><strong>Gain de temps :<\/strong> R\u00e9alisez vos soins facilement, sans effort ni besoin d&#8217;accessoires suppl\u00e9mentaires.<\/li>\n<li><strong>Astuce :<\/strong> Utilisez ces ciseaux pour couper vos cils artificiels avec pr\u00e9cision et \u00e9viter un d\u00e9salignement. \u2702\ufe0f<\/li>\n<\/ul>\n<p>&nbsp;<\/p>\n<\/div>\n<\/div>\n<p><img loading=\"lazy\" decoding=\"async\" class=\"\" title=\"Round Head Stainless Steel Nose Hair Scissors Stork Type BeautyScissors For Eyebrows Nose Hair Beard Ear Hair Eyebrow Scissors\" src=\"https:\/\/hoomei.fr\/wp-content\/uploads\/2025\/01\/4565-fh8zia.jpg\" alt=\"Round Head Stainless Steel Nose Hair Scissors Stork Type BeautyScissors For Eyebrows Nose Hair Beard Ear Hair Eyebrow Scissors\" width=\"347\" height=\"700\" \/><img loading=\"lazy\" decoding=\"async\" class=\"\" title=\"Round Head Stainless Steel Nose Hair Scissors Stork Type BeautyScissors For Eyebrows Nose Hair Beard Ear Hair Eyebrow Scissors\" src=\"https:\/\/hoomei.fr\/wp-content\/uploads\/2025\/01\/4565-grjwi1.jpg\" alt=\"Round Head Stainless Steel Nose Hair Scissors Stork Type BeautyScissors For Eyebrows Nose Hair Beard Ear Hair Eyebrow Scissors\" width=\"362\" height=\"701\" \/><img loading=\"lazy\" decoding=\"async\" class=\"\" title=\"Round Head Stainless Steel Nose Hair Scissors Stork Type BeautyScissors For Eyebrows Nose Hair Beard Ear Hair Eyebrow Scissors\" src=\"https:\/\/hoomei.fr\/wp-content\/uploads\/2025\/01\/4565-jucbx1.jpg\" alt=\"Round Head Stainless Steel Nose Hair Scissors Stork Type BeautyScissors For Eyebrows Nose Hair Beard Ear Hair Eyebrow Scissors\" width=\"378\" height=\"700\" \/><\/p>\n<\/div>\n<\/div>\n<p>&nbsp;<\/p>\n","protected":false},"excerpt":{"rendered":"<div>\n<div>\n<p>Ces ciseaux de pr\u00e9cision sont un indispensable pour votre routine de soin ! Con\u00e7us avec une lame s\u00e9curis\u00e9e et un design ergonomique, ils vous permettent de couper en toute s\u00e9curit\u00e9 les poils du nez, de retoucher vos cils artificiels, ou encore d&#8217;ajuster des bandes adh\u00e9sives de maquillage. Leur format compact et pratique les rend id\u00e9als pour un usage quotidien et en d\u00e9placement.<\/p>\n<h4><strong>Pourquoi Choisir Ces Ciseaux de Pr\u00e9cision ?<\/strong><\/h4>\n<ul>\n<li><strong>S\u00e9curit\u00e9 garantie :<\/strong> Les pointes arrondies sont parfaites pour les zones sensibles comme le nez.<\/li>\n<li><strong>Multi-usages :<\/strong> Adapt\u00e9 \u00e0 diverses t\u00e2ches de beaut\u00e9 et de soins personnels.<\/li>\n<li><strong>Gain de temps :<\/strong> R\u00e9alisez vos soins facilement, sans effort ni besoin d&#8217;accessoires suppl\u00e9mentaires.<\/li>\n<li><strong>Astuce :<\/strong> Utilisez ces ciseaux pour couper vos cils artificiels avec pr\u00e9cision et \u00e9viter un d\u00e9salignement. \u2702\ufe0f<\/li>\n<\/ul>\n<p>&nbsp;<\/p>\n<\/div>\n<\/div>\n<p><img loading=\"lazy\" decoding=\"async\" class=\"\" title=\"Round Head Stainless Steel Nose Hair Scissors Stork Type BeautyScissors For Eyebrows Nose Hair Beard Ear Hair Eyebrow Scissors\" src=\"https:\/\/hoomei.fr\/wp-content\/uploads\/2025\/01\/4565-fh8zia.jpg\" alt=\"Round Head Stainless Steel Nose Hair Scissors Stork Type BeautyScissors For Eyebrows Nose Hair Beard Ear Hair Eyebrow Scissors\" width=\"347\" height=\"700\" \/><img loading=\"lazy\" decoding=\"async\" class=\"\" title=\"Round Head Stainless Steel Nose Hair Scissors Stork Type BeautyScissors For Eyebrows Nose Hair Beard Ear Hair Eyebrow Scissors\" src=\"https:\/\/hoomei.fr\/wp-content\/uploads\/2025\/01\/4565-grjwi1.jpg\" alt=\"Round Head Stainless Steel Nose Hair Scissors Stork Type BeautyScissors For Eyebrows Nose Hair Beard Ear Hair Eyebrow Scissors\" width=\"362\" height=\"701\" \/><img loading=\"lazy\" decoding=\"async\" class=\"\" title=\"Round Head Stainless Steel Nose Hair Scissors Stork Type BeautyScissors For Eyebrows Nose Hair Beard Ear Hair Eyebrow Scissors\" src=\"https:\/\/hoomei.fr\/wp-content\/uploads\/2025\/01\/4565-jucbx1.jpg\" alt=\"Round Head Stainless Steel Nose Hair Scissors Stork Type BeautyScissors For Eyebrows Nose Hair Beard Ear Hair Eyebrow Scissors\" width=\"378\" height=\"700\" \/><\/p>\n","protected":false},"featured_media":8090,"template":"","meta":{"_acf_changed":false,"ub_ctt_via":"","_monsterinsights_skip_tracking":false,"_monsterinsights_sitenote_active":false,"_monsterinsights_sitenote_note":"","_monsterinsights_sitenote_category":0},"product_cat":[270],"product_tag":[],"class_list":{"0":"post-4565","1":"product","2":"type-product","3":"status-publish","4":"has-post-thumbnail","6":"product_cat-respiration-pure","8":"first","9":"instock","10":"sale","11":"shipping-taxable","12":"purchasable","13":"product-type-variable","14":"has-default-attributes"},"acf":[],"yoast_head":"<!-- This site is optimized with the Yoast SEO plugin v23.8 - https:\/\/yoast.com\/wordpress\/plugins\/seo\/ -->\n<title>Ciseaux de Pr\u00e9cision Multi-Usage pour Nez et Autres Soins - Hoomei<\/title>\n<meta name=\"description\" content=\"Ciseaux de pr\u00e9cision s\u00e9curis\u00e9s pour nez, cils et soins personnels. Polyvalents, compacts et parfaits pour une utilisation quotidienne.\" \/>\n<meta name=\"robots\" content=\"index, follow, max-snippet:-1, max-image-preview:large, max-video-preview:-1\" \/>\n<link rel=\"canonical\" href=\"https:\/\/hoomei.fr\/en\/produit\/ciseaux-de-precision-multi-usage-pour-nez-et-autres-soins\/\" \/>\n<meta property=\"og:locale\" content=\"en_US\" \/>\n<meta property=\"og:type\" content=\"article\" \/>\n<meta property=\"og:title\" content=\"Ciseaux de Pr\u00e9cision Multi-Usage pour Nez et Autres Soins - Hoomei\" \/>\n<meta property=\"og:description\" content=\"Ciseaux de pr\u00e9cision s\u00e9curis\u00e9s pour nez, cils et soins personnels. Polyvalents, compacts et parfaits pour une utilisation quotidienne.\" \/>\n<meta property=\"og:url\" content=\"https:\/\/hoomei.fr\/en\/produit\/ciseaux-de-precision-multi-usage-pour-nez-et-autres-soins\/\" \/>\n<meta property=\"og:site_name\" content=\"Hoomei\" \/>\n<meta property=\"article:modified_time\" content=\"2025-04-06T18:08:42+00:00\" \/>\n<meta property=\"og:image\" content=\"https:\/\/hoomei.fr\/wp-content\/uploads\/2025\/01\/Ciseaux-de-Precision-Multi-Usage-2.png\" \/>\n\t<meta property=\"og:image:width\" content=\"1080\" \/>\n\t<meta property=\"og:image:height\" content=\"1080\" \/>\n\t<meta property=\"og:image:type\" content=\"image\/png\" \/>\n<meta name=\"twitter:card\" content=\"summary_large_image\" \/>\n<meta name=\"twitter:label1\" content=\"Est. reading time\" \/>\n\t<meta name=\"twitter:data1\" content=\"2 minutes\" \/>\n<script type=\"application\/ld+json\" class=\"yoast-schema-graph\">{\"@context\":\"https:\/\/schema.org\",\"@graph\":[{\"@type\":\"WebPage\",\"@id\":\"https:\/\/hoomei.fr\/en\/produit\/ciseaux-de-precision-multi-usage-pour-nez-et-autres-soins\/\",\"url\":\"https:\/\/hoomei.fr\/en\/produit\/ciseaux-de-precision-multi-usage-pour-nez-et-autres-soins\/\",\"name\":\"Ciseaux de Pr\u00e9cision Multi-Usage pour Nez et Autres Soins - Hoomei\",\"isPartOf\":{\"@id\":\"https:\/\/hoomei.fr\/en\/#website\"},\"primaryImageOfPage\":{\"@id\":\"https:\/\/hoomei.fr\/en\/produit\/ciseaux-de-precision-multi-usage-pour-nez-et-autres-soins\/#primaryimage\"},\"image\":{\"@id\":\"https:\/\/hoomei.fr\/en\/produit\/ciseaux-de-precision-multi-usage-pour-nez-et-autres-soins\/#primaryimage\"},\"thumbnailUrl\":\"https:\/\/hoomei.fr\/wp-content\/uploads\/2025\/01\/Ciseaux-de-Precision-Multi-Usage-2.png\",\"datePublished\":\"2025-01-07T21:08:45+00:00\",\"dateModified\":\"2025-04-06T18:08:42+00:00\",\"description\":\"Ciseaux de pr\u00e9cision s\u00e9curis\u00e9s pour nez, cils et soins personnels. Polyvalents, compacts et parfaits pour une utilisation quotidienne.\",\"breadcrumb\":{\"@id\":\"https:\/\/hoomei.fr\/en\/produit\/ciseaux-de-precision-multi-usage-pour-nez-et-autres-soins\/#breadcrumb\"},\"inLanguage\":\"en-US\",\"potentialAction\":[{\"@type\":\"ReadAction\",\"target\":[\"https:\/\/hoomei.fr\/en\/produit\/ciseaux-de-precision-multi-usage-pour-nez-et-autres-soins\/\"]}]},{\"@type\":\"ImageObject\",\"inLanguage\":\"en-US\",\"@id\":\"https:\/\/hoomei.fr\/en\/produit\/ciseaux-de-precision-multi-usage-pour-nez-et-autres-soins\/#primaryimage\",\"url\":\"https:\/\/hoomei.fr\/wp-content\/uploads\/2025\/01\/Ciseaux-de-Precision-Multi-Usage-2.png\",\"contentUrl\":\"https:\/\/hoomei.fr\/wp-content\/uploads\/2025\/01\/Ciseaux-de-Precision-Multi-Usage-2.png\",\"width\":1080,\"height\":1080},{\"@type\":\"BreadcrumbList\",\"@id\":\"https:\/\/hoomei.fr\/en\/produit\/ciseaux-de-precision-multi-usage-pour-nez-et-autres-soins\/#breadcrumb\",\"itemListElement\":[{\"@type\":\"ListItem\",\"position\":1,\"name\":\"Accueil\",\"item\":\"https:\/\/hoomei.fr\/en\/\"},{\"@type\":\"ListItem\",\"position\":2,\"name\":\"Shop\",\"item\":\"https:\/\/hoomei.fr\/en\/shop\/\"},{\"@type\":\"ListItem\",\"position\":3,\"name\":\"Ciseaux de Pr\u00e9cision Multi-Usage pour Nez et Autres Soins\"}]},{\"@type\":\"WebSite\",\"@id\":\"https:\/\/hoomei.fr\/en\/#website\",\"url\":\"https:\/\/hoomei.fr\/en\/\",\"name\":\"Hoomei\",\"description\":\"Votre Routine R\u00e9invent\u00e9e\",\"publisher\":{\"@id\":\"https:\/\/hoomei.fr\/en\/#\/schema\/person\/8cfb2570bae5452af0aefde1cfdc78b4\"},\"potentialAction\":[{\"@type\":\"SearchAction\",\"target\":{\"@type\":\"EntryPoint\",\"urlTemplate\":\"https:\/\/hoomei.fr\/en\/?s={search_term_string}\"},\"query-input\":{\"@type\":\"PropertyValueSpecification\",\"valueRequired\":true,\"valueName\":\"search_term_string\"}}],\"inLanguage\":\"en-US\"},{\"@type\":[\"Person\",\"Organization\"],\"@id\":\"https:\/\/hoomei.fr\/en\/#\/schema\/person\/8cfb2570bae5452af0aefde1cfdc78b4\",\"name\":\"GHULAm WIASS\",\"image\":{\"@type\":\"ImageObject\",\"inLanguage\":\"en-US\",\"@id\":\"https:\/\/hoomei.fr\/en\/#\/schema\/person\/image\/\",\"url\":\"https:\/\/hoomei.fr\/wp-content\/uploads\/2024\/11\/Design-sans-titre-2024-11-01T212453.191.png\",\"contentUrl\":\"https:\/\/hoomei.fr\/wp-content\/uploads\/2024\/11\/Design-sans-titre-2024-11-01T212453.191.png\",\"width\":436,\"height\":124,\"caption\":\"GHULAm WIASS\"},\"logo\":{\"@id\":\"https:\/\/hoomei.fr\/en\/#\/schema\/person\/image\/\"},\"sameAs\":[\"http:\/\/hoomei.fr\"]}]}<\/script>\n<!-- \/ Yoast SEO plugin. -->","yoast_head_json":{"title":"Ciseaux de Pr\u00e9cision Multi-Usage pour Nez et Autres Soins - Hoomei","description":"Ciseaux de pr\u00e9cision s\u00e9curis\u00e9s pour nez, cils et soins personnels. Polyvalents, compacts et parfaits pour une utilisation quotidienne.","robots":{"index":"index","follow":"follow","max-snippet":"max-snippet:-1","max-image-preview":"max-image-preview:large","max-video-preview":"max-video-preview:-1"},"canonical":"https:\/\/hoomei.fr\/en\/produit\/ciseaux-de-precision-multi-usage-pour-nez-et-autres-soins\/","og_locale":"en_US","og_type":"article","og_title":"Ciseaux de Pr\u00e9cision Multi-Usage pour Nez et Autres Soins - Hoomei","og_description":"Ciseaux de pr\u00e9cision s\u00e9curis\u00e9s pour nez, cils et soins personnels. Polyvalents, compacts et parfaits pour une utilisation quotidienne.","og_url":"https:\/\/hoomei.fr\/en\/produit\/ciseaux-de-precision-multi-usage-pour-nez-et-autres-soins\/","og_site_name":"Hoomei","article_modified_time":"2025-04-06T18:08:42+00:00","og_image":[{"width":1080,"height":1080,"url":"https:\/\/hoomei.fr\/wp-content\/uploads\/2025\/01\/Ciseaux-de-Precision-Multi-Usage-2.png","type":"image\/png"}],"twitter_card":"summary_large_image","twitter_misc":{"Est. reading time":"2 minutes"},"schema":{"@context":"https:\/\/schema.org","@graph":[{"@type":"WebPage","@id":"https:\/\/hoomei.fr\/en\/produit\/ciseaux-de-precision-multi-usage-pour-nez-et-autres-soins\/","url":"https:\/\/hoomei.fr\/en\/produit\/ciseaux-de-precision-multi-usage-pour-nez-et-autres-soins\/","name":"Ciseaux de Pr\u00e9cision Multi-Usage pour Nez et Autres Soins - Hoomei","isPartOf":{"@id":"https:\/\/hoomei.fr\/en\/#website"},"primaryImageOfPage":{"@id":"https:\/\/hoomei.fr\/en\/produit\/ciseaux-de-precision-multi-usage-pour-nez-et-autres-soins\/#primaryimage"},"image":{"@id":"https:\/\/hoomei.fr\/en\/produit\/ciseaux-de-precision-multi-usage-pour-nez-et-autres-soins\/#primaryimage"},"thumbnailUrl":"https:\/\/hoomei.fr\/wp-content\/uploads\/2025\/01\/Ciseaux-de-Precision-Multi-Usage-2.png","datePublished":"2025-01-07T21:08:45+00:00","dateModified":"2025-04-06T18:08:42+00:00","description":"Ciseaux de pr\u00e9cision s\u00e9curis\u00e9s pour nez, cils et soins personnels. Polyvalents, compacts et parfaits pour une utilisation quotidienne.","breadcrumb":{"@id":"https:\/\/hoomei.fr\/en\/produit\/ciseaux-de-precision-multi-usage-pour-nez-et-autres-soins\/#breadcrumb"},"inLanguage":"en-US","potentialAction":[{"@type":"ReadAction","target":["https:\/\/hoomei.fr\/en\/produit\/ciseaux-de-precision-multi-usage-pour-nez-et-autres-soins\/"]}]},{"@type":"ImageObject","inLanguage":"en-US","@id":"https:\/\/hoomei.fr\/en\/produit\/ciseaux-de-precision-multi-usage-pour-nez-et-autres-soins\/#primaryimage","url":"https:\/\/hoomei.fr\/wp-content\/uploads\/2025\/01\/Ciseaux-de-Precision-Multi-Usage-2.png","contentUrl":"https:\/\/hoomei.fr\/wp-content\/uploads\/2025\/01\/Ciseaux-de-Precision-Multi-Usage-2.png","width":1080,"height":1080},{"@type":"BreadcrumbList","@id":"https:\/\/hoomei.fr\/en\/produit\/ciseaux-de-precision-multi-usage-pour-nez-et-autres-soins\/#breadcrumb","itemListElement":[{"@type":"ListItem","position":1,"name":"Accueil","item":"https:\/\/hoomei.fr\/en\/"},{"@type":"ListItem","position":2,"name":"Shop","item":"https:\/\/hoomei.fr\/en\/shop\/"},{"@type":"ListItem","position":3,"name":"Ciseaux de Pr\u00e9cision Multi-Usage pour Nez et Autres Soins"}]},{"@type":"WebSite","@id":"https:\/\/hoomei.fr\/en\/#website","url":"https:\/\/hoomei.fr\/en\/","name":"Hoomei","description":"Votre Routine R\u00e9invent\u00e9e","publisher":{"@id":"https:\/\/hoomei.fr\/en\/#\/schema\/person\/8cfb2570bae5452af0aefde1cfdc78b4"},"potentialAction":[{"@type":"SearchAction","target":{"@type":"EntryPoint","urlTemplate":"https:\/\/hoomei.fr\/en\/?s={search_term_string}"},"query-input":{"@type":"PropertyValueSpecification","valueRequired":true,"valueName":"search_term_string"}}],"inLanguage":"en-US"},{"@type":["Person","Organization"],"@id":"https:\/\/hoomei.fr\/en\/#\/schema\/person\/8cfb2570bae5452af0aefde1cfdc78b4","name":"GHULAm WIASS","image":{"@type":"ImageObject","inLanguage":"en-US","@id":"https:\/\/hoomei.fr\/en\/#\/schema\/person\/image\/","url":"https:\/\/hoomei.fr\/wp-content\/uploads\/2024\/11\/Design-sans-titre-2024-11-01T212453.191.png","contentUrl":"https:\/\/hoomei.fr\/wp-content\/uploads\/2024\/11\/Design-sans-titre-2024-11-01T212453.191.png","width":436,"height":124,"caption":"GHULAm WIASS"},"logo":{"@id":"https:\/\/hoomei.fr\/en\/#\/schema\/person\/image\/"},"sameAs":["http:\/\/hoomei.fr"]}]}},"_links":{"self":[{"href":"https:\/\/hoomei.fr\/en\/wp-json\/wp\/v2\/product\/4565"}],"collection":[{"href":"https:\/\/hoomei.fr\/en\/wp-json\/wp\/v2\/product"}],"about":[{"href":"https:\/\/hoomei.fr\/en\/wp-json\/wp\/v2\/types\/product"}],"wp:featuredmedia":[{"embeddable":true,"href":"https:\/\/hoomei.fr\/en\/wp-json\/wp\/v2\/media\/8090"}],"wp:attachment":[{"href":"https:\/\/hoomei.fr\/en\/wp-json\/wp\/v2\/media?parent=4565"}],"wp:term":[{"taxonomy":"product_cat","embeddable":true,"href":"https:\/\/hoomei.fr\/en\/wp-json\/wp\/v2\/product_cat?post=4565"},{"taxonomy":"product_tag","embeddable":true,"href":"https:\/\/hoomei.fr\/en\/wp-json\/wp\/v2\/product_tag?post=4565"}],"curies":[{"name":"wp","href":"https:\/\/api.w.org\/{rel}","templated":true}]}}