{"id":3661,"date":"2025-01-07T20:37:10","date_gmt":"2025-01-07T20:37:10","guid":{"rendered":"https:\/\/hoomei.fr\/produit\/1-pair-soft-silicone-earplugs-noise-canceling-waterproof-comfortable-for-sleep-and-swimming-for-silent-environment-creation\/"},"modified":"2025-04-06T18:06:18","modified_gmt":"2025-04-06T18:06:18","slug":"bouchons-doreilles-revolutionnaires-anti-bruit","status":"publish","type":"product","link":"https:\/\/hoomei.fr\/en\/produit\/bouchons-doreilles-revolutionnaires-anti-bruit\/","title":{"rendered":"Bouchons d\u2019Oreilles R\u00e9volutionnaires Anti-Bruit"},"content":{"rendered":"<div>\n<p>D\u00e9couvrez le summum du confort et de la tranquillit\u00e9 avec ces <strong>bouchons d&#8217;oreilles innovants anti-bruit<\/strong>. Dot\u00e9s d\u2019un design ergonomique et de mat\u00e9riaux en silicone \u00e9cologique, ces bouchons assurent une isolation sonore optimale tout en s\u2019adaptant parfaitement \u00e0 vos oreilles. Id\u00e9al pour dormir, voyager, travailler ou m\u00eame nager \ud83c\udfca\u200d\u2640\ufe0f\u2708\ufe0f, ils sont con\u00e7us pour s\u2019adapter \u00e0 votre quotidien sans compromis sur le confort.<\/p>\n<p><strong>Pourquoi choisir ces bouchons d\u2019oreilles ? \ud83e\udd14<\/strong><\/p>\n<ul>\n<li><strong>Tranquillit\u00e9 instantan\u00e9e :<\/strong> Que vous soyez au bureau ou dans un avion, isolez-vous efficacement du bruit ext\u00e9rieur.<\/li>\n<li><strong>Durabilit\u00e9 in\u00e9gal\u00e9e :<\/strong> Utilisez-les au quotidien sans craindre l\u2019usure gr\u00e2ce \u00e0 leurs mat\u00e9riaux robustes et lavables.<\/li>\n<li><strong>Polyvalence maximale :<\/strong> Convient pour toutes vos activit\u00e9s, du sommeil r\u00e9parateur \u00e0 la concentration au travail, en passant par les loisirs aquatiques.<\/li>\n<\/ul>\n<p><strong>\ud83c\udf1f Pourquoi vous allez regretter de ne pas les avoir ?<\/strong><br \/>\nImaginez une nuit calme, des trajets sans bruit ou des s\u00e9ances de nage confortables&#8230; Sans ces bouchons, vous manquerez une exp\u00e9rience de s\u00e9r\u00e9nit\u00e9 que vous m\u00e9ritez ! Ne laissez pas passer cette opportunit\u00e9. \ud83d\ude80<\/p>\n<\/div>\n","protected":false},"excerpt":{"rendered":"<p>D\u00e9couvrez le summum du confort et de la tranquillit\u00e9 avec ces <strong>bouchons d&#8217;oreilles innovants anti-bruit<\/strong>. Dot\u00e9s d\u2019un design ergonomique et de mat\u00e9riaux en silicone \u00e9cologique, ces bouchons assurent une isolation sonore optimale tout en s\u2019adaptant parfaitement \u00e0 vos oreilles. Id\u00e9al pour dormir, voyager, travailler ou m\u00eame nager \ud83c\udfca\u200d\u2640\ufe0f\u2708\ufe0f, ils sont con\u00e7us pour s\u2019adapter \u00e0 votre quotidien sans compromis sur le confort.<\/p>\n<p><strong>Pourquoi choisir ces bouchons d\u2019oreilles ? \ud83e\udd14<\/strong><\/p>\n<ul>\n<li><strong>Tranquillit\u00e9 instantan\u00e9e :<\/strong> Que vous soyez au bureau ou dans un avion, isolez-vous efficacement du bruit ext\u00e9rieur.<\/li>\n<li><strong>Durabilit\u00e9 in\u00e9gal\u00e9e :<\/strong> Utilisez-les au quotidien sans craindre l\u2019usure gr\u00e2ce \u00e0 leurs mat\u00e9riaux robustes et lavables.<\/li>\n<li><strong>Polyvalence maximale :<\/strong> Convient pour toutes vos activit\u00e9s, du sommeil r\u00e9parateur \u00e0 la concentration au travail, en passant par les loisirs aquatiques.<\/li>\n<\/ul>\n<p>&nbsp;<\/p>\n","protected":false},"featured_media":8772,"template":"","meta":{"_acf_changed":false,"ub_ctt_via":"","_monsterinsights_skip_tracking":false,"_monsterinsights_sitenote_active":false,"_monsterinsights_sitenote_note":"","_monsterinsights_sitenote_category":0},"product_cat":[271],"product_tag":[],"class_list":{"0":"post-3661","1":"product","2":"type-product","3":"status-publish","4":"has-post-thumbnail","6":"product_cat-ecoute-parfaite","8":"first","9":"instock","10":"sale","11":"shipping-taxable","12":"purchasable","13":"product-type-variable","14":"has-default-attributes"},"acf":[],"yoast_head":"<!-- This site is optimized with the Yoast SEO plugin v23.8 - https:\/\/yoast.com\/wordpress\/plugins\/seo\/ -->\n<title>Bouchons d\u2019Oreilles R\u00e9volutionnaires Anti-Bruit - Hoomei<\/title>\n<meta name=\"description\" content=\"Bouchons d\u2019oreilles anti-bruit : confort exceptionnel, isolation acoustique puissante, et waterproof pour le sommeil, les voyages ou la natation.\" \/>\n<meta name=\"robots\" content=\"index, follow, max-snippet:-1, max-image-preview:large, max-video-preview:-1\" \/>\n<link rel=\"canonical\" href=\"https:\/\/hoomei.fr\/en\/produit\/bouchons-doreilles-revolutionnaires-anti-bruit\/\" \/>\n<meta property=\"og:locale\" content=\"en_US\" \/>\n<meta property=\"og:type\" content=\"article\" \/>\n<meta property=\"og:title\" content=\"Bouchons d\u2019Oreilles R\u00e9volutionnaires Anti-Bruit - Hoomei\" \/>\n<meta property=\"og:description\" content=\"Bouchons d\u2019oreilles anti-bruit : confort exceptionnel, isolation acoustique puissante, et waterproof pour le sommeil, les voyages ou la natation.\" \/>\n<meta property=\"og:url\" content=\"https:\/\/hoomei.fr\/en\/produit\/bouchons-doreilles-revolutionnaires-anti-bruit\/\" \/>\n<meta property=\"og:site_name\" content=\"Hoomei\" \/>\n<meta property=\"article:modified_time\" content=\"2025-04-06T18:06:18+00:00\" \/>\n<meta property=\"og:image\" content=\"https:\/\/hoomei.fr\/wp-content\/uploads\/2025\/01\/bouchons-anti-bruit-2.png\" \/>\n\t<meta property=\"og:image:width\" content=\"1080\" \/>\n\t<meta property=\"og:image:height\" content=\"1080\" \/>\n\t<meta property=\"og:image:type\" content=\"image\/png\" \/>\n<meta name=\"twitter:card\" content=\"summary_large_image\" \/>\n<meta name=\"twitter:label1\" content=\"Est. reading time\" \/>\n\t<meta name=\"twitter:data1\" content=\"2 minutes\" \/>\n<script type=\"application\/ld+json\" class=\"yoast-schema-graph\">{\"@context\":\"https:\/\/schema.org\",\"@graph\":[{\"@type\":\"WebPage\",\"@id\":\"https:\/\/hoomei.fr\/en\/produit\/bouchons-doreilles-revolutionnaires-anti-bruit\/\",\"url\":\"https:\/\/hoomei.fr\/en\/produit\/bouchons-doreilles-revolutionnaires-anti-bruit\/\",\"name\":\"Bouchons d\u2019Oreilles R\u00e9volutionnaires Anti-Bruit - Hoomei\",\"isPartOf\":{\"@id\":\"https:\/\/hoomei.fr\/en\/#website\"},\"primaryImageOfPage\":{\"@id\":\"https:\/\/hoomei.fr\/en\/produit\/bouchons-doreilles-revolutionnaires-anti-bruit\/#primaryimage\"},\"image\":{\"@id\":\"https:\/\/hoomei.fr\/en\/produit\/bouchons-doreilles-revolutionnaires-anti-bruit\/#primaryimage\"},\"thumbnailUrl\":\"https:\/\/hoomei.fr\/wp-content\/uploads\/2025\/01\/bouchons-anti-bruit-2.png\",\"datePublished\":\"2025-01-07T20:37:10+00:00\",\"dateModified\":\"2025-04-06T18:06:18+00:00\",\"description\":\"Bouchons d\u2019oreilles anti-bruit : confort exceptionnel, isolation acoustique puissante, et waterproof pour le sommeil, les voyages ou la natation.\",\"breadcrumb\":{\"@id\":\"https:\/\/hoomei.fr\/en\/produit\/bouchons-doreilles-revolutionnaires-anti-bruit\/#breadcrumb\"},\"inLanguage\":\"en-US\",\"potentialAction\":[{\"@type\":\"ReadAction\",\"target\":[\"https:\/\/hoomei.fr\/en\/produit\/bouchons-doreilles-revolutionnaires-anti-bruit\/\"]}]},{\"@type\":\"ImageObject\",\"inLanguage\":\"en-US\",\"@id\":\"https:\/\/hoomei.fr\/en\/produit\/bouchons-doreilles-revolutionnaires-anti-bruit\/#primaryimage\",\"url\":\"https:\/\/hoomei.fr\/wp-content\/uploads\/2025\/01\/bouchons-anti-bruit-2.png\",\"contentUrl\":\"https:\/\/hoomei.fr\/wp-content\/uploads\/2025\/01\/bouchons-anti-bruit-2.png\",\"width\":1080,\"height\":1080},{\"@type\":\"BreadcrumbList\",\"@id\":\"https:\/\/hoomei.fr\/en\/produit\/bouchons-doreilles-revolutionnaires-anti-bruit\/#breadcrumb\",\"itemListElement\":[{\"@type\":\"ListItem\",\"position\":1,\"name\":\"Accueil\",\"item\":\"https:\/\/hoomei.fr\/en\/\"},{\"@type\":\"ListItem\",\"position\":2,\"name\":\"Shop\",\"item\":\"https:\/\/hoomei.fr\/en\/shop\/\"},{\"@type\":\"ListItem\",\"position\":3,\"name\":\"Bouchons d\u2019Oreilles R\u00e9volutionnaires Anti-Bruit\"}]},{\"@type\":\"WebSite\",\"@id\":\"https:\/\/hoomei.fr\/en\/#website\",\"url\":\"https:\/\/hoomei.fr\/en\/\",\"name\":\"Hoomei\",\"description\":\"Votre Routine R\u00e9invent\u00e9e\",\"publisher\":{\"@id\":\"https:\/\/hoomei.fr\/en\/#\/schema\/person\/8cfb2570bae5452af0aefde1cfdc78b4\"},\"potentialAction\":[{\"@type\":\"SearchAction\",\"target\":{\"@type\":\"EntryPoint\",\"urlTemplate\":\"https:\/\/hoomei.fr\/en\/?s={search_term_string}\"},\"query-input\":{\"@type\":\"PropertyValueSpecification\",\"valueRequired\":true,\"valueName\":\"search_term_string\"}}],\"inLanguage\":\"en-US\"},{\"@type\":[\"Person\",\"Organization\"],\"@id\":\"https:\/\/hoomei.fr\/en\/#\/schema\/person\/8cfb2570bae5452af0aefde1cfdc78b4\",\"name\":\"GHULAm WIASS\",\"image\":{\"@type\":\"ImageObject\",\"inLanguage\":\"en-US\",\"@id\":\"https:\/\/hoomei.fr\/en\/#\/schema\/person\/image\/\",\"url\":\"https:\/\/hoomei.fr\/wp-content\/uploads\/2024\/11\/Design-sans-titre-2024-11-01T212453.191.png\",\"contentUrl\":\"https:\/\/hoomei.fr\/wp-content\/uploads\/2024\/11\/Design-sans-titre-2024-11-01T212453.191.png\",\"width\":436,\"height\":124,\"caption\":\"GHULAm WIASS\"},\"logo\":{\"@id\":\"https:\/\/hoomei.fr\/en\/#\/schema\/person\/image\/\"},\"sameAs\":[\"http:\/\/hoomei.fr\"]}]}<\/script>\n<!-- \/ Yoast SEO plugin. -->","yoast_head_json":{"title":"Bouchons d\u2019Oreilles R\u00e9volutionnaires Anti-Bruit - Hoomei","description":"Bouchons d\u2019oreilles anti-bruit : confort exceptionnel, isolation acoustique puissante, et waterproof pour le sommeil, les voyages ou la natation.","robots":{"index":"index","follow":"follow","max-snippet":"max-snippet:-1","max-image-preview":"max-image-preview:large","max-video-preview":"max-video-preview:-1"},"canonical":"https:\/\/hoomei.fr\/en\/produit\/bouchons-doreilles-revolutionnaires-anti-bruit\/","og_locale":"en_US","og_type":"article","og_title":"Bouchons d\u2019Oreilles R\u00e9volutionnaires Anti-Bruit - Hoomei","og_description":"Bouchons d\u2019oreilles anti-bruit : confort exceptionnel, isolation acoustique puissante, et waterproof pour le sommeil, les voyages ou la natation.","og_url":"https:\/\/hoomei.fr\/en\/produit\/bouchons-doreilles-revolutionnaires-anti-bruit\/","og_site_name":"Hoomei","article_modified_time":"2025-04-06T18:06:18+00:00","og_image":[{"width":1080,"height":1080,"url":"https:\/\/hoomei.fr\/wp-content\/uploads\/2025\/01\/bouchons-anti-bruit-2.png","type":"image\/png"}],"twitter_card":"summary_large_image","twitter_misc":{"Est. reading time":"2 minutes"},"schema":{"@context":"https:\/\/schema.org","@graph":[{"@type":"WebPage","@id":"https:\/\/hoomei.fr\/en\/produit\/bouchons-doreilles-revolutionnaires-anti-bruit\/","url":"https:\/\/hoomei.fr\/en\/produit\/bouchons-doreilles-revolutionnaires-anti-bruit\/","name":"Bouchons d\u2019Oreilles R\u00e9volutionnaires Anti-Bruit - Hoomei","isPartOf":{"@id":"https:\/\/hoomei.fr\/en\/#website"},"primaryImageOfPage":{"@id":"https:\/\/hoomei.fr\/en\/produit\/bouchons-doreilles-revolutionnaires-anti-bruit\/#primaryimage"},"image":{"@id":"https:\/\/hoomei.fr\/en\/produit\/bouchons-doreilles-revolutionnaires-anti-bruit\/#primaryimage"},"thumbnailUrl":"https:\/\/hoomei.fr\/wp-content\/uploads\/2025\/01\/bouchons-anti-bruit-2.png","datePublished":"2025-01-07T20:37:10+00:00","dateModified":"2025-04-06T18:06:18+00:00","description":"Bouchons d\u2019oreilles anti-bruit : confort exceptionnel, isolation acoustique puissante, et waterproof pour le sommeil, les voyages ou la natation.","breadcrumb":{"@id":"https:\/\/hoomei.fr\/en\/produit\/bouchons-doreilles-revolutionnaires-anti-bruit\/#breadcrumb"},"inLanguage":"en-US","potentialAction":[{"@type":"ReadAction","target":["https:\/\/hoomei.fr\/en\/produit\/bouchons-doreilles-revolutionnaires-anti-bruit\/"]}]},{"@type":"ImageObject","inLanguage":"en-US","@id":"https:\/\/hoomei.fr\/en\/produit\/bouchons-doreilles-revolutionnaires-anti-bruit\/#primaryimage","url":"https:\/\/hoomei.fr\/wp-content\/uploads\/2025\/01\/bouchons-anti-bruit-2.png","contentUrl":"https:\/\/hoomei.fr\/wp-content\/uploads\/2025\/01\/bouchons-anti-bruit-2.png","width":1080,"height":1080},{"@type":"BreadcrumbList","@id":"https:\/\/hoomei.fr\/en\/produit\/bouchons-doreilles-revolutionnaires-anti-bruit\/#breadcrumb","itemListElement":[{"@type":"ListItem","position":1,"name":"Accueil","item":"https:\/\/hoomei.fr\/en\/"},{"@type":"ListItem","position":2,"name":"Shop","item":"https:\/\/hoomei.fr\/en\/shop\/"},{"@type":"ListItem","position":3,"name":"Bouchons d\u2019Oreilles R\u00e9volutionnaires Anti-Bruit"}]},{"@type":"WebSite","@id":"https:\/\/hoomei.fr\/en\/#website","url":"https:\/\/hoomei.fr\/en\/","name":"Hoomei","description":"Votre Routine R\u00e9invent\u00e9e","publisher":{"@id":"https:\/\/hoomei.fr\/en\/#\/schema\/person\/8cfb2570bae5452af0aefde1cfdc78b4"},"potentialAction":[{"@type":"SearchAction","target":{"@type":"EntryPoint","urlTemplate":"https:\/\/hoomei.fr\/en\/?s={search_term_string}"},"query-input":{"@type":"PropertyValueSpecification","valueRequired":true,"valueName":"search_term_string"}}],"inLanguage":"en-US"},{"@type":["Person","Organization"],"@id":"https:\/\/hoomei.fr\/en\/#\/schema\/person\/8cfb2570bae5452af0aefde1cfdc78b4","name":"GHULAm WIASS","image":{"@type":"ImageObject","inLanguage":"en-US","@id":"https:\/\/hoomei.fr\/en\/#\/schema\/person\/image\/","url":"https:\/\/hoomei.fr\/wp-content\/uploads\/2024\/11\/Design-sans-titre-2024-11-01T212453.191.png","contentUrl":"https:\/\/hoomei.fr\/wp-content\/uploads\/2024\/11\/Design-sans-titre-2024-11-01T212453.191.png","width":436,"height":124,"caption":"GHULAm WIASS"},"logo":{"@id":"https:\/\/hoomei.fr\/en\/#\/schema\/person\/image\/"},"sameAs":["http:\/\/hoomei.fr"]}]}},"_links":{"self":[{"href":"https:\/\/hoomei.fr\/en\/wp-json\/wp\/v2\/product\/3661"}],"collection":[{"href":"https:\/\/hoomei.fr\/en\/wp-json\/wp\/v2\/product"}],"about":[{"href":"https:\/\/hoomei.fr\/en\/wp-json\/wp\/v2\/types\/product"}],"wp:featuredmedia":[{"embeddable":true,"href":"https:\/\/hoomei.fr\/en\/wp-json\/wp\/v2\/media\/8772"}],"wp:attachment":[{"href":"https:\/\/hoomei.fr\/en\/wp-json\/wp\/v2\/media?parent=3661"}],"wp:term":[{"taxonomy":"product_cat","embeddable":true,"href":"https:\/\/hoomei.fr\/en\/wp-json\/wp\/v2\/product_cat?post=3661"},{"taxonomy":"product_tag","embeddable":true,"href":"https:\/\/hoomei.fr\/en\/wp-json\/wp\/v2\/product_tag?post=3661"}],"curies":[{"name":"wp","href":"https:\/\/api.w.org\/{rel}","templated":true}]}}