{"id":3560,"date":"2025-01-07T20:32:17","date_gmt":"2025-01-07T20:32:17","guid":{"rendered":"https:\/\/hoomei.fr\/produit\/fone-bluetooth-earphones-sports-sleeping-headband-elastic-wireless-headphones-music-eye-mask-wireless-bluetooth-headset-headband\/"},"modified":"2025-04-06T18:06:34","modified_gmt":"2025-04-06T18:06:34","slug":"bandeau-multifonctionnel-ecouteur-integre","status":"publish","type":"product","link":"https:\/\/hoomei.fr\/en\/produit\/bandeau-multifonctionnel-ecouteur-integre\/","title":{"rendered":"Bandeau Multifonctionnel &#8211; \u00c9couteur int\u00e9gr\u00e9"},"content":{"rendered":"<p align=\"start\">Profitez du meilleur des deux mondes avec ce <strong>bandeau Bluetooth 5.0 multifonction<\/strong> \ud83c\udfa7\ud83d\udecc ! Id\u00e9al pour le sommeil, les s\u00e9ances de sport, la m\u00e9ditation ou vos moments de d\u00e9tente, ce bandeau est con\u00e7u pour un confort ultime tout en offrant un son st\u00e9r\u00e9o de haute qualit\u00e9. Sa conception douce, respirante et lavable garantit un usage quotidien agr\u00e9able. Avec des \u00e9couteurs int\u00e9gr\u00e9s, plongez dans vos playlists ou podcasts sans d\u00e9ranger votre entourage, que ce soit au lit ou lors de votre jogging matinal. \ud83c\udfc3\u200d\u2642\ufe0f\ud83c\udfb6<\/p>\n<p><strong>Pourquoi choisir ce bandeau Bluetooth ? \ud83e\udd14<\/strong><\/p>\n<ul>\n<li><strong>Confort sup\u00e9rieur<\/strong> : Plus qu\u2019un simple accessoire, il remplace vos \u00e9couteurs et masques de sommeil pour un usage 2-en-1 ultra-pratique.<\/li>\n<li><strong>Lifestyle polyvalent<\/strong> : Que ce soit pour se relaxer, voyager, m\u00e9diter ou s\u2019entra\u00eener, il s\u2019adapte \u00e0 tous vos besoins.<\/li>\n<li><strong>Durabilit\u00e9 exceptionnelle<\/strong> : Fabriqu\u00e9 avec des mat\u00e9riaux doux et r\u00e9sistants, il est fait pour durer.<\/li>\n<\/ul>\n<p><strong>\ud83c\udf1f Pourquoi vous allez regretter de ne pas l\u2019avoir ?<\/strong><br \/>\nImaginez une nuit paisible, un entra\u00eenement sans fil encombrant ou une s\u00e9ance de m\u00e9ditation parfaite\u2026 Tout \u00e7a sans ce bandeau, vous passeriez \u00e0 c\u00f4t\u00e9 d\u2019une exp\u00e9rience qui change la vie ! Ne manquez pas cette r\u00e9volution du confort et de la praticit\u00e9. \ud83d\ude80<\/p>\n<p align=\"start\">\n","protected":false},"excerpt":{"rendered":"<p align=\"start\">Profitez du meilleur des deux mondes avec ce <strong>bandeau Bluetooth 5.0 multifonction<\/strong> \ud83c\udfa7\ud83d\udecc ! Id\u00e9al pour le sommeil, les s\u00e9ances de sport, la m\u00e9ditation ou vos moments de d\u00e9tente, ce bandeau est con\u00e7u pour un confort ultime tout en offrant un son st\u00e9r\u00e9o de haute qualit\u00e9. Sa conception douce, respirante et lavable garantit un usage quotidien agr\u00e9able. Avec des \u00e9couteurs int\u00e9gr\u00e9s, plongez dans vos playlists ou podcasts sans d\u00e9ranger votre entourage, que ce soit au lit ou lors de votre jogging matinal. \ud83c\udfc3\u200d\u2642\ufe0f\ud83c\udfb6<\/p>\n<p><strong>Pourquoi choisir ce bandeau Bluetooth ? \ud83e\udd14<\/strong><\/p>\n<ul>\n<li><strong>Confort sup\u00e9rieur<\/strong> : Plus qu\u2019un simple accessoire, il remplace vos \u00e9couteurs et masques de sommeil pour un usage 2-en-1 ultra-pratique.<\/li>\n<li><strong>Lifestyle polyvalent<\/strong> : Que ce soit pour se relaxer, voyager, m\u00e9diter ou s\u2019entra\u00eener, il s\u2019adapte \u00e0 tous vos besoins.<\/li>\n<li><strong>Durabilit\u00e9 exceptionnelle<\/strong> : Fabriqu\u00e9 avec des mat\u00e9riaux doux et r\u00e9sistants, il est fait pour durer.<\/li>\n<\/ul>\n","protected":false},"featured_media":8681,"template":"","meta":{"_acf_changed":false,"ub_ctt_via":"","_monsterinsights_skip_tracking":false,"_monsterinsights_sitenote_active":false,"_monsterinsights_sitenote_note":"","_monsterinsights_sitenote_category":0},"product_cat":[271],"product_tag":[],"class_list":{"0":"post-3560","1":"product","2":"type-product","3":"status-publish","4":"has-post-thumbnail","6":"product_cat-ecoute-parfaite","8":"first","9":"instock","10":"sale","11":"shipping-taxable","12":"purchasable","13":"product-type-variable"},"acf":[],"yoast_head":"<!-- This site is optimized with the Yoast SEO plugin v23.8 - https:\/\/yoast.com\/wordpress\/plugins\/seo\/ -->\n<title>Bandeau Multifonctionnel - \u00c9couteur int\u00e9gr\u00e9 - Hoomei<\/title>\n<meta name=\"description\" content=\"Bandeau Bluetooth avec \u00e9couteurs int\u00e9gr\u00e9s : parfait pour le sport, le sommeil et la d\u00e9tente ! Tissu doux, son haute qualit\u00e9, et autonomie longue dur\u00e9e.\" \/>\n<meta name=\"robots\" content=\"index, follow, max-snippet:-1, max-image-preview:large, max-video-preview:-1\" \/>\n<link rel=\"canonical\" href=\"https:\/\/hoomei.fr\/en\/produit\/bandeau-multifonctionnel-ecouteur-integre\/\" \/>\n<meta property=\"og:locale\" content=\"en_US\" \/>\n<meta property=\"og:type\" content=\"article\" \/>\n<meta property=\"og:title\" content=\"Bandeau Multifonctionnel - \u00c9couteur int\u00e9gr\u00e9 - Hoomei\" \/>\n<meta property=\"og:description\" content=\"Bandeau Bluetooth avec \u00e9couteurs int\u00e9gr\u00e9s : parfait pour le sport, le sommeil et la d\u00e9tente ! Tissu doux, son haute qualit\u00e9, et autonomie longue dur\u00e9e.\" \/>\n<meta property=\"og:url\" content=\"https:\/\/hoomei.fr\/en\/produit\/bandeau-multifonctionnel-ecouteur-integre\/\" \/>\n<meta property=\"og:site_name\" content=\"Hoomei\" \/>\n<meta property=\"article:modified_time\" content=\"2025-04-06T18:06:34+00:00\" \/>\n<meta property=\"og:image\" content=\"https:\/\/hoomei.fr\/wp-content\/uploads\/2025\/01\/oreill-4.png\" \/>\n\t<meta property=\"og:image:width\" content=\"1080\" \/>\n\t<meta property=\"og:image:height\" content=\"1080\" \/>\n\t<meta property=\"og:image:type\" content=\"image\/png\" \/>\n<meta name=\"twitter:card\" content=\"summary_large_image\" \/>\n<meta name=\"twitter:label1\" content=\"Est. reading time\" \/>\n\t<meta name=\"twitter:data1\" content=\"2 minutes\" \/>\n<script type=\"application\/ld+json\" class=\"yoast-schema-graph\">{\"@context\":\"https:\/\/schema.org\",\"@graph\":[{\"@type\":\"WebPage\",\"@id\":\"https:\/\/hoomei.fr\/en\/produit\/bandeau-multifonctionnel-ecouteur-integre\/\",\"url\":\"https:\/\/hoomei.fr\/en\/produit\/bandeau-multifonctionnel-ecouteur-integre\/\",\"name\":\"Bandeau Multifonctionnel - \u00c9couteur int\u00e9gr\u00e9 - Hoomei\",\"isPartOf\":{\"@id\":\"https:\/\/hoomei.fr\/en\/#website\"},\"primaryImageOfPage\":{\"@id\":\"https:\/\/hoomei.fr\/en\/produit\/bandeau-multifonctionnel-ecouteur-integre\/#primaryimage\"},\"image\":{\"@id\":\"https:\/\/hoomei.fr\/en\/produit\/bandeau-multifonctionnel-ecouteur-integre\/#primaryimage\"},\"thumbnailUrl\":\"https:\/\/hoomei.fr\/wp-content\/uploads\/2025\/01\/oreill-4.png\",\"datePublished\":\"2025-01-07T20:32:17+00:00\",\"dateModified\":\"2025-04-06T18:06:34+00:00\",\"description\":\"Bandeau Bluetooth avec \u00e9couteurs int\u00e9gr\u00e9s : parfait pour le sport, le sommeil et la d\u00e9tente ! Tissu doux, son haute qualit\u00e9, et autonomie longue dur\u00e9e.\",\"breadcrumb\":{\"@id\":\"https:\/\/hoomei.fr\/en\/produit\/bandeau-multifonctionnel-ecouteur-integre\/#breadcrumb\"},\"inLanguage\":\"en-US\",\"potentialAction\":[{\"@type\":\"ReadAction\",\"target\":[\"https:\/\/hoomei.fr\/en\/produit\/bandeau-multifonctionnel-ecouteur-integre\/\"]}]},{\"@type\":\"ImageObject\",\"inLanguage\":\"en-US\",\"@id\":\"https:\/\/hoomei.fr\/en\/produit\/bandeau-multifonctionnel-ecouteur-integre\/#primaryimage\",\"url\":\"https:\/\/hoomei.fr\/wp-content\/uploads\/2025\/01\/oreill-4.png\",\"contentUrl\":\"https:\/\/hoomei.fr\/wp-content\/uploads\/2025\/01\/oreill-4.png\",\"width\":1080,\"height\":1080},{\"@type\":\"BreadcrumbList\",\"@id\":\"https:\/\/hoomei.fr\/en\/produit\/bandeau-multifonctionnel-ecouteur-integre\/#breadcrumb\",\"itemListElement\":[{\"@type\":\"ListItem\",\"position\":1,\"name\":\"Accueil\",\"item\":\"https:\/\/hoomei.fr\/en\/\"},{\"@type\":\"ListItem\",\"position\":2,\"name\":\"Shop\",\"item\":\"https:\/\/hoomei.fr\/en\/shop\/\"},{\"@type\":\"ListItem\",\"position\":3,\"name\":\"Bandeau Multifonctionnel &#8211; \u00c9couteur int\u00e9gr\u00e9\"}]},{\"@type\":\"WebSite\",\"@id\":\"https:\/\/hoomei.fr\/en\/#website\",\"url\":\"https:\/\/hoomei.fr\/en\/\",\"name\":\"Hoomei\",\"description\":\"Votre Routine R\u00e9invent\u00e9e\",\"publisher\":{\"@id\":\"https:\/\/hoomei.fr\/en\/#\/schema\/person\/8cfb2570bae5452af0aefde1cfdc78b4\"},\"potentialAction\":[{\"@type\":\"SearchAction\",\"target\":{\"@type\":\"EntryPoint\",\"urlTemplate\":\"https:\/\/hoomei.fr\/en\/?s={search_term_string}\"},\"query-input\":{\"@type\":\"PropertyValueSpecification\",\"valueRequired\":true,\"valueName\":\"search_term_string\"}}],\"inLanguage\":\"en-US\"},{\"@type\":[\"Person\",\"Organization\"],\"@id\":\"https:\/\/hoomei.fr\/en\/#\/schema\/person\/8cfb2570bae5452af0aefde1cfdc78b4\",\"name\":\"GHULAm WIASS\",\"image\":{\"@type\":\"ImageObject\",\"inLanguage\":\"en-US\",\"@id\":\"https:\/\/hoomei.fr\/en\/#\/schema\/person\/image\/\",\"url\":\"https:\/\/hoomei.fr\/wp-content\/uploads\/2024\/11\/Design-sans-titre-2024-11-01T212453.191.png\",\"contentUrl\":\"https:\/\/hoomei.fr\/wp-content\/uploads\/2024\/11\/Design-sans-titre-2024-11-01T212453.191.png\",\"width\":436,\"height\":124,\"caption\":\"GHULAm WIASS\"},\"logo\":{\"@id\":\"https:\/\/hoomei.fr\/en\/#\/schema\/person\/image\/\"},\"sameAs\":[\"http:\/\/hoomei.fr\"]}]}<\/script>\n<!-- \/ Yoast SEO plugin. -->","yoast_head_json":{"title":"Bandeau Multifonctionnel - \u00c9couteur int\u00e9gr\u00e9 - Hoomei","description":"Bandeau Bluetooth avec \u00e9couteurs int\u00e9gr\u00e9s : parfait pour le sport, le sommeil et la d\u00e9tente ! Tissu doux, son haute qualit\u00e9, et autonomie longue dur\u00e9e.","robots":{"index":"index","follow":"follow","max-snippet":"max-snippet:-1","max-image-preview":"max-image-preview:large","max-video-preview":"max-video-preview:-1"},"canonical":"https:\/\/hoomei.fr\/en\/produit\/bandeau-multifonctionnel-ecouteur-integre\/","og_locale":"en_US","og_type":"article","og_title":"Bandeau Multifonctionnel - \u00c9couteur int\u00e9gr\u00e9 - Hoomei","og_description":"Bandeau Bluetooth avec \u00e9couteurs int\u00e9gr\u00e9s : parfait pour le sport, le sommeil et la d\u00e9tente ! Tissu doux, son haute qualit\u00e9, et autonomie longue dur\u00e9e.","og_url":"https:\/\/hoomei.fr\/en\/produit\/bandeau-multifonctionnel-ecouteur-integre\/","og_site_name":"Hoomei","article_modified_time":"2025-04-06T18:06:34+00:00","og_image":[{"width":1080,"height":1080,"url":"https:\/\/hoomei.fr\/wp-content\/uploads\/2025\/01\/oreill-4.png","type":"image\/png"}],"twitter_card":"summary_large_image","twitter_misc":{"Est. reading time":"2 minutes"},"schema":{"@context":"https:\/\/schema.org","@graph":[{"@type":"WebPage","@id":"https:\/\/hoomei.fr\/en\/produit\/bandeau-multifonctionnel-ecouteur-integre\/","url":"https:\/\/hoomei.fr\/en\/produit\/bandeau-multifonctionnel-ecouteur-integre\/","name":"Bandeau Multifonctionnel - \u00c9couteur int\u00e9gr\u00e9 - Hoomei","isPartOf":{"@id":"https:\/\/hoomei.fr\/en\/#website"},"primaryImageOfPage":{"@id":"https:\/\/hoomei.fr\/en\/produit\/bandeau-multifonctionnel-ecouteur-integre\/#primaryimage"},"image":{"@id":"https:\/\/hoomei.fr\/en\/produit\/bandeau-multifonctionnel-ecouteur-integre\/#primaryimage"},"thumbnailUrl":"https:\/\/hoomei.fr\/wp-content\/uploads\/2025\/01\/oreill-4.png","datePublished":"2025-01-07T20:32:17+00:00","dateModified":"2025-04-06T18:06:34+00:00","description":"Bandeau Bluetooth avec \u00e9couteurs int\u00e9gr\u00e9s : parfait pour le sport, le sommeil et la d\u00e9tente ! Tissu doux, son haute qualit\u00e9, et autonomie longue dur\u00e9e.","breadcrumb":{"@id":"https:\/\/hoomei.fr\/en\/produit\/bandeau-multifonctionnel-ecouteur-integre\/#breadcrumb"},"inLanguage":"en-US","potentialAction":[{"@type":"ReadAction","target":["https:\/\/hoomei.fr\/en\/produit\/bandeau-multifonctionnel-ecouteur-integre\/"]}]},{"@type":"ImageObject","inLanguage":"en-US","@id":"https:\/\/hoomei.fr\/en\/produit\/bandeau-multifonctionnel-ecouteur-integre\/#primaryimage","url":"https:\/\/hoomei.fr\/wp-content\/uploads\/2025\/01\/oreill-4.png","contentUrl":"https:\/\/hoomei.fr\/wp-content\/uploads\/2025\/01\/oreill-4.png","width":1080,"height":1080},{"@type":"BreadcrumbList","@id":"https:\/\/hoomei.fr\/en\/produit\/bandeau-multifonctionnel-ecouteur-integre\/#breadcrumb","itemListElement":[{"@type":"ListItem","position":1,"name":"Accueil","item":"https:\/\/hoomei.fr\/en\/"},{"@type":"ListItem","position":2,"name":"Shop","item":"https:\/\/hoomei.fr\/en\/shop\/"},{"@type":"ListItem","position":3,"name":"Bandeau Multifonctionnel &#8211; \u00c9couteur int\u00e9gr\u00e9"}]},{"@type":"WebSite","@id":"https:\/\/hoomei.fr\/en\/#website","url":"https:\/\/hoomei.fr\/en\/","name":"Hoomei","description":"Votre Routine R\u00e9invent\u00e9e","publisher":{"@id":"https:\/\/hoomei.fr\/en\/#\/schema\/person\/8cfb2570bae5452af0aefde1cfdc78b4"},"potentialAction":[{"@type":"SearchAction","target":{"@type":"EntryPoint","urlTemplate":"https:\/\/hoomei.fr\/en\/?s={search_term_string}"},"query-input":{"@type":"PropertyValueSpecification","valueRequired":true,"valueName":"search_term_string"}}],"inLanguage":"en-US"},{"@type":["Person","Organization"],"@id":"https:\/\/hoomei.fr\/en\/#\/schema\/person\/8cfb2570bae5452af0aefde1cfdc78b4","name":"GHULAm WIASS","image":{"@type":"ImageObject","inLanguage":"en-US","@id":"https:\/\/hoomei.fr\/en\/#\/schema\/person\/image\/","url":"https:\/\/hoomei.fr\/wp-content\/uploads\/2024\/11\/Design-sans-titre-2024-11-01T212453.191.png","contentUrl":"https:\/\/hoomei.fr\/wp-content\/uploads\/2024\/11\/Design-sans-titre-2024-11-01T212453.191.png","width":436,"height":124,"caption":"GHULAm WIASS"},"logo":{"@id":"https:\/\/hoomei.fr\/en\/#\/schema\/person\/image\/"},"sameAs":["http:\/\/hoomei.fr"]}]}},"_links":{"self":[{"href":"https:\/\/hoomei.fr\/en\/wp-json\/wp\/v2\/product\/3560"}],"collection":[{"href":"https:\/\/hoomei.fr\/en\/wp-json\/wp\/v2\/product"}],"about":[{"href":"https:\/\/hoomei.fr\/en\/wp-json\/wp\/v2\/types\/product"}],"wp:featuredmedia":[{"embeddable":true,"href":"https:\/\/hoomei.fr\/en\/wp-json\/wp\/v2\/media\/8681"}],"wp:attachment":[{"href":"https:\/\/hoomei.fr\/en\/wp-json\/wp\/v2\/media?parent=3560"}],"wp:term":[{"taxonomy":"product_cat","embeddable":true,"href":"https:\/\/hoomei.fr\/en\/wp-json\/wp\/v2\/product_cat?post=3560"},{"taxonomy":"product_tag","embeddable":true,"href":"https:\/\/hoomei.fr\/en\/wp-json\/wp\/v2\/product_tag?post=3560"}],"curies":[{"name":"wp","href":"https:\/\/api.w.org\/{rel}","templated":true}]}}