{"id":3029,"date":"2025-01-07T15:56:11","date_gmt":"2025-01-07T15:56:11","guid":{"rendered":"https:\/\/hoomei.fr\/produit\/fairywill-water-dental-flosser-teeth-portable-cordless-usb-oral-irrigator-cleaner-ipx7-waterproof-electric-toothbrush-set-home\/"},"modified":"2025-02-11T21:02:18","modified_gmt":"2025-02-11T21:02:18","slug":"kit-dentaire-brosse-dents-electrique-hydropulseur","status":"publish","type":"product","link":"https:\/\/hoomei.fr\/en\/produit\/kit-dentaire-brosse-dents-electrique-hydropulseur\/","title":{"rendered":"Kit Dentaire Complet &#8211; Brosse \u00e0 Dents \u00c9lectrique et Hydropulseur"},"content":{"rendered":"<p><strong>Transformez votre routine bucco-dentaire avec ce kit complet associant une brosse \u00e0 dents \u00e9lectrique et un hydropulseur.<\/strong> Con\u00e7u pour nettoyer en profondeur et prot\u00e9ger vos dents et gencives, ce duo offre une solution efficace et pratique pour une hygi\u00e8ne optimale.<\/p>\n<h4><strong>Pourquoi choisir ce kit d\u2019hygi\u00e8ne dentaire ?<\/strong><\/h4>\n<ul>\n<li><strong>Hygi\u00e8ne avanc\u00e9e :<\/strong> \u00c9limine efficacement la plaque, les bact\u00e9ries et les r\u00e9sidus alimentaires.<\/li>\n<li><strong>Adapt\u00e9 \u00e0 tous :<\/strong> Convient aux adultes, enfants et personnes avec gencives sensibles.<\/li>\n<li><strong>\u00c9cologique et \u00e9conomique :<\/strong> R\u00e9utilisable avec des accessoires rempla\u00e7ables.<\/li>\n<li><strong>Pratique et compact :<\/strong> Id\u00e9al pour un usage \u00e0 la maison ou en voyage.<\/li>\n<\/ul>\n","protected":false},"excerpt":{"rendered":"<p><strong>Transformez votre routine bucco-dentaire avec ce kit complet associant une brosse \u00e0 dents \u00e9lectrique et un hydropulseur.<\/strong> Con\u00e7u pour nettoyer en profondeur et prot\u00e9ger vos dents et gencives, ce duo offre une solution efficace et pratique pour une hygi\u00e8ne optimale.<\/p>\n<h4><strong>Pourquoi choisir ce kit d\u2019hygi\u00e8ne dentaire ?<\/strong><\/h4>\n<ul>\n<li><strong>Hygi\u00e8ne avanc\u00e9e :<\/strong> \u00c9limine efficacement la plaque, les bact\u00e9ries et les r\u00e9sidus alimentaires.<\/li>\n<li><strong>Adapt\u00e9 \u00e0 tous :<\/strong> Convient aux adultes, enfants et personnes avec gencives sensibles.<\/li>\n<li><strong>\u00c9cologique et \u00e9conomique :<\/strong> R\u00e9utilisable avec des accessoires rempla\u00e7ables.<\/li>\n<li><strong>Pratique et compact :<\/strong> Id\u00e9al pour un usage \u00e0 la maison ou en voyage.<\/li>\n<\/ul>\n","protected":false},"featured_media":7987,"template":"","meta":{"_acf_changed":false,"ub_ctt_via":"","_monsterinsights_skip_tracking":false,"_monsterinsights_sitenote_active":false,"_monsterinsights_sitenote_note":"","_monsterinsights_sitenote_category":0},"product_cat":[174],"product_tag":[],"class_list":{"0":"post-3029","1":"product","2":"type-product","3":"status-publish","4":"has-post-thumbnail","6":"product_cat-sourire-radieux","8":"first","9":"instock","10":"sale","11":"shipping-taxable","12":"purchasable","13":"product-type-simple"},"acf":[],"yoast_head":"<!-- This site is optimized with the Yoast SEO plugin v23.8 - https:\/\/yoast.com\/wordpress\/plugins\/seo\/ -->\n<title>Kit Dentaire Complet - Brosse \u00e0 Dents \u00c9lectrique et Hydropulseur - Hoomei<\/title>\n<meta name=\"description\" content=\"Kit complet d\u2019hygi\u00e8ne dentaire avec brosse \u00e0 dents \u00e9lectrique. Modes personnalis\u00e9s, accessoires inclus et design compact pour une hygi\u00e8ne impeccable.\" \/>\n<meta name=\"robots\" content=\"index, follow, max-snippet:-1, max-image-preview:large, max-video-preview:-1\" \/>\n<link rel=\"canonical\" href=\"https:\/\/hoomei.fr\/en\/produit\/kit-dentaire-brosse-dents-electrique-hydropulseur\/\" \/>\n<meta property=\"og:locale\" content=\"en_US\" \/>\n<meta property=\"og:type\" content=\"article\" \/>\n<meta property=\"og:title\" content=\"Kit Dentaire Complet - Brosse \u00e0 Dents \u00c9lectrique et Hydropulseur - Hoomei\" \/>\n<meta property=\"og:description\" content=\"Kit complet d\u2019hygi\u00e8ne dentaire avec brosse \u00e0 dents \u00e9lectrique. Modes personnalis\u00e9s, accessoires inclus et design compact pour une hygi\u00e8ne impeccable.\" \/>\n<meta property=\"og:url\" content=\"https:\/\/hoomei.fr\/en\/produit\/kit-dentaire-brosse-dents-electrique-hydropulseur\/\" \/>\n<meta property=\"og:site_name\" content=\"Hoomei\" \/>\n<meta property=\"article:modified_time\" content=\"2025-02-11T21:02:18+00:00\" \/>\n<meta property=\"og:image\" content=\"https:\/\/hoomei.fr\/wp-content\/uploads\/2025\/01\/photoroom_20250112_165006-1.jpg\" \/>\n\t<meta property=\"og:image:width\" content=\"1000\" \/>\n\t<meta property=\"og:image:height\" content=\"1000\" \/>\n\t<meta property=\"og:image:type\" content=\"image\/jpeg\" \/>\n<meta name=\"twitter:card\" content=\"summary_large_image\" \/>\n<meta name=\"twitter:label1\" content=\"Est. reading time\" \/>\n\t<meta name=\"twitter:data1\" content=\"1 minute\" \/>\n<script type=\"application\/ld+json\" class=\"yoast-schema-graph\">{\"@context\":\"https:\/\/schema.org\",\"@graph\":[{\"@type\":\"WebPage\",\"@id\":\"https:\/\/hoomei.fr\/en\/produit\/kit-dentaire-brosse-dents-electrique-hydropulseur\/\",\"url\":\"https:\/\/hoomei.fr\/en\/produit\/kit-dentaire-brosse-dents-electrique-hydropulseur\/\",\"name\":\"Kit Dentaire Complet - Brosse \u00e0 Dents \u00c9lectrique et Hydropulseur - Hoomei\",\"isPartOf\":{\"@id\":\"https:\/\/hoomei.fr\/en\/#website\"},\"primaryImageOfPage\":{\"@id\":\"https:\/\/hoomei.fr\/en\/produit\/kit-dentaire-brosse-dents-electrique-hydropulseur\/#primaryimage\"},\"image\":{\"@id\":\"https:\/\/hoomei.fr\/en\/produit\/kit-dentaire-brosse-dents-electrique-hydropulseur\/#primaryimage\"},\"thumbnailUrl\":\"https:\/\/hoomei.fr\/wp-content\/uploads\/2025\/01\/photoroom_20250112_165006-1.jpg\",\"datePublished\":\"2025-01-07T15:56:11+00:00\",\"dateModified\":\"2025-02-11T21:02:18+00:00\",\"description\":\"Kit complet d\u2019hygi\u00e8ne dentaire avec brosse \u00e0 dents \u00e9lectrique. Modes personnalis\u00e9s, accessoires inclus et design compact pour une hygi\u00e8ne impeccable.\",\"breadcrumb\":{\"@id\":\"https:\/\/hoomei.fr\/en\/produit\/kit-dentaire-brosse-dents-electrique-hydropulseur\/#breadcrumb\"},\"inLanguage\":\"en-US\",\"potentialAction\":[{\"@type\":\"ReadAction\",\"target\":[\"https:\/\/hoomei.fr\/en\/produit\/kit-dentaire-brosse-dents-electrique-hydropulseur\/\"]}]},{\"@type\":\"ImageObject\",\"inLanguage\":\"en-US\",\"@id\":\"https:\/\/hoomei.fr\/en\/produit\/kit-dentaire-brosse-dents-electrique-hydropulseur\/#primaryimage\",\"url\":\"https:\/\/hoomei.fr\/wp-content\/uploads\/2025\/01\/photoroom_20250112_165006-1.jpg\",\"contentUrl\":\"https:\/\/hoomei.fr\/wp-content\/uploads\/2025\/01\/photoroom_20250112_165006-1.jpg\",\"width\":1000,\"height\":1000},{\"@type\":\"BreadcrumbList\",\"@id\":\"https:\/\/hoomei.fr\/en\/produit\/kit-dentaire-brosse-dents-electrique-hydropulseur\/#breadcrumb\",\"itemListElement\":[{\"@type\":\"ListItem\",\"position\":1,\"name\":\"Accueil\",\"item\":\"https:\/\/hoomei.fr\/en\/\"},{\"@type\":\"ListItem\",\"position\":2,\"name\":\"Shop\",\"item\":\"https:\/\/hoomei.fr\/en\/shop\/\"},{\"@type\":\"ListItem\",\"position\":3,\"name\":\"Kit Dentaire Complet &#8211; Brosse \u00e0 Dents \u00c9lectrique et Hydropulseur\"}]},{\"@type\":\"WebSite\",\"@id\":\"https:\/\/hoomei.fr\/en\/#website\",\"url\":\"https:\/\/hoomei.fr\/en\/\",\"name\":\"Hoomei\",\"description\":\"Votre Routine R\u00e9invent\u00e9e\",\"publisher\":{\"@id\":\"https:\/\/hoomei.fr\/en\/#\/schema\/person\/8cfb2570bae5452af0aefde1cfdc78b4\"},\"potentialAction\":[{\"@type\":\"SearchAction\",\"target\":{\"@type\":\"EntryPoint\",\"urlTemplate\":\"https:\/\/hoomei.fr\/en\/?s={search_term_string}\"},\"query-input\":{\"@type\":\"PropertyValueSpecification\",\"valueRequired\":true,\"valueName\":\"search_term_string\"}}],\"inLanguage\":\"en-US\"},{\"@type\":[\"Person\",\"Organization\"],\"@id\":\"https:\/\/hoomei.fr\/en\/#\/schema\/person\/8cfb2570bae5452af0aefde1cfdc78b4\",\"name\":\"GHULAm WIASS\",\"image\":{\"@type\":\"ImageObject\",\"inLanguage\":\"en-US\",\"@id\":\"https:\/\/hoomei.fr\/en\/#\/schema\/person\/image\/\",\"url\":\"https:\/\/hoomei.fr\/wp-content\/uploads\/2024\/11\/Design-sans-titre-2024-11-01T212453.191.png\",\"contentUrl\":\"https:\/\/hoomei.fr\/wp-content\/uploads\/2024\/11\/Design-sans-titre-2024-11-01T212453.191.png\",\"width\":436,\"height\":124,\"caption\":\"GHULAm WIASS\"},\"logo\":{\"@id\":\"https:\/\/hoomei.fr\/en\/#\/schema\/person\/image\/\"},\"sameAs\":[\"http:\/\/hoomei.fr\"]}]}<\/script>\n<!-- \/ Yoast SEO plugin. -->","yoast_head_json":{"title":"Kit Dentaire Complet - Brosse \u00e0 Dents \u00c9lectrique et Hydropulseur - Hoomei","description":"Kit complet d\u2019hygi\u00e8ne dentaire avec brosse \u00e0 dents \u00e9lectrique. Modes personnalis\u00e9s, accessoires inclus et design compact pour une hygi\u00e8ne impeccable.","robots":{"index":"index","follow":"follow","max-snippet":"max-snippet:-1","max-image-preview":"max-image-preview:large","max-video-preview":"max-video-preview:-1"},"canonical":"https:\/\/hoomei.fr\/en\/produit\/kit-dentaire-brosse-dents-electrique-hydropulseur\/","og_locale":"en_US","og_type":"article","og_title":"Kit Dentaire Complet - Brosse \u00e0 Dents \u00c9lectrique et Hydropulseur - Hoomei","og_description":"Kit complet d\u2019hygi\u00e8ne dentaire avec brosse \u00e0 dents \u00e9lectrique. Modes personnalis\u00e9s, accessoires inclus et design compact pour une hygi\u00e8ne impeccable.","og_url":"https:\/\/hoomei.fr\/en\/produit\/kit-dentaire-brosse-dents-electrique-hydropulseur\/","og_site_name":"Hoomei","article_modified_time":"2025-02-11T21:02:18+00:00","og_image":[{"width":1000,"height":1000,"url":"https:\/\/hoomei.fr\/wp-content\/uploads\/2025\/01\/photoroom_20250112_165006-1.jpg","type":"image\/jpeg"}],"twitter_card":"summary_large_image","twitter_misc":{"Est. reading time":"1 minute"},"schema":{"@context":"https:\/\/schema.org","@graph":[{"@type":"WebPage","@id":"https:\/\/hoomei.fr\/en\/produit\/kit-dentaire-brosse-dents-electrique-hydropulseur\/","url":"https:\/\/hoomei.fr\/en\/produit\/kit-dentaire-brosse-dents-electrique-hydropulseur\/","name":"Kit Dentaire Complet - Brosse \u00e0 Dents \u00c9lectrique et Hydropulseur - Hoomei","isPartOf":{"@id":"https:\/\/hoomei.fr\/en\/#website"},"primaryImageOfPage":{"@id":"https:\/\/hoomei.fr\/en\/produit\/kit-dentaire-brosse-dents-electrique-hydropulseur\/#primaryimage"},"image":{"@id":"https:\/\/hoomei.fr\/en\/produit\/kit-dentaire-brosse-dents-electrique-hydropulseur\/#primaryimage"},"thumbnailUrl":"https:\/\/hoomei.fr\/wp-content\/uploads\/2025\/01\/photoroom_20250112_165006-1.jpg","datePublished":"2025-01-07T15:56:11+00:00","dateModified":"2025-02-11T21:02:18+00:00","description":"Kit complet d\u2019hygi\u00e8ne dentaire avec brosse \u00e0 dents \u00e9lectrique. Modes personnalis\u00e9s, accessoires inclus et design compact pour une hygi\u00e8ne impeccable.","breadcrumb":{"@id":"https:\/\/hoomei.fr\/en\/produit\/kit-dentaire-brosse-dents-electrique-hydropulseur\/#breadcrumb"},"inLanguage":"en-US","potentialAction":[{"@type":"ReadAction","target":["https:\/\/hoomei.fr\/en\/produit\/kit-dentaire-brosse-dents-electrique-hydropulseur\/"]}]},{"@type":"ImageObject","inLanguage":"en-US","@id":"https:\/\/hoomei.fr\/en\/produit\/kit-dentaire-brosse-dents-electrique-hydropulseur\/#primaryimage","url":"https:\/\/hoomei.fr\/wp-content\/uploads\/2025\/01\/photoroom_20250112_165006-1.jpg","contentUrl":"https:\/\/hoomei.fr\/wp-content\/uploads\/2025\/01\/photoroom_20250112_165006-1.jpg","width":1000,"height":1000},{"@type":"BreadcrumbList","@id":"https:\/\/hoomei.fr\/en\/produit\/kit-dentaire-brosse-dents-electrique-hydropulseur\/#breadcrumb","itemListElement":[{"@type":"ListItem","position":1,"name":"Accueil","item":"https:\/\/hoomei.fr\/en\/"},{"@type":"ListItem","position":2,"name":"Shop","item":"https:\/\/hoomei.fr\/en\/shop\/"},{"@type":"ListItem","position":3,"name":"Kit Dentaire Complet &#8211; Brosse \u00e0 Dents \u00c9lectrique et Hydropulseur"}]},{"@type":"WebSite","@id":"https:\/\/hoomei.fr\/en\/#website","url":"https:\/\/hoomei.fr\/en\/","name":"Hoomei","description":"Votre Routine R\u00e9invent\u00e9e","publisher":{"@id":"https:\/\/hoomei.fr\/en\/#\/schema\/person\/8cfb2570bae5452af0aefde1cfdc78b4"},"potentialAction":[{"@type":"SearchAction","target":{"@type":"EntryPoint","urlTemplate":"https:\/\/hoomei.fr\/en\/?s={search_term_string}"},"query-input":{"@type":"PropertyValueSpecification","valueRequired":true,"valueName":"search_term_string"}}],"inLanguage":"en-US"},{"@type":["Person","Organization"],"@id":"https:\/\/hoomei.fr\/en\/#\/schema\/person\/8cfb2570bae5452af0aefde1cfdc78b4","name":"GHULAm WIASS","image":{"@type":"ImageObject","inLanguage":"en-US","@id":"https:\/\/hoomei.fr\/en\/#\/schema\/person\/image\/","url":"https:\/\/hoomei.fr\/wp-content\/uploads\/2024\/11\/Design-sans-titre-2024-11-01T212453.191.png","contentUrl":"https:\/\/hoomei.fr\/wp-content\/uploads\/2024\/11\/Design-sans-titre-2024-11-01T212453.191.png","width":436,"height":124,"caption":"GHULAm WIASS"},"logo":{"@id":"https:\/\/hoomei.fr\/en\/#\/schema\/person\/image\/"},"sameAs":["http:\/\/hoomei.fr"]}]}},"_links":{"self":[{"href":"https:\/\/hoomei.fr\/en\/wp-json\/wp\/v2\/product\/3029"}],"collection":[{"href":"https:\/\/hoomei.fr\/en\/wp-json\/wp\/v2\/product"}],"about":[{"href":"https:\/\/hoomei.fr\/en\/wp-json\/wp\/v2\/types\/product"}],"wp:featuredmedia":[{"embeddable":true,"href":"https:\/\/hoomei.fr\/en\/wp-json\/wp\/v2\/media\/7987"}],"wp:attachment":[{"href":"https:\/\/hoomei.fr\/en\/wp-json\/wp\/v2\/media?parent=3029"}],"wp:term":[{"taxonomy":"product_cat","embeddable":true,"href":"https:\/\/hoomei.fr\/en\/wp-json\/wp\/v2\/product_cat?post=3029"},{"taxonomy":"product_tag","embeddable":true,"href":"https:\/\/hoomei.fr\/en\/wp-json\/wp\/v2\/product_tag?post=3029"}],"curies":[{"name":"wp","href":"https:\/\/api.w.org\/{rel}","templated":true}]}}