{"id":2748,"date":"2025-01-05T20:53:41","date_gmt":"2025-01-05T20:53:41","guid":{"rendered":"https:\/\/hoomei.fr\/produit\/dental-floss-portable-cordless-f18-oral-irrigator-3-cleaning-modes-waterproof-rechargeable-dental-cleaner-4-nozzles-clean-gums\/"},"modified":"2025-05-12T22:01:52","modified_gmt":"2025-05-12T22:01:52","slug":"hydroclean-pro-nettoyeur-dentaire-haute-precision","status":"publish","type":"product","link":"https:\/\/hoomei.fr\/en\/produit\/hydroclean-pro-nettoyeur-dentaire-haute-precision\/","title":{"rendered":"HydroClean Pro &#8211; Nettoyeur Dentaire Haute Pr\u00e9cision"},"content":{"rendered":"<p>Offrez \u00e0 vos dents un soin professionnel avec l\u2019<strong>HydroClean Pro<\/strong>, un nettoyeur dentaire haute performance con\u00e7u pour \u00e9liminer efficacement les r\u00e9sidus alimentaires et prot\u00e9ger vos gencives. Avec son r\u00e9servoir g\u00e9n\u00e9reux, sa technologie avanc\u00e9e et ses diff\u00e9rents modes de nettoyage, cet appareil est l\u2019alli\u00e9 id\u00e9al pour une hygi\u00e8ne bucco-dentaire impeccable, \u00e0 domicile ou en d\u00e9placement. \ud83e\uddb7\ud83d\udca6<\/p>\n<h4><strong>Pourquoi choisir l\u2019HydroClean Pro ?<\/strong><\/h4>\n<ul>\n<li><strong>Efficacit\u00e9 clinique<\/strong> : \u00c9limine les r\u00e9sidus alimentaires et pr\u00e9vient les maladies des gencives.<\/li>\n<li><strong>Polyvalent et ergonomique<\/strong> : Convient \u00e0 toute la famille gr\u00e2ce \u00e0 ses modes ajustables.<\/li>\n<li><strong>\u00c9cologique et \u00e9conomique<\/strong> : Remplace efficacement les fils dentaires traditionnels.<\/li>\n<li><strong>Design compact et \u00e9l\u00e9gant<\/strong> : Facile \u00e0 transporter et \u00e0 ranger.<\/li>\n<\/ul>\n<div class=\"flex-shrink-0 flex flex-col relative items-end\">\n<div>\n<div class=\"pt-0\">\n<div class=\"gizmo-shadow-stroke flex h-8 w-8 items-center justify-center overflow-hidden rounded-full\">\n<div class=\"h-full w-full\">\n<div class=\"gizmo-shadow-stroke overflow-hidden rounded-full\"><\/div>\n<\/div>\n<\/div>\n<\/div>\n<\/div>\n<\/div>\n<div class=\"group\/conversation-turn relative flex w-full min-w-0 flex-col agent-turn\">\n<div class=\"flex-col gap-1 md:gap-3\">\n<div class=\"flex max-w-full flex-col flex-grow\">\n<div class=\"min-h-8 text-message flex w-full flex-col items-end gap-2 whitespace-normal break-words text-start [.text-message+&amp;]:mt-5\" dir=\"auto\" data-message-author-role=\"assistant\" data-message-id=\"f6d6122c-d195-4309-baf4-b351f2bb85b2\" data-message-model-slug=\"gpt-4o\">\n<div class=\"flex w-full flex-col gap-1 empty:hidden first:pt-[3px]\"><\/div>\n<\/div>\n<\/div>\n<\/div>\n<\/div>\n","protected":false},"excerpt":{"rendered":"<p><strong>Prenez soin de votre hygi\u00e8ne bucco-dentaire avec l\u2019HydroClean Pro, un jet dentaire r\u00e9volutionnaire.<\/strong> Con\u00e7u pour \u00e9liminer efficacement les r\u00e9sidus alimentaires et am\u00e9liorer la sant\u00e9 des gencives, cet appareil compact et polyvalent devient un indispensable pour un sourire \u00e9clatant.<\/p>\n<h4><strong>Pourquoi choisir l\u2019HydroClean Pro ?<\/strong><\/h4>\n<ul>\n<li><strong>Efficacit\u00e9 clinique<\/strong> : \u00c9limine les r\u00e9sidus alimentaires et pr\u00e9vient les maladies des gencives.<\/li>\n<li><strong>Polyvalent et ergonomique<\/strong> : Convient \u00e0 toute la famille gr\u00e2ce \u00e0 ses modes ajustables.<\/li>\n<li><strong>\u00c9cologique et \u00e9conomique<\/strong> : Remplace efficacement les fils dentaires traditionnels.<\/li>\n<li><strong>Design compact et \u00e9l\u00e9gant<\/strong> : Facile \u00e0 transporter et \u00e0 ranger.<\/li>\n<\/ul>\n<p>&nbsp;<\/p>\n","protected":false},"featured_media":7980,"template":"","meta":{"_acf_changed":false,"ub_ctt_via":"","_monsterinsights_skip_tracking":false,"_monsterinsights_sitenote_active":false,"_monsterinsights_sitenote_note":"","_monsterinsights_sitenote_category":0},"product_cat":[174],"product_tag":[],"class_list":{"0":"post-2748","1":"product","2":"type-product","3":"status-publish","4":"has-post-thumbnail","6":"product_cat-sourire-radieux","8":"first","9":"instock","10":"shipping-taxable","11":"purchasable","12":"product-type-simple"},"acf":[],"yoast_head":"<!-- This site is optimized with the Yoast SEO plugin v23.8 - https:\/\/yoast.com\/wordpress\/plugins\/seo\/ -->\n<title>HydroClean Pro - Nettoyeur Dentaire Haute Pr\u00e9cision - Hoomei<\/title>\n<meta name=\"description\" content=\"Am\u00e9liorez votre hygi\u00e8ne bucco-dentaire. Jet dentaire rechargeable, \u00e9tanche, avec 4 modes et 11 intensit\u00e9s pour un nettoyage pr\u00e9cis et efficace.\" \/>\n<meta name=\"robots\" content=\"index, follow, max-snippet:-1, max-image-preview:large, max-video-preview:-1\" \/>\n<link rel=\"canonical\" href=\"https:\/\/hoomei.fr\/en\/produit\/hydroclean-pro-nettoyeur-dentaire-haute-precision\/\" \/>\n<meta property=\"og:locale\" content=\"en_US\" \/>\n<meta property=\"og:type\" content=\"article\" \/>\n<meta property=\"og:title\" content=\"HydroClean Pro - Nettoyeur Dentaire Haute Pr\u00e9cision - Hoomei\" \/>\n<meta property=\"og:description\" content=\"Am\u00e9liorez votre hygi\u00e8ne bucco-dentaire. Jet dentaire rechargeable, \u00e9tanche, avec 4 modes et 11 intensit\u00e9s pour un nettoyage pr\u00e9cis et efficace.\" \/>\n<meta property=\"og:url\" content=\"https:\/\/hoomei.fr\/en\/produit\/hydroclean-pro-nettoyeur-dentaire-haute-precision\/\" \/>\n<meta property=\"og:site_name\" content=\"Hoomei\" \/>\n<meta property=\"article:modified_time\" content=\"2025-05-12T22:01:52+00:00\" \/>\n<meta property=\"og:image\" content=\"https:\/\/hoomei.fr\/wp-content\/uploads\/2025\/01\/photoroom_20250112_165550-1.jpg\" \/>\n\t<meta property=\"og:image:width\" content=\"1080\" \/>\n\t<meta property=\"og:image:height\" content=\"1080\" \/>\n\t<meta property=\"og:image:type\" content=\"image\/jpeg\" \/>\n<meta name=\"twitter:card\" content=\"summary_large_image\" \/>\n<meta name=\"twitter:label1\" content=\"Est. reading time\" \/>\n\t<meta name=\"twitter:data1\" content=\"1 minute\" \/>\n<script type=\"application\/ld+json\" class=\"yoast-schema-graph\">{\"@context\":\"https:\/\/schema.org\",\"@graph\":[{\"@type\":\"WebPage\",\"@id\":\"https:\/\/hoomei.fr\/en\/produit\/hydroclean-pro-nettoyeur-dentaire-haute-precision\/\",\"url\":\"https:\/\/hoomei.fr\/en\/produit\/hydroclean-pro-nettoyeur-dentaire-haute-precision\/\",\"name\":\"HydroClean Pro - Nettoyeur Dentaire Haute Pr\u00e9cision - Hoomei\",\"isPartOf\":{\"@id\":\"https:\/\/hoomei.fr\/en\/#website\"},\"primaryImageOfPage\":{\"@id\":\"https:\/\/hoomei.fr\/en\/produit\/hydroclean-pro-nettoyeur-dentaire-haute-precision\/#primaryimage\"},\"image\":{\"@id\":\"https:\/\/hoomei.fr\/en\/produit\/hydroclean-pro-nettoyeur-dentaire-haute-precision\/#primaryimage\"},\"thumbnailUrl\":\"https:\/\/hoomei.fr\/wp-content\/uploads\/2025\/01\/photoroom_20250112_165550-1.jpg\",\"datePublished\":\"2025-01-05T20:53:41+00:00\",\"dateModified\":\"2025-05-12T22:01:52+00:00\",\"description\":\"Am\u00e9liorez votre hygi\u00e8ne bucco-dentaire. Jet dentaire rechargeable, \u00e9tanche, avec 4 modes et 11 intensit\u00e9s pour un nettoyage pr\u00e9cis et efficace.\",\"breadcrumb\":{\"@id\":\"https:\/\/hoomei.fr\/en\/produit\/hydroclean-pro-nettoyeur-dentaire-haute-precision\/#breadcrumb\"},\"inLanguage\":\"en-US\",\"potentialAction\":[{\"@type\":\"ReadAction\",\"target\":[\"https:\/\/hoomei.fr\/en\/produit\/hydroclean-pro-nettoyeur-dentaire-haute-precision\/\"]}]},{\"@type\":\"ImageObject\",\"inLanguage\":\"en-US\",\"@id\":\"https:\/\/hoomei.fr\/en\/produit\/hydroclean-pro-nettoyeur-dentaire-haute-precision\/#primaryimage\",\"url\":\"https:\/\/hoomei.fr\/wp-content\/uploads\/2025\/01\/photoroom_20250112_165550-1.jpg\",\"contentUrl\":\"https:\/\/hoomei.fr\/wp-content\/uploads\/2025\/01\/photoroom_20250112_165550-1.jpg\",\"width\":1080,\"height\":1080},{\"@type\":\"BreadcrumbList\",\"@id\":\"https:\/\/hoomei.fr\/en\/produit\/hydroclean-pro-nettoyeur-dentaire-haute-precision\/#breadcrumb\",\"itemListElement\":[{\"@type\":\"ListItem\",\"position\":1,\"name\":\"Accueil\",\"item\":\"https:\/\/hoomei.fr\/en\/\"},{\"@type\":\"ListItem\",\"position\":2,\"name\":\"Shop\",\"item\":\"https:\/\/hoomei.fr\/en\/shop\/\"},{\"@type\":\"ListItem\",\"position\":3,\"name\":\"HydroClean Pro &#8211; Nettoyeur Dentaire Haute Pr\u00e9cision\"}]},{\"@type\":\"WebSite\",\"@id\":\"https:\/\/hoomei.fr\/en\/#website\",\"url\":\"https:\/\/hoomei.fr\/en\/\",\"name\":\"Hoomei\",\"description\":\"Votre Routine R\u00e9invent\u00e9e\",\"publisher\":{\"@id\":\"https:\/\/hoomei.fr\/en\/#\/schema\/person\/8cfb2570bae5452af0aefde1cfdc78b4\"},\"potentialAction\":[{\"@type\":\"SearchAction\",\"target\":{\"@type\":\"EntryPoint\",\"urlTemplate\":\"https:\/\/hoomei.fr\/en\/?s={search_term_string}\"},\"query-input\":{\"@type\":\"PropertyValueSpecification\",\"valueRequired\":true,\"valueName\":\"search_term_string\"}}],\"inLanguage\":\"en-US\"},{\"@type\":[\"Person\",\"Organization\"],\"@id\":\"https:\/\/hoomei.fr\/en\/#\/schema\/person\/8cfb2570bae5452af0aefde1cfdc78b4\",\"name\":\"GHULAm WIASS\",\"image\":{\"@type\":\"ImageObject\",\"inLanguage\":\"en-US\",\"@id\":\"https:\/\/hoomei.fr\/en\/#\/schema\/person\/image\/\",\"url\":\"https:\/\/hoomei.fr\/wp-content\/uploads\/2024\/11\/Design-sans-titre-2024-11-01T212453.191.png\",\"contentUrl\":\"https:\/\/hoomei.fr\/wp-content\/uploads\/2024\/11\/Design-sans-titre-2024-11-01T212453.191.png\",\"width\":436,\"height\":124,\"caption\":\"GHULAm WIASS\"},\"logo\":{\"@id\":\"https:\/\/hoomei.fr\/en\/#\/schema\/person\/image\/\"},\"sameAs\":[\"http:\/\/hoomei.fr\"]}]}<\/script>\n<!-- \/ Yoast SEO plugin. -->","yoast_head_json":{"title":"HydroClean Pro - Nettoyeur Dentaire Haute Pr\u00e9cision - Hoomei","description":"Am\u00e9liorez votre hygi\u00e8ne bucco-dentaire. Jet dentaire rechargeable, \u00e9tanche, avec 4 modes et 11 intensit\u00e9s pour un nettoyage pr\u00e9cis et efficace.","robots":{"index":"index","follow":"follow","max-snippet":"max-snippet:-1","max-image-preview":"max-image-preview:large","max-video-preview":"max-video-preview:-1"},"canonical":"https:\/\/hoomei.fr\/en\/produit\/hydroclean-pro-nettoyeur-dentaire-haute-precision\/","og_locale":"en_US","og_type":"article","og_title":"HydroClean Pro - Nettoyeur Dentaire Haute Pr\u00e9cision - Hoomei","og_description":"Am\u00e9liorez votre hygi\u00e8ne bucco-dentaire. Jet dentaire rechargeable, \u00e9tanche, avec 4 modes et 11 intensit\u00e9s pour un nettoyage pr\u00e9cis et efficace.","og_url":"https:\/\/hoomei.fr\/en\/produit\/hydroclean-pro-nettoyeur-dentaire-haute-precision\/","og_site_name":"Hoomei","article_modified_time":"2025-05-12T22:01:52+00:00","og_image":[{"width":1080,"height":1080,"url":"https:\/\/hoomei.fr\/wp-content\/uploads\/2025\/01\/photoroom_20250112_165550-1.jpg","type":"image\/jpeg"}],"twitter_card":"summary_large_image","twitter_misc":{"Est. reading time":"1 minute"},"schema":{"@context":"https:\/\/schema.org","@graph":[{"@type":"WebPage","@id":"https:\/\/hoomei.fr\/en\/produit\/hydroclean-pro-nettoyeur-dentaire-haute-precision\/","url":"https:\/\/hoomei.fr\/en\/produit\/hydroclean-pro-nettoyeur-dentaire-haute-precision\/","name":"HydroClean Pro - Nettoyeur Dentaire Haute Pr\u00e9cision - Hoomei","isPartOf":{"@id":"https:\/\/hoomei.fr\/en\/#website"},"primaryImageOfPage":{"@id":"https:\/\/hoomei.fr\/en\/produit\/hydroclean-pro-nettoyeur-dentaire-haute-precision\/#primaryimage"},"image":{"@id":"https:\/\/hoomei.fr\/en\/produit\/hydroclean-pro-nettoyeur-dentaire-haute-precision\/#primaryimage"},"thumbnailUrl":"https:\/\/hoomei.fr\/wp-content\/uploads\/2025\/01\/photoroom_20250112_165550-1.jpg","datePublished":"2025-01-05T20:53:41+00:00","dateModified":"2025-05-12T22:01:52+00:00","description":"Am\u00e9liorez votre hygi\u00e8ne bucco-dentaire. Jet dentaire rechargeable, \u00e9tanche, avec 4 modes et 11 intensit\u00e9s pour un nettoyage pr\u00e9cis et efficace.","breadcrumb":{"@id":"https:\/\/hoomei.fr\/en\/produit\/hydroclean-pro-nettoyeur-dentaire-haute-precision\/#breadcrumb"},"inLanguage":"en-US","potentialAction":[{"@type":"ReadAction","target":["https:\/\/hoomei.fr\/en\/produit\/hydroclean-pro-nettoyeur-dentaire-haute-precision\/"]}]},{"@type":"ImageObject","inLanguage":"en-US","@id":"https:\/\/hoomei.fr\/en\/produit\/hydroclean-pro-nettoyeur-dentaire-haute-precision\/#primaryimage","url":"https:\/\/hoomei.fr\/wp-content\/uploads\/2025\/01\/photoroom_20250112_165550-1.jpg","contentUrl":"https:\/\/hoomei.fr\/wp-content\/uploads\/2025\/01\/photoroom_20250112_165550-1.jpg","width":1080,"height":1080},{"@type":"BreadcrumbList","@id":"https:\/\/hoomei.fr\/en\/produit\/hydroclean-pro-nettoyeur-dentaire-haute-precision\/#breadcrumb","itemListElement":[{"@type":"ListItem","position":1,"name":"Accueil","item":"https:\/\/hoomei.fr\/en\/"},{"@type":"ListItem","position":2,"name":"Shop","item":"https:\/\/hoomei.fr\/en\/shop\/"},{"@type":"ListItem","position":3,"name":"HydroClean Pro &#8211; Nettoyeur Dentaire Haute Pr\u00e9cision"}]},{"@type":"WebSite","@id":"https:\/\/hoomei.fr\/en\/#website","url":"https:\/\/hoomei.fr\/en\/","name":"Hoomei","description":"Votre Routine R\u00e9invent\u00e9e","publisher":{"@id":"https:\/\/hoomei.fr\/en\/#\/schema\/person\/8cfb2570bae5452af0aefde1cfdc78b4"},"potentialAction":[{"@type":"SearchAction","target":{"@type":"EntryPoint","urlTemplate":"https:\/\/hoomei.fr\/en\/?s={search_term_string}"},"query-input":{"@type":"PropertyValueSpecification","valueRequired":true,"valueName":"search_term_string"}}],"inLanguage":"en-US"},{"@type":["Person","Organization"],"@id":"https:\/\/hoomei.fr\/en\/#\/schema\/person\/8cfb2570bae5452af0aefde1cfdc78b4","name":"GHULAm WIASS","image":{"@type":"ImageObject","inLanguage":"en-US","@id":"https:\/\/hoomei.fr\/en\/#\/schema\/person\/image\/","url":"https:\/\/hoomei.fr\/wp-content\/uploads\/2024\/11\/Design-sans-titre-2024-11-01T212453.191.png","contentUrl":"https:\/\/hoomei.fr\/wp-content\/uploads\/2024\/11\/Design-sans-titre-2024-11-01T212453.191.png","width":436,"height":124,"caption":"GHULAm WIASS"},"logo":{"@id":"https:\/\/hoomei.fr\/en\/#\/schema\/person\/image\/"},"sameAs":["http:\/\/hoomei.fr"]}]}},"_links":{"self":[{"href":"https:\/\/hoomei.fr\/en\/wp-json\/wp\/v2\/product\/2748"}],"collection":[{"href":"https:\/\/hoomei.fr\/en\/wp-json\/wp\/v2\/product"}],"about":[{"href":"https:\/\/hoomei.fr\/en\/wp-json\/wp\/v2\/types\/product"}],"wp:featuredmedia":[{"embeddable":true,"href":"https:\/\/hoomei.fr\/en\/wp-json\/wp\/v2\/media\/7980"}],"wp:attachment":[{"href":"https:\/\/hoomei.fr\/en\/wp-json\/wp\/v2\/media?parent=2748"}],"wp:term":[{"taxonomy":"product_cat","embeddable":true,"href":"https:\/\/hoomei.fr\/en\/wp-json\/wp\/v2\/product_cat?post=2748"},{"taxonomy":"product_tag","embeddable":true,"href":"https:\/\/hoomei.fr\/en\/wp-json\/wp\/v2\/product_tag?post=2748"}],"curies":[{"name":"wp","href":"https:\/\/api.w.org\/{rel}","templated":true}]}}