{"id":1021,"date":"2024-11-28T19:05:16","date_gmt":"2024-11-28T19:05:16","guid":{"rendered":"https:\/\/hoomei.fr\/?post_type=product&#038;p=1021"},"modified":"2025-04-06T18:07:22","modified_gmt":"2025-04-06T18:07:22","slug":"aspirateur-points-noirs","status":"publish","type":"product","link":"https:\/\/hoomei.fr\/en\/produit\/aspirateur-points-noirs\/","title":{"rendered":"Aspirateur Points Noirs"},"content":{"rendered":"","protected":false},"excerpt":{"rendered":"<p>Le dispositif d&#8217;aspiration des points noirs Hoomei est un outil r\u00e9volutionnaire pour obtenir une peau lisse et \u00e9clatante. Dot\u00e9 de 5 niveaux d\u2019intensit\u00e9 et de 4 t\u00eates interchangeables, il s&#8217;adapte \u00e0 tous les types de peau pour un nettoyage en profondeur et des soins personnalis\u00e9s. Gr\u00e2ce \u00e0 sa batterie rechargeable et son affichage LED, ce dispositif est \u00e0 la fois pratique et performant.<\/p>\n<h3><strong>Pourquoi choisir ce produit ?<\/strong><\/h3>\n<ul>\n<li><strong>Nettoyage en profondeur<\/strong> : \u00c9limine efficacement les points noirs, les impuret\u00e9s et l&#8217;exc\u00e8s de s\u00e9bum.<\/li>\n<li><strong>Soin complet de la peau<\/strong> : Augmente l\u2019\u00e9lasticit\u00e9, resserre la peau et am\u00e9liore sa texture g\u00e9n\u00e9rale.<\/li>\n<li><strong>Polyvalent et s\u00fbr<\/strong> : Les t\u00eates interchangeables permettent de r\u00e9pondre \u00e0 divers besoins sans ab\u00eemer la peau.<\/li>\n<li><strong>Facile \u00e0 utiliser<\/strong> : Son design ergonomique et son affichage LED rendent chaque session de soin intuitive et agr\u00e9able.<\/li>\n<\/ul>\n<h3><strong>Avantages pour la peau :<\/strong><\/h3>\n<ul>\n<li>R\u00e9duction des points noirs et des impuret\u00e9s.<\/li>\n<li>Am\u00e9lioration de l\u2019\u00e9lasticit\u00e9 et du raffermissement de la peau.<\/li>\n<li>Contr\u00f4le de l\u2019exc\u00e8s de s\u00e9bum pour un teint \u00e9quilibr\u00e9 et \u00e9clatant.<\/li>\n<\/ul>\n","protected":false},"featured_media":1032,"template":"","meta":{"_acf_changed":false,"ub_ctt_via":"","_monsterinsights_skip_tracking":false,"_monsterinsights_sitenote_active":false,"_monsterinsights_sitenote_note":"","_monsterinsights_sitenote_category":0},"product_cat":[270],"product_tag":[],"class_list":{"0":"post-1021","1":"product","2":"type-product","3":"status-publish","4":"has-post-thumbnail","6":"product_cat-respiration-pure","8":"first","9":"instock","10":"sale","11":"shipping-taxable","12":"purchasable","13":"product-type-simple"},"acf":[],"yoast_head":"<!-- This site is optimized with the Yoast SEO plugin v23.8 - https:\/\/yoast.com\/wordpress\/plugins\/seo\/ -->\n<title>Aspirateur Points Noirs - Hoomei<\/title>\n<meta name=\"description\" content=\"Le dispositif d&#039;aspiration des points noirs Hoomei est un outil r\u00e9volutionnaire pour obtenir une peau lisse et \u00e9clatante.\" \/>\n<meta name=\"robots\" content=\"index, follow, max-snippet:-1, max-image-preview:large, max-video-preview:-1\" \/>\n<link rel=\"canonical\" href=\"https:\/\/hoomei.fr\/en\/produit\/aspirateur-points-noirs\/\" \/>\n<meta property=\"og:locale\" content=\"en_US\" \/>\n<meta property=\"og:type\" content=\"article\" \/>\n<meta property=\"og:title\" content=\"Aspirateur Points Noirs - Hoomei\" \/>\n<meta property=\"og:description\" content=\"Le dispositif d&#039;aspiration des points noirs Hoomei est un outil r\u00e9volutionnaire pour obtenir une peau lisse et \u00e9clatante.\" \/>\n<meta property=\"og:url\" content=\"https:\/\/hoomei.fr\/en\/produit\/aspirateur-points-noirs\/\" \/>\n<meta property=\"og:site_name\" content=\"Hoomei\" \/>\n<meta property=\"article:modified_time\" content=\"2025-04-06T18:07:22+00:00\" \/>\n<meta property=\"og:image\" content=\"https:\/\/hoomei.fr\/wp-content\/uploads\/2024\/11\/IMG_0092.jpg\" \/>\n\t<meta property=\"og:image:width\" content=\"1000\" \/>\n\t<meta property=\"og:image:height\" content=\"1000\" \/>\n\t<meta property=\"og:image:type\" content=\"image\/jpeg\" \/>\n<meta name=\"twitter:card\" content=\"summary_large_image\" \/>\n<meta name=\"twitter:label1\" content=\"Est. reading time\" \/>\n\t<meta name=\"twitter:data1\" content=\"1 minute\" \/>\n<script type=\"application\/ld+json\" class=\"yoast-schema-graph\">{\"@context\":\"https:\/\/schema.org\",\"@graph\":[{\"@type\":\"WebPage\",\"@id\":\"https:\/\/hoomei.fr\/en\/produit\/aspirateur-points-noirs\/\",\"url\":\"https:\/\/hoomei.fr\/en\/produit\/aspirateur-points-noirs\/\",\"name\":\"Aspirateur Points Noirs - Hoomei\",\"isPartOf\":{\"@id\":\"https:\/\/hoomei.fr\/en\/#website\"},\"primaryImageOfPage\":{\"@id\":\"https:\/\/hoomei.fr\/en\/produit\/aspirateur-points-noirs\/#primaryimage\"},\"image\":{\"@id\":\"https:\/\/hoomei.fr\/en\/produit\/aspirateur-points-noirs\/#primaryimage\"},\"thumbnailUrl\":\"https:\/\/hoomei.fr\/wp-content\/uploads\/2024\/11\/IMG_0092.jpg\",\"datePublished\":\"2024-11-28T19:05:16+00:00\",\"dateModified\":\"2025-04-06T18:07:22+00:00\",\"description\":\"Le dispositif d'aspiration des points noirs Hoomei est un outil r\u00e9volutionnaire pour obtenir une peau lisse et \u00e9clatante.\",\"breadcrumb\":{\"@id\":\"https:\/\/hoomei.fr\/en\/produit\/aspirateur-points-noirs\/#breadcrumb\"},\"inLanguage\":\"en-US\",\"potentialAction\":[{\"@type\":\"ReadAction\",\"target\":[\"https:\/\/hoomei.fr\/en\/produit\/aspirateur-points-noirs\/\"]}]},{\"@type\":\"ImageObject\",\"inLanguage\":\"en-US\",\"@id\":\"https:\/\/hoomei.fr\/en\/produit\/aspirateur-points-noirs\/#primaryimage\",\"url\":\"https:\/\/hoomei.fr\/wp-content\/uploads\/2024\/11\/IMG_0092.jpg\",\"contentUrl\":\"https:\/\/hoomei.fr\/wp-content\/uploads\/2024\/11\/IMG_0092.jpg\",\"width\":1000,\"height\":1000,\"caption\":\"Dispositif HOOMEI blanc et violet pour nettoyage des pores, avec \u00e9cran LED int\u00e9gr\u00e9. Design ergonomique sur fond beige.\"},{\"@type\":\"BreadcrumbList\",\"@id\":\"https:\/\/hoomei.fr\/en\/produit\/aspirateur-points-noirs\/#breadcrumb\",\"itemListElement\":[{\"@type\":\"ListItem\",\"position\":1,\"name\":\"Accueil\",\"item\":\"https:\/\/hoomei.fr\/en\/\"},{\"@type\":\"ListItem\",\"position\":2,\"name\":\"Shop\",\"item\":\"https:\/\/hoomei.fr\/en\/shop\/\"},{\"@type\":\"ListItem\",\"position\":3,\"name\":\"Aspirateur Points Noirs\"}]},{\"@type\":\"WebSite\",\"@id\":\"https:\/\/hoomei.fr\/en\/#website\",\"url\":\"https:\/\/hoomei.fr\/en\/\",\"name\":\"Hoomei\",\"description\":\"Votre Routine R\u00e9invent\u00e9e\",\"publisher\":{\"@id\":\"https:\/\/hoomei.fr\/en\/#\/schema\/person\/8cfb2570bae5452af0aefde1cfdc78b4\"},\"potentialAction\":[{\"@type\":\"SearchAction\",\"target\":{\"@type\":\"EntryPoint\",\"urlTemplate\":\"https:\/\/hoomei.fr\/en\/?s={search_term_string}\"},\"query-input\":{\"@type\":\"PropertyValueSpecification\",\"valueRequired\":true,\"valueName\":\"search_term_string\"}}],\"inLanguage\":\"en-US\"},{\"@type\":[\"Person\",\"Organization\"],\"@id\":\"https:\/\/hoomei.fr\/en\/#\/schema\/person\/8cfb2570bae5452af0aefde1cfdc78b4\",\"name\":\"GHULAm WIASS\",\"image\":{\"@type\":\"ImageObject\",\"inLanguage\":\"en-US\",\"@id\":\"https:\/\/hoomei.fr\/en\/#\/schema\/person\/image\/\",\"url\":\"https:\/\/hoomei.fr\/wp-content\/uploads\/2024\/11\/Design-sans-titre-2024-11-01T212453.191.png\",\"contentUrl\":\"https:\/\/hoomei.fr\/wp-content\/uploads\/2024\/11\/Design-sans-titre-2024-11-01T212453.191.png\",\"width\":436,\"height\":124,\"caption\":\"GHULAm WIASS\"},\"logo\":{\"@id\":\"https:\/\/hoomei.fr\/en\/#\/schema\/person\/image\/\"},\"sameAs\":[\"http:\/\/hoomei.fr\"]}]}<\/script>\n<!-- \/ Yoast SEO plugin. -->","yoast_head_json":{"title":"Aspirateur Points Noirs - Hoomei","description":"Le dispositif d'aspiration des points noirs Hoomei est un outil r\u00e9volutionnaire pour obtenir une peau lisse et \u00e9clatante.","robots":{"index":"index","follow":"follow","max-snippet":"max-snippet:-1","max-image-preview":"max-image-preview:large","max-video-preview":"max-video-preview:-1"},"canonical":"https:\/\/hoomei.fr\/en\/produit\/aspirateur-points-noirs\/","og_locale":"en_US","og_type":"article","og_title":"Aspirateur Points Noirs - Hoomei","og_description":"Le dispositif d'aspiration des points noirs Hoomei est un outil r\u00e9volutionnaire pour obtenir une peau lisse et \u00e9clatante.","og_url":"https:\/\/hoomei.fr\/en\/produit\/aspirateur-points-noirs\/","og_site_name":"Hoomei","article_modified_time":"2025-04-06T18:07:22+00:00","og_image":[{"width":1000,"height":1000,"url":"https:\/\/hoomei.fr\/wp-content\/uploads\/2024\/11\/IMG_0092.jpg","type":"image\/jpeg"}],"twitter_card":"summary_large_image","twitter_misc":{"Est. reading time":"1 minute"},"schema":{"@context":"https:\/\/schema.org","@graph":[{"@type":"WebPage","@id":"https:\/\/hoomei.fr\/en\/produit\/aspirateur-points-noirs\/","url":"https:\/\/hoomei.fr\/en\/produit\/aspirateur-points-noirs\/","name":"Aspirateur Points Noirs - Hoomei","isPartOf":{"@id":"https:\/\/hoomei.fr\/en\/#website"},"primaryImageOfPage":{"@id":"https:\/\/hoomei.fr\/en\/produit\/aspirateur-points-noirs\/#primaryimage"},"image":{"@id":"https:\/\/hoomei.fr\/en\/produit\/aspirateur-points-noirs\/#primaryimage"},"thumbnailUrl":"https:\/\/hoomei.fr\/wp-content\/uploads\/2024\/11\/IMG_0092.jpg","datePublished":"2024-11-28T19:05:16+00:00","dateModified":"2025-04-06T18:07:22+00:00","description":"Le dispositif d'aspiration des points noirs Hoomei est un outil r\u00e9volutionnaire pour obtenir une peau lisse et \u00e9clatante.","breadcrumb":{"@id":"https:\/\/hoomei.fr\/en\/produit\/aspirateur-points-noirs\/#breadcrumb"},"inLanguage":"en-US","potentialAction":[{"@type":"ReadAction","target":["https:\/\/hoomei.fr\/en\/produit\/aspirateur-points-noirs\/"]}]},{"@type":"ImageObject","inLanguage":"en-US","@id":"https:\/\/hoomei.fr\/en\/produit\/aspirateur-points-noirs\/#primaryimage","url":"https:\/\/hoomei.fr\/wp-content\/uploads\/2024\/11\/IMG_0092.jpg","contentUrl":"https:\/\/hoomei.fr\/wp-content\/uploads\/2024\/11\/IMG_0092.jpg","width":1000,"height":1000,"caption":"Dispositif HOOMEI blanc et violet pour nettoyage des pores, avec \u00e9cran LED int\u00e9gr\u00e9. Design ergonomique sur fond beige."},{"@type":"BreadcrumbList","@id":"https:\/\/hoomei.fr\/en\/produit\/aspirateur-points-noirs\/#breadcrumb","itemListElement":[{"@type":"ListItem","position":1,"name":"Accueil","item":"https:\/\/hoomei.fr\/en\/"},{"@type":"ListItem","position":2,"name":"Shop","item":"https:\/\/hoomei.fr\/en\/shop\/"},{"@type":"ListItem","position":3,"name":"Aspirateur Points Noirs"}]},{"@type":"WebSite","@id":"https:\/\/hoomei.fr\/en\/#website","url":"https:\/\/hoomei.fr\/en\/","name":"Hoomei","description":"Votre Routine R\u00e9invent\u00e9e","publisher":{"@id":"https:\/\/hoomei.fr\/en\/#\/schema\/person\/8cfb2570bae5452af0aefde1cfdc78b4"},"potentialAction":[{"@type":"SearchAction","target":{"@type":"EntryPoint","urlTemplate":"https:\/\/hoomei.fr\/en\/?s={search_term_string}"},"query-input":{"@type":"PropertyValueSpecification","valueRequired":true,"valueName":"search_term_string"}}],"inLanguage":"en-US"},{"@type":["Person","Organization"],"@id":"https:\/\/hoomei.fr\/en\/#\/schema\/person\/8cfb2570bae5452af0aefde1cfdc78b4","name":"GHULAm WIASS","image":{"@type":"ImageObject","inLanguage":"en-US","@id":"https:\/\/hoomei.fr\/en\/#\/schema\/person\/image\/","url":"https:\/\/hoomei.fr\/wp-content\/uploads\/2024\/11\/Design-sans-titre-2024-11-01T212453.191.png","contentUrl":"https:\/\/hoomei.fr\/wp-content\/uploads\/2024\/11\/Design-sans-titre-2024-11-01T212453.191.png","width":436,"height":124,"caption":"GHULAm WIASS"},"logo":{"@id":"https:\/\/hoomei.fr\/en\/#\/schema\/person\/image\/"},"sameAs":["http:\/\/hoomei.fr"]}]}},"_links":{"self":[{"href":"https:\/\/hoomei.fr\/en\/wp-json\/wp\/v2\/product\/1021"}],"collection":[{"href":"https:\/\/hoomei.fr\/en\/wp-json\/wp\/v2\/product"}],"about":[{"href":"https:\/\/hoomei.fr\/en\/wp-json\/wp\/v2\/types\/product"}],"wp:featuredmedia":[{"embeddable":true,"href":"https:\/\/hoomei.fr\/en\/wp-json\/wp\/v2\/media\/1032"}],"wp:attachment":[{"href":"https:\/\/hoomei.fr\/en\/wp-json\/wp\/v2\/media?parent=1021"}],"wp:term":[{"taxonomy":"product_cat","embeddable":true,"href":"https:\/\/hoomei.fr\/en\/wp-json\/wp\/v2\/product_cat?post=1021"},{"taxonomy":"product_tag","embeddable":true,"href":"https:\/\/hoomei.fr\/en\/wp-json\/wp\/v2\/product_tag?post=1021"}],"curies":[{"name":"wp","href":"https:\/\/api.w.org\/{rel}","templated":true}]}}