{"id":2321,"date":"2024-11-17T22:00:26","date_gmt":"2024-11-17T22:00:26","guid":{"rendered":"https:\/\/hoomei.fr\/conditions-generales-dutilisation\/"},"modified":"2024-11-17T22:00:26","modified_gmt":"2024-11-17T22:00:26","slug":"conditions-generales-dutilisation","status":"publish","type":"page","link":"https:\/\/hoomei.fr\/en\/conditions-generales-dutilisation\/","title":{"rendered":"Conditions g\u00e9n\u00e9rales d&#8217;utilisation"},"content":{"rendered":"\t<div id=\"gap-968705659\" class=\"gap-element clearfix\" style=\"display:block; height:auto;\">\n\t\t\n<style>\n#gap-968705659 {\n  padding-top: 30px;\n}\n<\/style>\n\t<\/div>\n\t<p><\/p><h2 class=\"wp-block-heading\">Conditions g\u00e9n\u00e9rales d&#8217;utilisation de Hoomei.fr<\/h2><p><strong>1. Introduction<\/strong> Bienvenue sur Hoomei.fr. En utilisant notre site web, vous acceptez de vous conformer et d&#8217;\u00eatre li\u00e9 par les pr\u00e9sentes conditions g\u00e9n\u00e9rales d&#8217;utilisation. Veuillez les lire attentivement. Si vous n&#8217;acceptez pas ces conditions, vous ne devez pas acc\u00e9der ni utiliser Hoomei.fr.<\/p><p><strong>2. Propri\u00e9t\u00e9 intellectuelle<\/strong> Le contenu publi\u00e9 sur Hoomei.fr, y compris les textes, les graphiques, les logos, les images, ainsi que la compilation de ces contenus et tout logiciel utilis\u00e9 sur le site, est la propri\u00e9t\u00e9 de Hoomei.fr ou de ses fournisseurs et est prot\u00e9g\u00e9 par les lois fran\u00e7aises et internationales sur le droit d&#8217;auteur.<\/p><p><strong>3. Utilisation du site<\/strong> a. Hoomei.fr vous accorde une licence limit\u00e9e pour acc\u00e9der et utiliser le site pour des fins personnelles. b. Cette licence n&#8217;inclut pas la revente ni l&#8217;utilisation commerciale des contenus du site. c. Le site ne doit pas \u00eatre reproduit, dupliqu\u00e9, copi\u00e9, vendu, revendu, visit\u00e9 ou autrement exploit\u00e9 pour un usage commercial sans consentement expr\u00e8s \u00e9crit de notre part.<\/p><p><strong>4. Comptes utilisateurs<\/strong> Si vous cr\u00e9ez un compte sur Hoomei.fr, vous \u00eates responsable de maintenir la confidentialit\u00e9 de votre compte et de votre mot de passe, ainsi que de restreindre l&#8217;acc\u00e8s \u00e0 votre ordinateur. Vous acceptez la responsabilit\u00e9 pour toutes les activit\u00e9s qui se d\u00e9roulent sous votre compte ou mot de passe.<\/p><p><strong>5. Risques li\u00e9s \u00e0 l&#8217;utilisation de l&#8217;Internet<\/strong> En utilisant Hoomei.fr, vous acceptez les risques inh\u00e9rents \u00e0 l&#8217;utilisation de l&#8217;Internet et vous convenez que Hoomei.fr ne sera pas responsable des dommages caus\u00e9s par l&#8217;utilisation du site.<\/p><p><strong>6. Modifications des conditions<\/strong> Hoomei.fr se r\u00e9serve le droit de modifier ou de remplacer n&#8217;importe quelles conditions g\u00e9n\u00e9rales d&#8217;utilisation \u00e0 tout moment. Nous nous occuperons de vous informer de toute modification.<\/p><p><strong>7. Juridiction et lois applicables<\/strong> Les pr\u00e9sentes conditions d&#8217;utilisation sont r\u00e9gies et interpr\u00e9t\u00e9es conform\u00e9ment aux lois de la France, et vous vous soumettez irr\u00e9vocablement \u00e0 la juridiction exclusive des tribunaux de ce pays.<\/p><p><strong>8. Contactez-nous<\/strong> Pour toute question concernant les Conditions G\u00e9n\u00e9rales d&#8217;Utilisation, veuillez nous contacter \u00e0 info@hoomei.fr<\/p>","protected":false},"excerpt":{"rendered":"<p>Conditions g\u00e9n\u00e9rales d&#8217;utilisation de Hoomei.fr 1. Introduction Bienvenue sur Hoomei.fr. En utilisant notre site web, vous acceptez de vous conformer et d&#8217;\u00eatre li\u00e9 par les pr\u00e9sentes conditions g\u00e9n\u00e9rales d&#8217;utilisation. Veuillez les lire attentivement. Si vous n&#8217;acceptez pas ces conditions, vous ne devez pas acc\u00e9der ni utiliser Hoomei.fr. 2. Propri\u00e9t\u00e9 intellectuelle Le contenu publi\u00e9 sur Hoomei.fr, [&#8230;]\n","protected":false},"author":1,"featured_media":0,"parent":0,"menu_order":0,"comment_status":"closed","ping_status":"closed","template":"","meta":{"_acf_changed":false,"ub_ctt_via":"","_monsterinsights_skip_tracking":false,"_monsterinsights_sitenote_active":false,"_monsterinsights_sitenote_note":"","_monsterinsights_sitenote_category":0,"footnotes":""},"class_list":["post-2321","page","type-page","status-publish","hentry"],"featured_image_src":null,"acf":[],"yoast_head":"<!-- This site is optimized with the Yoast SEO plugin v23.8 - https:\/\/yoast.com\/wordpress\/plugins\/seo\/ -->\n<title>Conditions g\u00e9n\u00e9rales d&#039;utilisation - Hoomei<\/title>\n<meta name=\"robots\" content=\"index, follow, max-snippet:-1, max-image-preview:large, max-video-preview:-1\" \/>\n<link rel=\"canonical\" href=\"https:\/\/hoomei.fr\/en\/conditions-generales-dutilisation\/\" \/>\n<meta property=\"og:locale\" content=\"en_US\" \/>\n<meta property=\"og:type\" content=\"article\" \/>\n<meta property=\"og:title\" content=\"Conditions g\u00e9n\u00e9rales d&#039;utilisation - Hoomei\" \/>\n<meta property=\"og:description\" content=\"Conditions g\u00e9n\u00e9rales d&#8217;utilisation de Hoomei.fr 1. Introduction Bienvenue sur Hoomei.fr. En utilisant notre site web, vous acceptez de vous conformer et d&#8217;\u00eatre li\u00e9 par les pr\u00e9sentes conditions g\u00e9n\u00e9rales d&#8217;utilisation. Veuillez les lire attentivement. Si vous n&#8217;acceptez pas ces conditions, vous ne devez pas acc\u00e9der ni utiliser Hoomei.fr. 2. Propri\u00e9t\u00e9 intellectuelle Le contenu publi\u00e9 sur Hoomei.fr, [...]\" \/>\n<meta property=\"og:url\" content=\"https:\/\/hoomei.fr\/en\/conditions-generales-dutilisation\/\" \/>\n<meta property=\"og:site_name\" content=\"Hoomei\" \/>\n<meta property=\"og:image\" content=\"https:\/\/hoomei.fr\/wp-content\/uploads\/2024\/11\/img_0192-1.jpg\" \/>\n\t<meta property=\"og:image:width\" content=\"1000\" \/>\n\t<meta property=\"og:image:height\" content=\"1000\" \/>\n\t<meta property=\"og:image:type\" content=\"image\/jpeg\" \/>\n<meta name=\"twitter:card\" content=\"summary_large_image\" \/>\n<meta name=\"twitter:label1\" content=\"Est. reading time\" \/>\n\t<meta name=\"twitter:data1\" content=\"2 minutes\" \/>\n<script type=\"application\/ld+json\" class=\"yoast-schema-graph\">{\"@context\":\"https:\/\/schema.org\",\"@graph\":[{\"@type\":\"WebPage\",\"@id\":\"https:\/\/hoomei.fr\/en\/conditions-generales-dutilisation\/\",\"url\":\"https:\/\/hoomei.fr\/en\/conditions-generales-dutilisation\/\",\"name\":\"Conditions g\u00e9n\u00e9rales d'utilisation - Hoomei\",\"isPartOf\":{\"@id\":\"https:\/\/hoomei.fr\/en\/#website\"},\"datePublished\":\"2024-11-17T22:00:26+00:00\",\"dateModified\":\"2024-11-17T22:00:26+00:00\",\"breadcrumb\":{\"@id\":\"https:\/\/hoomei.fr\/en\/conditions-generales-dutilisation\/#breadcrumb\"},\"inLanguage\":\"en-US\",\"potentialAction\":[{\"@type\":\"ReadAction\",\"target\":[\"https:\/\/hoomei.fr\/en\/conditions-generales-dutilisation\/\"]}]},{\"@type\":\"BreadcrumbList\",\"@id\":\"https:\/\/hoomei.fr\/en\/conditions-generales-dutilisation\/#breadcrumb\",\"itemListElement\":[{\"@type\":\"ListItem\",\"position\":1,\"name\":\"Accueil\",\"item\":\"https:\/\/hoomei.fr\/en\/\"},{\"@type\":\"ListItem\",\"position\":2,\"name\":\"Conditions g\u00e9n\u00e9rales d&#8217;utilisation\"}]},{\"@type\":\"WebSite\",\"@id\":\"https:\/\/hoomei.fr\/en\/#website\",\"url\":\"https:\/\/hoomei.fr\/en\/\",\"name\":\"Hoomei\",\"description\":\"Votre Routine R\u00e9invent\u00e9e\",\"publisher\":{\"@id\":\"https:\/\/hoomei.fr\/en\/#\/schema\/person\/8cfb2570bae5452af0aefde1cfdc78b4\"},\"potentialAction\":[{\"@type\":\"SearchAction\",\"target\":{\"@type\":\"EntryPoint\",\"urlTemplate\":\"https:\/\/hoomei.fr\/en\/?s={search_term_string}\"},\"query-input\":{\"@type\":\"PropertyValueSpecification\",\"valueRequired\":true,\"valueName\":\"search_term_string\"}}],\"inLanguage\":\"en-US\"},{\"@type\":[\"Person\",\"Organization\"],\"@id\":\"https:\/\/hoomei.fr\/en\/#\/schema\/person\/8cfb2570bae5452af0aefde1cfdc78b4\",\"name\":\"GHULAm WIASS\",\"image\":{\"@type\":\"ImageObject\",\"inLanguage\":\"en-US\",\"@id\":\"https:\/\/hoomei.fr\/en\/#\/schema\/person\/image\/\",\"url\":\"https:\/\/hoomei.fr\/wp-content\/uploads\/2024\/11\/Design-sans-titre-2024-11-01T212453.191.png\",\"contentUrl\":\"https:\/\/hoomei.fr\/wp-content\/uploads\/2024\/11\/Design-sans-titre-2024-11-01T212453.191.png\",\"width\":436,\"height\":124,\"caption\":\"GHULAm WIASS\"},\"logo\":{\"@id\":\"https:\/\/hoomei.fr\/en\/#\/schema\/person\/image\/\"},\"sameAs\":[\"http:\/\/hoomei.fr\"]}]}<\/script>\n<!-- \/ Yoast SEO plugin. -->","yoast_head_json":{"title":"Conditions g\u00e9n\u00e9rales d'utilisation - Hoomei","robots":{"index":"index","follow":"follow","max-snippet":"max-snippet:-1","max-image-preview":"max-image-preview:large","max-video-preview":"max-video-preview:-1"},"canonical":"https:\/\/hoomei.fr\/en\/conditions-generales-dutilisation\/","og_locale":"en_US","og_type":"article","og_title":"Conditions g\u00e9n\u00e9rales d'utilisation - Hoomei","og_description":"Conditions g\u00e9n\u00e9rales d&#8217;utilisation de Hoomei.fr 1. Introduction Bienvenue sur Hoomei.fr. En utilisant notre site web, vous acceptez de vous conformer et d&#8217;\u00eatre li\u00e9 par les pr\u00e9sentes conditions g\u00e9n\u00e9rales d&#8217;utilisation. Veuillez les lire attentivement. Si vous n&#8217;acceptez pas ces conditions, vous ne devez pas acc\u00e9der ni utiliser Hoomei.fr. 2. Propri\u00e9t\u00e9 intellectuelle Le contenu publi\u00e9 sur Hoomei.fr, [...]","og_url":"https:\/\/hoomei.fr\/en\/conditions-generales-dutilisation\/","og_site_name":"Hoomei","og_image":[{"width":1000,"height":1000,"url":"https:\/\/hoomei.fr\/wp-content\/uploads\/2024\/11\/img_0192-1.jpg","type":"image\/jpeg"}],"twitter_card":"summary_large_image","twitter_misc":{"Est. reading time":"2 minutes"},"schema":{"@context":"https:\/\/schema.org","@graph":[{"@type":"WebPage","@id":"https:\/\/hoomei.fr\/en\/conditions-generales-dutilisation\/","url":"https:\/\/hoomei.fr\/en\/conditions-generales-dutilisation\/","name":"Conditions g\u00e9n\u00e9rales d'utilisation - Hoomei","isPartOf":{"@id":"https:\/\/hoomei.fr\/en\/#website"},"datePublished":"2024-11-17T22:00:26+00:00","dateModified":"2024-11-17T22:00:26+00:00","breadcrumb":{"@id":"https:\/\/hoomei.fr\/en\/conditions-generales-dutilisation\/#breadcrumb"},"inLanguage":"en-US","potentialAction":[{"@type":"ReadAction","target":["https:\/\/hoomei.fr\/en\/conditions-generales-dutilisation\/"]}]},{"@type":"BreadcrumbList","@id":"https:\/\/hoomei.fr\/en\/conditions-generales-dutilisation\/#breadcrumb","itemListElement":[{"@type":"ListItem","position":1,"name":"Accueil","item":"https:\/\/hoomei.fr\/en\/"},{"@type":"ListItem","position":2,"name":"Conditions g\u00e9n\u00e9rales d&#8217;utilisation"}]},{"@type":"WebSite","@id":"https:\/\/hoomei.fr\/en\/#website","url":"https:\/\/hoomei.fr\/en\/","name":"Hoomei","description":"Votre Routine R\u00e9invent\u00e9e","publisher":{"@id":"https:\/\/hoomei.fr\/en\/#\/schema\/person\/8cfb2570bae5452af0aefde1cfdc78b4"},"potentialAction":[{"@type":"SearchAction","target":{"@type":"EntryPoint","urlTemplate":"https:\/\/hoomei.fr\/en\/?s={search_term_string}"},"query-input":{"@type":"PropertyValueSpecification","valueRequired":true,"valueName":"search_term_string"}}],"inLanguage":"en-US"},{"@type":["Person","Organization"],"@id":"https:\/\/hoomei.fr\/en\/#\/schema\/person\/8cfb2570bae5452af0aefde1cfdc78b4","name":"GHULAm WIASS","image":{"@type":"ImageObject","inLanguage":"en-US","@id":"https:\/\/hoomei.fr\/en\/#\/schema\/person\/image\/","url":"https:\/\/hoomei.fr\/wp-content\/uploads\/2024\/11\/Design-sans-titre-2024-11-01T212453.191.png","contentUrl":"https:\/\/hoomei.fr\/wp-content\/uploads\/2024\/11\/Design-sans-titre-2024-11-01T212453.191.png","width":436,"height":124,"caption":"GHULAm WIASS"},"logo":{"@id":"https:\/\/hoomei.fr\/en\/#\/schema\/person\/image\/"},"sameAs":["http:\/\/hoomei.fr"]}]}},"_links":{"self":[{"href":"https:\/\/hoomei.fr\/en\/wp-json\/wp\/v2\/pages\/2321"}],"collection":[{"href":"https:\/\/hoomei.fr\/en\/wp-json\/wp\/v2\/pages"}],"about":[{"href":"https:\/\/hoomei.fr\/en\/wp-json\/wp\/v2\/types\/page"}],"author":[{"embeddable":true,"href":"https:\/\/hoomei.fr\/en\/wp-json\/wp\/v2\/users\/1"}],"replies":[{"embeddable":true,"href":"https:\/\/hoomei.fr\/en\/wp-json\/wp\/v2\/comments?post=2321"}],"version-history":[{"count":0,"href":"https:\/\/hoomei.fr\/en\/wp-json\/wp\/v2\/pages\/2321\/revisions"}],"wp:attachment":[{"href":"https:\/\/hoomei.fr\/en\/wp-json\/wp\/v2\/media?parent=2321"}],"curies":[{"name":"wp","href":"https:\/\/api.w.org\/{rel}","templated":true}]}}