{"id":9645,"date":"2024-11-28T19:05:16","date_gmt":"2024-11-28T19:05:16","guid":{"rendered":"https:\/\/hoomei.fr\/produit\/staubsauger-schwarze-punkte\/"},"modified":"2024-11-28T19:05:16","modified_gmt":"2024-11-28T19:05:16","slug":"staubsauger-schwarze-punkte","status":"publish","type":"product","link":"https:\/\/hoomei.fr\/de\/produit\/staubsauger-schwarze-punkte\/","title":{"rendered":"Staubsauger Schwarze Punkte"},"content":{"rendered":"","protected":false},"excerpt":{"rendered":"<p>Der Hoomei Mitesser-Sauger ist ein revolution\u00e4res Werkzeug f\u00fcr eine glatte und strahlende Haut. Mit 5 Intensit\u00e4tsstufen und 4 austauschbaren K\u00f6pfen passt er sich allen Hauttypen an und sorgt f\u00fcr eine gr\u00fcndliche Reinigung und individuelle Pflege. Dank des wiederaufladbaren Akkus und der LED-Anzeige ist dieses Ger\u00e4t praktisch und leistungsstark zugleich.  <\/p>\n<h3><strong>Warum sollten Sie dieses Produkt w\u00e4hlen?<\/strong><\/h3>\n<ul>\n<li><strong>Tiefenreinigung<\/strong>: Entfernt effektiv Mitesser, Unreinheiten und \u00fcbersch\u00fcssigen Talg.<\/li>\n<li><strong>Umfassende Hautpflege<\/strong>: Erh\u00f6ht die Elastizit\u00e4t, strafft die Haut und verbessert ihre allgemeine Struktur.<\/li>\n<li><strong>Vielseitig und sicher<\/strong>: Die austauschbaren K\u00f6pfe erm\u00f6glichen es, verschiedene Bed\u00fcrfnisse zu erf\u00fcllen, ohne die Haut zu besch\u00e4digen.<\/li>\n<li><strong>Einfach zu bedienen<\/strong>: Das ergonomische Design und die LED-Anzeige machen jede Pflegesitzung intuitiv und angenehm.<\/li>\n<\/ul>\n<h3><strong>Vorteile f\u00fcr die Haut :<\/strong><\/h3>\n<ul>\n<li>Reduziert Mitesser und Unreinheiten.<\/li>\n<li>Verbessert die Elastizit\u00e4t und Straffung der Haut.<\/li>\n<li>Kontrolliert \u00fcbersch\u00fcssigen Talg f\u00fcr einen ausgeglichenen und strahlenden Teint.<\/li>\n<\/ul>\n","protected":false},"featured_media":1032,"template":"","meta":{"_acf_changed":false,"ub_ctt_via":"","_monsterinsights_skip_tracking":false,"_monsterinsights_sitenote_active":false,"_monsterinsights_sitenote_note":"","_monsterinsights_sitenote_category":0},"product_cat":[275],"product_tag":[],"class_list":{"0":"post-9645","1":"product","2":"type-product","3":"status-publish","4":"has-post-thumbnail","6":"product_cat-reine-atmung","8":"first","9":"instock","10":"sale","11":"shipping-taxable","12":"purchasable","13":"product-type-simple"},"acf":[],"yoast_head":"<!-- This site is optimized with the Yoast SEO plugin v23.8 - https:\/\/yoast.com\/wordpress\/plugins\/seo\/ -->\n<title>Staubsauger Schwarze Punkte - Hoomei<\/title>\n<meta name=\"description\" content=\"Der Hoomei Mitesser-Sauger ist ein revolution\u00e4res Werkzeug f\u00fcr eine glatte und strahlende Haut.\" \/>\n<meta name=\"robots\" content=\"index, follow, max-snippet:-1, max-image-preview:large, max-video-preview:-1\" \/>\n<link rel=\"canonical\" href=\"https:\/\/hoomei.fr\/de\/produit\/staubsauger-schwarze-punkte\/\" \/>\n<meta property=\"og:locale\" content=\"de_DE\" \/>\n<meta property=\"og:type\" content=\"article\" \/>\n<meta property=\"og:title\" content=\"Staubsauger Schwarze Punkte - Hoomei\" \/>\n<meta property=\"og:description\" content=\"Der Hoomei Mitesser-Sauger ist ein revolution\u00e4res Werkzeug f\u00fcr eine glatte und strahlende Haut.\" \/>\n<meta property=\"og:url\" content=\"https:\/\/hoomei.fr\/de\/produit\/staubsauger-schwarze-punkte\/\" \/>\n<meta property=\"og:site_name\" content=\"Hoomei\" \/>\n<meta property=\"og:image\" content=\"https:\/\/hoomei.fr\/wp-content\/uploads\/2024\/11\/IMG_0092.jpg\" \/>\n\t<meta property=\"og:image:width\" content=\"1000\" \/>\n\t<meta property=\"og:image:height\" content=\"1000\" \/>\n\t<meta property=\"og:image:type\" content=\"image\/jpeg\" \/>\n<meta name=\"twitter:card\" content=\"summary_large_image\" \/>\n<script type=\"application\/ld+json\" class=\"yoast-schema-graph\">{\"@context\":\"https:\/\/schema.org\",\"@graph\":[{\"@type\":\"WebPage\",\"@id\":\"https:\/\/hoomei.fr\/de\/produit\/staubsauger-schwarze-punkte\/\",\"url\":\"https:\/\/hoomei.fr\/de\/produit\/staubsauger-schwarze-punkte\/\",\"name\":\"Staubsauger Schwarze Punkte - Hoomei\",\"isPartOf\":{\"@id\":\"https:\/\/hoomei.fr\/de\/#website\"},\"primaryImageOfPage\":{\"@id\":\"https:\/\/hoomei.fr\/de\/produit\/staubsauger-schwarze-punkte\/#primaryimage\"},\"image\":{\"@id\":\"https:\/\/hoomei.fr\/de\/produit\/staubsauger-schwarze-punkte\/#primaryimage\"},\"thumbnailUrl\":\"https:\/\/hoomei.fr\/wp-content\/uploads\/2024\/11\/IMG_0092.jpg\",\"datePublished\":\"2024-11-28T19:05:16+00:00\",\"dateModified\":\"2024-11-28T19:05:16+00:00\",\"description\":\"Der Hoomei Mitesser-Sauger ist ein revolution\u00e4res Werkzeug f\u00fcr eine glatte und strahlende Haut.\",\"breadcrumb\":{\"@id\":\"https:\/\/hoomei.fr\/de\/produit\/staubsauger-schwarze-punkte\/#breadcrumb\"},\"inLanguage\":\"de\",\"potentialAction\":[{\"@type\":\"ReadAction\",\"target\":[\"https:\/\/hoomei.fr\/de\/produit\/staubsauger-schwarze-punkte\/\"]}]},{\"@type\":\"ImageObject\",\"inLanguage\":\"de\",\"@id\":\"https:\/\/hoomei.fr\/de\/produit\/staubsauger-schwarze-punkte\/#primaryimage\",\"url\":\"https:\/\/hoomei.fr\/wp-content\/uploads\/2024\/11\/IMG_0092.jpg\",\"contentUrl\":\"https:\/\/hoomei.fr\/wp-content\/uploads\/2024\/11\/IMG_0092.jpg\",\"width\":1000,\"height\":1000,\"caption\":\"Dispositif HOOMEI blanc et violet pour nettoyage des pores, avec \u00e9cran LED int\u00e9gr\u00e9. Design ergonomique sur fond beige.\"},{\"@type\":\"BreadcrumbList\",\"@id\":\"https:\/\/hoomei.fr\/de\/produit\/staubsauger-schwarze-punkte\/#breadcrumb\",\"itemListElement\":[{\"@type\":\"ListItem\",\"position\":1,\"name\":\"Accueil\",\"item\":\"https:\/\/hoomei.fr\/de\/\"},{\"@type\":\"ListItem\",\"position\":2,\"name\":\"Shop\",\"item\":\"https:\/\/hoomei.fr\/de\/shop\/\"},{\"@type\":\"ListItem\",\"position\":3,\"name\":\"Staubsauger Schwarze Punkte\"}]},{\"@type\":\"WebSite\",\"@id\":\"https:\/\/hoomei.fr\/de\/#website\",\"url\":\"https:\/\/hoomei.fr\/de\/\",\"name\":\"Hoomei\",\"description\":\"Votre Routine R\u00e9invent\u00e9e\",\"publisher\":{\"@id\":\"https:\/\/hoomei.fr\/de\/#\/schema\/person\/8cfb2570bae5452af0aefde1cfdc78b4\"},\"potentialAction\":[{\"@type\":\"SearchAction\",\"target\":{\"@type\":\"EntryPoint\",\"urlTemplate\":\"https:\/\/hoomei.fr\/de\/?s={search_term_string}\"},\"query-input\":{\"@type\":\"PropertyValueSpecification\",\"valueRequired\":true,\"valueName\":\"search_term_string\"}}],\"inLanguage\":\"de\"},{\"@type\":[\"Person\",\"Organization\"],\"@id\":\"https:\/\/hoomei.fr\/de\/#\/schema\/person\/8cfb2570bae5452af0aefde1cfdc78b4\",\"name\":\"GHULAm WIASS\",\"image\":{\"@type\":\"ImageObject\",\"inLanguage\":\"de\",\"@id\":\"https:\/\/hoomei.fr\/de\/#\/schema\/person\/image\/\",\"url\":\"https:\/\/hoomei.fr\/wp-content\/uploads\/2024\/11\/Design-sans-titre-2024-11-01T212453.191.png\",\"contentUrl\":\"https:\/\/hoomei.fr\/wp-content\/uploads\/2024\/11\/Design-sans-titre-2024-11-01T212453.191.png\",\"width\":436,\"height\":124,\"caption\":\"GHULAm WIASS\"},\"logo\":{\"@id\":\"https:\/\/hoomei.fr\/de\/#\/schema\/person\/image\/\"},\"sameAs\":[\"http:\/\/hoomei.fr\"]}]}<\/script>\n<!-- \/ Yoast SEO plugin. -->","yoast_head_json":{"title":"Staubsauger Schwarze Punkte - Hoomei","description":"Der Hoomei Mitesser-Sauger ist ein revolution\u00e4res Werkzeug f\u00fcr eine glatte und strahlende Haut.","robots":{"index":"index","follow":"follow","max-snippet":"max-snippet:-1","max-image-preview":"max-image-preview:large","max-video-preview":"max-video-preview:-1"},"canonical":"https:\/\/hoomei.fr\/de\/produit\/staubsauger-schwarze-punkte\/","og_locale":"de_DE","og_type":"article","og_title":"Staubsauger Schwarze Punkte - Hoomei","og_description":"Der Hoomei Mitesser-Sauger ist ein revolution\u00e4res Werkzeug f\u00fcr eine glatte und strahlende Haut.","og_url":"https:\/\/hoomei.fr\/de\/produit\/staubsauger-schwarze-punkte\/","og_site_name":"Hoomei","og_image":[{"width":1000,"height":1000,"url":"https:\/\/hoomei.fr\/wp-content\/uploads\/2024\/11\/IMG_0092.jpg","type":"image\/jpeg"}],"twitter_card":"summary_large_image","schema":{"@context":"https:\/\/schema.org","@graph":[{"@type":"WebPage","@id":"https:\/\/hoomei.fr\/de\/produit\/staubsauger-schwarze-punkte\/","url":"https:\/\/hoomei.fr\/de\/produit\/staubsauger-schwarze-punkte\/","name":"Staubsauger Schwarze Punkte - Hoomei","isPartOf":{"@id":"https:\/\/hoomei.fr\/de\/#website"},"primaryImageOfPage":{"@id":"https:\/\/hoomei.fr\/de\/produit\/staubsauger-schwarze-punkte\/#primaryimage"},"image":{"@id":"https:\/\/hoomei.fr\/de\/produit\/staubsauger-schwarze-punkte\/#primaryimage"},"thumbnailUrl":"https:\/\/hoomei.fr\/wp-content\/uploads\/2024\/11\/IMG_0092.jpg","datePublished":"2024-11-28T19:05:16+00:00","dateModified":"2024-11-28T19:05:16+00:00","description":"Der Hoomei Mitesser-Sauger ist ein revolution\u00e4res Werkzeug f\u00fcr eine glatte und strahlende Haut.","breadcrumb":{"@id":"https:\/\/hoomei.fr\/de\/produit\/staubsauger-schwarze-punkte\/#breadcrumb"},"inLanguage":"de","potentialAction":[{"@type":"ReadAction","target":["https:\/\/hoomei.fr\/de\/produit\/staubsauger-schwarze-punkte\/"]}]},{"@type":"ImageObject","inLanguage":"de","@id":"https:\/\/hoomei.fr\/de\/produit\/staubsauger-schwarze-punkte\/#primaryimage","url":"https:\/\/hoomei.fr\/wp-content\/uploads\/2024\/11\/IMG_0092.jpg","contentUrl":"https:\/\/hoomei.fr\/wp-content\/uploads\/2024\/11\/IMG_0092.jpg","width":1000,"height":1000,"caption":"Dispositif HOOMEI blanc et violet pour nettoyage des pores, avec \u00e9cran LED int\u00e9gr\u00e9. Design ergonomique sur fond beige."},{"@type":"BreadcrumbList","@id":"https:\/\/hoomei.fr\/de\/produit\/staubsauger-schwarze-punkte\/#breadcrumb","itemListElement":[{"@type":"ListItem","position":1,"name":"Accueil","item":"https:\/\/hoomei.fr\/de\/"},{"@type":"ListItem","position":2,"name":"Shop","item":"https:\/\/hoomei.fr\/de\/shop\/"},{"@type":"ListItem","position":3,"name":"Staubsauger Schwarze Punkte"}]},{"@type":"WebSite","@id":"https:\/\/hoomei.fr\/de\/#website","url":"https:\/\/hoomei.fr\/de\/","name":"Hoomei","description":"Votre Routine R\u00e9invent\u00e9e","publisher":{"@id":"https:\/\/hoomei.fr\/de\/#\/schema\/person\/8cfb2570bae5452af0aefde1cfdc78b4"},"potentialAction":[{"@type":"SearchAction","target":{"@type":"EntryPoint","urlTemplate":"https:\/\/hoomei.fr\/de\/?s={search_term_string}"},"query-input":{"@type":"PropertyValueSpecification","valueRequired":true,"valueName":"search_term_string"}}],"inLanguage":"de"},{"@type":["Person","Organization"],"@id":"https:\/\/hoomei.fr\/de\/#\/schema\/person\/8cfb2570bae5452af0aefde1cfdc78b4","name":"GHULAm WIASS","image":{"@type":"ImageObject","inLanguage":"de","@id":"https:\/\/hoomei.fr\/de\/#\/schema\/person\/image\/","url":"https:\/\/hoomei.fr\/wp-content\/uploads\/2024\/11\/Design-sans-titre-2024-11-01T212453.191.png","contentUrl":"https:\/\/hoomei.fr\/wp-content\/uploads\/2024\/11\/Design-sans-titre-2024-11-01T212453.191.png","width":436,"height":124,"caption":"GHULAm WIASS"},"logo":{"@id":"https:\/\/hoomei.fr\/de\/#\/schema\/person\/image\/"},"sameAs":["http:\/\/hoomei.fr"]}]}},"_links":{"self":[{"href":"https:\/\/hoomei.fr\/de\/wp-json\/wp\/v2\/product\/9645"}],"collection":[{"href":"https:\/\/hoomei.fr\/de\/wp-json\/wp\/v2\/product"}],"about":[{"href":"https:\/\/hoomei.fr\/de\/wp-json\/wp\/v2\/types\/product"}],"wp:featuredmedia":[{"embeddable":true,"href":"https:\/\/hoomei.fr\/de\/wp-json\/wp\/v2\/media\/1032"}],"wp:attachment":[{"href":"https:\/\/hoomei.fr\/de\/wp-json\/wp\/v2\/media?parent=9645"}],"wp:term":[{"taxonomy":"product_cat","embeddable":true,"href":"https:\/\/hoomei.fr\/de\/wp-json\/wp\/v2\/product_cat?post=9645"},{"taxonomy":"product_tag","embeddable":true,"href":"https:\/\/hoomei.fr\/de\/wp-json\/wp\/v2\/product_tag?post=9645"}],"curies":[{"name":"wp","href":"https:\/\/api.w.org\/{rel}","templated":true}]}}