{"id":9644,"date":"2025-01-07T21:56:14","date_gmt":"2025-01-07T21:56:14","guid":{"rendered":"https:\/\/hoomei.fr\/produit\/nasenreinigungsstreifen-gegen-mitesser-5-stueck\/"},"modified":"2025-01-07T21:56:14","modified_gmt":"2025-01-07T21:56:14","slug":"nasenreinigungsstreifen-gegen-mitesser-5-stueck","status":"publish","type":"product","link":"https:\/\/hoomei.fr\/de\/produit\/nasenreinigungsstreifen-gegen-mitesser-5-stueck\/","title":{"rendered":"Nasenreinigungsstreifen gegen Mitesser (5 St\u00fcck)"},"content":{"rendered":"<p>Erhalten Sie eine reine und glatte Haut mit diesen hochwirksamen Anti-Mitesser-Streifen! Diese Aktivkohlestreifen wurden speziell entwickelt, um Unreinheiten, \u00fcbersch\u00fcssigen Talg und Mitesser zu entfernen. Sie reinigen Ihre Poren gr\u00fcndlich und lassen Ihre Nase sichtbar sauberer aussehen. Die Streifen sind einfach zu verwenden und passen sich perfekt an die Form Ihrer Nase an.  <\/p>\n<h4><strong>Warum sollten Sie sich f\u00fcr diese Anti-Mitesser-Streifen entscheiden?<\/strong><\/h4>\n<ul>\n<li><strong>Professionelle Ergebnisse zu Hause:<\/strong> Keine teuren Behandlungen im Institut mehr erforderlich.<\/li>\n<li><strong>Schnelle L\u00f6sung:<\/strong> Reinigung in nur wenigen Minuten.<\/li>\n<li><strong>Praktisches Format:<\/strong> Ideal f\u00fcr den Gebrauch zu Hause oder auf Reisen.<\/li>\n<\/ul>\n<p><img loading=\"lazy\" decoding=\"async\" class=\"alignnone wp-image-8047\" src=\"https:\/\/hoomei.fr\/wp-content\/uploads\/2025\/01\/Copie-de-Oreille-1-800x185.png\" alt=\"\" width=\"493\" height=\"114\" srcset=\"https:\/\/hoomei.fr\/wp-content\/uploads\/2025\/01\/Copie-de-Oreille-1-800x185.png 800w, https:\/\/hoomei.fr\/wp-content\/uploads\/2025\/01\/Copie-de-Oreille-1-768x178.png 768w, https:\/\/hoomei.fr\/wp-content\/uploads\/2025\/01\/Copie-de-Oreille-1-510x118.png 510w, https:\/\/hoomei.fr\/wp-content\/uploads\/2025\/01\/Copie-de-Oreille-1.png 1079w\" sizes=\"(max-width: 493px) 100vw, 493px\" \/><\/p>\n","protected":false},"excerpt":{"rendered":"<p>Erhalten Sie eine reine und glatte Haut mit diesen hochwirksamen Anti-Mitesser-Streifen! Diese Aktivkohlestreifen wurden speziell entwickelt, um Unreinheiten, \u00fcbersch\u00fcssigen Talg und Mitesser zu entfernen. Sie reinigen Ihre Poren gr\u00fcndlich und lassen Ihre Nase sichtbar sauberer aussehen. Die Streifen sind einfach zu verwenden und passen sich perfekt an die Form Ihrer Nase an. Warum sollten Sie [&#8230;]\n","protected":false},"featured_media":8058,"template":"","meta":{"_acf_changed":false,"ub_ctt_via":"","_monsterinsights_skip_tracking":false,"_monsterinsights_sitenote_active":false,"_monsterinsights_sitenote_note":"","_monsterinsights_sitenote_category":0},"product_cat":[275],"product_tag":[],"class_list":{"0":"post-9644","1":"product","2":"type-product","3":"status-publish","4":"has-post-thumbnail","6":"product_cat-reine-atmung","8":"first","9":"instock","10":"shipping-taxable","11":"purchasable","12":"product-type-simple"},"acf":[],"yoast_head":"<!-- This site is optimized with the Yoast SEO plugin v23.8 - https:\/\/yoast.com\/wordpress\/plugins\/seo\/ -->\n<title>Nasenreinigungsstreifen gegen Mitesser (5 St\u00fcck) - Hoomei<\/title>\n<meta name=\"description\" content=\"Entfernen Sie Mitesser ganz einfach mit unseren Anti-Mitessern. Schnell und effektiv f\u00fcr gereinigte Poren und eine glatte Haut ab der ersten Anwendung.\" \/>\n<meta name=\"robots\" content=\"index, follow, max-snippet:-1, max-image-preview:large, max-video-preview:-1\" \/>\n<link rel=\"canonical\" href=\"https:\/\/hoomei.fr\/de\/produit\/nasenreinigungsstreifen-gegen-mitesser-5-stueck\/\" \/>\n<meta property=\"og:locale\" content=\"de_DE\" \/>\n<meta property=\"og:type\" content=\"article\" \/>\n<meta property=\"og:title\" content=\"Nasenreinigungsstreifen gegen Mitesser (5 St\u00fcck) - Hoomei\" \/>\n<meta property=\"og:description\" content=\"Entfernen Sie Mitesser ganz einfach mit unseren Anti-Mitessern. Schnell und effektiv f\u00fcr gereinigte Poren und eine glatte Haut ab der ersten Anwendung.\" \/>\n<meta property=\"og:url\" content=\"https:\/\/hoomei.fr\/de\/produit\/nasenreinigungsstreifen-gegen-mitesser-5-stueck\/\" \/>\n<meta property=\"og:site_name\" content=\"Hoomei\" \/>\n<meta property=\"og:image\" content=\"https:\/\/hoomei.fr\/wp-content\/uploads\/2025\/01\/Copie-de-Oreille-1-1.png\" \/>\n\t<meta property=\"og:image:width\" content=\"1080\" \/>\n\t<meta property=\"og:image:height\" content=\"1080\" \/>\n\t<meta property=\"og:image:type\" content=\"image\/png\" \/>\n<meta name=\"twitter:card\" content=\"summary_large_image\" \/>\n<script type=\"application\/ld+json\" class=\"yoast-schema-graph\">{\"@context\":\"https:\/\/schema.org\",\"@graph\":[{\"@type\":\"WebPage\",\"@id\":\"https:\/\/hoomei.fr\/de\/produit\/nasenreinigungsstreifen-gegen-mitesser-5-stueck\/\",\"url\":\"https:\/\/hoomei.fr\/de\/produit\/nasenreinigungsstreifen-gegen-mitesser-5-stueck\/\",\"name\":\"Nasenreinigungsstreifen gegen Mitesser (5 St\u00fcck) - Hoomei\",\"isPartOf\":{\"@id\":\"https:\/\/hoomei.fr\/de\/#website\"},\"primaryImageOfPage\":{\"@id\":\"https:\/\/hoomei.fr\/de\/produit\/nasenreinigungsstreifen-gegen-mitesser-5-stueck\/#primaryimage\"},\"image\":{\"@id\":\"https:\/\/hoomei.fr\/de\/produit\/nasenreinigungsstreifen-gegen-mitesser-5-stueck\/#primaryimage\"},\"thumbnailUrl\":\"https:\/\/hoomei.fr\/wp-content\/uploads\/2025\/01\/Copie-de-Oreille-1-1.png\",\"datePublished\":\"2025-01-07T21:56:14+00:00\",\"dateModified\":\"2025-01-07T21:56:14+00:00\",\"description\":\"Entfernen Sie Mitesser ganz einfach mit unseren Anti-Mitessern. Schnell und effektiv f\u00fcr gereinigte Poren und eine glatte Haut ab der ersten Anwendung.\",\"breadcrumb\":{\"@id\":\"https:\/\/hoomei.fr\/de\/produit\/nasenreinigungsstreifen-gegen-mitesser-5-stueck\/#breadcrumb\"},\"inLanguage\":\"de\",\"potentialAction\":[{\"@type\":\"ReadAction\",\"target\":[\"https:\/\/hoomei.fr\/de\/produit\/nasenreinigungsstreifen-gegen-mitesser-5-stueck\/\"]}]},{\"@type\":\"ImageObject\",\"inLanguage\":\"de\",\"@id\":\"https:\/\/hoomei.fr\/de\/produit\/nasenreinigungsstreifen-gegen-mitesser-5-stueck\/#primaryimage\",\"url\":\"https:\/\/hoomei.fr\/wp-content\/uploads\/2025\/01\/Copie-de-Oreille-1-1.png\",\"contentUrl\":\"https:\/\/hoomei.fr\/wp-content\/uploads\/2025\/01\/Copie-de-Oreille-1-1.png\",\"width\":1080,\"height\":1080},{\"@type\":\"BreadcrumbList\",\"@id\":\"https:\/\/hoomei.fr\/de\/produit\/nasenreinigungsstreifen-gegen-mitesser-5-stueck\/#breadcrumb\",\"itemListElement\":[{\"@type\":\"ListItem\",\"position\":1,\"name\":\"Accueil\",\"item\":\"https:\/\/hoomei.fr\/de\/\"},{\"@type\":\"ListItem\",\"position\":2,\"name\":\"Shop\",\"item\":\"https:\/\/hoomei.fr\/de\/shop\/\"},{\"@type\":\"ListItem\",\"position\":3,\"name\":\"Nasenreinigungsstreifen gegen Mitesser (5 St\u00fcck)\"}]},{\"@type\":\"WebSite\",\"@id\":\"https:\/\/hoomei.fr\/de\/#website\",\"url\":\"https:\/\/hoomei.fr\/de\/\",\"name\":\"Hoomei\",\"description\":\"Votre Routine R\u00e9invent\u00e9e\",\"publisher\":{\"@id\":\"https:\/\/hoomei.fr\/de\/#\/schema\/person\/8cfb2570bae5452af0aefde1cfdc78b4\"},\"potentialAction\":[{\"@type\":\"SearchAction\",\"target\":{\"@type\":\"EntryPoint\",\"urlTemplate\":\"https:\/\/hoomei.fr\/de\/?s={search_term_string}\"},\"query-input\":{\"@type\":\"PropertyValueSpecification\",\"valueRequired\":true,\"valueName\":\"search_term_string\"}}],\"inLanguage\":\"de\"},{\"@type\":[\"Person\",\"Organization\"],\"@id\":\"https:\/\/hoomei.fr\/de\/#\/schema\/person\/8cfb2570bae5452af0aefde1cfdc78b4\",\"name\":\"GHULAm WIASS\",\"image\":{\"@type\":\"ImageObject\",\"inLanguage\":\"de\",\"@id\":\"https:\/\/hoomei.fr\/de\/#\/schema\/person\/image\/\",\"url\":\"https:\/\/hoomei.fr\/wp-content\/uploads\/2024\/11\/Design-sans-titre-2024-11-01T212453.191.png\",\"contentUrl\":\"https:\/\/hoomei.fr\/wp-content\/uploads\/2024\/11\/Design-sans-titre-2024-11-01T212453.191.png\",\"width\":436,\"height\":124,\"caption\":\"GHULAm WIASS\"},\"logo\":{\"@id\":\"https:\/\/hoomei.fr\/de\/#\/schema\/person\/image\/\"},\"sameAs\":[\"http:\/\/hoomei.fr\"]}]}<\/script>\n<!-- \/ Yoast SEO plugin. -->","yoast_head_json":{"title":"Nasenreinigungsstreifen gegen Mitesser (5 St\u00fcck) - Hoomei","description":"Entfernen Sie Mitesser ganz einfach mit unseren Anti-Mitessern. Schnell und effektiv f\u00fcr gereinigte Poren und eine glatte Haut ab der ersten Anwendung.","robots":{"index":"index","follow":"follow","max-snippet":"max-snippet:-1","max-image-preview":"max-image-preview:large","max-video-preview":"max-video-preview:-1"},"canonical":"https:\/\/hoomei.fr\/de\/produit\/nasenreinigungsstreifen-gegen-mitesser-5-stueck\/","og_locale":"de_DE","og_type":"article","og_title":"Nasenreinigungsstreifen gegen Mitesser (5 St\u00fcck) - Hoomei","og_description":"Entfernen Sie Mitesser ganz einfach mit unseren Anti-Mitessern. Schnell und effektiv f\u00fcr gereinigte Poren und eine glatte Haut ab der ersten Anwendung.","og_url":"https:\/\/hoomei.fr\/de\/produit\/nasenreinigungsstreifen-gegen-mitesser-5-stueck\/","og_site_name":"Hoomei","og_image":[{"width":1080,"height":1080,"url":"https:\/\/hoomei.fr\/wp-content\/uploads\/2025\/01\/Copie-de-Oreille-1-1.png","type":"image\/png"}],"twitter_card":"summary_large_image","schema":{"@context":"https:\/\/schema.org","@graph":[{"@type":"WebPage","@id":"https:\/\/hoomei.fr\/de\/produit\/nasenreinigungsstreifen-gegen-mitesser-5-stueck\/","url":"https:\/\/hoomei.fr\/de\/produit\/nasenreinigungsstreifen-gegen-mitesser-5-stueck\/","name":"Nasenreinigungsstreifen gegen Mitesser (5 St\u00fcck) - Hoomei","isPartOf":{"@id":"https:\/\/hoomei.fr\/de\/#website"},"primaryImageOfPage":{"@id":"https:\/\/hoomei.fr\/de\/produit\/nasenreinigungsstreifen-gegen-mitesser-5-stueck\/#primaryimage"},"image":{"@id":"https:\/\/hoomei.fr\/de\/produit\/nasenreinigungsstreifen-gegen-mitesser-5-stueck\/#primaryimage"},"thumbnailUrl":"https:\/\/hoomei.fr\/wp-content\/uploads\/2025\/01\/Copie-de-Oreille-1-1.png","datePublished":"2025-01-07T21:56:14+00:00","dateModified":"2025-01-07T21:56:14+00:00","description":"Entfernen Sie Mitesser ganz einfach mit unseren Anti-Mitessern. Schnell und effektiv f\u00fcr gereinigte Poren und eine glatte Haut ab der ersten Anwendung.","breadcrumb":{"@id":"https:\/\/hoomei.fr\/de\/produit\/nasenreinigungsstreifen-gegen-mitesser-5-stueck\/#breadcrumb"},"inLanguage":"de","potentialAction":[{"@type":"ReadAction","target":["https:\/\/hoomei.fr\/de\/produit\/nasenreinigungsstreifen-gegen-mitesser-5-stueck\/"]}]},{"@type":"ImageObject","inLanguage":"de","@id":"https:\/\/hoomei.fr\/de\/produit\/nasenreinigungsstreifen-gegen-mitesser-5-stueck\/#primaryimage","url":"https:\/\/hoomei.fr\/wp-content\/uploads\/2025\/01\/Copie-de-Oreille-1-1.png","contentUrl":"https:\/\/hoomei.fr\/wp-content\/uploads\/2025\/01\/Copie-de-Oreille-1-1.png","width":1080,"height":1080},{"@type":"BreadcrumbList","@id":"https:\/\/hoomei.fr\/de\/produit\/nasenreinigungsstreifen-gegen-mitesser-5-stueck\/#breadcrumb","itemListElement":[{"@type":"ListItem","position":1,"name":"Accueil","item":"https:\/\/hoomei.fr\/de\/"},{"@type":"ListItem","position":2,"name":"Shop","item":"https:\/\/hoomei.fr\/de\/shop\/"},{"@type":"ListItem","position":3,"name":"Nasenreinigungsstreifen gegen Mitesser (5 St\u00fcck)"}]},{"@type":"WebSite","@id":"https:\/\/hoomei.fr\/de\/#website","url":"https:\/\/hoomei.fr\/de\/","name":"Hoomei","description":"Votre Routine R\u00e9invent\u00e9e","publisher":{"@id":"https:\/\/hoomei.fr\/de\/#\/schema\/person\/8cfb2570bae5452af0aefde1cfdc78b4"},"potentialAction":[{"@type":"SearchAction","target":{"@type":"EntryPoint","urlTemplate":"https:\/\/hoomei.fr\/de\/?s={search_term_string}"},"query-input":{"@type":"PropertyValueSpecification","valueRequired":true,"valueName":"search_term_string"}}],"inLanguage":"de"},{"@type":["Person","Organization"],"@id":"https:\/\/hoomei.fr\/de\/#\/schema\/person\/8cfb2570bae5452af0aefde1cfdc78b4","name":"GHULAm WIASS","image":{"@type":"ImageObject","inLanguage":"de","@id":"https:\/\/hoomei.fr\/de\/#\/schema\/person\/image\/","url":"https:\/\/hoomei.fr\/wp-content\/uploads\/2024\/11\/Design-sans-titre-2024-11-01T212453.191.png","contentUrl":"https:\/\/hoomei.fr\/wp-content\/uploads\/2024\/11\/Design-sans-titre-2024-11-01T212453.191.png","width":436,"height":124,"caption":"GHULAm WIASS"},"logo":{"@id":"https:\/\/hoomei.fr\/de\/#\/schema\/person\/image\/"},"sameAs":["http:\/\/hoomei.fr"]}]}},"_links":{"self":[{"href":"https:\/\/hoomei.fr\/de\/wp-json\/wp\/v2\/product\/9644"}],"collection":[{"href":"https:\/\/hoomei.fr\/de\/wp-json\/wp\/v2\/product"}],"about":[{"href":"https:\/\/hoomei.fr\/de\/wp-json\/wp\/v2\/types\/product"}],"wp:featuredmedia":[{"embeddable":true,"href":"https:\/\/hoomei.fr\/de\/wp-json\/wp\/v2\/media\/8058"}],"wp:attachment":[{"href":"https:\/\/hoomei.fr\/de\/wp-json\/wp\/v2\/media?parent=9644"}],"wp:term":[{"taxonomy":"product_cat","embeddable":true,"href":"https:\/\/hoomei.fr\/de\/wp-json\/wp\/v2\/product_cat?post=9644"},{"taxonomy":"product_tag","embeddable":true,"href":"https:\/\/hoomei.fr\/de\/wp-json\/wp\/v2\/product_tag?post=9644"}],"curies":[{"name":"wp","href":"https:\/\/api.w.org\/{rel}","templated":true}]}}