{"id":9641,"date":"2025-01-07T20:32:17","date_gmt":"2025-01-07T20:32:17","guid":{"rendered":"https:\/\/hoomei.fr\/produit\/multifunktionales-stirnband-integrierter-kopfhoerer\/"},"modified":"2025-01-07T20:32:17","modified_gmt":"2025-01-07T20:32:17","slug":"multifunktionales-stirnband-integrierter-kopfhoerer","status":"publish","type":"product","link":"https:\/\/hoomei.fr\/de\/produit\/multifunktionales-stirnband-integrierter-kopfhoerer\/","title":{"rendered":"Multifunktionales Stirnband &#8211; Integrierter Kopfh\u00f6rer"},"content":{"rendered":"<p align=\"start\">Genie\u00dfen Sie das Beste aus beiden Welten mit diesem <strong>multifunktionalen Bluetooth 5.0 Kopfband.<\/strong> \ud83c\udfa7\ud83d\udecc ! Ideal zum Schlafen, Sport treiben, Meditieren oder Entspannen, wurde dieses Stirnband f\u00fcr ultimativen Komfort entwickelt und bietet gleichzeitig einen hochwertigen Stereoklang. Das weiche, atmungsaktive und waschbare Design sorgt f\u00fcr einen angenehmen t\u00e4glichen Gebrauch. Mit den integrierten Kopfh\u00f6rern k\u00f6nnen Sie Ihre Playlists oder Podcasts genie\u00dfen, ohne Ihre Mitmenschen zu st\u00f6ren, sei es im Bett oder beim morgendlichen Joggen. \ud83c\udfc3\u200d\u2642\ufe0f\ud83c\udfb6    <\/p>\n<p><strong>Warum sollten Sie sich f\u00fcr dieses Bluetooth-Stirnband entscheiden? \ud83e\udd14<\/strong><\/p>\n<ul>\n<li><strong>\u00dcberragender Komfort<\/strong>: Mehr als nur ein Zubeh\u00f6rteil, ersetzt es Ihre Kopfh\u00f6rer und Schlafmasken f\u00fcr eine ultrapraktische 2-in-1-Nutzung.<\/li>\n<li><strong>Vielseitiger Lifestyle<\/strong>: Ob zum Entspannen, Reisen, Meditieren oder Trainieren, er passt sich all Ihren Bed\u00fcrfnissen an.<\/li>\n<li><strong>Au\u00dfergew\u00f6hnliche Haltbarkeit<\/strong>: Hergestellt aus weichen und widerstandsf\u00e4higen Materialien, ist es f\u00fcr die Ewigkeit gemacht.<\/li>\n<\/ul>\n<p><strong>\ud83c\udf1f Warum werden Sie es bereuen, es nicht zu haben?<\/strong><br \/>\nStellen Sie sich eine ruhige Nacht vor, ein Training ohne l\u00e4stige Kabel oder eine perfekte Meditationssitzung&#8230; All das ohne dieses Stirnband, Sie w\u00fcrden eine lebensver\u00e4ndernde Erfahrung verpassen! Lassen Sie sich diese Revolution in Sachen Komfort und Zweckm\u00e4\u00dfigkeit nicht entgehen. \ud83d\ude80<\/p>\n<p align=\"start\">\n","protected":false},"excerpt":{"rendered":"<p align=\"start\">Genie\u00dfen Sie das Beste aus beiden Welten mit diesem <strong>multifunktionalen Bluetooth 5.0 Kopfband.<\/strong> \ud83c\udfa7\ud83d\udecc ! Ideal zum Schlafen, Sport treiben, Meditieren oder Entspannen, wurde dieses Stirnband f\u00fcr ultimativen Komfort entwickelt und bietet gleichzeitig einen hochwertigen Stereoklang. Das weiche, atmungsaktive und waschbare Design sorgt f\u00fcr einen angenehmen t\u00e4glichen Gebrauch. Mit den integrierten Kopfh\u00f6rern k\u00f6nnen Sie Ihre Playlists oder Podcasts genie\u00dfen, ohne Ihre Mitmenschen zu st\u00f6ren, sei es im Bett oder beim morgendlichen Joggen. \ud83c\udfc3\u200d\u2642\ufe0f\ud83c\udfb6    <\/p>\n<p><strong>Warum sollten Sie sich f\u00fcr dieses Bluetooth-Stirnband entscheiden? \ud83e\udd14<\/strong><\/p>\n<ul>\n<li><strong>\u00dcberragender Komfort<\/strong>: Mehr als nur ein Zubeh\u00f6rteil, ersetzt es Ihre Kopfh\u00f6rer und Schlafmasken f\u00fcr eine ultrapraktische 2-in-1-Nutzung.<\/li>\n<li><strong>Vielseitiger Lifestyle<\/strong>: Ob zum Entspannen, Reisen, Meditieren oder Trainieren, er passt sich all Ihren Bed\u00fcrfnissen an.<\/li>\n<li><strong>Au\u00dfergew\u00f6hnliche Haltbarkeit<\/strong>: Hergestellt aus weichen und widerstandsf\u00e4higen Materialien, ist er f\u00fcr die Ewigkeit gemacht.<\/li>\n<\/ul>\n","protected":false},"featured_media":8685,"template":"","meta":{"_acf_changed":false,"ub_ctt_via":"","_monsterinsights_skip_tracking":false,"_monsterinsights_sitenote_active":false,"_monsterinsights_sitenote_note":"","_monsterinsights_sitenote_category":0},"product_cat":[273],"product_tag":[],"class_list":{"0":"post-9641","1":"product","2":"type-product","3":"status-publish","4":"has-post-thumbnail","6":"product_cat-perfektes-horen-de","8":"first","9":"instock","10":"sale","11":"shipping-taxable","12":"purchasable","13":"product-type-variable"},"acf":[],"yoast_head":"<!-- This site is optimized with the Yoast SEO plugin v23.8 - https:\/\/yoast.com\/wordpress\/plugins\/seo\/ -->\n<title>Multifunktionales Stirnband - Integrierter Kopfh\u00f6rer - Hoomei<\/title>\n<meta name=\"description\" content=\"Bluetooth-Stirnband mit integrierten Kopfh\u00f6rern: perfekt f\u00fcr Sport, Schlaf und Entspannung! Weicher Stoff, hochwertige Klangqualit\u00e4t und lange Akkulaufzeit.\" \/>\n<meta name=\"robots\" content=\"index, follow, max-snippet:-1, max-image-preview:large, max-video-preview:-1\" \/>\n<link rel=\"canonical\" href=\"https:\/\/hoomei.fr\/de\/produit\/multifunktionales-stirnband-integrierter-kopfhoerer\/\" \/>\n<meta property=\"og:locale\" content=\"de_DE\" \/>\n<meta property=\"og:type\" content=\"article\" \/>\n<meta property=\"og:title\" content=\"Multifunktionales Stirnband - Integrierter Kopfh\u00f6rer - Hoomei\" \/>\n<meta property=\"og:description\" content=\"Bluetooth-Stirnband mit integrierten Kopfh\u00f6rern: perfekt f\u00fcr Sport, Schlaf und Entspannung! Weicher Stoff, hochwertige Klangqualit\u00e4t und lange Akkulaufzeit.\" \/>\n<meta property=\"og:url\" content=\"https:\/\/hoomei.fr\/de\/produit\/multifunktionales-stirnband-integrierter-kopfhoerer\/\" \/>\n<meta property=\"og:site_name\" content=\"Hoomei\" \/>\n<meta property=\"og:image\" content=\"https:\/\/hoomei.fr\/wp-content\/uploads\/2025\/01\/oreill-4.png\" \/>\n\t<meta property=\"og:image:width\" content=\"1080\" \/>\n\t<meta property=\"og:image:height\" content=\"1080\" \/>\n\t<meta property=\"og:image:type\" content=\"image\/png\" \/>\n<meta name=\"twitter:card\" content=\"summary_large_image\" \/>\n<meta name=\"twitter:label1\" content=\"Gesch\u00e4tzte Lesezeit\" \/>\n\t<meta name=\"twitter:data1\" content=\"1\u00a0Minute\" \/>\n<script type=\"application\/ld+json\" class=\"yoast-schema-graph\">{\"@context\":\"https:\/\/schema.org\",\"@graph\":[{\"@type\":\"WebPage\",\"@id\":\"https:\/\/hoomei.fr\/de\/produit\/multifunktionales-stirnband-integrierter-kopfhoerer\/\",\"url\":\"https:\/\/hoomei.fr\/de\/produit\/multifunktionales-stirnband-integrierter-kopfhoerer\/\",\"name\":\"Multifunktionales Stirnband - Integrierter Kopfh\u00f6rer - Hoomei\",\"isPartOf\":{\"@id\":\"https:\/\/hoomei.fr\/de\/#website\"},\"primaryImageOfPage\":{\"@id\":\"https:\/\/hoomei.fr\/de\/produit\/multifunktionales-stirnband-integrierter-kopfhoerer\/#primaryimage\"},\"image\":{\"@id\":\"https:\/\/hoomei.fr\/de\/produit\/multifunktionales-stirnband-integrierter-kopfhoerer\/#primaryimage\"},\"thumbnailUrl\":\"https:\/\/hoomei.fr\/wp-content\/uploads\/2025\/01\/oreill-4.png\",\"datePublished\":\"2025-01-07T20:32:17+00:00\",\"dateModified\":\"2025-01-07T20:32:17+00:00\",\"description\":\"Bluetooth-Stirnband mit integrierten Kopfh\u00f6rern: perfekt f\u00fcr Sport, Schlaf und Entspannung! Weicher Stoff, hochwertige Klangqualit\u00e4t und lange Akkulaufzeit.\",\"breadcrumb\":{\"@id\":\"https:\/\/hoomei.fr\/de\/produit\/multifunktionales-stirnband-integrierter-kopfhoerer\/#breadcrumb\"},\"inLanguage\":\"de\",\"potentialAction\":[{\"@type\":\"ReadAction\",\"target\":[\"https:\/\/hoomei.fr\/de\/produit\/multifunktionales-stirnband-integrierter-kopfhoerer\/\"]}]},{\"@type\":\"ImageObject\",\"inLanguage\":\"de\",\"@id\":\"https:\/\/hoomei.fr\/de\/produit\/multifunktionales-stirnband-integrierter-kopfhoerer\/#primaryimage\",\"url\":\"https:\/\/hoomei.fr\/wp-content\/uploads\/2025\/01\/oreill-4.png\",\"contentUrl\":\"https:\/\/hoomei.fr\/wp-content\/uploads\/2025\/01\/oreill-4.png\",\"width\":1080,\"height\":1080},{\"@type\":\"BreadcrumbList\",\"@id\":\"https:\/\/hoomei.fr\/de\/produit\/multifunktionales-stirnband-integrierter-kopfhoerer\/#breadcrumb\",\"itemListElement\":[{\"@type\":\"ListItem\",\"position\":1,\"name\":\"Accueil\",\"item\":\"https:\/\/hoomei.fr\/de\/\"},{\"@type\":\"ListItem\",\"position\":2,\"name\":\"Shop\",\"item\":\"https:\/\/hoomei.fr\/de\/shop\/\"},{\"@type\":\"ListItem\",\"position\":3,\"name\":\"Multifunktionales Stirnband &#8211; Integrierter Kopfh\u00f6rer\"}]},{\"@type\":\"WebSite\",\"@id\":\"https:\/\/hoomei.fr\/de\/#website\",\"url\":\"https:\/\/hoomei.fr\/de\/\",\"name\":\"Hoomei\",\"description\":\"Votre Routine R\u00e9invent\u00e9e\",\"publisher\":{\"@id\":\"https:\/\/hoomei.fr\/de\/#\/schema\/person\/8cfb2570bae5452af0aefde1cfdc78b4\"},\"potentialAction\":[{\"@type\":\"SearchAction\",\"target\":{\"@type\":\"EntryPoint\",\"urlTemplate\":\"https:\/\/hoomei.fr\/de\/?s={search_term_string}\"},\"query-input\":{\"@type\":\"PropertyValueSpecification\",\"valueRequired\":true,\"valueName\":\"search_term_string\"}}],\"inLanguage\":\"de\"},{\"@type\":[\"Person\",\"Organization\"],\"@id\":\"https:\/\/hoomei.fr\/de\/#\/schema\/person\/8cfb2570bae5452af0aefde1cfdc78b4\",\"name\":\"GHULAm WIASS\",\"image\":{\"@type\":\"ImageObject\",\"inLanguage\":\"de\",\"@id\":\"https:\/\/hoomei.fr\/de\/#\/schema\/person\/image\/\",\"url\":\"https:\/\/hoomei.fr\/wp-content\/uploads\/2024\/11\/Design-sans-titre-2024-11-01T212453.191.png\",\"contentUrl\":\"https:\/\/hoomei.fr\/wp-content\/uploads\/2024\/11\/Design-sans-titre-2024-11-01T212453.191.png\",\"width\":436,\"height\":124,\"caption\":\"GHULAm WIASS\"},\"logo\":{\"@id\":\"https:\/\/hoomei.fr\/de\/#\/schema\/person\/image\/\"},\"sameAs\":[\"http:\/\/hoomei.fr\"]}]}<\/script>\n<!-- \/ Yoast SEO plugin. -->","yoast_head_json":{"title":"Multifunktionales Stirnband - Integrierter Kopfh\u00f6rer - Hoomei","description":"Bluetooth-Stirnband mit integrierten Kopfh\u00f6rern: perfekt f\u00fcr Sport, Schlaf und Entspannung! Weicher Stoff, hochwertige Klangqualit\u00e4t und lange Akkulaufzeit.","robots":{"index":"index","follow":"follow","max-snippet":"max-snippet:-1","max-image-preview":"max-image-preview:large","max-video-preview":"max-video-preview:-1"},"canonical":"https:\/\/hoomei.fr\/de\/produit\/multifunktionales-stirnband-integrierter-kopfhoerer\/","og_locale":"de_DE","og_type":"article","og_title":"Multifunktionales Stirnband - Integrierter Kopfh\u00f6rer - Hoomei","og_description":"Bluetooth-Stirnband mit integrierten Kopfh\u00f6rern: perfekt f\u00fcr Sport, Schlaf und Entspannung! Weicher Stoff, hochwertige Klangqualit\u00e4t und lange Akkulaufzeit.","og_url":"https:\/\/hoomei.fr\/de\/produit\/multifunktionales-stirnband-integrierter-kopfhoerer\/","og_site_name":"Hoomei","og_image":[{"width":1080,"height":1080,"url":"https:\/\/hoomei.fr\/wp-content\/uploads\/2025\/01\/oreill-4.png","type":"image\/png"}],"twitter_card":"summary_large_image","twitter_misc":{"Gesch\u00e4tzte Lesezeit":"1\u00a0Minute"},"schema":{"@context":"https:\/\/schema.org","@graph":[{"@type":"WebPage","@id":"https:\/\/hoomei.fr\/de\/produit\/multifunktionales-stirnband-integrierter-kopfhoerer\/","url":"https:\/\/hoomei.fr\/de\/produit\/multifunktionales-stirnband-integrierter-kopfhoerer\/","name":"Multifunktionales Stirnband - Integrierter Kopfh\u00f6rer - Hoomei","isPartOf":{"@id":"https:\/\/hoomei.fr\/de\/#website"},"primaryImageOfPage":{"@id":"https:\/\/hoomei.fr\/de\/produit\/multifunktionales-stirnband-integrierter-kopfhoerer\/#primaryimage"},"image":{"@id":"https:\/\/hoomei.fr\/de\/produit\/multifunktionales-stirnband-integrierter-kopfhoerer\/#primaryimage"},"thumbnailUrl":"https:\/\/hoomei.fr\/wp-content\/uploads\/2025\/01\/oreill-4.png","datePublished":"2025-01-07T20:32:17+00:00","dateModified":"2025-01-07T20:32:17+00:00","description":"Bluetooth-Stirnband mit integrierten Kopfh\u00f6rern: perfekt f\u00fcr Sport, Schlaf und Entspannung! Weicher Stoff, hochwertige Klangqualit\u00e4t und lange Akkulaufzeit.","breadcrumb":{"@id":"https:\/\/hoomei.fr\/de\/produit\/multifunktionales-stirnband-integrierter-kopfhoerer\/#breadcrumb"},"inLanguage":"de","potentialAction":[{"@type":"ReadAction","target":["https:\/\/hoomei.fr\/de\/produit\/multifunktionales-stirnband-integrierter-kopfhoerer\/"]}]},{"@type":"ImageObject","inLanguage":"de","@id":"https:\/\/hoomei.fr\/de\/produit\/multifunktionales-stirnband-integrierter-kopfhoerer\/#primaryimage","url":"https:\/\/hoomei.fr\/wp-content\/uploads\/2025\/01\/oreill-4.png","contentUrl":"https:\/\/hoomei.fr\/wp-content\/uploads\/2025\/01\/oreill-4.png","width":1080,"height":1080},{"@type":"BreadcrumbList","@id":"https:\/\/hoomei.fr\/de\/produit\/multifunktionales-stirnband-integrierter-kopfhoerer\/#breadcrumb","itemListElement":[{"@type":"ListItem","position":1,"name":"Accueil","item":"https:\/\/hoomei.fr\/de\/"},{"@type":"ListItem","position":2,"name":"Shop","item":"https:\/\/hoomei.fr\/de\/shop\/"},{"@type":"ListItem","position":3,"name":"Multifunktionales Stirnband &#8211; Integrierter Kopfh\u00f6rer"}]},{"@type":"WebSite","@id":"https:\/\/hoomei.fr\/de\/#website","url":"https:\/\/hoomei.fr\/de\/","name":"Hoomei","description":"Votre Routine R\u00e9invent\u00e9e","publisher":{"@id":"https:\/\/hoomei.fr\/de\/#\/schema\/person\/8cfb2570bae5452af0aefde1cfdc78b4"},"potentialAction":[{"@type":"SearchAction","target":{"@type":"EntryPoint","urlTemplate":"https:\/\/hoomei.fr\/de\/?s={search_term_string}"},"query-input":{"@type":"PropertyValueSpecification","valueRequired":true,"valueName":"search_term_string"}}],"inLanguage":"de"},{"@type":["Person","Organization"],"@id":"https:\/\/hoomei.fr\/de\/#\/schema\/person\/8cfb2570bae5452af0aefde1cfdc78b4","name":"GHULAm WIASS","image":{"@type":"ImageObject","inLanguage":"de","@id":"https:\/\/hoomei.fr\/de\/#\/schema\/person\/image\/","url":"https:\/\/hoomei.fr\/wp-content\/uploads\/2024\/11\/Design-sans-titre-2024-11-01T212453.191.png","contentUrl":"https:\/\/hoomei.fr\/wp-content\/uploads\/2024\/11\/Design-sans-titre-2024-11-01T212453.191.png","width":436,"height":124,"caption":"GHULAm WIASS"},"logo":{"@id":"https:\/\/hoomei.fr\/de\/#\/schema\/person\/image\/"},"sameAs":["http:\/\/hoomei.fr"]}]}},"_links":{"self":[{"href":"https:\/\/hoomei.fr\/de\/wp-json\/wp\/v2\/product\/9641"}],"collection":[{"href":"https:\/\/hoomei.fr\/de\/wp-json\/wp\/v2\/product"}],"about":[{"href":"https:\/\/hoomei.fr\/de\/wp-json\/wp\/v2\/types\/product"}],"wp:featuredmedia":[{"embeddable":true,"href":"https:\/\/hoomei.fr\/de\/wp-json\/wp\/v2\/media\/8685"}],"wp:attachment":[{"href":"https:\/\/hoomei.fr\/de\/wp-json\/wp\/v2\/media?parent=9641"}],"wp:term":[{"taxonomy":"product_cat","embeddable":true,"href":"https:\/\/hoomei.fr\/de\/wp-json\/wp\/v2\/product_cat?post=9641"},{"taxonomy":"product_tag","embeddable":true,"href":"https:\/\/hoomei.fr\/de\/wp-json\/wp\/v2\/product_tag?post=9641"}],"curies":[{"name":"wp","href":"https:\/\/api.w.org\/{rel}","templated":true}]}}