{"id":9638,"date":"2025-01-07T17:08:37","date_gmt":"2025-01-07T17:08:37","guid":{"rendered":"https:\/\/hoomei.fr\/produit\/intelligenter-ohrreiniger-mit-angeschlossener-kamera\/"},"modified":"2025-01-07T17:08:37","modified_gmt":"2025-01-07T17:08:37","slug":"intelligenter-ohrreiniger-mit-angeschlossener-kamera","status":"publish","type":"product","link":"https:\/\/hoomei.fr\/de\/produit\/intelligenter-ohrreiniger-mit-angeschlossener-kamera\/","title":{"rendered":"Intelligenter Ohrreiniger mit angeschlossener Kamera"},"content":{"rendered":"<div align=\"start\">\n<p align=\"start\">Entdecken Sie eine neue Art der Ohrpflege mit diesem intelligenten Ohrbetrachter, der mit innovativen Funktionen f\u00fcr eine genaue und sichere Inspektion ausgestattet ist. Dank der Wi-Fi-Konnektivit\u00e4t bietet diese L\u00f6sung eine nahtlose \u00dcbertragung auf Ihre Android- oder iOS-Ger\u00e4te, so dass Sie klar sehen und die Pflege mit Vertrauen durchf\u00fchren k\u00f6nnen. <\/p>\n<h3><strong>Warum sollten Sie diesen Viewer w\u00e4hlen?<\/strong><\/h3>\n<ol>\n<li><strong>Familiensicherheit:<\/strong> Kann von allen Familienmitgliedern, von Kindern bis zu \u00e4lteren Menschen, genutzt werden.<\/li>\n<li><strong>Fortschrittliche Technologie :<\/strong> Ultra-schnelle Wi-Fi-\u00dcbertragung mit einer Fokustiefe von 15-20 mm.<\/li>\n<li><strong>Benutzerfreundlichkeit:<\/strong> Intuitive Schnittstelle f\u00fcr schnelle und pr\u00e4zise Pflege.<\/li>\n<li><strong>Leicht und tragbar:<\/strong> Ideal f\u00fcr den t\u00e4glichen Gebrauch oder auf Reisen.<\/li>\n<li><strong>Vielseitige L\u00f6sung :<\/strong> Nicht nur f\u00fcr die Ohren, sondern auch f\u00fcr andere sorgf\u00e4ltige Inspektionen geeignet.<\/li>\n<\/ol>\n<p>Lassen Sie sich diese Innovation nicht entgehen, die Ihre Pflegeroutine revolutionieren wird. Pr\u00e4zision und Einfachheit machen den Unterschied! \ud83d\ude0a<\/p>\n<h4 style=\"margin: 0px; padding: 0px;\"><strong>\ud83d\udea8 Gehen Sie nicht vorbei!  <\/strong><\/h4>\n<p>Dieses Werkzeug zu verpassen, bedeutet, auf eine moderne, pr\u00e4zise und vernetzte Ohrhygiene zu verzichten. Warum im Dunkeln bleiben, wenn Sie alles in hoher Aufl\u00f6sung sehen k\u00f6nnen? \ud83c\udf1f<\/p>\n<\/div>\n","protected":false},"excerpt":{"rendered":"<p align=\"start\">Entdecken Sie eine neue Art der Ohrpflege mit diesem intelligenten Ohrbetrachter, der mit innovativen Funktionen f\u00fcr eine genaue und sichere Inspektion ausgestattet ist. Dank der Wi-Fi-Konnektivit\u00e4t bietet diese L\u00f6sung eine nahtlose \u00dcbertragung auf Ihre Android- oder iOS-Ger\u00e4te, so dass Sie klar sehen und die Pflege mit Vertrauen durchf\u00fchren k\u00f6nnen. <\/p>\n<h3><strong>Warum sollten Sie diesen Viewer w\u00e4hlen?<\/strong><\/h3>\n<ol>\n<li><strong>Familiensicherheit:<\/strong> Kann von allen Familienmitgliedern, von Kindern bis zu \u00e4lteren Menschen, genutzt werden.<\/li>\n<li><strong>Fortschrittliche Technologie :<\/strong> Ultra-schnelle Wi-Fi-\u00dcbertragung mit einer Fokustiefe von 15-20 mm.<\/li>\n<li><strong>Benutzerfreundlichkeit:<\/strong> Intuitive <strong>Benutzeroberfl\u00e4che<\/strong> f\u00fcr schnelle und pr\u00e4zise Pflege.<\/li>\n<li><strong>Leicht und tragbar:<\/strong> Ideal f\u00fcr den t\u00e4glichen Gebrauch oder auf Reisen.<\/li>\n<li><strong>Vielseitige L\u00f6sung :<\/strong> Nicht nur f\u00fcr die Ohren, sondern auch f\u00fcr andere sorgf\u00e4ltige Inspektionen geeignet.<\/li>\n<\/ol>\n<p>Lassen Sie sich diese Innovation nicht entgehen, die Ihre Pflegeroutine revolutionieren wird. Pr\u00e4zision und Einfachheit machen den Unterschied! \ud83d\ude0a<\/p>\n","protected":false},"featured_media":8832,"template":"","meta":{"_acf_changed":false,"ub_ctt_via":"","_monsterinsights_skip_tracking":false,"_monsterinsights_sitenote_active":false,"_monsterinsights_sitenote_note":"","_monsterinsights_sitenote_category":0},"product_cat":[273],"product_tag":[],"class_list":{"0":"post-9638","1":"product","2":"type-product","3":"status-publish","4":"has-post-thumbnail","6":"product_cat-perfektes-horen-de","8":"first","9":"instock","10":"sale","11":"shipping-taxable","12":"purchasable","13":"product-type-variable","14":"has-default-attributes"},"acf":[],"yoast_head":"<!-- This site is optimized with the Yoast SEO plugin v23.8 - https:\/\/yoast.com\/wordpress\/plugins\/seo\/ -->\n<title>Intelligenter Ohrreiniger mit angeschlossener Kamera - Hoomei<\/title>\n<meta name=\"description\" content=\"K\u00fcmmern Sie sich um Ihre Ohrenhygiene mit diesem hochpr\u00e4zisen Wi-Fi-Betrachter. Kompatibel mit Android\/iOS, kaltes LED-Licht.\" \/>\n<meta name=\"robots\" content=\"index, follow, max-snippet:-1, max-image-preview:large, max-video-preview:-1\" \/>\n<link rel=\"canonical\" href=\"https:\/\/hoomei.fr\/de\/produit\/intelligenter-ohrreiniger-mit-angeschlossener-kamera\/\" \/>\n<meta property=\"og:locale\" content=\"de_DE\" \/>\n<meta property=\"og:type\" content=\"article\" \/>\n<meta property=\"og:title\" content=\"Intelligenter Ohrreiniger mit angeschlossener Kamera - Hoomei\" \/>\n<meta property=\"og:description\" content=\"K\u00fcmmern Sie sich um Ihre Ohrenhygiene mit diesem hochpr\u00e4zisen Wi-Fi-Betrachter. Kompatibel mit Android\/iOS, kaltes LED-Licht.\" \/>\n<meta property=\"og:url\" content=\"https:\/\/hoomei.fr\/de\/produit\/intelligenter-ohrreiniger-mit-angeschlossener-kamera\/\" \/>\n<meta property=\"og:site_name\" content=\"Hoomei\" \/>\n<meta property=\"og:image\" content=\"https:\/\/hoomei.fr\/wp-content\/uploads\/2025\/01\/oreill-8-1.png\" \/>\n\t<meta property=\"og:image:width\" content=\"1080\" \/>\n\t<meta property=\"og:image:height\" content=\"1080\" \/>\n\t<meta property=\"og:image:type\" content=\"image\/png\" \/>\n<meta name=\"twitter:card\" content=\"summary_large_image\" \/>\n<meta name=\"twitter:label1\" content=\"Gesch\u00e4tzte Lesezeit\" \/>\n\t<meta name=\"twitter:data1\" content=\"1\u00a0Minute\" \/>\n<script type=\"application\/ld+json\" class=\"yoast-schema-graph\">{\"@context\":\"https:\/\/schema.org\",\"@graph\":[{\"@type\":\"WebPage\",\"@id\":\"https:\/\/hoomei.fr\/de\/produit\/intelligenter-ohrreiniger-mit-angeschlossener-kamera\/\",\"url\":\"https:\/\/hoomei.fr\/de\/produit\/intelligenter-ohrreiniger-mit-angeschlossener-kamera\/\",\"name\":\"Intelligenter Ohrreiniger mit angeschlossener Kamera - Hoomei\",\"isPartOf\":{\"@id\":\"https:\/\/hoomei.fr\/de\/#website\"},\"primaryImageOfPage\":{\"@id\":\"https:\/\/hoomei.fr\/de\/produit\/intelligenter-ohrreiniger-mit-angeschlossener-kamera\/#primaryimage\"},\"image\":{\"@id\":\"https:\/\/hoomei.fr\/de\/produit\/intelligenter-ohrreiniger-mit-angeschlossener-kamera\/#primaryimage\"},\"thumbnailUrl\":\"https:\/\/hoomei.fr\/wp-content\/uploads\/2025\/01\/oreill-8-1.png\",\"datePublished\":\"2025-01-07T17:08:37+00:00\",\"dateModified\":\"2025-01-07T17:08:37+00:00\",\"description\":\"K\u00fcmmern Sie sich um Ihre Ohrenhygiene mit diesem hochpr\u00e4zisen Wi-Fi-Betrachter. Kompatibel mit Android\/iOS, kaltes LED-Licht.\",\"breadcrumb\":{\"@id\":\"https:\/\/hoomei.fr\/de\/produit\/intelligenter-ohrreiniger-mit-angeschlossener-kamera\/#breadcrumb\"},\"inLanguage\":\"de\",\"potentialAction\":[{\"@type\":\"ReadAction\",\"target\":[\"https:\/\/hoomei.fr\/de\/produit\/intelligenter-ohrreiniger-mit-angeschlossener-kamera\/\"]}]},{\"@type\":\"ImageObject\",\"inLanguage\":\"de\",\"@id\":\"https:\/\/hoomei.fr\/de\/produit\/intelligenter-ohrreiniger-mit-angeschlossener-kamera\/#primaryimage\",\"url\":\"https:\/\/hoomei.fr\/wp-content\/uploads\/2025\/01\/oreill-8-1.png\",\"contentUrl\":\"https:\/\/hoomei.fr\/wp-content\/uploads\/2025\/01\/oreill-8-1.png\",\"width\":1080,\"height\":1080},{\"@type\":\"BreadcrumbList\",\"@id\":\"https:\/\/hoomei.fr\/de\/produit\/intelligenter-ohrreiniger-mit-angeschlossener-kamera\/#breadcrumb\",\"itemListElement\":[{\"@type\":\"ListItem\",\"position\":1,\"name\":\"Accueil\",\"item\":\"https:\/\/hoomei.fr\/de\/\"},{\"@type\":\"ListItem\",\"position\":2,\"name\":\"Shop\",\"item\":\"https:\/\/hoomei.fr\/de\/shop\/\"},{\"@type\":\"ListItem\",\"position\":3,\"name\":\"Intelligenter Ohrreiniger mit angeschlossener Kamera\"}]},{\"@type\":\"WebSite\",\"@id\":\"https:\/\/hoomei.fr\/de\/#website\",\"url\":\"https:\/\/hoomei.fr\/de\/\",\"name\":\"Hoomei\",\"description\":\"Votre Routine R\u00e9invent\u00e9e\",\"publisher\":{\"@id\":\"https:\/\/hoomei.fr\/de\/#\/schema\/person\/8cfb2570bae5452af0aefde1cfdc78b4\"},\"potentialAction\":[{\"@type\":\"SearchAction\",\"target\":{\"@type\":\"EntryPoint\",\"urlTemplate\":\"https:\/\/hoomei.fr\/de\/?s={search_term_string}\"},\"query-input\":{\"@type\":\"PropertyValueSpecification\",\"valueRequired\":true,\"valueName\":\"search_term_string\"}}],\"inLanguage\":\"de\"},{\"@type\":[\"Person\",\"Organization\"],\"@id\":\"https:\/\/hoomei.fr\/de\/#\/schema\/person\/8cfb2570bae5452af0aefde1cfdc78b4\",\"name\":\"GHULAm WIASS\",\"image\":{\"@type\":\"ImageObject\",\"inLanguage\":\"de\",\"@id\":\"https:\/\/hoomei.fr\/de\/#\/schema\/person\/image\/\",\"url\":\"https:\/\/hoomei.fr\/wp-content\/uploads\/2024\/11\/Design-sans-titre-2024-11-01T212453.191.png\",\"contentUrl\":\"https:\/\/hoomei.fr\/wp-content\/uploads\/2024\/11\/Design-sans-titre-2024-11-01T212453.191.png\",\"width\":436,\"height\":124,\"caption\":\"GHULAm WIASS\"},\"logo\":{\"@id\":\"https:\/\/hoomei.fr\/de\/#\/schema\/person\/image\/\"},\"sameAs\":[\"http:\/\/hoomei.fr\"]}]}<\/script>\n<!-- \/ Yoast SEO plugin. -->","yoast_head_json":{"title":"Intelligenter Ohrreiniger mit angeschlossener Kamera - Hoomei","description":"K\u00fcmmern Sie sich um Ihre Ohrenhygiene mit diesem hochpr\u00e4zisen Wi-Fi-Betrachter. Kompatibel mit Android\/iOS, kaltes LED-Licht.","robots":{"index":"index","follow":"follow","max-snippet":"max-snippet:-1","max-image-preview":"max-image-preview:large","max-video-preview":"max-video-preview:-1"},"canonical":"https:\/\/hoomei.fr\/de\/produit\/intelligenter-ohrreiniger-mit-angeschlossener-kamera\/","og_locale":"de_DE","og_type":"article","og_title":"Intelligenter Ohrreiniger mit angeschlossener Kamera - Hoomei","og_description":"K\u00fcmmern Sie sich um Ihre Ohrenhygiene mit diesem hochpr\u00e4zisen Wi-Fi-Betrachter. Kompatibel mit Android\/iOS, kaltes LED-Licht.","og_url":"https:\/\/hoomei.fr\/de\/produit\/intelligenter-ohrreiniger-mit-angeschlossener-kamera\/","og_site_name":"Hoomei","og_image":[{"width":1080,"height":1080,"url":"https:\/\/hoomei.fr\/wp-content\/uploads\/2025\/01\/oreill-8-1.png","type":"image\/png"}],"twitter_card":"summary_large_image","twitter_misc":{"Gesch\u00e4tzte Lesezeit":"1\u00a0Minute"},"schema":{"@context":"https:\/\/schema.org","@graph":[{"@type":"WebPage","@id":"https:\/\/hoomei.fr\/de\/produit\/intelligenter-ohrreiniger-mit-angeschlossener-kamera\/","url":"https:\/\/hoomei.fr\/de\/produit\/intelligenter-ohrreiniger-mit-angeschlossener-kamera\/","name":"Intelligenter Ohrreiniger mit angeschlossener Kamera - Hoomei","isPartOf":{"@id":"https:\/\/hoomei.fr\/de\/#website"},"primaryImageOfPage":{"@id":"https:\/\/hoomei.fr\/de\/produit\/intelligenter-ohrreiniger-mit-angeschlossener-kamera\/#primaryimage"},"image":{"@id":"https:\/\/hoomei.fr\/de\/produit\/intelligenter-ohrreiniger-mit-angeschlossener-kamera\/#primaryimage"},"thumbnailUrl":"https:\/\/hoomei.fr\/wp-content\/uploads\/2025\/01\/oreill-8-1.png","datePublished":"2025-01-07T17:08:37+00:00","dateModified":"2025-01-07T17:08:37+00:00","description":"K\u00fcmmern Sie sich um Ihre Ohrenhygiene mit diesem hochpr\u00e4zisen Wi-Fi-Betrachter. Kompatibel mit Android\/iOS, kaltes LED-Licht.","breadcrumb":{"@id":"https:\/\/hoomei.fr\/de\/produit\/intelligenter-ohrreiniger-mit-angeschlossener-kamera\/#breadcrumb"},"inLanguage":"de","potentialAction":[{"@type":"ReadAction","target":["https:\/\/hoomei.fr\/de\/produit\/intelligenter-ohrreiniger-mit-angeschlossener-kamera\/"]}]},{"@type":"ImageObject","inLanguage":"de","@id":"https:\/\/hoomei.fr\/de\/produit\/intelligenter-ohrreiniger-mit-angeschlossener-kamera\/#primaryimage","url":"https:\/\/hoomei.fr\/wp-content\/uploads\/2025\/01\/oreill-8-1.png","contentUrl":"https:\/\/hoomei.fr\/wp-content\/uploads\/2025\/01\/oreill-8-1.png","width":1080,"height":1080},{"@type":"BreadcrumbList","@id":"https:\/\/hoomei.fr\/de\/produit\/intelligenter-ohrreiniger-mit-angeschlossener-kamera\/#breadcrumb","itemListElement":[{"@type":"ListItem","position":1,"name":"Accueil","item":"https:\/\/hoomei.fr\/de\/"},{"@type":"ListItem","position":2,"name":"Shop","item":"https:\/\/hoomei.fr\/de\/shop\/"},{"@type":"ListItem","position":3,"name":"Intelligenter Ohrreiniger mit angeschlossener Kamera"}]},{"@type":"WebSite","@id":"https:\/\/hoomei.fr\/de\/#website","url":"https:\/\/hoomei.fr\/de\/","name":"Hoomei","description":"Votre Routine R\u00e9invent\u00e9e","publisher":{"@id":"https:\/\/hoomei.fr\/de\/#\/schema\/person\/8cfb2570bae5452af0aefde1cfdc78b4"},"potentialAction":[{"@type":"SearchAction","target":{"@type":"EntryPoint","urlTemplate":"https:\/\/hoomei.fr\/de\/?s={search_term_string}"},"query-input":{"@type":"PropertyValueSpecification","valueRequired":true,"valueName":"search_term_string"}}],"inLanguage":"de"},{"@type":["Person","Organization"],"@id":"https:\/\/hoomei.fr\/de\/#\/schema\/person\/8cfb2570bae5452af0aefde1cfdc78b4","name":"GHULAm WIASS","image":{"@type":"ImageObject","inLanguage":"de","@id":"https:\/\/hoomei.fr\/de\/#\/schema\/person\/image\/","url":"https:\/\/hoomei.fr\/wp-content\/uploads\/2024\/11\/Design-sans-titre-2024-11-01T212453.191.png","contentUrl":"https:\/\/hoomei.fr\/wp-content\/uploads\/2024\/11\/Design-sans-titre-2024-11-01T212453.191.png","width":436,"height":124,"caption":"GHULAm WIASS"},"logo":{"@id":"https:\/\/hoomei.fr\/de\/#\/schema\/person\/image\/"},"sameAs":["http:\/\/hoomei.fr"]}]}},"_links":{"self":[{"href":"https:\/\/hoomei.fr\/de\/wp-json\/wp\/v2\/product\/9638"}],"collection":[{"href":"https:\/\/hoomei.fr\/de\/wp-json\/wp\/v2\/product"}],"about":[{"href":"https:\/\/hoomei.fr\/de\/wp-json\/wp\/v2\/types\/product"}],"wp:featuredmedia":[{"embeddable":true,"href":"https:\/\/hoomei.fr\/de\/wp-json\/wp\/v2\/media\/8832"}],"wp:attachment":[{"href":"https:\/\/hoomei.fr\/de\/wp-json\/wp\/v2\/media?parent=9638"}],"wp:term":[{"taxonomy":"product_cat","embeddable":true,"href":"https:\/\/hoomei.fr\/de\/wp-json\/wp\/v2\/product_cat?post=9638"},{"taxonomy":"product_tag","embeddable":true,"href":"https:\/\/hoomei.fr\/de\/wp-json\/wp\/v2\/product_tag?post=9638"}],"curies":[{"name":"wp","href":"https:\/\/api.w.org\/{rel}","templated":true}]}}