{"id":9637,"date":"2025-01-07T20:44:30","date_gmt":"2025-01-07T20:44:30","guid":{"rendered":"https:\/\/hoomei.fr\/produit\/multifunktionaler-reinigungsstift-fuer-airpods-und-lautsprecher\/"},"modified":"2025-04-22T21:26:18","modified_gmt":"2025-04-22T21:26:18","slug":"multifunktionaler-reinigungsstift-fuer-airpods-und-lautsprecher","status":"publish","type":"product","link":"https:\/\/hoomei.fr\/de\/produit\/multifunktionaler-reinigungsstift-fuer-airpods-und-lautsprecher\/","title":{"rendered":"Multifunktionaler Reinigungsstift f\u00fcr AirPods und Lautsprecher"},"content":{"rendered":"<p align=\"start\">Vereinfachen Sie die Pflege Ihrer Kopfh\u00f6rer und Ger\u00e4te mit diesem <strong>innovativen und praktischen Reinigungsstift<\/strong>. Mit seinem genialen Doppelkopf-Design erm\u00f6glicht Ihnen dieser Stift eine gr\u00fcndliche Reinigung von schwer zug\u00e4nglichen Ecken Ihrer AirPods, Telefonlautsprecher oder Ladeh\u00fcllen. Der Stift ist kompakt und elegant und ein unverzichtbares Werkzeug, um die Klangqualit\u00e4t und Sauberkeit Ihres Tech-Zubeh\u00f6rs zu erhalten. \ud83c\udfa7\ud83d\udcf1   <\/p>\n<p><strong>Warum sollten Sie diesen Reinigungsstift w\u00e4hlen? \ud83e\udd14<\/strong><\/p>\n<ul>\n<li><strong>Garantierte Effizienz:<\/strong> Entwickelt, um auch die schwierigsten Stellen mit Pr\u00e4zision zu erreichen.<\/li>\n<li><strong>Verl\u00e4ngern Sie die Lebensdauer Ihrer Ger\u00e4te:<\/strong> Durch regelm\u00e4\u00dfige Reinigung erhalten Sie die Leistungsf\u00e4higkeit Ihrer Kopfh\u00f6rer und Lautsprecher.<\/li>\n<li><strong>Wirtschaftlich und praktisch:<\/strong> Keine Notwendigkeit f\u00fcr teure L\u00f6sungen, dieser Stift ist wiederverwendbar und einfach zu benutzen.<\/li>\n<\/ul>\n<p align=\"start\"><strong>\ud83c\udf1f Warum Sie es bereuen werden, ihn nicht zu haben?<\/strong><br \/>\nStellen Sie sich den dumpfen Klang Ihrer AirPods oder verstopfter Lautsprecher vor&#8230; Ohne diesen Stift w\u00fcrden Ihre Ger\u00e4te ihre Klarheit und Effizienz verlieren. Lassen Sie sich dieses wichtige Werkzeug f\u00fcr eine optimale Leistung nicht entgehen! \ud83d\ude80<\/p>\n<p align=\"start\"><img decoding=\"async\" class=\"alignnone size-full wp-image-8863\" src=\"https:\/\/hoomei.fr\/wp-content\/uploads\/2025\/01\/Stylo-de-Nettoyage-Multifonction-3-en-1-pour-Ecouteurs-Sans-Fil-Etuis-de-Chargement-et-Telephones-%E2%80%93-Brosse-Haute-Densite-Pointe-Metallique-et-Eponge-Flockee-visual-selection-1.svg\" alt=\"\"><\/p>\n","protected":false},"excerpt":{"rendered":"<p align=\"start\">Vereinfachen Sie die Pflege Ihrer Kopfh\u00f6rer und Ger\u00e4te mit diesem <strong>innovativen und praktischen Reinigungsstift<\/strong>. Mit seinem genialen Doppelkopf-Design erm\u00f6glicht Ihnen dieser Stift eine gr\u00fcndliche Reinigung von schwer zug\u00e4nglichen Ecken Ihrer AirPods, Telefonlautsprecher oder Ladeh\u00fcllen. Der Stift ist kompakt und elegant und ein unverzichtbares Werkzeug, um die Klangqualit\u00e4t und Sauberkeit Ihres Tech-Zubeh\u00f6rs zu erhalten. \ud83c\udfa7\ud83d\udcf1   <\/p>\n<p><strong>Warum sollten Sie diesen Reinigungsstift w\u00e4hlen? \ud83e\udd14<\/strong><\/p>\n<ul>\n<li><strong>Garantierte Effizienz:<\/strong> Entwickelt, um auch die schwierigsten Stellen mit Pr\u00e4zision zu erreichen.<\/li>\n<li><strong>Verl\u00e4ngern Sie die Lebensdauer Ihrer Ger\u00e4te:<\/strong> Durch regelm\u00e4\u00dfige Reinigung erhalten Sie die Leistungsf\u00e4higkeit Ihrer Kopfh\u00f6rer und Lautsprecher.<\/li>\n<li><strong>Wirtschaftlich und praktisch:<\/strong> Keine Notwendigkeit f\u00fcr teure L\u00f6sungen, dieser Stift ist wiederverwendbar und einfach zu benutzen.<\/li>\n<\/ul>\n<p><img decoding=\"async\" class=\"alignnone size-full wp-image-8863\" src=\"https:\/\/hoomei.fr\/wp-content\/uploads\/2025\/01\/Stylo-de-Nettoyage-Multifonction-3-en-1-pour-Ecouteurs-Sans-Fil-Etuis-de-Chargement-et-Telephones-%E2%80%93-Brosse-Haute-Densite-Pointe-Metallique-et-Eponge-Flockee-visual-selection-1.svg\" alt=\"\"><\/p>\n<p align=\"start\">\n","protected":false},"featured_media":8874,"template":"","meta":{"_acf_changed":false,"ub_ctt_via":"","_monsterinsights_skip_tracking":false,"_monsterinsights_sitenote_active":false,"_monsterinsights_sitenote_note":"","_monsterinsights_sitenote_category":0},"product_cat":[273],"product_tag":[],"class_list":{"0":"post-9637","1":"product","2":"type-product","3":"status-publish","4":"has-post-thumbnail","6":"product_cat-perfektes-horen-de","8":"first","9":"instock","10":"shipping-taxable","11":"purchasable","12":"product-type-simple"},"acf":[],"yoast_head":"<!-- This site is optimized with the Yoast SEO plugin v23.8 - https:\/\/yoast.com\/wordpress\/plugins\/seo\/ -->\n<title>Multifunktionaler Reinigungsstift f\u00fcr AirPods und Lautsprecher - Hoomei<\/title>\n<meta name=\"description\" content=\"Multifunktionaler Reinigungsstift f\u00fcr AirPods und Lautsprecher. Gr\u00fcndliche Reinigung, kompaktes und effektives Design, um Ihre Ger\u00e4te zu schonen.\" \/>\n<meta name=\"robots\" content=\"index, follow, max-snippet:-1, max-image-preview:large, max-video-preview:-1\" \/>\n<link rel=\"canonical\" href=\"https:\/\/hoomei.fr\/de\/produit\/multifunktionaler-reinigungsstift-fuer-airpods-und-lautsprecher\/\" \/>\n<meta property=\"og:locale\" content=\"de_DE\" \/>\n<meta property=\"og:type\" content=\"article\" \/>\n<meta property=\"og:title\" content=\"Multifunktionaler Reinigungsstift f\u00fcr AirPods und Lautsprecher - Hoomei\" \/>\n<meta property=\"og:description\" content=\"Multifunktionaler Reinigungsstift f\u00fcr AirPods und Lautsprecher. Gr\u00fcndliche Reinigung, kompaktes und effektives Design, um Ihre Ger\u00e4te zu schonen.\" \/>\n<meta property=\"og:url\" content=\"https:\/\/hoomei.fr\/de\/produit\/multifunktionaler-reinigungsstift-fuer-airpods-und-lautsprecher\/\" \/>\n<meta property=\"og:site_name\" content=\"Hoomei\" \/>\n<meta property=\"article:modified_time\" content=\"2025-04-22T21:26:18+00:00\" \/>\n<meta property=\"og:image\" content=\"https:\/\/hoomei.fr\/wp-content\/uploads\/2025\/01\/oreill-9-1.png\" \/>\n\t<meta property=\"og:image:width\" content=\"1080\" \/>\n\t<meta property=\"og:image:height\" content=\"1080\" \/>\n\t<meta property=\"og:image:type\" content=\"image\/png\" \/>\n<meta name=\"twitter:card\" content=\"summary_large_image\" \/>\n<meta name=\"twitter:label1\" content=\"Gesch\u00e4tzte Lesezeit\" \/>\n\t<meta name=\"twitter:data1\" content=\"1\u00a0Minute\" \/>\n<script type=\"application\/ld+json\" class=\"yoast-schema-graph\">{\"@context\":\"https:\/\/schema.org\",\"@graph\":[{\"@type\":\"WebPage\",\"@id\":\"https:\/\/hoomei.fr\/de\/produit\/multifunktionaler-reinigungsstift-fuer-airpods-und-lautsprecher\/\",\"url\":\"https:\/\/hoomei.fr\/de\/produit\/multifunktionaler-reinigungsstift-fuer-airpods-und-lautsprecher\/\",\"name\":\"Multifunktionaler Reinigungsstift f\u00fcr AirPods und Lautsprecher - Hoomei\",\"isPartOf\":{\"@id\":\"https:\/\/hoomei.fr\/de\/#website\"},\"primaryImageOfPage\":{\"@id\":\"https:\/\/hoomei.fr\/de\/produit\/multifunktionaler-reinigungsstift-fuer-airpods-und-lautsprecher\/#primaryimage\"},\"image\":{\"@id\":\"https:\/\/hoomei.fr\/de\/produit\/multifunktionaler-reinigungsstift-fuer-airpods-und-lautsprecher\/#primaryimage\"},\"thumbnailUrl\":\"https:\/\/hoomei.fr\/wp-content\/uploads\/2025\/01\/oreill-9-1.png\",\"datePublished\":\"2025-01-07T20:44:30+00:00\",\"dateModified\":\"2025-04-22T21:26:18+00:00\",\"description\":\"Multifunktionaler Reinigungsstift f\u00fcr AirPods und Lautsprecher. Gr\u00fcndliche Reinigung, kompaktes und effektives Design, um Ihre Ger\u00e4te zu schonen.\",\"breadcrumb\":{\"@id\":\"https:\/\/hoomei.fr\/de\/produit\/multifunktionaler-reinigungsstift-fuer-airpods-und-lautsprecher\/#breadcrumb\"},\"inLanguage\":\"de\",\"potentialAction\":[{\"@type\":\"ReadAction\",\"target\":[\"https:\/\/hoomei.fr\/de\/produit\/multifunktionaler-reinigungsstift-fuer-airpods-und-lautsprecher\/\"]}]},{\"@type\":\"ImageObject\",\"inLanguage\":\"de\",\"@id\":\"https:\/\/hoomei.fr\/de\/produit\/multifunktionaler-reinigungsstift-fuer-airpods-und-lautsprecher\/#primaryimage\",\"url\":\"https:\/\/hoomei.fr\/wp-content\/uploads\/2025\/01\/oreill-9-1.png\",\"contentUrl\":\"https:\/\/hoomei.fr\/wp-content\/uploads\/2025\/01\/oreill-9-1.png\",\"width\":1080,\"height\":1080},{\"@type\":\"BreadcrumbList\",\"@id\":\"https:\/\/hoomei.fr\/de\/produit\/multifunktionaler-reinigungsstift-fuer-airpods-und-lautsprecher\/#breadcrumb\",\"itemListElement\":[{\"@type\":\"ListItem\",\"position\":1,\"name\":\"Accueil\",\"item\":\"https:\/\/hoomei.fr\/de\/\"},{\"@type\":\"ListItem\",\"position\":2,\"name\":\"Shop\",\"item\":\"https:\/\/hoomei.fr\/de\/shop\/\"},{\"@type\":\"ListItem\",\"position\":3,\"name\":\"Multifunktionaler Reinigungsstift f\u00fcr AirPods und Lautsprecher\"}]},{\"@type\":\"WebSite\",\"@id\":\"https:\/\/hoomei.fr\/de\/#website\",\"url\":\"https:\/\/hoomei.fr\/de\/\",\"name\":\"Hoomei\",\"description\":\"Votre Routine R\u00e9invent\u00e9e\",\"publisher\":{\"@id\":\"https:\/\/hoomei.fr\/de\/#\/schema\/person\/8cfb2570bae5452af0aefde1cfdc78b4\"},\"potentialAction\":[{\"@type\":\"SearchAction\",\"target\":{\"@type\":\"EntryPoint\",\"urlTemplate\":\"https:\/\/hoomei.fr\/de\/?s={search_term_string}\"},\"query-input\":{\"@type\":\"PropertyValueSpecification\",\"valueRequired\":true,\"valueName\":\"search_term_string\"}}],\"inLanguage\":\"de\"},{\"@type\":[\"Person\",\"Organization\"],\"@id\":\"https:\/\/hoomei.fr\/de\/#\/schema\/person\/8cfb2570bae5452af0aefde1cfdc78b4\",\"name\":\"GHULAm WIASS\",\"image\":{\"@type\":\"ImageObject\",\"inLanguage\":\"de\",\"@id\":\"https:\/\/hoomei.fr\/de\/#\/schema\/person\/image\/\",\"url\":\"https:\/\/hoomei.fr\/wp-content\/uploads\/2024\/11\/Design-sans-titre-2024-11-01T212453.191.png\",\"contentUrl\":\"https:\/\/hoomei.fr\/wp-content\/uploads\/2024\/11\/Design-sans-titre-2024-11-01T212453.191.png\",\"width\":436,\"height\":124,\"caption\":\"GHULAm WIASS\"},\"logo\":{\"@id\":\"https:\/\/hoomei.fr\/de\/#\/schema\/person\/image\/\"},\"sameAs\":[\"http:\/\/hoomei.fr\"]}]}<\/script>\n<!-- \/ Yoast SEO plugin. -->","yoast_head_json":{"title":"Multifunktionaler Reinigungsstift f\u00fcr AirPods und Lautsprecher - Hoomei","description":"Multifunktionaler Reinigungsstift f\u00fcr AirPods und Lautsprecher. Gr\u00fcndliche Reinigung, kompaktes und effektives Design, um Ihre Ger\u00e4te zu schonen.","robots":{"index":"index","follow":"follow","max-snippet":"max-snippet:-1","max-image-preview":"max-image-preview:large","max-video-preview":"max-video-preview:-1"},"canonical":"https:\/\/hoomei.fr\/de\/produit\/multifunktionaler-reinigungsstift-fuer-airpods-und-lautsprecher\/","og_locale":"de_DE","og_type":"article","og_title":"Multifunktionaler Reinigungsstift f\u00fcr AirPods und Lautsprecher - Hoomei","og_description":"Multifunktionaler Reinigungsstift f\u00fcr AirPods und Lautsprecher. Gr\u00fcndliche Reinigung, kompaktes und effektives Design, um Ihre Ger\u00e4te zu schonen.","og_url":"https:\/\/hoomei.fr\/de\/produit\/multifunktionaler-reinigungsstift-fuer-airpods-und-lautsprecher\/","og_site_name":"Hoomei","article_modified_time":"2025-04-22T21:26:18+00:00","og_image":[{"width":1080,"height":1080,"url":"https:\/\/hoomei.fr\/wp-content\/uploads\/2025\/01\/oreill-9-1.png","type":"image\/png"}],"twitter_card":"summary_large_image","twitter_misc":{"Gesch\u00e4tzte Lesezeit":"1\u00a0Minute"},"schema":{"@context":"https:\/\/schema.org","@graph":[{"@type":"WebPage","@id":"https:\/\/hoomei.fr\/de\/produit\/multifunktionaler-reinigungsstift-fuer-airpods-und-lautsprecher\/","url":"https:\/\/hoomei.fr\/de\/produit\/multifunktionaler-reinigungsstift-fuer-airpods-und-lautsprecher\/","name":"Multifunktionaler Reinigungsstift f\u00fcr AirPods und Lautsprecher - Hoomei","isPartOf":{"@id":"https:\/\/hoomei.fr\/de\/#website"},"primaryImageOfPage":{"@id":"https:\/\/hoomei.fr\/de\/produit\/multifunktionaler-reinigungsstift-fuer-airpods-und-lautsprecher\/#primaryimage"},"image":{"@id":"https:\/\/hoomei.fr\/de\/produit\/multifunktionaler-reinigungsstift-fuer-airpods-und-lautsprecher\/#primaryimage"},"thumbnailUrl":"https:\/\/hoomei.fr\/wp-content\/uploads\/2025\/01\/oreill-9-1.png","datePublished":"2025-01-07T20:44:30+00:00","dateModified":"2025-04-22T21:26:18+00:00","description":"Multifunktionaler Reinigungsstift f\u00fcr AirPods und Lautsprecher. Gr\u00fcndliche Reinigung, kompaktes und effektives Design, um Ihre Ger\u00e4te zu schonen.","breadcrumb":{"@id":"https:\/\/hoomei.fr\/de\/produit\/multifunktionaler-reinigungsstift-fuer-airpods-und-lautsprecher\/#breadcrumb"},"inLanguage":"de","potentialAction":[{"@type":"ReadAction","target":["https:\/\/hoomei.fr\/de\/produit\/multifunktionaler-reinigungsstift-fuer-airpods-und-lautsprecher\/"]}]},{"@type":"ImageObject","inLanguage":"de","@id":"https:\/\/hoomei.fr\/de\/produit\/multifunktionaler-reinigungsstift-fuer-airpods-und-lautsprecher\/#primaryimage","url":"https:\/\/hoomei.fr\/wp-content\/uploads\/2025\/01\/oreill-9-1.png","contentUrl":"https:\/\/hoomei.fr\/wp-content\/uploads\/2025\/01\/oreill-9-1.png","width":1080,"height":1080},{"@type":"BreadcrumbList","@id":"https:\/\/hoomei.fr\/de\/produit\/multifunktionaler-reinigungsstift-fuer-airpods-und-lautsprecher\/#breadcrumb","itemListElement":[{"@type":"ListItem","position":1,"name":"Accueil","item":"https:\/\/hoomei.fr\/de\/"},{"@type":"ListItem","position":2,"name":"Shop","item":"https:\/\/hoomei.fr\/de\/shop\/"},{"@type":"ListItem","position":3,"name":"Multifunktionaler Reinigungsstift f\u00fcr AirPods und Lautsprecher"}]},{"@type":"WebSite","@id":"https:\/\/hoomei.fr\/de\/#website","url":"https:\/\/hoomei.fr\/de\/","name":"Hoomei","description":"Votre Routine R\u00e9invent\u00e9e","publisher":{"@id":"https:\/\/hoomei.fr\/de\/#\/schema\/person\/8cfb2570bae5452af0aefde1cfdc78b4"},"potentialAction":[{"@type":"SearchAction","target":{"@type":"EntryPoint","urlTemplate":"https:\/\/hoomei.fr\/de\/?s={search_term_string}"},"query-input":{"@type":"PropertyValueSpecification","valueRequired":true,"valueName":"search_term_string"}}],"inLanguage":"de"},{"@type":["Person","Organization"],"@id":"https:\/\/hoomei.fr\/de\/#\/schema\/person\/8cfb2570bae5452af0aefde1cfdc78b4","name":"GHULAm WIASS","image":{"@type":"ImageObject","inLanguage":"de","@id":"https:\/\/hoomei.fr\/de\/#\/schema\/person\/image\/","url":"https:\/\/hoomei.fr\/wp-content\/uploads\/2024\/11\/Design-sans-titre-2024-11-01T212453.191.png","contentUrl":"https:\/\/hoomei.fr\/wp-content\/uploads\/2024\/11\/Design-sans-titre-2024-11-01T212453.191.png","width":436,"height":124,"caption":"GHULAm WIASS"},"logo":{"@id":"https:\/\/hoomei.fr\/de\/#\/schema\/person\/image\/"},"sameAs":["http:\/\/hoomei.fr"]}]}},"_links":{"self":[{"href":"https:\/\/hoomei.fr\/de\/wp-json\/wp\/v2\/product\/9637"}],"collection":[{"href":"https:\/\/hoomei.fr\/de\/wp-json\/wp\/v2\/product"}],"about":[{"href":"https:\/\/hoomei.fr\/de\/wp-json\/wp\/v2\/types\/product"}],"wp:featuredmedia":[{"embeddable":true,"href":"https:\/\/hoomei.fr\/de\/wp-json\/wp\/v2\/media\/8874"}],"wp:attachment":[{"href":"https:\/\/hoomei.fr\/de\/wp-json\/wp\/v2\/media?parent=9637"}],"wp:term":[{"taxonomy":"product_cat","embeddable":true,"href":"https:\/\/hoomei.fr\/de\/wp-json\/wp\/v2\/product_cat?post=9637"},{"taxonomy":"product_tag","embeddable":true,"href":"https:\/\/hoomei.fr\/de\/wp-json\/wp\/v2\/product_tag?post=9637"}],"curies":[{"name":"wp","href":"https:\/\/api.w.org\/{rel}","templated":true}]}}