{"id":9629,"date":"2025-01-07T20:48:32","date_gmt":"2025-01-07T20:48:32","guid":{"rendered":"https:\/\/hoomei.fr\/produit\/ohrreiniger-360-spirale-wiederverwendbar\/"},"modified":"2025-01-07T20:48:32","modified_gmt":"2025-01-07T20:48:32","slug":"ohrreiniger-360-spirale-wiederverwendbar","status":"publish","type":"product","link":"https:\/\/hoomei.fr\/de\/produit\/ohrreiniger-360-spirale-wiederverwendbar\/","title":{"rendered":"Ohrreiniger 360 Spirale wiederverwendbar"},"content":{"rendered":"<p>Entdecken Sie die sichere Ohrhygiene mit diesem <strong>innovativen und umweltfreundlichen Spiralwattest\u00e4bchen<\/strong> neu. Die weiche, spiralf\u00f6rmige Spitze entfernt sanft das Ohrenschmalz, ohne den Geh\u00f6rgang zu besch\u00e4digen. Mit einem ergonomischen Griff und Einwegspitzen bietet Ihnen dieses Werkzeug eine pr\u00e4zise, effektive und schonende Reinigung Ihrer Ohren. \ud83c\udf3f<\/p>\n<p><strong>Warum sollten Sie dieses spiralf\u00f6rmige Wattest\u00e4bchen w\u00e4hlen? \ud83e\udd14<\/strong><\/p>\n<ul>\n<li><strong>Perfekte und schmerzfreie Hygiene:<\/strong> Im Gegensatz zu herk\u00f6mmlichen Wattest\u00e4bchen verhindert er die Ansammlung von Ohrenschmalz.<\/li>\n<li><strong>Maximale Sicherheit:<\/strong> Die Spirale begrenzt die Tiefe, um das Trommelfell zu sch\u00fctzen.<\/li>\n<li><strong>Ideal f\u00fcr die ganze Familie:<\/strong> Geeignet f\u00fcr Kinder und Erwachsene aufgrund seiner Weichheit und Praktikabilit\u00e4t.<\/li>\n<\/ul>\n<p><strong>\ud83c\udf1f Warum werden Sie es bereuen, es nicht zu haben?<\/strong><br \/>\nStellen Sie sich die Unannehmlichkeiten verstopfter Ohren oder die Schwierigkeiten bei der Reinigung ohne dieses innovative Werkzeug vor&#8230; Sie verpassen eine einfache, sichere und umweltfreundliche L\u00f6sung, um Ihr Geh\u00f6r zu pflegen! \ud83d\ude80<\/p>\n<p><a href=\"https:\/\/hoomei.fr\/wp-content\/uploads\/2025\/01\/visual-selection-2.svg\"><img decoding=\"async\" class=\"alignnone size-full wp-image-8849\" src=\"https:\/\/hoomei.fr\/wp-content\/uploads\/2025\/01\/visual-selection-2.svg\" alt=\"\"><\/a><\/p>\n<div>\n<p>&nbsp;<\/p>\n<\/div>\n<p>&nbsp;<\/p>\n","protected":false},"excerpt":{"rendered":"<p>Entdecken Sie die sichere Ohrhygiene mit diesem <strong>innovativen und umweltfreundlichen Spiralwattest\u00e4bchen<\/strong> neu. Die weiche, spiralf\u00f6rmige Spitze entfernt sanft das Ohrenschmalz, ohne den Geh\u00f6rgang zu besch\u00e4digen. Mit einem ergonomischen Griff und Einwegspitzen bietet Ihnen dieses Werkzeug eine pr\u00e4zise, effektive und schonende Reinigung Ihrer Ohren. \ud83c\udf3f<\/p>\n<p><strong>Warum sollten Sie dieses spiralf\u00f6rmige Wattest\u00e4bchen w\u00e4hlen? \ud83e\udd14<\/strong><\/p>\n<ul>\n<li><strong>Perfekte und schmerzfreie Hygiene:<\/strong> Im Gegensatz zu herk\u00f6mmlichen Wattest\u00e4bchen verhindert er die Ansammlung von Ohrenschmalz.<\/li>\n<li><strong>Maximale Sicherheit:<\/strong> Die Spirale begrenzt die Tiefe, um das Trommelfell zu sch\u00fctzen.<\/li>\n<li><strong>Ideal f\u00fcr die ganze Familie:<\/strong> Geeignet f\u00fcr Kinder und Erwachsene aufgrund seiner Weichheit und Praktikabilit\u00e4t.<\/li>\n<\/ul>\n<p><a href=\"https:\/\/hoomei.fr\/wp-content\/uploads\/2025\/01\/visual-selection-2.svg\"><img decoding=\"async\" class=\"alignnone size-full wp-image-8849\" src=\"https:\/\/hoomei.fr\/wp-content\/uploads\/2025\/01\/visual-selection-2.svg\" alt=\"\"><\/a><\/p>\n","protected":false},"featured_media":8762,"template":"","meta":{"_acf_changed":false,"ub_ctt_via":"","_monsterinsights_skip_tracking":false,"_monsterinsights_sitenote_active":false,"_monsterinsights_sitenote_note":"","_monsterinsights_sitenote_category":0},"product_cat":[273],"product_tag":[],"class_list":{"0":"post-9629","1":"product","2":"type-product","3":"status-publish","4":"has-post-thumbnail","6":"product_cat-perfektes-horen-de","8":"first","9":"instock","10":"sale","11":"shipping-taxable","12":"purchasable","13":"product-type-variable"},"acf":[],"yoast_head":"<!-- This site is optimized with the Yoast SEO plugin v23.8 - https:\/\/yoast.com\/wordpress\/plugins\/seo\/ -->\n<title>Ohrreiniger 360 Spirale wiederverwendbar - Hoomei<\/title>\n<meta name=\"description\" content=\"Wiederverwendbares Spiralst\u00e4bchen: Reinigen Sie Ihre Ohren sanft und sicher. Ergonomisches Design, austauschbare Spitzen, umweltfreundliche L\u00f6sung.\" \/>\n<meta name=\"robots\" content=\"index, follow, max-snippet:-1, max-image-preview:large, max-video-preview:-1\" \/>\n<link rel=\"canonical\" href=\"https:\/\/hoomei.fr\/de\/produit\/ohrreiniger-360-spirale-wiederverwendbar\/\" \/>\n<meta property=\"og:locale\" content=\"de_DE\" \/>\n<meta property=\"og:type\" content=\"article\" \/>\n<meta property=\"og:title\" content=\"Ohrreiniger 360 Spirale wiederverwendbar - Hoomei\" \/>\n<meta property=\"og:description\" content=\"Wiederverwendbares Spiralst\u00e4bchen: Reinigen Sie Ihre Ohren sanft und sicher. Ergonomisches Design, austauschbare Spitzen, umweltfreundliche L\u00f6sung.\" \/>\n<meta property=\"og:url\" content=\"https:\/\/hoomei.fr\/de\/produit\/ohrreiniger-360-spirale-wiederverwendbar\/\" \/>\n<meta property=\"og:site_name\" content=\"Hoomei\" \/>\n<meta property=\"og:image\" content=\"https:\/\/hoomei.fr\/wp-content\/uploads\/2025\/01\/oreill-11.png\" \/>\n\t<meta property=\"og:image:width\" content=\"1080\" \/>\n\t<meta property=\"og:image:height\" content=\"1080\" \/>\n\t<meta property=\"og:image:type\" content=\"image\/png\" \/>\n<meta name=\"twitter:card\" content=\"summary_large_image\" \/>\n<meta name=\"twitter:label1\" content=\"Gesch\u00e4tzte Lesezeit\" \/>\n\t<meta name=\"twitter:data1\" content=\"1\u00a0Minute\" \/>\n<script type=\"application\/ld+json\" class=\"yoast-schema-graph\">{\"@context\":\"https:\/\/schema.org\",\"@graph\":[{\"@type\":\"WebPage\",\"@id\":\"https:\/\/hoomei.fr\/de\/produit\/ohrreiniger-360-spirale-wiederverwendbar\/\",\"url\":\"https:\/\/hoomei.fr\/de\/produit\/ohrreiniger-360-spirale-wiederverwendbar\/\",\"name\":\"Ohrreiniger 360 Spirale wiederverwendbar - Hoomei\",\"isPartOf\":{\"@id\":\"https:\/\/hoomei.fr\/de\/#website\"},\"primaryImageOfPage\":{\"@id\":\"https:\/\/hoomei.fr\/de\/produit\/ohrreiniger-360-spirale-wiederverwendbar\/#primaryimage\"},\"image\":{\"@id\":\"https:\/\/hoomei.fr\/de\/produit\/ohrreiniger-360-spirale-wiederverwendbar\/#primaryimage\"},\"thumbnailUrl\":\"https:\/\/hoomei.fr\/wp-content\/uploads\/2025\/01\/oreill-11.png\",\"datePublished\":\"2025-01-07T20:48:32+00:00\",\"dateModified\":\"2025-01-07T20:48:32+00:00\",\"description\":\"Wiederverwendbares Spiralst\u00e4bchen: Reinigen Sie Ihre Ohren sanft und sicher. Ergonomisches Design, austauschbare Spitzen, umweltfreundliche L\u00f6sung.\",\"breadcrumb\":{\"@id\":\"https:\/\/hoomei.fr\/de\/produit\/ohrreiniger-360-spirale-wiederverwendbar\/#breadcrumb\"},\"inLanguage\":\"de\",\"potentialAction\":[{\"@type\":\"ReadAction\",\"target\":[\"https:\/\/hoomei.fr\/de\/produit\/ohrreiniger-360-spirale-wiederverwendbar\/\"]}]},{\"@type\":\"ImageObject\",\"inLanguage\":\"de\",\"@id\":\"https:\/\/hoomei.fr\/de\/produit\/ohrreiniger-360-spirale-wiederverwendbar\/#primaryimage\",\"url\":\"https:\/\/hoomei.fr\/wp-content\/uploads\/2025\/01\/oreill-11.png\",\"contentUrl\":\"https:\/\/hoomei.fr\/wp-content\/uploads\/2025\/01\/oreill-11.png\",\"width\":1080,\"height\":1080},{\"@type\":\"BreadcrumbList\",\"@id\":\"https:\/\/hoomei.fr\/de\/produit\/ohrreiniger-360-spirale-wiederverwendbar\/#breadcrumb\",\"itemListElement\":[{\"@type\":\"ListItem\",\"position\":1,\"name\":\"Accueil\",\"item\":\"https:\/\/hoomei.fr\/de\/\"},{\"@type\":\"ListItem\",\"position\":2,\"name\":\"Shop\",\"item\":\"https:\/\/hoomei.fr\/de\/shop\/\"},{\"@type\":\"ListItem\",\"position\":3,\"name\":\"Ohrreiniger 360 Spirale wiederverwendbar\"}]},{\"@type\":\"WebSite\",\"@id\":\"https:\/\/hoomei.fr\/de\/#website\",\"url\":\"https:\/\/hoomei.fr\/de\/\",\"name\":\"Hoomei\",\"description\":\"Votre Routine R\u00e9invent\u00e9e\",\"publisher\":{\"@id\":\"https:\/\/hoomei.fr\/de\/#\/schema\/person\/8cfb2570bae5452af0aefde1cfdc78b4\"},\"potentialAction\":[{\"@type\":\"SearchAction\",\"target\":{\"@type\":\"EntryPoint\",\"urlTemplate\":\"https:\/\/hoomei.fr\/de\/?s={search_term_string}\"},\"query-input\":{\"@type\":\"PropertyValueSpecification\",\"valueRequired\":true,\"valueName\":\"search_term_string\"}}],\"inLanguage\":\"de\"},{\"@type\":[\"Person\",\"Organization\"],\"@id\":\"https:\/\/hoomei.fr\/de\/#\/schema\/person\/8cfb2570bae5452af0aefde1cfdc78b4\",\"name\":\"GHULAm WIASS\",\"image\":{\"@type\":\"ImageObject\",\"inLanguage\":\"de\",\"@id\":\"https:\/\/hoomei.fr\/de\/#\/schema\/person\/image\/\",\"url\":\"https:\/\/hoomei.fr\/wp-content\/uploads\/2024\/11\/Design-sans-titre-2024-11-01T212453.191.png\",\"contentUrl\":\"https:\/\/hoomei.fr\/wp-content\/uploads\/2024\/11\/Design-sans-titre-2024-11-01T212453.191.png\",\"width\":436,\"height\":124,\"caption\":\"GHULAm WIASS\"},\"logo\":{\"@id\":\"https:\/\/hoomei.fr\/de\/#\/schema\/person\/image\/\"},\"sameAs\":[\"http:\/\/hoomei.fr\"]}]}<\/script>\n<!-- \/ Yoast SEO plugin. -->","yoast_head_json":{"title":"Ohrreiniger 360 Spirale wiederverwendbar - Hoomei","description":"Wiederverwendbares Spiralst\u00e4bchen: Reinigen Sie Ihre Ohren sanft und sicher. Ergonomisches Design, austauschbare Spitzen, umweltfreundliche L\u00f6sung.","robots":{"index":"index","follow":"follow","max-snippet":"max-snippet:-1","max-image-preview":"max-image-preview:large","max-video-preview":"max-video-preview:-1"},"canonical":"https:\/\/hoomei.fr\/de\/produit\/ohrreiniger-360-spirale-wiederverwendbar\/","og_locale":"de_DE","og_type":"article","og_title":"Ohrreiniger 360 Spirale wiederverwendbar - Hoomei","og_description":"Wiederverwendbares Spiralst\u00e4bchen: Reinigen Sie Ihre Ohren sanft und sicher. Ergonomisches Design, austauschbare Spitzen, umweltfreundliche L\u00f6sung.","og_url":"https:\/\/hoomei.fr\/de\/produit\/ohrreiniger-360-spirale-wiederverwendbar\/","og_site_name":"Hoomei","og_image":[{"width":1080,"height":1080,"url":"https:\/\/hoomei.fr\/wp-content\/uploads\/2025\/01\/oreill-11.png","type":"image\/png"}],"twitter_card":"summary_large_image","twitter_misc":{"Gesch\u00e4tzte Lesezeit":"1\u00a0Minute"},"schema":{"@context":"https:\/\/schema.org","@graph":[{"@type":"WebPage","@id":"https:\/\/hoomei.fr\/de\/produit\/ohrreiniger-360-spirale-wiederverwendbar\/","url":"https:\/\/hoomei.fr\/de\/produit\/ohrreiniger-360-spirale-wiederverwendbar\/","name":"Ohrreiniger 360 Spirale wiederverwendbar - Hoomei","isPartOf":{"@id":"https:\/\/hoomei.fr\/de\/#website"},"primaryImageOfPage":{"@id":"https:\/\/hoomei.fr\/de\/produit\/ohrreiniger-360-spirale-wiederverwendbar\/#primaryimage"},"image":{"@id":"https:\/\/hoomei.fr\/de\/produit\/ohrreiniger-360-spirale-wiederverwendbar\/#primaryimage"},"thumbnailUrl":"https:\/\/hoomei.fr\/wp-content\/uploads\/2025\/01\/oreill-11.png","datePublished":"2025-01-07T20:48:32+00:00","dateModified":"2025-01-07T20:48:32+00:00","description":"Wiederverwendbares Spiralst\u00e4bchen: Reinigen Sie Ihre Ohren sanft und sicher. Ergonomisches Design, austauschbare Spitzen, umweltfreundliche L\u00f6sung.","breadcrumb":{"@id":"https:\/\/hoomei.fr\/de\/produit\/ohrreiniger-360-spirale-wiederverwendbar\/#breadcrumb"},"inLanguage":"de","potentialAction":[{"@type":"ReadAction","target":["https:\/\/hoomei.fr\/de\/produit\/ohrreiniger-360-spirale-wiederverwendbar\/"]}]},{"@type":"ImageObject","inLanguage":"de","@id":"https:\/\/hoomei.fr\/de\/produit\/ohrreiniger-360-spirale-wiederverwendbar\/#primaryimage","url":"https:\/\/hoomei.fr\/wp-content\/uploads\/2025\/01\/oreill-11.png","contentUrl":"https:\/\/hoomei.fr\/wp-content\/uploads\/2025\/01\/oreill-11.png","width":1080,"height":1080},{"@type":"BreadcrumbList","@id":"https:\/\/hoomei.fr\/de\/produit\/ohrreiniger-360-spirale-wiederverwendbar\/#breadcrumb","itemListElement":[{"@type":"ListItem","position":1,"name":"Accueil","item":"https:\/\/hoomei.fr\/de\/"},{"@type":"ListItem","position":2,"name":"Shop","item":"https:\/\/hoomei.fr\/de\/shop\/"},{"@type":"ListItem","position":3,"name":"Ohrreiniger 360 Spirale wiederverwendbar"}]},{"@type":"WebSite","@id":"https:\/\/hoomei.fr\/de\/#website","url":"https:\/\/hoomei.fr\/de\/","name":"Hoomei","description":"Votre Routine R\u00e9invent\u00e9e","publisher":{"@id":"https:\/\/hoomei.fr\/de\/#\/schema\/person\/8cfb2570bae5452af0aefde1cfdc78b4"},"potentialAction":[{"@type":"SearchAction","target":{"@type":"EntryPoint","urlTemplate":"https:\/\/hoomei.fr\/de\/?s={search_term_string}"},"query-input":{"@type":"PropertyValueSpecification","valueRequired":true,"valueName":"search_term_string"}}],"inLanguage":"de"},{"@type":["Person","Organization"],"@id":"https:\/\/hoomei.fr\/de\/#\/schema\/person\/8cfb2570bae5452af0aefde1cfdc78b4","name":"GHULAm WIASS","image":{"@type":"ImageObject","inLanguage":"de","@id":"https:\/\/hoomei.fr\/de\/#\/schema\/person\/image\/","url":"https:\/\/hoomei.fr\/wp-content\/uploads\/2024\/11\/Design-sans-titre-2024-11-01T212453.191.png","contentUrl":"https:\/\/hoomei.fr\/wp-content\/uploads\/2024\/11\/Design-sans-titre-2024-11-01T212453.191.png","width":436,"height":124,"caption":"GHULAm WIASS"},"logo":{"@id":"https:\/\/hoomei.fr\/de\/#\/schema\/person\/image\/"},"sameAs":["http:\/\/hoomei.fr"]}]}},"_links":{"self":[{"href":"https:\/\/hoomei.fr\/de\/wp-json\/wp\/v2\/product\/9629"}],"collection":[{"href":"https:\/\/hoomei.fr\/de\/wp-json\/wp\/v2\/product"}],"about":[{"href":"https:\/\/hoomei.fr\/de\/wp-json\/wp\/v2\/types\/product"}],"wp:featuredmedia":[{"embeddable":true,"href":"https:\/\/hoomei.fr\/de\/wp-json\/wp\/v2\/media\/8762"}],"wp:attachment":[{"href":"https:\/\/hoomei.fr\/de\/wp-json\/wp\/v2\/media?parent=9629"}],"wp:term":[{"taxonomy":"product_cat","embeddable":true,"href":"https:\/\/hoomei.fr\/de\/wp-json\/wp\/v2\/product_cat?post=9629"},{"taxonomy":"product_tag","embeddable":true,"href":"https:\/\/hoomei.fr\/de\/wp-json\/wp\/v2\/product_tag?post=9629"}],"curies":[{"name":"wp","href":"https:\/\/api.w.org\/{rel}","templated":true}]}}