{"id":9627,"date":"2025-01-07T21:43:28","date_gmt":"2025-01-07T21:43:28","guid":{"rendered":"https:\/\/hoomei.fr\/produit\/beruhigende-augenmaske-aloe-vera-collagen\/"},"modified":"2025-01-07T21:43:28","modified_gmt":"2025-01-07T21:43:28","slug":"beruhigende-augenmaske-aloe-vera-collagen","status":"publish","type":"product","link":"https:\/\/hoomei.fr\/de\/produit\/beruhigende-augenmaske-aloe-vera-collagen\/","title":{"rendered":"Beruhigende Augenmaske Aloe Vera Collagen"},"content":{"rendered":"<p>G\u00f6nnen Sie Ihren Augen die Pflege, die sie verdienen mit der <strong>Aloe Vera Collagen Beruhigenden Augenmaske<\/strong>! Diese Maske wurde mit den kraftvollen Eigenschaften von Aloe Vera und Kollagen entwickelt und richtet sich gegen die Sorgen um die Augenpartie: Augenringe, Schwellungen und feine Falten. Erhalten Sie eine strahlende, hydratisierte und verj\u00fcngte Haut. Ihr perfekter Verb\u00fcndeter f\u00fcr einen frischen und strahlenden Blick!  <\/p>\n<h3>Warum sollten Sie sich f\u00fcr die Aloe Vera Collagen Augenmaske entscheiden?<\/h3>\n<ol>\n<li><strong>98% nat\u00fcrliche Inhaltsstoffe:<\/strong> F\u00fcr alle Hauttypen geeignet mit einer sanften und wirksamen Formel.<\/li>\n<li><strong>Klinisch nachgewiesene Ergebnisse:<\/strong> 93,46% der Anwender bemerkten eine straffere Haut, 82,81% einen strahlenderen Blick und 84,20% eine glattere Textur.<\/li>\n<li><strong>Einfach zu verwenden :<\/strong> Schnelle und m\u00fchelose Anwendung &#8211; auflegen, entspannen und einwirken lassen.<\/li>\n<li><strong>Praktische Verpackung:<\/strong> Kompaktes Format, ideal f\u00fcr die Reise, damit Sie Ihre Pflegeroutine nie verpassen.<\/li>\n<\/ol>\n<h3><strong>Gehen Sie nicht vorbei!<\/strong><\/h3>\n<p>Verabschieden Sie sich von der morgendlichen Ausstrahlung! Wenn Sie die Sadoer-Maske nicht benutzen, riskieren Sie einen m\u00fcden und fahlen Blick, obwohl diese Behandlung eine einfache und effektive L\u00f6sung bietet, um Ihr Gesicht jeden Tag zum Strahlen zu bringen. Ihre Augen verdienen mehr!<\/p>\n","protected":false},"excerpt":{"rendered":"<p>G\u00f6nnen Sie Ihren Augen die Pflege, die sie verdienen mit der <strong>Aloe Vera Collagen Beruhigenden Augenmaske<\/strong>! Diese Maske wurde mit den kraftvollen Eigenschaften von Aloe Vera und Kollagen entwickelt und richtet sich gegen die Sorgen um die Augenpartie: Augenringe, Schwellungen und feine Falten. Erhalten Sie eine strahlende, hydratisierte und verj\u00fcngte Haut. Ihr perfekter Verb\u00fcndeter f\u00fcr einen frischen und strahlenden Blick!  <\/p>\n<h3>Warum sollten Sie sich f\u00fcr die Aloe Vera Collagen Augenmaske entscheiden?<\/h3>\n<ol>\n<li><strong>98% nat\u00fcrliche Inhaltsstoffe:<\/strong> F\u00fcr alle Hauttypen geeignet mit einer sanften und wirksamen Formel.<\/li>\n<li><strong>Klinisch nachgewiesene Ergebnisse:<\/strong> 93,46% der Anwender bemerkten eine straffere Haut, 82,81% einen strahlenderen Blick und 84,20% eine glattere Textur.<\/li>\n<li><strong>Einfach zu verwenden :<\/strong> Schnelle und m\u00fchelose Anwendung &#8211; auflegen, entspannen und einwirken lassen.<\/li>\n<li><strong>Praktische Verpackung:<\/strong> Kompaktes Format, ideal f\u00fcr die Reise, damit Sie Ihre Pflegeroutine nie verpassen.<\/li>\n<\/ol>\n","protected":false},"featured_media":8958,"template":"","meta":{"_acf_changed":false,"ub_ctt_via":"","_monsterinsights_skip_tracking":false,"_monsterinsights_sitenote_active":false,"_monsterinsights_sitenote_note":"","_monsterinsights_sitenote_category":0},"product_cat":[276],"product_tag":[],"class_list":{"0":"post-9627","1":"product","2":"type-product","3":"status-publish","4":"has-post-thumbnail","6":"product_cat-strahlender-blick","8":"first","9":"instock","10":"shipping-taxable","11":"purchasable","12":"product-type-simple"},"acf":[],"yoast_head":"<!-- This site is optimized with the Yoast SEO plugin v23.8 - https:\/\/yoast.com\/wordpress\/plugins\/seo\/ -->\n<title>Beruhigende Augenmaske Aloe Vera Collagen - Hoomei<\/title>\n<meta name=\"description\" content=\"Pflegen Sie Ihre Augen mit der Aloe Vera Collagen Maske. Sie spendet Feuchtigkeit, reduziert Augenringe und mildert Falten. Eine wichtige Pflege.\" \/>\n<meta name=\"robots\" content=\"index, follow, max-snippet:-1, max-image-preview:large, max-video-preview:-1\" \/>\n<link rel=\"canonical\" href=\"https:\/\/hoomei.fr\/de\/produit\/beruhigende-augenmaske-aloe-vera-collagen\/\" \/>\n<meta property=\"og:locale\" content=\"de_DE\" \/>\n<meta property=\"og:type\" content=\"article\" \/>\n<meta property=\"og:title\" content=\"Beruhigende Augenmaske Aloe Vera Collagen - Hoomei\" \/>\n<meta property=\"og:description\" content=\"Pflegen Sie Ihre Augen mit der Aloe Vera Collagen Maske. Sie spendet Feuchtigkeit, reduziert Augenringe und mildert Falten. Eine wichtige Pflege.\" \/>\n<meta property=\"og:url\" content=\"https:\/\/hoomei.fr\/de\/produit\/beruhigende-augenmaske-aloe-vera-collagen\/\" \/>\n<meta property=\"og:site_name\" content=\"Hoomei\" \/>\n<meta property=\"og:image\" content=\"https:\/\/hoomei.fr\/wp-content\/uploads\/2025\/01\/oreill-20.png\" \/>\n\t<meta property=\"og:image:width\" content=\"1080\" \/>\n\t<meta property=\"og:image:height\" content=\"1080\" \/>\n\t<meta property=\"og:image:type\" content=\"image\/png\" \/>\n<meta name=\"twitter:card\" content=\"summary_large_image\" \/>\n<meta name=\"twitter:label1\" content=\"Gesch\u00e4tzte Lesezeit\" \/>\n\t<meta name=\"twitter:data1\" content=\"1\u00a0Minute\" \/>\n<script type=\"application\/ld+json\" class=\"yoast-schema-graph\">{\"@context\":\"https:\/\/schema.org\",\"@graph\":[{\"@type\":\"WebPage\",\"@id\":\"https:\/\/hoomei.fr\/de\/produit\/beruhigende-augenmaske-aloe-vera-collagen\/\",\"url\":\"https:\/\/hoomei.fr\/de\/produit\/beruhigende-augenmaske-aloe-vera-collagen\/\",\"name\":\"Beruhigende Augenmaske Aloe Vera Collagen - Hoomei\",\"isPartOf\":{\"@id\":\"https:\/\/hoomei.fr\/de\/#website\"},\"primaryImageOfPage\":{\"@id\":\"https:\/\/hoomei.fr\/de\/produit\/beruhigende-augenmaske-aloe-vera-collagen\/#primaryimage\"},\"image\":{\"@id\":\"https:\/\/hoomei.fr\/de\/produit\/beruhigende-augenmaske-aloe-vera-collagen\/#primaryimage\"},\"thumbnailUrl\":\"https:\/\/hoomei.fr\/wp-content\/uploads\/2025\/01\/oreill-20.png\",\"datePublished\":\"2025-01-07T21:43:28+00:00\",\"dateModified\":\"2025-01-07T21:43:28+00:00\",\"description\":\"Pflegen Sie Ihre Augen mit der Aloe Vera Collagen Maske. Sie spendet Feuchtigkeit, reduziert Augenringe und mildert Falten. Eine wichtige Pflege.\",\"breadcrumb\":{\"@id\":\"https:\/\/hoomei.fr\/de\/produit\/beruhigende-augenmaske-aloe-vera-collagen\/#breadcrumb\"},\"inLanguage\":\"de\",\"potentialAction\":[{\"@type\":\"ReadAction\",\"target\":[\"https:\/\/hoomei.fr\/de\/produit\/beruhigende-augenmaske-aloe-vera-collagen\/\"]}]},{\"@type\":\"ImageObject\",\"inLanguage\":\"de\",\"@id\":\"https:\/\/hoomei.fr\/de\/produit\/beruhigende-augenmaske-aloe-vera-collagen\/#primaryimage\",\"url\":\"https:\/\/hoomei.fr\/wp-content\/uploads\/2025\/01\/oreill-20.png\",\"contentUrl\":\"https:\/\/hoomei.fr\/wp-content\/uploads\/2025\/01\/oreill-20.png\",\"width\":1080,\"height\":1080},{\"@type\":\"BreadcrumbList\",\"@id\":\"https:\/\/hoomei.fr\/de\/produit\/beruhigende-augenmaske-aloe-vera-collagen\/#breadcrumb\",\"itemListElement\":[{\"@type\":\"ListItem\",\"position\":1,\"name\":\"Accueil\",\"item\":\"https:\/\/hoomei.fr\/de\/\"},{\"@type\":\"ListItem\",\"position\":2,\"name\":\"Shop\",\"item\":\"https:\/\/hoomei.fr\/de\/shop\/\"},{\"@type\":\"ListItem\",\"position\":3,\"name\":\"Beruhigende Augenmaske Aloe Vera Collagen\"}]},{\"@type\":\"WebSite\",\"@id\":\"https:\/\/hoomei.fr\/de\/#website\",\"url\":\"https:\/\/hoomei.fr\/de\/\",\"name\":\"Hoomei\",\"description\":\"Votre Routine R\u00e9invent\u00e9e\",\"publisher\":{\"@id\":\"https:\/\/hoomei.fr\/de\/#\/schema\/person\/8cfb2570bae5452af0aefde1cfdc78b4\"},\"potentialAction\":[{\"@type\":\"SearchAction\",\"target\":{\"@type\":\"EntryPoint\",\"urlTemplate\":\"https:\/\/hoomei.fr\/de\/?s={search_term_string}\"},\"query-input\":{\"@type\":\"PropertyValueSpecification\",\"valueRequired\":true,\"valueName\":\"search_term_string\"}}],\"inLanguage\":\"de\"},{\"@type\":[\"Person\",\"Organization\"],\"@id\":\"https:\/\/hoomei.fr\/de\/#\/schema\/person\/8cfb2570bae5452af0aefde1cfdc78b4\",\"name\":\"GHULAm WIASS\",\"image\":{\"@type\":\"ImageObject\",\"inLanguage\":\"de\",\"@id\":\"https:\/\/hoomei.fr\/de\/#\/schema\/person\/image\/\",\"url\":\"https:\/\/hoomei.fr\/wp-content\/uploads\/2024\/11\/Design-sans-titre-2024-11-01T212453.191.png\",\"contentUrl\":\"https:\/\/hoomei.fr\/wp-content\/uploads\/2024\/11\/Design-sans-titre-2024-11-01T212453.191.png\",\"width\":436,\"height\":124,\"caption\":\"GHULAm WIASS\"},\"logo\":{\"@id\":\"https:\/\/hoomei.fr\/de\/#\/schema\/person\/image\/\"},\"sameAs\":[\"http:\/\/hoomei.fr\"]}]}<\/script>\n<!-- \/ Yoast SEO plugin. -->","yoast_head_json":{"title":"Beruhigende Augenmaske Aloe Vera Collagen - Hoomei","description":"Pflegen Sie Ihre Augen mit der Aloe Vera Collagen Maske. Sie spendet Feuchtigkeit, reduziert Augenringe und mildert Falten. Eine wichtige Pflege.","robots":{"index":"index","follow":"follow","max-snippet":"max-snippet:-1","max-image-preview":"max-image-preview:large","max-video-preview":"max-video-preview:-1"},"canonical":"https:\/\/hoomei.fr\/de\/produit\/beruhigende-augenmaske-aloe-vera-collagen\/","og_locale":"de_DE","og_type":"article","og_title":"Beruhigende Augenmaske Aloe Vera Collagen - Hoomei","og_description":"Pflegen Sie Ihre Augen mit der Aloe Vera Collagen Maske. Sie spendet Feuchtigkeit, reduziert Augenringe und mildert Falten. Eine wichtige Pflege.","og_url":"https:\/\/hoomei.fr\/de\/produit\/beruhigende-augenmaske-aloe-vera-collagen\/","og_site_name":"Hoomei","og_image":[{"width":1080,"height":1080,"url":"https:\/\/hoomei.fr\/wp-content\/uploads\/2025\/01\/oreill-20.png","type":"image\/png"}],"twitter_card":"summary_large_image","twitter_misc":{"Gesch\u00e4tzte Lesezeit":"1\u00a0Minute"},"schema":{"@context":"https:\/\/schema.org","@graph":[{"@type":"WebPage","@id":"https:\/\/hoomei.fr\/de\/produit\/beruhigende-augenmaske-aloe-vera-collagen\/","url":"https:\/\/hoomei.fr\/de\/produit\/beruhigende-augenmaske-aloe-vera-collagen\/","name":"Beruhigende Augenmaske Aloe Vera Collagen - Hoomei","isPartOf":{"@id":"https:\/\/hoomei.fr\/de\/#website"},"primaryImageOfPage":{"@id":"https:\/\/hoomei.fr\/de\/produit\/beruhigende-augenmaske-aloe-vera-collagen\/#primaryimage"},"image":{"@id":"https:\/\/hoomei.fr\/de\/produit\/beruhigende-augenmaske-aloe-vera-collagen\/#primaryimage"},"thumbnailUrl":"https:\/\/hoomei.fr\/wp-content\/uploads\/2025\/01\/oreill-20.png","datePublished":"2025-01-07T21:43:28+00:00","dateModified":"2025-01-07T21:43:28+00:00","description":"Pflegen Sie Ihre Augen mit der Aloe Vera Collagen Maske. Sie spendet Feuchtigkeit, reduziert Augenringe und mildert Falten. Eine wichtige Pflege.","breadcrumb":{"@id":"https:\/\/hoomei.fr\/de\/produit\/beruhigende-augenmaske-aloe-vera-collagen\/#breadcrumb"},"inLanguage":"de","potentialAction":[{"@type":"ReadAction","target":["https:\/\/hoomei.fr\/de\/produit\/beruhigende-augenmaske-aloe-vera-collagen\/"]}]},{"@type":"ImageObject","inLanguage":"de","@id":"https:\/\/hoomei.fr\/de\/produit\/beruhigende-augenmaske-aloe-vera-collagen\/#primaryimage","url":"https:\/\/hoomei.fr\/wp-content\/uploads\/2025\/01\/oreill-20.png","contentUrl":"https:\/\/hoomei.fr\/wp-content\/uploads\/2025\/01\/oreill-20.png","width":1080,"height":1080},{"@type":"BreadcrumbList","@id":"https:\/\/hoomei.fr\/de\/produit\/beruhigende-augenmaske-aloe-vera-collagen\/#breadcrumb","itemListElement":[{"@type":"ListItem","position":1,"name":"Accueil","item":"https:\/\/hoomei.fr\/de\/"},{"@type":"ListItem","position":2,"name":"Shop","item":"https:\/\/hoomei.fr\/de\/shop\/"},{"@type":"ListItem","position":3,"name":"Beruhigende Augenmaske Aloe Vera Collagen"}]},{"@type":"WebSite","@id":"https:\/\/hoomei.fr\/de\/#website","url":"https:\/\/hoomei.fr\/de\/","name":"Hoomei","description":"Votre Routine R\u00e9invent\u00e9e","publisher":{"@id":"https:\/\/hoomei.fr\/de\/#\/schema\/person\/8cfb2570bae5452af0aefde1cfdc78b4"},"potentialAction":[{"@type":"SearchAction","target":{"@type":"EntryPoint","urlTemplate":"https:\/\/hoomei.fr\/de\/?s={search_term_string}"},"query-input":{"@type":"PropertyValueSpecification","valueRequired":true,"valueName":"search_term_string"}}],"inLanguage":"de"},{"@type":["Person","Organization"],"@id":"https:\/\/hoomei.fr\/de\/#\/schema\/person\/8cfb2570bae5452af0aefde1cfdc78b4","name":"GHULAm WIASS","image":{"@type":"ImageObject","inLanguage":"de","@id":"https:\/\/hoomei.fr\/de\/#\/schema\/person\/image\/","url":"https:\/\/hoomei.fr\/wp-content\/uploads\/2024\/11\/Design-sans-titre-2024-11-01T212453.191.png","contentUrl":"https:\/\/hoomei.fr\/wp-content\/uploads\/2024\/11\/Design-sans-titre-2024-11-01T212453.191.png","width":436,"height":124,"caption":"GHULAm WIASS"},"logo":{"@id":"https:\/\/hoomei.fr\/de\/#\/schema\/person\/image\/"},"sameAs":["http:\/\/hoomei.fr"]}]}},"_links":{"self":[{"href":"https:\/\/hoomei.fr\/de\/wp-json\/wp\/v2\/product\/9627"}],"collection":[{"href":"https:\/\/hoomei.fr\/de\/wp-json\/wp\/v2\/product"}],"about":[{"href":"https:\/\/hoomei.fr\/de\/wp-json\/wp\/v2\/types\/product"}],"wp:featuredmedia":[{"embeddable":true,"href":"https:\/\/hoomei.fr\/de\/wp-json\/wp\/v2\/media\/8958"}],"wp:attachment":[{"href":"https:\/\/hoomei.fr\/de\/wp-json\/wp\/v2\/media?parent=9627"}],"wp:term":[{"taxonomy":"product_cat","embeddable":true,"href":"https:\/\/hoomei.fr\/de\/wp-json\/wp\/v2\/product_cat?post=9627"},{"taxonomy":"product_tag","embeddable":true,"href":"https:\/\/hoomei.fr\/de\/wp-json\/wp\/v2\/product_tag?post=9627"}],"curies":[{"name":"wp","href":"https:\/\/api.w.org\/{rel}","templated":true}]}}