{"id":9626,"date":"2025-01-08T10:08:24","date_gmt":"2025-01-08T10:08:24","guid":{"rendered":"https:\/\/hoomei.fr\/produit\/anti-falten-augencreme-mit-360-massage-applikator\/"},"modified":"2025-01-08T10:08:24","modified_gmt":"2025-01-08T10:08:24","slug":"anti-falten-augencreme-mit-360-massage-applikator","status":"publish","type":"product","link":"https:\/\/hoomei.fr\/de\/produit\/anti-falten-augencreme-mit-360-massage-applikator\/","title":{"rendered":"Anti-Falten-Augencreme mit 360\u00b0 Massage-Applikator"},"content":{"rendered":"<p>Bek\u00e4mpfen Sie die Zeichen der Hautalterung und g\u00f6nnen Sie Ihrer Haut eine fachm\u00e4nnische Pflege mit dieser innovativen Augencreme. Die Formel mit <strong>Retinol<\/strong> und Hyalurons\u00e4ure spendet tiefgehende Feuchtigkeit, reduziert feine Linien und strafft die zarte Haut um die Augen. Der massierende Dreikugel-Applikator garantiert ein gleichm\u00e4\u00dfiges Auftragen und eine optimale Aufnahme der Wirkstoffe, w\u00e4hrend er gleichzeitig eine entspannende Wirkung hat. \ud83c\udf3f <\/p>\n<h4><strong>Warum sollten Sie es adoptieren?<\/strong><\/h4>\n<ul>\n<li><strong>Dauerhafte Feuchtigkeitsversorgung:<\/strong> Die Kombination von Hyalurons\u00e4uren mit unterschiedlichen Molek\u00fclgr\u00f6\u00dfen gew\u00e4hrleistet eine Feuchtigkeitsversorgung von der Oberfl\u00e4che bis in die tieferen Schichten.<\/li>\n<li><strong>Gezielte Anti-Falten-Wirkung:<\/strong> Reduziert sichtbar die Zeichen der Hautalterung in wenigen Wochen.<\/li>\n<li><strong>Einfach und hygienisch:<\/strong> Dank des intelligenten Applikators brauchen Sie Ihre Finger nicht zu benutzen.<\/li>\n<li><strong>Tipp: T<\/strong> ragen Sie eine kleine Menge auf und klopfen Sie sie ein, um die Vorteile der Formel zu aktivieren. \ud83d\udc50<\/li>\n<\/ul>\n","protected":false},"excerpt":{"rendered":"<p>Bek\u00e4mpfen Sie die Zeichen der Hautalterung und g\u00f6nnen Sie Ihrer Haut eine fachm\u00e4nnische Pflege mit dieser innovativen Augencreme. Die Formel mit <strong>Retinol<\/strong> und Hyalurons\u00e4ure spendet tiefgehende Feuchtigkeit, reduziert feine Linien und strafft die zarte Haut um die Augen. Der massierende Dreikugel-Applikator garantiert ein gleichm\u00e4\u00dfiges Auftragen und eine optimale Aufnahme der Wirkstoffe, w\u00e4hrend er gleichzeitig eine entspannende Wirkung hat. \ud83c\udf3f <\/p>\n<h4><strong>Warum Adoptieren?<\/strong><\/h4>\n<ul>\n<li><strong>Dauerhafte Feuchtigkeitsversorgung:<\/strong> Die Kombination von Hyalurons\u00e4uren mit unterschiedlichen Molek\u00fclgr\u00f6\u00dfen gew\u00e4hrleistet eine Feuchtigkeitsversorgung von der Oberfl\u00e4che bis in die tieferen Schichten.<\/li>\n<li><strong>Gezielte Anti-Falten-Wirkung:<\/strong> Reduziert sichtbar die Zeichen der Hautalterung in wenigen Wochen.<\/li>\n<li><strong>Einfach und hygienisch:<\/strong> Dank des intelligenten Applikators brauchen Sie Ihre Finger nicht zu benutzen.<\/li>\n<li><strong>Tipp: T<\/strong> ragen Sie eine kleine Menge auf und klopfen Sie sie ein, um die Vorteile der Formel zu aktivieren. \ud83d\udc50<\/li>\n<\/ul>\n<p>&nbsp;<\/p>\n","protected":false},"featured_media":8923,"template":"","meta":{"_acf_changed":false,"ub_ctt_via":"","_monsterinsights_skip_tracking":false,"_monsterinsights_sitenote_active":false,"_monsterinsights_sitenote_note":"","_monsterinsights_sitenote_category":0},"product_cat":[276],"product_tag":[],"class_list":{"0":"post-9626","1":"product","2":"type-product","3":"status-publish","4":"has-post-thumbnail","6":"product_cat-strahlender-blick","8":"first","9":"instock","10":"shipping-taxable","11":"purchasable","12":"product-type-simple"},"acf":[],"yoast_head":"<!-- This site is optimized with the Yoast SEO plugin v23.8 - https:\/\/yoast.com\/wordpress\/plugins\/seo\/ -->\n<title>Anti-Falten-Augencreme mit 360\u00b0 Massage-Applikator - Hoomei<\/title>\n<meta name=\"description\" content=\"Anti-Falten-Augencreme mit 360\u00b0-Massage-Applikator. Spendet Feuchtigkeit, strafft, reduziert feine Linien und sch\u00fctzt vor blauem Licht.\" \/>\n<meta name=\"robots\" content=\"index, follow, max-snippet:-1, max-image-preview:large, max-video-preview:-1\" \/>\n<link rel=\"canonical\" href=\"https:\/\/hoomei.fr\/de\/produit\/anti-falten-augencreme-mit-360-massage-applikator\/\" \/>\n<meta property=\"og:locale\" content=\"de_DE\" \/>\n<meta property=\"og:type\" content=\"article\" \/>\n<meta property=\"og:title\" content=\"Anti-Falten-Augencreme mit 360\u00b0 Massage-Applikator - Hoomei\" \/>\n<meta property=\"og:description\" content=\"Anti-Falten-Augencreme mit 360\u00b0-Massage-Applikator. Spendet Feuchtigkeit, strafft, reduziert feine Linien und sch\u00fctzt vor blauem Licht.\" \/>\n<meta property=\"og:url\" content=\"https:\/\/hoomei.fr\/de\/produit\/anti-falten-augencreme-mit-360-massage-applikator\/\" \/>\n<meta property=\"og:site_name\" content=\"Hoomei\" \/>\n<meta property=\"og:image\" content=\"https:\/\/hoomei.fr\/wp-content\/uploads\/2025\/01\/oreill-12.png\" \/>\n\t<meta property=\"og:image:width\" content=\"1080\" \/>\n\t<meta property=\"og:image:height\" content=\"1080\" \/>\n\t<meta property=\"og:image:type\" content=\"image\/png\" \/>\n<meta name=\"twitter:card\" content=\"summary_large_image\" \/>\n<meta name=\"twitter:label1\" content=\"Gesch\u00e4tzte Lesezeit\" \/>\n\t<meta name=\"twitter:data1\" content=\"1\u00a0Minute\" \/>\n<script type=\"application\/ld+json\" class=\"yoast-schema-graph\">{\"@context\":\"https:\/\/schema.org\",\"@graph\":[{\"@type\":\"WebPage\",\"@id\":\"https:\/\/hoomei.fr\/de\/produit\/anti-falten-augencreme-mit-360-massage-applikator\/\",\"url\":\"https:\/\/hoomei.fr\/de\/produit\/anti-falten-augencreme-mit-360-massage-applikator\/\",\"name\":\"Anti-Falten-Augencreme mit 360\u00b0 Massage-Applikator - Hoomei\",\"isPartOf\":{\"@id\":\"https:\/\/hoomei.fr\/de\/#website\"},\"primaryImageOfPage\":{\"@id\":\"https:\/\/hoomei.fr\/de\/produit\/anti-falten-augencreme-mit-360-massage-applikator\/#primaryimage\"},\"image\":{\"@id\":\"https:\/\/hoomei.fr\/de\/produit\/anti-falten-augencreme-mit-360-massage-applikator\/#primaryimage\"},\"thumbnailUrl\":\"https:\/\/hoomei.fr\/wp-content\/uploads\/2025\/01\/oreill-12.png\",\"datePublished\":\"2025-01-08T10:08:24+00:00\",\"dateModified\":\"2025-01-08T10:08:24+00:00\",\"description\":\"Anti-Falten-Augencreme mit 360\u00b0-Massage-Applikator. Spendet Feuchtigkeit, strafft, reduziert feine Linien und sch\u00fctzt vor blauem Licht.\",\"breadcrumb\":{\"@id\":\"https:\/\/hoomei.fr\/de\/produit\/anti-falten-augencreme-mit-360-massage-applikator\/#breadcrumb\"},\"inLanguage\":\"de\",\"potentialAction\":[{\"@type\":\"ReadAction\",\"target\":[\"https:\/\/hoomei.fr\/de\/produit\/anti-falten-augencreme-mit-360-massage-applikator\/\"]}]},{\"@type\":\"ImageObject\",\"inLanguage\":\"de\",\"@id\":\"https:\/\/hoomei.fr\/de\/produit\/anti-falten-augencreme-mit-360-massage-applikator\/#primaryimage\",\"url\":\"https:\/\/hoomei.fr\/wp-content\/uploads\/2025\/01\/oreill-12.png\",\"contentUrl\":\"https:\/\/hoomei.fr\/wp-content\/uploads\/2025\/01\/oreill-12.png\",\"width\":1080,\"height\":1080},{\"@type\":\"BreadcrumbList\",\"@id\":\"https:\/\/hoomei.fr\/de\/produit\/anti-falten-augencreme-mit-360-massage-applikator\/#breadcrumb\",\"itemListElement\":[{\"@type\":\"ListItem\",\"position\":1,\"name\":\"Accueil\",\"item\":\"https:\/\/hoomei.fr\/de\/\"},{\"@type\":\"ListItem\",\"position\":2,\"name\":\"Shop\",\"item\":\"https:\/\/hoomei.fr\/de\/shop\/\"},{\"@type\":\"ListItem\",\"position\":3,\"name\":\"Anti-Falten-Augencreme mit 360\u00b0 Massage-Applikator\"}]},{\"@type\":\"WebSite\",\"@id\":\"https:\/\/hoomei.fr\/de\/#website\",\"url\":\"https:\/\/hoomei.fr\/de\/\",\"name\":\"Hoomei\",\"description\":\"Votre Routine R\u00e9invent\u00e9e\",\"publisher\":{\"@id\":\"https:\/\/hoomei.fr\/de\/#\/schema\/person\/8cfb2570bae5452af0aefde1cfdc78b4\"},\"potentialAction\":[{\"@type\":\"SearchAction\",\"target\":{\"@type\":\"EntryPoint\",\"urlTemplate\":\"https:\/\/hoomei.fr\/de\/?s={search_term_string}\"},\"query-input\":{\"@type\":\"PropertyValueSpecification\",\"valueRequired\":true,\"valueName\":\"search_term_string\"}}],\"inLanguage\":\"de\"},{\"@type\":[\"Person\",\"Organization\"],\"@id\":\"https:\/\/hoomei.fr\/de\/#\/schema\/person\/8cfb2570bae5452af0aefde1cfdc78b4\",\"name\":\"GHULAm WIASS\",\"image\":{\"@type\":\"ImageObject\",\"inLanguage\":\"de\",\"@id\":\"https:\/\/hoomei.fr\/de\/#\/schema\/person\/image\/\",\"url\":\"https:\/\/hoomei.fr\/wp-content\/uploads\/2024\/11\/Design-sans-titre-2024-11-01T212453.191.png\",\"contentUrl\":\"https:\/\/hoomei.fr\/wp-content\/uploads\/2024\/11\/Design-sans-titre-2024-11-01T212453.191.png\",\"width\":436,\"height\":124,\"caption\":\"GHULAm WIASS\"},\"logo\":{\"@id\":\"https:\/\/hoomei.fr\/de\/#\/schema\/person\/image\/\"},\"sameAs\":[\"http:\/\/hoomei.fr\"]}]}<\/script>\n<!-- \/ Yoast SEO plugin. -->","yoast_head_json":{"title":"Anti-Falten-Augencreme mit 360\u00b0 Massage-Applikator - Hoomei","description":"Anti-Falten-Augencreme mit 360\u00b0-Massage-Applikator. Spendet Feuchtigkeit, strafft, reduziert feine Linien und sch\u00fctzt vor blauem Licht.","robots":{"index":"index","follow":"follow","max-snippet":"max-snippet:-1","max-image-preview":"max-image-preview:large","max-video-preview":"max-video-preview:-1"},"canonical":"https:\/\/hoomei.fr\/de\/produit\/anti-falten-augencreme-mit-360-massage-applikator\/","og_locale":"de_DE","og_type":"article","og_title":"Anti-Falten-Augencreme mit 360\u00b0 Massage-Applikator - Hoomei","og_description":"Anti-Falten-Augencreme mit 360\u00b0-Massage-Applikator. Spendet Feuchtigkeit, strafft, reduziert feine Linien und sch\u00fctzt vor blauem Licht.","og_url":"https:\/\/hoomei.fr\/de\/produit\/anti-falten-augencreme-mit-360-massage-applikator\/","og_site_name":"Hoomei","og_image":[{"width":1080,"height":1080,"url":"https:\/\/hoomei.fr\/wp-content\/uploads\/2025\/01\/oreill-12.png","type":"image\/png"}],"twitter_card":"summary_large_image","twitter_misc":{"Gesch\u00e4tzte Lesezeit":"1\u00a0Minute"},"schema":{"@context":"https:\/\/schema.org","@graph":[{"@type":"WebPage","@id":"https:\/\/hoomei.fr\/de\/produit\/anti-falten-augencreme-mit-360-massage-applikator\/","url":"https:\/\/hoomei.fr\/de\/produit\/anti-falten-augencreme-mit-360-massage-applikator\/","name":"Anti-Falten-Augencreme mit 360\u00b0 Massage-Applikator - Hoomei","isPartOf":{"@id":"https:\/\/hoomei.fr\/de\/#website"},"primaryImageOfPage":{"@id":"https:\/\/hoomei.fr\/de\/produit\/anti-falten-augencreme-mit-360-massage-applikator\/#primaryimage"},"image":{"@id":"https:\/\/hoomei.fr\/de\/produit\/anti-falten-augencreme-mit-360-massage-applikator\/#primaryimage"},"thumbnailUrl":"https:\/\/hoomei.fr\/wp-content\/uploads\/2025\/01\/oreill-12.png","datePublished":"2025-01-08T10:08:24+00:00","dateModified":"2025-01-08T10:08:24+00:00","description":"Anti-Falten-Augencreme mit 360\u00b0-Massage-Applikator. Spendet Feuchtigkeit, strafft, reduziert feine Linien und sch\u00fctzt vor blauem Licht.","breadcrumb":{"@id":"https:\/\/hoomei.fr\/de\/produit\/anti-falten-augencreme-mit-360-massage-applikator\/#breadcrumb"},"inLanguage":"de","potentialAction":[{"@type":"ReadAction","target":["https:\/\/hoomei.fr\/de\/produit\/anti-falten-augencreme-mit-360-massage-applikator\/"]}]},{"@type":"ImageObject","inLanguage":"de","@id":"https:\/\/hoomei.fr\/de\/produit\/anti-falten-augencreme-mit-360-massage-applikator\/#primaryimage","url":"https:\/\/hoomei.fr\/wp-content\/uploads\/2025\/01\/oreill-12.png","contentUrl":"https:\/\/hoomei.fr\/wp-content\/uploads\/2025\/01\/oreill-12.png","width":1080,"height":1080},{"@type":"BreadcrumbList","@id":"https:\/\/hoomei.fr\/de\/produit\/anti-falten-augencreme-mit-360-massage-applikator\/#breadcrumb","itemListElement":[{"@type":"ListItem","position":1,"name":"Accueil","item":"https:\/\/hoomei.fr\/de\/"},{"@type":"ListItem","position":2,"name":"Shop","item":"https:\/\/hoomei.fr\/de\/shop\/"},{"@type":"ListItem","position":3,"name":"Anti-Falten-Augencreme mit 360\u00b0 Massage-Applikator"}]},{"@type":"WebSite","@id":"https:\/\/hoomei.fr\/de\/#website","url":"https:\/\/hoomei.fr\/de\/","name":"Hoomei","description":"Votre Routine R\u00e9invent\u00e9e","publisher":{"@id":"https:\/\/hoomei.fr\/de\/#\/schema\/person\/8cfb2570bae5452af0aefde1cfdc78b4"},"potentialAction":[{"@type":"SearchAction","target":{"@type":"EntryPoint","urlTemplate":"https:\/\/hoomei.fr\/de\/?s={search_term_string}"},"query-input":{"@type":"PropertyValueSpecification","valueRequired":true,"valueName":"search_term_string"}}],"inLanguage":"de"},{"@type":["Person","Organization"],"@id":"https:\/\/hoomei.fr\/de\/#\/schema\/person\/8cfb2570bae5452af0aefde1cfdc78b4","name":"GHULAm WIASS","image":{"@type":"ImageObject","inLanguage":"de","@id":"https:\/\/hoomei.fr\/de\/#\/schema\/person\/image\/","url":"https:\/\/hoomei.fr\/wp-content\/uploads\/2024\/11\/Design-sans-titre-2024-11-01T212453.191.png","contentUrl":"https:\/\/hoomei.fr\/wp-content\/uploads\/2024\/11\/Design-sans-titre-2024-11-01T212453.191.png","width":436,"height":124,"caption":"GHULAm WIASS"},"logo":{"@id":"https:\/\/hoomei.fr\/de\/#\/schema\/person\/image\/"},"sameAs":["http:\/\/hoomei.fr"]}]}},"_links":{"self":[{"href":"https:\/\/hoomei.fr\/de\/wp-json\/wp\/v2\/product\/9626"}],"collection":[{"href":"https:\/\/hoomei.fr\/de\/wp-json\/wp\/v2\/product"}],"about":[{"href":"https:\/\/hoomei.fr\/de\/wp-json\/wp\/v2\/types\/product"}],"wp:featuredmedia":[{"embeddable":true,"href":"https:\/\/hoomei.fr\/de\/wp-json\/wp\/v2\/media\/8923"}],"wp:attachment":[{"href":"https:\/\/hoomei.fr\/de\/wp-json\/wp\/v2\/media?parent=9626"}],"wp:term":[{"taxonomy":"product_cat","embeddable":true,"href":"https:\/\/hoomei.fr\/de\/wp-json\/wp\/v2\/product_cat?post=9626"},{"taxonomy":"product_tag","embeddable":true,"href":"https:\/\/hoomei.fr\/de\/wp-json\/wp\/v2\/product_tag?post=9626"}],"curies":[{"name":"wp","href":"https:\/\/api.w.org\/{rel}","templated":true}]}}