{"id":9625,"date":"2025-01-08T10:09:16","date_gmt":"2025-01-08T10:09:16","guid":{"rendered":"https:\/\/hoomei.fr\/produit\/multifunktionale-waermende-augenmassagemaske\/"},"modified":"2025-01-08T10:09:16","modified_gmt":"2025-01-08T10:09:16","slug":"multifunktionale-waermende-augenmassagemaske","status":"publish","type":"product","link":"https:\/\/hoomei.fr\/de\/produit\/multifunktionale-waermende-augenmassagemaske\/","title":{"rendered":"Multifunktionale w\u00e4rmende Augenmassagemaske"},"content":{"rendered":"<div>G\u00f6nnen Sie Ihren Augen eine hochwertige Pflege mit dieser multifunktionalen, w\u00e4rmenden Massagemaske. Ausgestattet mit der fortschrittlichen Technologie einer warmen Kompresse mit konstanter Temperatur und einer Luftdruckmassage, lindert diese Maske effektiv die Erm\u00fcdung der Augen, verbessert die Blutzirkulation und reduziert Verspannungen. Dank der integrierten Bluetooth-Konnektivit\u00e4t k\u00f6nnen Sie Ihre Lieblingsmusik genie\u00dfen, w\u00e4hrend Sie sich entspannen. Die Maske ist kompakt und faltbar und somit ideal f\u00fcr zu Hause, im B\u00fcro oder auf Reisen.   <\/div>\n<div>\n<h4><strong>Warum sollten Sie diese Maske w\u00e4hlen?<\/strong><\/h4>\n<ul>\n<li><strong>Sofortige Entspannung: Ent<\/strong> lastet m\u00fcde Augen, die durch Bildschirme und lange Arbeitszeiten verursacht werden.<\/li>\n<li><strong>Entspannende Musik :<\/strong> Schaffen Sie eine perfekte Atmosph\u00e4re mit Ihrer Lieblingsmusik.<\/li>\n<li><strong>Vielseitig:<\/strong> Ideal bei t\u00e4glichem Stress, Migr\u00e4ne oder einfach zur Entspannung.<\/li>\n<li><strong>Tipp:<\/strong> Verwenden Sie es nach einem langen Tag f\u00fcr einen Moment reinen Wohlbefindens. \ud83c\udfb5<\/li>\n<\/ul>\n<\/div>\n<div><\/div>\n<div>\n<h3><strong>\ud83d\udea8 Gehen Sie nicht vorbei!<\/strong><\/h3>\n<p>Sollen Sie weiterhin unter m\u00fcden Augen, dunklen Ringen oder Migr\u00e4ne leiden, wenn diese Maske Ihren Alltag ver\u00e4ndern kann? Das w\u00e4re ein Bedauern, das Ihre Augen nicht verdienen. Handeln Sie jetzt, um etwas f\u00fcr Ihre Augengesundheit zu tun!  <\/p>\n<\/div>\n","protected":false},"excerpt":{"rendered":"<div>G\u00f6nnen Sie Ihren Augen eine hochwertige Pflege mit dieser multifunktionalen, w\u00e4rmenden Massagemaske. Ausgestattet mit der fortschrittlichen Technologie einer warmen Kompresse mit konstanter Temperatur und einer Luftdruckmassage, lindert diese Maske effektiv die Erm\u00fcdung der Augen, verbessert die Blutzirkulation und reduziert Verspannungen. Dank der integrierten Bluetooth-Konnektivit\u00e4t k\u00f6nnen Sie Ihre Lieblingsmusik genie\u00dfen, w\u00e4hrend Sie sich entspannen. Die Maske ist kompakt und faltbar und somit ideal f\u00fcr zu Hause, im B\u00fcro oder auf Reisen.   <\/div>\n<div>\n<h4><strong>Warum sollten Sie diese Maske w\u00e4hlen?<\/strong><\/h4>\n<ul>\n<li><strong>Sofortige Entspannung: Ent<\/strong> lastet m\u00fcde Augen, die durch Bildschirme und lange Arbeitszeiten verursacht werden.<\/li>\n<li><strong>Entspannende Musik :<\/strong> Schaffen Sie eine perfekte Atmosph\u00e4re mit Ihrer Lieblingsmusik.<\/li>\n<li><strong>Vielseitig:<\/strong> Ideal bei t\u00e4glichem Stress, Migr\u00e4ne oder einfach zur Entspannung.<\/li>\n<li><strong>Tipp:<\/strong> Verwenden Sie es nach einem langen Tag f\u00fcr einen Moment reinen Wohlbefindens. \ud83c\udfb5<\/li>\n<\/ul>\n<\/div>\n","protected":false},"featured_media":8979,"template":"","meta":{"_acf_changed":false,"ub_ctt_via":"","_monsterinsights_skip_tracking":false,"_monsterinsights_sitenote_active":false,"_monsterinsights_sitenote_note":"","_monsterinsights_sitenote_category":0},"product_cat":[276],"product_tag":[],"class_list":{"0":"post-9625","1":"product","2":"type-product","3":"status-publish","4":"has-post-thumbnail","6":"product_cat-strahlender-blick","8":"first","9":"instock","10":"shipping-taxable","11":"purchasable","12":"product-type-simple"},"acf":[],"yoast_head":"<!-- This site is optimized with the Yoast SEO plugin v23.8 - https:\/\/yoast.com\/wordpress\/plugins\/seo\/ -->\n<title>Multifunktionale w\u00e4rmende Augenmassagemaske - Hoomei<\/title>\n<meta name=\"description\" content=\"Diese holistische Augenmassagemaske wird Ihre Augen entlasten und verf\u00fcgt \u00fcber eine integrierte Bluetooth-Verbindung. Sie ist kompakt und faltbar und somit perfekt f\u00fcr zu Hause geeignet.\" \/>\n<meta name=\"robots\" content=\"index, follow, max-snippet:-1, max-image-preview:large, max-video-preview:-1\" \/>\n<link rel=\"canonical\" href=\"https:\/\/hoomei.fr\/de\/produit\/multifunktionale-waermende-augenmassagemaske\/\" \/>\n<meta property=\"og:locale\" content=\"de_DE\" \/>\n<meta property=\"og:type\" content=\"article\" \/>\n<meta property=\"og:title\" content=\"Multifunktionale w\u00e4rmende Augenmassagemaske - Hoomei\" \/>\n<meta property=\"og:description\" content=\"Diese holistische Augenmassagemaske wird Ihre Augen entlasten und verf\u00fcgt \u00fcber eine integrierte Bluetooth-Verbindung. Sie ist kompakt und faltbar und somit perfekt f\u00fcr zu Hause geeignet.\" \/>\n<meta property=\"og:url\" content=\"https:\/\/hoomei.fr\/de\/produit\/multifunktionale-waermende-augenmassagemaske\/\" \/>\n<meta property=\"og:site_name\" content=\"Hoomei\" \/>\n<meta property=\"og:image\" content=\"https:\/\/hoomei.fr\/wp-content\/uploads\/2025\/01\/oreill-21.png\" \/>\n\t<meta property=\"og:image:width\" content=\"1080\" \/>\n\t<meta property=\"og:image:height\" content=\"1080\" \/>\n\t<meta property=\"og:image:type\" content=\"image\/png\" \/>\n<meta name=\"twitter:card\" content=\"summary_large_image\" \/>\n<meta name=\"twitter:label1\" content=\"Gesch\u00e4tzte Lesezeit\" \/>\n\t<meta name=\"twitter:data1\" content=\"1\u00a0Minute\" \/>\n<script type=\"application\/ld+json\" class=\"yoast-schema-graph\">{\"@context\":\"https:\/\/schema.org\",\"@graph\":[{\"@type\":\"WebPage\",\"@id\":\"https:\/\/hoomei.fr\/de\/produit\/multifunktionale-waermende-augenmassagemaske\/\",\"url\":\"https:\/\/hoomei.fr\/de\/produit\/multifunktionale-waermende-augenmassagemaske\/\",\"name\":\"Multifunktionale w\u00e4rmende Augenmassagemaske - Hoomei\",\"isPartOf\":{\"@id\":\"https:\/\/hoomei.fr\/de\/#website\"},\"primaryImageOfPage\":{\"@id\":\"https:\/\/hoomei.fr\/de\/produit\/multifunktionale-waermende-augenmassagemaske\/#primaryimage\"},\"image\":{\"@id\":\"https:\/\/hoomei.fr\/de\/produit\/multifunktionale-waermende-augenmassagemaske\/#primaryimage\"},\"thumbnailUrl\":\"https:\/\/hoomei.fr\/wp-content\/uploads\/2025\/01\/oreill-21.png\",\"datePublished\":\"2025-01-08T10:09:16+00:00\",\"dateModified\":\"2025-01-08T10:09:16+00:00\",\"description\":\"Diese holistische Augenmassagemaske wird Ihre Augen entlasten und verf\u00fcgt \u00fcber eine integrierte Bluetooth-Verbindung. Sie ist kompakt und faltbar und somit perfekt f\u00fcr zu Hause geeignet.\",\"breadcrumb\":{\"@id\":\"https:\/\/hoomei.fr\/de\/produit\/multifunktionale-waermende-augenmassagemaske\/#breadcrumb\"},\"inLanguage\":\"de\",\"potentialAction\":[{\"@type\":\"ReadAction\",\"target\":[\"https:\/\/hoomei.fr\/de\/produit\/multifunktionale-waermende-augenmassagemaske\/\"]}]},{\"@type\":\"ImageObject\",\"inLanguage\":\"de\",\"@id\":\"https:\/\/hoomei.fr\/de\/produit\/multifunktionale-waermende-augenmassagemaske\/#primaryimage\",\"url\":\"https:\/\/hoomei.fr\/wp-content\/uploads\/2025\/01\/oreill-21.png\",\"contentUrl\":\"https:\/\/hoomei.fr\/wp-content\/uploads\/2025\/01\/oreill-21.png\",\"width\":1080,\"height\":1080},{\"@type\":\"BreadcrumbList\",\"@id\":\"https:\/\/hoomei.fr\/de\/produit\/multifunktionale-waermende-augenmassagemaske\/#breadcrumb\",\"itemListElement\":[{\"@type\":\"ListItem\",\"position\":1,\"name\":\"Accueil\",\"item\":\"https:\/\/hoomei.fr\/de\/\"},{\"@type\":\"ListItem\",\"position\":2,\"name\":\"Shop\",\"item\":\"https:\/\/hoomei.fr\/de\/shop\/\"},{\"@type\":\"ListItem\",\"position\":3,\"name\":\"Multifunktionale w\u00e4rmende Augenmassagemaske\"}]},{\"@type\":\"WebSite\",\"@id\":\"https:\/\/hoomei.fr\/de\/#website\",\"url\":\"https:\/\/hoomei.fr\/de\/\",\"name\":\"Hoomei\",\"description\":\"Votre Routine R\u00e9invent\u00e9e\",\"publisher\":{\"@id\":\"https:\/\/hoomei.fr\/de\/#\/schema\/person\/8cfb2570bae5452af0aefde1cfdc78b4\"},\"potentialAction\":[{\"@type\":\"SearchAction\",\"target\":{\"@type\":\"EntryPoint\",\"urlTemplate\":\"https:\/\/hoomei.fr\/de\/?s={search_term_string}\"},\"query-input\":{\"@type\":\"PropertyValueSpecification\",\"valueRequired\":true,\"valueName\":\"search_term_string\"}}],\"inLanguage\":\"de\"},{\"@type\":[\"Person\",\"Organization\"],\"@id\":\"https:\/\/hoomei.fr\/de\/#\/schema\/person\/8cfb2570bae5452af0aefde1cfdc78b4\",\"name\":\"GHULAm WIASS\",\"image\":{\"@type\":\"ImageObject\",\"inLanguage\":\"de\",\"@id\":\"https:\/\/hoomei.fr\/de\/#\/schema\/person\/image\/\",\"url\":\"https:\/\/hoomei.fr\/wp-content\/uploads\/2024\/11\/Design-sans-titre-2024-11-01T212453.191.png\",\"contentUrl\":\"https:\/\/hoomei.fr\/wp-content\/uploads\/2024\/11\/Design-sans-titre-2024-11-01T212453.191.png\",\"width\":436,\"height\":124,\"caption\":\"GHULAm WIASS\"},\"logo\":{\"@id\":\"https:\/\/hoomei.fr\/de\/#\/schema\/person\/image\/\"},\"sameAs\":[\"http:\/\/hoomei.fr\"]}]}<\/script>\n<!-- \/ Yoast SEO plugin. -->","yoast_head_json":{"title":"Multifunktionale w\u00e4rmende Augenmassagemaske - Hoomei","description":"Diese holistische Augenmassagemaske wird Ihre Augen entlasten und verf\u00fcgt \u00fcber eine integrierte Bluetooth-Verbindung. Sie ist kompakt und faltbar und somit perfekt f\u00fcr zu Hause geeignet.","robots":{"index":"index","follow":"follow","max-snippet":"max-snippet:-1","max-image-preview":"max-image-preview:large","max-video-preview":"max-video-preview:-1"},"canonical":"https:\/\/hoomei.fr\/de\/produit\/multifunktionale-waermende-augenmassagemaske\/","og_locale":"de_DE","og_type":"article","og_title":"Multifunktionale w\u00e4rmende Augenmassagemaske - Hoomei","og_description":"Diese holistische Augenmassagemaske wird Ihre Augen entlasten und verf\u00fcgt \u00fcber eine integrierte Bluetooth-Verbindung. Sie ist kompakt und faltbar und somit perfekt f\u00fcr zu Hause geeignet.","og_url":"https:\/\/hoomei.fr\/de\/produit\/multifunktionale-waermende-augenmassagemaske\/","og_site_name":"Hoomei","og_image":[{"width":1080,"height":1080,"url":"https:\/\/hoomei.fr\/wp-content\/uploads\/2025\/01\/oreill-21.png","type":"image\/png"}],"twitter_card":"summary_large_image","twitter_misc":{"Gesch\u00e4tzte Lesezeit":"1\u00a0Minute"},"schema":{"@context":"https:\/\/schema.org","@graph":[{"@type":"WebPage","@id":"https:\/\/hoomei.fr\/de\/produit\/multifunktionale-waermende-augenmassagemaske\/","url":"https:\/\/hoomei.fr\/de\/produit\/multifunktionale-waermende-augenmassagemaske\/","name":"Multifunktionale w\u00e4rmende Augenmassagemaske - Hoomei","isPartOf":{"@id":"https:\/\/hoomei.fr\/de\/#website"},"primaryImageOfPage":{"@id":"https:\/\/hoomei.fr\/de\/produit\/multifunktionale-waermende-augenmassagemaske\/#primaryimage"},"image":{"@id":"https:\/\/hoomei.fr\/de\/produit\/multifunktionale-waermende-augenmassagemaske\/#primaryimage"},"thumbnailUrl":"https:\/\/hoomei.fr\/wp-content\/uploads\/2025\/01\/oreill-21.png","datePublished":"2025-01-08T10:09:16+00:00","dateModified":"2025-01-08T10:09:16+00:00","description":"Diese holistische Augenmassagemaske wird Ihre Augen entlasten und verf\u00fcgt \u00fcber eine integrierte Bluetooth-Verbindung. Sie ist kompakt und faltbar und somit perfekt f\u00fcr zu Hause geeignet.","breadcrumb":{"@id":"https:\/\/hoomei.fr\/de\/produit\/multifunktionale-waermende-augenmassagemaske\/#breadcrumb"},"inLanguage":"de","potentialAction":[{"@type":"ReadAction","target":["https:\/\/hoomei.fr\/de\/produit\/multifunktionale-waermende-augenmassagemaske\/"]}]},{"@type":"ImageObject","inLanguage":"de","@id":"https:\/\/hoomei.fr\/de\/produit\/multifunktionale-waermende-augenmassagemaske\/#primaryimage","url":"https:\/\/hoomei.fr\/wp-content\/uploads\/2025\/01\/oreill-21.png","contentUrl":"https:\/\/hoomei.fr\/wp-content\/uploads\/2025\/01\/oreill-21.png","width":1080,"height":1080},{"@type":"BreadcrumbList","@id":"https:\/\/hoomei.fr\/de\/produit\/multifunktionale-waermende-augenmassagemaske\/#breadcrumb","itemListElement":[{"@type":"ListItem","position":1,"name":"Accueil","item":"https:\/\/hoomei.fr\/de\/"},{"@type":"ListItem","position":2,"name":"Shop","item":"https:\/\/hoomei.fr\/de\/shop\/"},{"@type":"ListItem","position":3,"name":"Multifunktionale w\u00e4rmende Augenmassagemaske"}]},{"@type":"WebSite","@id":"https:\/\/hoomei.fr\/de\/#website","url":"https:\/\/hoomei.fr\/de\/","name":"Hoomei","description":"Votre Routine R\u00e9invent\u00e9e","publisher":{"@id":"https:\/\/hoomei.fr\/de\/#\/schema\/person\/8cfb2570bae5452af0aefde1cfdc78b4"},"potentialAction":[{"@type":"SearchAction","target":{"@type":"EntryPoint","urlTemplate":"https:\/\/hoomei.fr\/de\/?s={search_term_string}"},"query-input":{"@type":"PropertyValueSpecification","valueRequired":true,"valueName":"search_term_string"}}],"inLanguage":"de"},{"@type":["Person","Organization"],"@id":"https:\/\/hoomei.fr\/de\/#\/schema\/person\/8cfb2570bae5452af0aefde1cfdc78b4","name":"GHULAm WIASS","image":{"@type":"ImageObject","inLanguage":"de","@id":"https:\/\/hoomei.fr\/de\/#\/schema\/person\/image\/","url":"https:\/\/hoomei.fr\/wp-content\/uploads\/2024\/11\/Design-sans-titre-2024-11-01T212453.191.png","contentUrl":"https:\/\/hoomei.fr\/wp-content\/uploads\/2024\/11\/Design-sans-titre-2024-11-01T212453.191.png","width":436,"height":124,"caption":"GHULAm WIASS"},"logo":{"@id":"https:\/\/hoomei.fr\/de\/#\/schema\/person\/image\/"},"sameAs":["http:\/\/hoomei.fr"]}]}},"_links":{"self":[{"href":"https:\/\/hoomei.fr\/de\/wp-json\/wp\/v2\/product\/9625"}],"collection":[{"href":"https:\/\/hoomei.fr\/de\/wp-json\/wp\/v2\/product"}],"about":[{"href":"https:\/\/hoomei.fr\/de\/wp-json\/wp\/v2\/types\/product"}],"wp:featuredmedia":[{"embeddable":true,"href":"https:\/\/hoomei.fr\/de\/wp-json\/wp\/v2\/media\/8979"}],"wp:attachment":[{"href":"https:\/\/hoomei.fr\/de\/wp-json\/wp\/v2\/media?parent=9625"}],"wp:term":[{"taxonomy":"product_cat","embeddable":true,"href":"https:\/\/hoomei.fr\/de\/wp-json\/wp\/v2\/product_cat?post=9625"},{"taxonomy":"product_tag","embeddable":true,"href":"https:\/\/hoomei.fr\/de\/wp-json\/wp\/v2\/product_tag?post=9625"}],"curies":[{"name":"wp","href":"https:\/\/api.w.org\/{rel}","templated":true}]}}