{"id":9624,"date":"2025-01-08T10:11:08","date_gmt":"2025-01-08T10:11:08","guid":{"rendered":"https:\/\/hoomei.fr\/produit\/ems-augenmassagemaske-mit-rotlicht\/"},"modified":"2025-01-08T10:11:08","modified_gmt":"2025-01-08T10:11:08","slug":"ems-augenmassagemaske-mit-rotlicht","status":"publish","type":"product","link":"https:\/\/hoomei.fr\/de\/produit\/ems-augenmassagemaske-mit-rotlicht\/","title":{"rendered":"EMS-Augenmassagemaske mit Rotlicht"},"content":{"rendered":"<p>Ver\u00e4ndern Sie Ihre Pflegeroutine mit dieser EMS-Augenmassagemaske mit Rotlicht! Dieses innovative Ger\u00e4t wurde entwickelt, um die Erm\u00fcdung der Augen zu reduzieren, Augenringe zu mildern und die Haut zu straffen. Es nutzt die Technologie der elektrischen Impulse (EMS) und die Rotlichttherapie. Das Ger\u00e4t ist leicht und ergonomisch, bietet optimalen Komfort und eine einfache Bedienung f\u00fcr sichtbare Entspannung und Verj\u00fcngung.  <\/p>\n<h4><strong>Warum sollten Sie diese Augenmassagemaske w\u00e4hlen?<\/strong><\/h4>\n<ul>\n<li><strong>Schnelle Erholung:<\/strong> Ideal, um m\u00fcde Augen nach einem Tag am Bildschirm oder beim Lesen zu entlasten.<\/li>\n<li><strong>Vielseitig verwendbar:<\/strong> Nutzen Sie ihn beim Lesen, Fernsehen oder Entspannen.<\/li>\n<li><strong>Sichtbare Ergebnisse:<\/strong> Verbesserung der Hautstruktur und Reduzierung von Augenringen schon nach den ersten Anwendungen.<\/li>\n<li><strong>Tipp:<\/strong> Verwenden Sie es vor dem Schlafengehen, um eine tiefe entspannende Wirkung zu erzielen. \ud83c\udf19<\/li>\n<\/ul>\n<h3><strong>\ud83d\udea8 Gehen Sie nicht vorbei!<\/strong><\/h3>\n<p>Stellen Sie sich vor, Sie w\u00fcrden weiterhin unter m\u00fcden Augen oder dunklen Ringen leiden, wenn dieses Ger\u00e4t Ihre Routine in nur 10 Minuten pro Tag revolutionieren kann. Wenn Sie dieses Ger\u00e4t nicht kaufen, verpassen Sie die Chance, Tag f\u00fcr Tag einen strahlenden und erholten Blick zu haben. \ud83d\ude0a<\/p>\n","protected":false},"excerpt":{"rendered":"<p>Ver\u00e4ndern Sie Ihre Pflegeroutine mit dieser EMS-Augenmassagemaske mit Rotlicht! Dieses innovative Ger\u00e4t wurde entwickelt, um die Erm\u00fcdung der Augen zu reduzieren, Augenringe zu mildern und die Haut zu straffen. Es nutzt die Technologie der elektrischen Impulse (EMS) und die Rotlichttherapie. Das Ger\u00e4t ist leicht und ergonomisch, bietet optimalen Komfort und eine einfache Bedienung f\u00fcr sichtbare Entspannung und Verj\u00fcngung.  <\/p>\n<h4><strong>Warum sollten Sie diese Augenmassagemaske w\u00e4hlen?<\/strong><\/h4>\n<ul>\n<li><strong>Schnelle Erholung:<\/strong> Ideal, um m\u00fcde Augen nach einem Tag am Bildschirm oder beim Lesen zu entlasten.<\/li>\n<li><strong>Vielseitig verwendbar:<\/strong> Nutzen Sie ihn beim Lesen, Fernsehen oder Entspannen.<\/li>\n<li><strong>Sichtbare Ergebnisse:<\/strong> Verbesserung der Hautstruktur und Reduzierung von Augenringen schon nach den ersten Anwendungen.<\/li>\n<li><strong>Tipp:<\/strong> Verwenden Sie es vor dem Schlafengehen, um eine tiefe entspannende Wirkung zu erzielen. \ud83c\udf19<\/li>\n<\/ul>\n","protected":false},"featured_media":8916,"template":"","meta":{"_acf_changed":false,"ub_ctt_via":"","_monsterinsights_skip_tracking":false,"_monsterinsights_sitenote_active":false,"_monsterinsights_sitenote_note":"","_monsterinsights_sitenote_category":0},"product_cat":[276],"product_tag":[],"class_list":{"0":"post-9624","1":"product","2":"type-product","3":"status-publish","4":"has-post-thumbnail","6":"product_cat-strahlender-blick","8":"first","9":"instock","10":"shipping-taxable","11":"purchasable","12":"product-type-simple"},"acf":[],"yoast_head":"<!-- This site is optimized with the Yoast SEO plugin v23.8 - https:\/\/yoast.com\/wordpress\/plugins\/seo\/ -->\n<title>EMS-Augenmassagemaske mit Rotlicht - Hoomei<\/title>\n<meta name=\"description\" content=\"EMS-Augenmassagemaske mit Rotlicht zur Linderung von M\u00fcdigkeit, zur Reduzierung von Augenringen und zur Straffung der Haut. Leicht, tragbar und einfach zu verwenden.\" \/>\n<meta name=\"robots\" content=\"index, follow, max-snippet:-1, max-image-preview:large, max-video-preview:-1\" \/>\n<link rel=\"canonical\" href=\"https:\/\/hoomei.fr\/de\/produit\/ems-augenmassagemaske-mit-rotlicht\/\" \/>\n<meta property=\"og:locale\" content=\"de_DE\" \/>\n<meta property=\"og:type\" content=\"article\" \/>\n<meta property=\"og:title\" content=\"EMS-Augenmassagemaske mit Rotlicht - Hoomei\" \/>\n<meta property=\"og:description\" content=\"EMS-Augenmassagemaske mit Rotlicht zur Linderung von M\u00fcdigkeit, zur Reduzierung von Augenringen und zur Straffung der Haut. Leicht, tragbar und einfach zu verwenden.\" \/>\n<meta property=\"og:url\" content=\"https:\/\/hoomei.fr\/de\/produit\/ems-augenmassagemaske-mit-rotlicht\/\" \/>\n<meta property=\"og:site_name\" content=\"Hoomei\" \/>\n<meta property=\"og:image\" content=\"https:\/\/hoomei.fr\/wp-content\/uploads\/2025\/01\/oreill-14.png\" \/>\n\t<meta property=\"og:image:width\" content=\"1080\" \/>\n\t<meta property=\"og:image:height\" content=\"1080\" \/>\n\t<meta property=\"og:image:type\" content=\"image\/png\" \/>\n<meta name=\"twitter:card\" content=\"summary_large_image\" \/>\n<meta name=\"twitter:label1\" content=\"Gesch\u00e4tzte Lesezeit\" \/>\n\t<meta name=\"twitter:data1\" content=\"1\u00a0Minute\" \/>\n<script type=\"application\/ld+json\" class=\"yoast-schema-graph\">{\"@context\":\"https:\/\/schema.org\",\"@graph\":[{\"@type\":\"WebPage\",\"@id\":\"https:\/\/hoomei.fr\/de\/produit\/ems-augenmassagemaske-mit-rotlicht\/\",\"url\":\"https:\/\/hoomei.fr\/de\/produit\/ems-augenmassagemaske-mit-rotlicht\/\",\"name\":\"EMS-Augenmassagemaske mit Rotlicht - Hoomei\",\"isPartOf\":{\"@id\":\"https:\/\/hoomei.fr\/de\/#website\"},\"primaryImageOfPage\":{\"@id\":\"https:\/\/hoomei.fr\/de\/produit\/ems-augenmassagemaske-mit-rotlicht\/#primaryimage\"},\"image\":{\"@id\":\"https:\/\/hoomei.fr\/de\/produit\/ems-augenmassagemaske-mit-rotlicht\/#primaryimage\"},\"thumbnailUrl\":\"https:\/\/hoomei.fr\/wp-content\/uploads\/2025\/01\/oreill-14.png\",\"datePublished\":\"2025-01-08T10:11:08+00:00\",\"dateModified\":\"2025-01-08T10:11:08+00:00\",\"description\":\"EMS-Augenmassagemaske mit Rotlicht zur Linderung von M\u00fcdigkeit, zur Reduzierung von Augenringen und zur Straffung der Haut. Leicht, tragbar und einfach zu verwenden.\",\"breadcrumb\":{\"@id\":\"https:\/\/hoomei.fr\/de\/produit\/ems-augenmassagemaske-mit-rotlicht\/#breadcrumb\"},\"inLanguage\":\"de\",\"potentialAction\":[{\"@type\":\"ReadAction\",\"target\":[\"https:\/\/hoomei.fr\/de\/produit\/ems-augenmassagemaske-mit-rotlicht\/\"]}]},{\"@type\":\"ImageObject\",\"inLanguage\":\"de\",\"@id\":\"https:\/\/hoomei.fr\/de\/produit\/ems-augenmassagemaske-mit-rotlicht\/#primaryimage\",\"url\":\"https:\/\/hoomei.fr\/wp-content\/uploads\/2025\/01\/oreill-14.png\",\"contentUrl\":\"https:\/\/hoomei.fr\/wp-content\/uploads\/2025\/01\/oreill-14.png\",\"width\":1080,\"height\":1080},{\"@type\":\"BreadcrumbList\",\"@id\":\"https:\/\/hoomei.fr\/de\/produit\/ems-augenmassagemaske-mit-rotlicht\/#breadcrumb\",\"itemListElement\":[{\"@type\":\"ListItem\",\"position\":1,\"name\":\"Accueil\",\"item\":\"https:\/\/hoomei.fr\/de\/\"},{\"@type\":\"ListItem\",\"position\":2,\"name\":\"Shop\",\"item\":\"https:\/\/hoomei.fr\/de\/shop\/\"},{\"@type\":\"ListItem\",\"position\":3,\"name\":\"EMS-Augenmassagemaske mit Rotlicht\"}]},{\"@type\":\"WebSite\",\"@id\":\"https:\/\/hoomei.fr\/de\/#website\",\"url\":\"https:\/\/hoomei.fr\/de\/\",\"name\":\"Hoomei\",\"description\":\"Votre Routine R\u00e9invent\u00e9e\",\"publisher\":{\"@id\":\"https:\/\/hoomei.fr\/de\/#\/schema\/person\/8cfb2570bae5452af0aefde1cfdc78b4\"},\"potentialAction\":[{\"@type\":\"SearchAction\",\"target\":{\"@type\":\"EntryPoint\",\"urlTemplate\":\"https:\/\/hoomei.fr\/de\/?s={search_term_string}\"},\"query-input\":{\"@type\":\"PropertyValueSpecification\",\"valueRequired\":true,\"valueName\":\"search_term_string\"}}],\"inLanguage\":\"de\"},{\"@type\":[\"Person\",\"Organization\"],\"@id\":\"https:\/\/hoomei.fr\/de\/#\/schema\/person\/8cfb2570bae5452af0aefde1cfdc78b4\",\"name\":\"GHULAm WIASS\",\"image\":{\"@type\":\"ImageObject\",\"inLanguage\":\"de\",\"@id\":\"https:\/\/hoomei.fr\/de\/#\/schema\/person\/image\/\",\"url\":\"https:\/\/hoomei.fr\/wp-content\/uploads\/2024\/11\/Design-sans-titre-2024-11-01T212453.191.png\",\"contentUrl\":\"https:\/\/hoomei.fr\/wp-content\/uploads\/2024\/11\/Design-sans-titre-2024-11-01T212453.191.png\",\"width\":436,\"height\":124,\"caption\":\"GHULAm WIASS\"},\"logo\":{\"@id\":\"https:\/\/hoomei.fr\/de\/#\/schema\/person\/image\/\"},\"sameAs\":[\"http:\/\/hoomei.fr\"]}]}<\/script>\n<!-- \/ Yoast SEO plugin. -->","yoast_head_json":{"title":"EMS-Augenmassagemaske mit Rotlicht - Hoomei","description":"EMS-Augenmassagemaske mit Rotlicht zur Linderung von M\u00fcdigkeit, zur Reduzierung von Augenringen und zur Straffung der Haut. Leicht, tragbar und einfach zu verwenden.","robots":{"index":"index","follow":"follow","max-snippet":"max-snippet:-1","max-image-preview":"max-image-preview:large","max-video-preview":"max-video-preview:-1"},"canonical":"https:\/\/hoomei.fr\/de\/produit\/ems-augenmassagemaske-mit-rotlicht\/","og_locale":"de_DE","og_type":"article","og_title":"EMS-Augenmassagemaske mit Rotlicht - Hoomei","og_description":"EMS-Augenmassagemaske mit Rotlicht zur Linderung von M\u00fcdigkeit, zur Reduzierung von Augenringen und zur Straffung der Haut. Leicht, tragbar und einfach zu verwenden.","og_url":"https:\/\/hoomei.fr\/de\/produit\/ems-augenmassagemaske-mit-rotlicht\/","og_site_name":"Hoomei","og_image":[{"width":1080,"height":1080,"url":"https:\/\/hoomei.fr\/wp-content\/uploads\/2025\/01\/oreill-14.png","type":"image\/png"}],"twitter_card":"summary_large_image","twitter_misc":{"Gesch\u00e4tzte Lesezeit":"1\u00a0Minute"},"schema":{"@context":"https:\/\/schema.org","@graph":[{"@type":"WebPage","@id":"https:\/\/hoomei.fr\/de\/produit\/ems-augenmassagemaske-mit-rotlicht\/","url":"https:\/\/hoomei.fr\/de\/produit\/ems-augenmassagemaske-mit-rotlicht\/","name":"EMS-Augenmassagemaske mit Rotlicht - Hoomei","isPartOf":{"@id":"https:\/\/hoomei.fr\/de\/#website"},"primaryImageOfPage":{"@id":"https:\/\/hoomei.fr\/de\/produit\/ems-augenmassagemaske-mit-rotlicht\/#primaryimage"},"image":{"@id":"https:\/\/hoomei.fr\/de\/produit\/ems-augenmassagemaske-mit-rotlicht\/#primaryimage"},"thumbnailUrl":"https:\/\/hoomei.fr\/wp-content\/uploads\/2025\/01\/oreill-14.png","datePublished":"2025-01-08T10:11:08+00:00","dateModified":"2025-01-08T10:11:08+00:00","description":"EMS-Augenmassagemaske mit Rotlicht zur Linderung von M\u00fcdigkeit, zur Reduzierung von Augenringen und zur Straffung der Haut. Leicht, tragbar und einfach zu verwenden.","breadcrumb":{"@id":"https:\/\/hoomei.fr\/de\/produit\/ems-augenmassagemaske-mit-rotlicht\/#breadcrumb"},"inLanguage":"de","potentialAction":[{"@type":"ReadAction","target":["https:\/\/hoomei.fr\/de\/produit\/ems-augenmassagemaske-mit-rotlicht\/"]}]},{"@type":"ImageObject","inLanguage":"de","@id":"https:\/\/hoomei.fr\/de\/produit\/ems-augenmassagemaske-mit-rotlicht\/#primaryimage","url":"https:\/\/hoomei.fr\/wp-content\/uploads\/2025\/01\/oreill-14.png","contentUrl":"https:\/\/hoomei.fr\/wp-content\/uploads\/2025\/01\/oreill-14.png","width":1080,"height":1080},{"@type":"BreadcrumbList","@id":"https:\/\/hoomei.fr\/de\/produit\/ems-augenmassagemaske-mit-rotlicht\/#breadcrumb","itemListElement":[{"@type":"ListItem","position":1,"name":"Accueil","item":"https:\/\/hoomei.fr\/de\/"},{"@type":"ListItem","position":2,"name":"Shop","item":"https:\/\/hoomei.fr\/de\/shop\/"},{"@type":"ListItem","position":3,"name":"EMS-Augenmassagemaske mit Rotlicht"}]},{"@type":"WebSite","@id":"https:\/\/hoomei.fr\/de\/#website","url":"https:\/\/hoomei.fr\/de\/","name":"Hoomei","description":"Votre Routine R\u00e9invent\u00e9e","publisher":{"@id":"https:\/\/hoomei.fr\/de\/#\/schema\/person\/8cfb2570bae5452af0aefde1cfdc78b4"},"potentialAction":[{"@type":"SearchAction","target":{"@type":"EntryPoint","urlTemplate":"https:\/\/hoomei.fr\/de\/?s={search_term_string}"},"query-input":{"@type":"PropertyValueSpecification","valueRequired":true,"valueName":"search_term_string"}}],"inLanguage":"de"},{"@type":["Person","Organization"],"@id":"https:\/\/hoomei.fr\/de\/#\/schema\/person\/8cfb2570bae5452af0aefde1cfdc78b4","name":"GHULAm WIASS","image":{"@type":"ImageObject","inLanguage":"de","@id":"https:\/\/hoomei.fr\/de\/#\/schema\/person\/image\/","url":"https:\/\/hoomei.fr\/wp-content\/uploads\/2024\/11\/Design-sans-titre-2024-11-01T212453.191.png","contentUrl":"https:\/\/hoomei.fr\/wp-content\/uploads\/2024\/11\/Design-sans-titre-2024-11-01T212453.191.png","width":436,"height":124,"caption":"GHULAm WIASS"},"logo":{"@id":"https:\/\/hoomei.fr\/de\/#\/schema\/person\/image\/"},"sameAs":["http:\/\/hoomei.fr"]}]}},"_links":{"self":[{"href":"https:\/\/hoomei.fr\/de\/wp-json\/wp\/v2\/product\/9624"}],"collection":[{"href":"https:\/\/hoomei.fr\/de\/wp-json\/wp\/v2\/product"}],"about":[{"href":"https:\/\/hoomei.fr\/de\/wp-json\/wp\/v2\/types\/product"}],"wp:featuredmedia":[{"embeddable":true,"href":"https:\/\/hoomei.fr\/de\/wp-json\/wp\/v2\/media\/8916"}],"wp:attachment":[{"href":"https:\/\/hoomei.fr\/de\/wp-json\/wp\/v2\/media?parent=9624"}],"wp:term":[{"taxonomy":"product_cat","embeddable":true,"href":"https:\/\/hoomei.fr\/de\/wp-json\/wp\/v2\/product_cat?post=9624"},{"taxonomy":"product_tag","embeddable":true,"href":"https:\/\/hoomei.fr\/de\/wp-json\/wp\/v2\/product_tag?post=9624"}],"curies":[{"name":"wp","href":"https:\/\/api.w.org\/{rel}","templated":true}]}}