{"id":9609,"date":"2025-01-05T20:53:41","date_gmt":"2025-01-05T20:53:41","guid":{"rendered":"https:\/\/hoomei.fr\/produit\/hydroclean-pro-hochpraeziser-zahnreiniger\/"},"modified":"2025-07-01T12:33:19","modified_gmt":"2025-07-01T12:33:19","slug":"hydroclean-pro-hochpraeziser-zahnreiniger","status":"publish","type":"product","link":"https:\/\/hoomei.fr\/de\/produit\/hydroclean-pro-hochpraeziser-zahnreiniger\/","title":{"rendered":"HydroClean Pro &#8211; Hochpr\u00e4ziser Zahnreiniger"},"content":{"rendered":"<p>G\u00f6nnen Sie Ihren Z\u00e4hnen eine professionelle Pflege mit dem<strong>HydroClean Pro<\/strong>, einem Hochleistungs-Zahnreiniger, der zur effektiven Entfernung von Speiseresten und zum Schutz Ihres Zahnfleisches entwickelt wurde. Mit seinem gro\u00dfen Tank, der fortschrittlichen Technologie und den verschiedenen Reinigungsmodi ist dieses Ger\u00e4t der ideale Verb\u00fcndete f\u00fcr eine makellose Mundhygiene zu Hause oder unterwegs. \ud83e\uddb7\ud83d\udca6<\/p>\n<h4><strong>Warum HydroClean Pro?<\/strong><\/h4>\n<ul>\n<li><strong>Klinische Wirksamkeit<\/strong>: Entfernt Speisereste und beugt Zahnfleischerkrankungen vor.<\/li>\n<li><strong>Vielseitig und ergonomisch<\/strong>: Geeignet f\u00fcr die ganze Familie dank der einstellbaren Modi.<\/li>\n<li><strong>Umweltfreundlich und wirtschaftlich<\/strong>: Ersetzt effektiv herk\u00f6mmliche Zahnseide.<\/li>\n<li><strong>Kompaktes und elegantes Design<\/strong>: Leicht zu transportieren und zu verstauen.<\/li>\n<\/ul>\n<div class=\"flex-shrink-0 flex flex-col relative items-end\">\n<div>\n<div class=\"pt-0\">\n<div class=\"gizmo-shadow-stroke flex h-8 w-8 items-center justify-center overflow-hidden rounded-full\">\n<div class=\"h-full w-full\">\n<div class=\"gizmo-shadow-stroke overflow-hidden rounded-full\"><\/div>\n<\/div>\n<\/div>\n<\/div>\n<\/div>\n<\/div>\n<div class=\"group\/conversation-turn relative flex w-full min-w-0 flex-col agent-turn\">\n<div class=\"flex-col gap-1 md:gap-3\">\n<div class=\"flex max-w-full flex-col flex-grow\">\n<div class=\"min-h-8 text-message flex w-full flex-col items-end gap-2 whitespace-normal break-words text-start [.text-message+&amp;]:mt-5\" dir=\"auto\" data-message-author-role=\"assistant\" data-message-id=\"f6d6122c-d195-4309-baf4-b351f2bb85b2\" data-message-model-slug=\"gpt-4o\">\n<div class=\"flex w-full flex-col gap-1 empty:hidden first:pt-[3px]\"><\/div>\n<\/div>\n<\/div>\n<\/div>\n<\/div>\n","protected":false},"excerpt":{"rendered":"<p><strong>Pflegen Sie Ihre Mundhygiene mit HydroClean Pro, einer revolution\u00e4ren Zahnd\u00fcse.<\/strong> Dieses kompakte und vielseitige Ger\u00e4t wurde zur effektiven Entfernung von Speiseresten und zur Verbesserung der Gesundheit des Zahnfleisches entwickelt und ist ein Muss f\u00fcr ein strahlendes L\u00e4cheln.<\/p>\n<h4><strong>Warum HydroClean Pro?<\/strong><\/h4>\n<ul>\n<li><strong>Klinische Wirksamkeit<\/strong>: Entfernt Speisereste und beugt Zahnfleischerkrankungen vor.<\/li>\n<li><strong>Vielseitig und ergonomisch<\/strong>: Geeignet f\u00fcr die ganze Familie dank der einstellbaren Modi.<\/li>\n<li><strong>Umweltfreundlich und wirtschaftlich<\/strong>: Ersetzt effektiv herk\u00f6mmliche Zahnseide.<\/li>\n<li><strong>Kompaktes und elegantes Design<\/strong>: Leicht zu transportieren und zu verstauen.<\/li>\n<\/ul>\n<p>&nbsp;<\/p>\n","protected":false},"featured_media":7984,"template":"","meta":{"_acf_changed":false,"ub_ctt_via":"","_monsterinsights_skip_tracking":false,"_monsterinsights_sitenote_active":false,"_monsterinsights_sitenote_note":"","_monsterinsights_sitenote_category":0},"product_cat":[274],"product_tag":[],"class_list":{"0":"post-9609","1":"product","2":"type-product","3":"status-publish","4":"has-post-thumbnail","6":"product_cat-strahlendes-lacheln","8":"first","9":"instock","10":"shipping-taxable","11":"purchasable","12":"product-type-simple"},"acf":[],"yoast_head":"<!-- This site is optimized with the Yoast SEO plugin v23.8 - https:\/\/yoast.com\/wordpress\/plugins\/seo\/ -->\n<title>HydroClean Pro - Hochpr\u00e4ziser Zahnreiniger - Hoomei<\/title>\n<meta name=\"description\" content=\"Verbessern Sie Ihre Mundhygiene. Wiederaufladbarer, wasserdichter Dentalstrahl mit 4 Modi und 11 Intensit\u00e4ten f\u00fcr eine pr\u00e4zise und effektive Reinigung.\" \/>\n<meta name=\"robots\" content=\"index, follow, max-snippet:-1, max-image-preview:large, max-video-preview:-1\" \/>\n<link rel=\"canonical\" href=\"https:\/\/hoomei.fr\/de\/produit\/hydroclean-pro-hochpraeziser-zahnreiniger\/\" \/>\n<meta property=\"og:locale\" content=\"de_DE\" \/>\n<meta property=\"og:type\" content=\"article\" \/>\n<meta property=\"og:title\" content=\"HydroClean Pro - Hochpr\u00e4ziser Zahnreiniger - Hoomei\" \/>\n<meta property=\"og:description\" content=\"Verbessern Sie Ihre Mundhygiene. Wiederaufladbarer, wasserdichter Dentalstrahl mit 4 Modi und 11 Intensit\u00e4ten f\u00fcr eine pr\u00e4zise und effektive Reinigung.\" \/>\n<meta property=\"og:url\" content=\"https:\/\/hoomei.fr\/de\/produit\/hydroclean-pro-hochpraeziser-zahnreiniger\/\" \/>\n<meta property=\"og:site_name\" content=\"Hoomei\" \/>\n<meta property=\"article:modified_time\" content=\"2025-07-01T12:33:19+00:00\" \/>\n<meta property=\"og:image\" content=\"https:\/\/hoomei.fr\/wp-content\/uploads\/2025\/01\/photoroom_20250112_165550-1.jpg\" \/>\n\t<meta property=\"og:image:width\" content=\"1080\" \/>\n\t<meta property=\"og:image:height\" content=\"1080\" \/>\n\t<meta property=\"og:image:type\" content=\"image\/jpeg\" \/>\n<meta name=\"twitter:card\" content=\"summary_large_image\" \/>\n<meta name=\"twitter:label1\" content=\"Gesch\u00e4tzte Lesezeit\" \/>\n\t<meta name=\"twitter:data1\" content=\"1\u00a0Minute\" \/>\n<script type=\"application\/ld+json\" class=\"yoast-schema-graph\">{\"@context\":\"https:\/\/schema.org\",\"@graph\":[{\"@type\":\"WebPage\",\"@id\":\"https:\/\/hoomei.fr\/de\/produit\/hydroclean-pro-hochpraeziser-zahnreiniger\/\",\"url\":\"https:\/\/hoomei.fr\/de\/produit\/hydroclean-pro-hochpraeziser-zahnreiniger\/\",\"name\":\"HydroClean Pro - Hochpr\u00e4ziser Zahnreiniger - Hoomei\",\"isPartOf\":{\"@id\":\"https:\/\/hoomei.fr\/de\/#website\"},\"primaryImageOfPage\":{\"@id\":\"https:\/\/hoomei.fr\/de\/produit\/hydroclean-pro-hochpraeziser-zahnreiniger\/#primaryimage\"},\"image\":{\"@id\":\"https:\/\/hoomei.fr\/de\/produit\/hydroclean-pro-hochpraeziser-zahnreiniger\/#primaryimage\"},\"thumbnailUrl\":\"https:\/\/hoomei.fr\/wp-content\/uploads\/2025\/01\/photoroom_20250112_165550-1.jpg\",\"datePublished\":\"2025-01-05T20:53:41+00:00\",\"dateModified\":\"2025-07-01T12:33:19+00:00\",\"description\":\"Verbessern Sie Ihre Mundhygiene. Wiederaufladbarer, wasserdichter Dentalstrahl mit 4 Modi und 11 Intensit\u00e4ten f\u00fcr eine pr\u00e4zise und effektive Reinigung.\",\"breadcrumb\":{\"@id\":\"https:\/\/hoomei.fr\/de\/produit\/hydroclean-pro-hochpraeziser-zahnreiniger\/#breadcrumb\"},\"inLanguage\":\"de\",\"potentialAction\":[{\"@type\":\"ReadAction\",\"target\":[\"https:\/\/hoomei.fr\/de\/produit\/hydroclean-pro-hochpraeziser-zahnreiniger\/\"]}]},{\"@type\":\"ImageObject\",\"inLanguage\":\"de\",\"@id\":\"https:\/\/hoomei.fr\/de\/produit\/hydroclean-pro-hochpraeziser-zahnreiniger\/#primaryimage\",\"url\":\"https:\/\/hoomei.fr\/wp-content\/uploads\/2025\/01\/photoroom_20250112_165550-1.jpg\",\"contentUrl\":\"https:\/\/hoomei.fr\/wp-content\/uploads\/2025\/01\/photoroom_20250112_165550-1.jpg\",\"width\":1080,\"height\":1080},{\"@type\":\"BreadcrumbList\",\"@id\":\"https:\/\/hoomei.fr\/de\/produit\/hydroclean-pro-hochpraeziser-zahnreiniger\/#breadcrumb\",\"itemListElement\":[{\"@type\":\"ListItem\",\"position\":1,\"name\":\"Accueil\",\"item\":\"https:\/\/hoomei.fr\/de\/\"},{\"@type\":\"ListItem\",\"position\":2,\"name\":\"Shop\",\"item\":\"https:\/\/hoomei.fr\/de\/shop\/\"},{\"@type\":\"ListItem\",\"position\":3,\"name\":\"HydroClean Pro &#8211; Hochpr\u00e4ziser Zahnreiniger\"}]},{\"@type\":\"WebSite\",\"@id\":\"https:\/\/hoomei.fr\/de\/#website\",\"url\":\"https:\/\/hoomei.fr\/de\/\",\"name\":\"Hoomei\",\"description\":\"Votre Routine R\u00e9invent\u00e9e\",\"publisher\":{\"@id\":\"https:\/\/hoomei.fr\/de\/#\/schema\/person\/8cfb2570bae5452af0aefde1cfdc78b4\"},\"potentialAction\":[{\"@type\":\"SearchAction\",\"target\":{\"@type\":\"EntryPoint\",\"urlTemplate\":\"https:\/\/hoomei.fr\/de\/?s={search_term_string}\"},\"query-input\":{\"@type\":\"PropertyValueSpecification\",\"valueRequired\":true,\"valueName\":\"search_term_string\"}}],\"inLanguage\":\"de\"},{\"@type\":[\"Person\",\"Organization\"],\"@id\":\"https:\/\/hoomei.fr\/de\/#\/schema\/person\/8cfb2570bae5452af0aefde1cfdc78b4\",\"name\":\"GHULAm WIASS\",\"image\":{\"@type\":\"ImageObject\",\"inLanguage\":\"de\",\"@id\":\"https:\/\/hoomei.fr\/de\/#\/schema\/person\/image\/\",\"url\":\"https:\/\/hoomei.fr\/wp-content\/uploads\/2024\/11\/Design-sans-titre-2024-11-01T212453.191.png\",\"contentUrl\":\"https:\/\/hoomei.fr\/wp-content\/uploads\/2024\/11\/Design-sans-titre-2024-11-01T212453.191.png\",\"width\":436,\"height\":124,\"caption\":\"GHULAm WIASS\"},\"logo\":{\"@id\":\"https:\/\/hoomei.fr\/de\/#\/schema\/person\/image\/\"},\"sameAs\":[\"http:\/\/hoomei.fr\"]}]}<\/script>\n<!-- \/ Yoast SEO plugin. -->","yoast_head_json":{"title":"HydroClean Pro - Hochpr\u00e4ziser Zahnreiniger - Hoomei","description":"Verbessern Sie Ihre Mundhygiene. Wiederaufladbarer, wasserdichter Dentalstrahl mit 4 Modi und 11 Intensit\u00e4ten f\u00fcr eine pr\u00e4zise und effektive Reinigung.","robots":{"index":"index","follow":"follow","max-snippet":"max-snippet:-1","max-image-preview":"max-image-preview:large","max-video-preview":"max-video-preview:-1"},"canonical":"https:\/\/hoomei.fr\/de\/produit\/hydroclean-pro-hochpraeziser-zahnreiniger\/","og_locale":"de_DE","og_type":"article","og_title":"HydroClean Pro - Hochpr\u00e4ziser Zahnreiniger - Hoomei","og_description":"Verbessern Sie Ihre Mundhygiene. Wiederaufladbarer, wasserdichter Dentalstrahl mit 4 Modi und 11 Intensit\u00e4ten f\u00fcr eine pr\u00e4zise und effektive Reinigung.","og_url":"https:\/\/hoomei.fr\/de\/produit\/hydroclean-pro-hochpraeziser-zahnreiniger\/","og_site_name":"Hoomei","article_modified_time":"2025-07-01T12:33:19+00:00","og_image":[{"width":1080,"height":1080,"url":"https:\/\/hoomei.fr\/wp-content\/uploads\/2025\/01\/photoroom_20250112_165550-1.jpg","type":"image\/jpeg"}],"twitter_card":"summary_large_image","twitter_misc":{"Gesch\u00e4tzte Lesezeit":"1\u00a0Minute"},"schema":{"@context":"https:\/\/schema.org","@graph":[{"@type":"WebPage","@id":"https:\/\/hoomei.fr\/de\/produit\/hydroclean-pro-hochpraeziser-zahnreiniger\/","url":"https:\/\/hoomei.fr\/de\/produit\/hydroclean-pro-hochpraeziser-zahnreiniger\/","name":"HydroClean Pro - Hochpr\u00e4ziser Zahnreiniger - Hoomei","isPartOf":{"@id":"https:\/\/hoomei.fr\/de\/#website"},"primaryImageOfPage":{"@id":"https:\/\/hoomei.fr\/de\/produit\/hydroclean-pro-hochpraeziser-zahnreiniger\/#primaryimage"},"image":{"@id":"https:\/\/hoomei.fr\/de\/produit\/hydroclean-pro-hochpraeziser-zahnreiniger\/#primaryimage"},"thumbnailUrl":"https:\/\/hoomei.fr\/wp-content\/uploads\/2025\/01\/photoroom_20250112_165550-1.jpg","datePublished":"2025-01-05T20:53:41+00:00","dateModified":"2025-07-01T12:33:19+00:00","description":"Verbessern Sie Ihre Mundhygiene. Wiederaufladbarer, wasserdichter Dentalstrahl mit 4 Modi und 11 Intensit\u00e4ten f\u00fcr eine pr\u00e4zise und effektive Reinigung.","breadcrumb":{"@id":"https:\/\/hoomei.fr\/de\/produit\/hydroclean-pro-hochpraeziser-zahnreiniger\/#breadcrumb"},"inLanguage":"de","potentialAction":[{"@type":"ReadAction","target":["https:\/\/hoomei.fr\/de\/produit\/hydroclean-pro-hochpraeziser-zahnreiniger\/"]}]},{"@type":"ImageObject","inLanguage":"de","@id":"https:\/\/hoomei.fr\/de\/produit\/hydroclean-pro-hochpraeziser-zahnreiniger\/#primaryimage","url":"https:\/\/hoomei.fr\/wp-content\/uploads\/2025\/01\/photoroom_20250112_165550-1.jpg","contentUrl":"https:\/\/hoomei.fr\/wp-content\/uploads\/2025\/01\/photoroom_20250112_165550-1.jpg","width":1080,"height":1080},{"@type":"BreadcrumbList","@id":"https:\/\/hoomei.fr\/de\/produit\/hydroclean-pro-hochpraeziser-zahnreiniger\/#breadcrumb","itemListElement":[{"@type":"ListItem","position":1,"name":"Accueil","item":"https:\/\/hoomei.fr\/de\/"},{"@type":"ListItem","position":2,"name":"Shop","item":"https:\/\/hoomei.fr\/de\/shop\/"},{"@type":"ListItem","position":3,"name":"HydroClean Pro &#8211; Hochpr\u00e4ziser Zahnreiniger"}]},{"@type":"WebSite","@id":"https:\/\/hoomei.fr\/de\/#website","url":"https:\/\/hoomei.fr\/de\/","name":"Hoomei","description":"Votre Routine R\u00e9invent\u00e9e","publisher":{"@id":"https:\/\/hoomei.fr\/de\/#\/schema\/person\/8cfb2570bae5452af0aefde1cfdc78b4"},"potentialAction":[{"@type":"SearchAction","target":{"@type":"EntryPoint","urlTemplate":"https:\/\/hoomei.fr\/de\/?s={search_term_string}"},"query-input":{"@type":"PropertyValueSpecification","valueRequired":true,"valueName":"search_term_string"}}],"inLanguage":"de"},{"@type":["Person","Organization"],"@id":"https:\/\/hoomei.fr\/de\/#\/schema\/person\/8cfb2570bae5452af0aefde1cfdc78b4","name":"GHULAm WIASS","image":{"@type":"ImageObject","inLanguage":"de","@id":"https:\/\/hoomei.fr\/de\/#\/schema\/person\/image\/","url":"https:\/\/hoomei.fr\/wp-content\/uploads\/2024\/11\/Design-sans-titre-2024-11-01T212453.191.png","contentUrl":"https:\/\/hoomei.fr\/wp-content\/uploads\/2024\/11\/Design-sans-titre-2024-11-01T212453.191.png","width":436,"height":124,"caption":"GHULAm WIASS"},"logo":{"@id":"https:\/\/hoomei.fr\/de\/#\/schema\/person\/image\/"},"sameAs":["http:\/\/hoomei.fr"]}]}},"_links":{"self":[{"href":"https:\/\/hoomei.fr\/de\/wp-json\/wp\/v2\/product\/9609"}],"collection":[{"href":"https:\/\/hoomei.fr\/de\/wp-json\/wp\/v2\/product"}],"about":[{"href":"https:\/\/hoomei.fr\/de\/wp-json\/wp\/v2\/types\/product"}],"wp:featuredmedia":[{"embeddable":true,"href":"https:\/\/hoomei.fr\/de\/wp-json\/wp\/v2\/media\/7984"}],"wp:attachment":[{"href":"https:\/\/hoomei.fr\/de\/wp-json\/wp\/v2\/media?parent=9609"}],"wp:term":[{"taxonomy":"product_cat","embeddable":true,"href":"https:\/\/hoomei.fr\/de\/wp-json\/wp\/v2\/product_cat?post=9609"},{"taxonomy":"product_tag","embeddable":true,"href":"https:\/\/hoomei.fr\/de\/wp-json\/wp\/v2\/product_tag?post=9609"}],"curies":[{"name":"wp","href":"https:\/\/api.w.org\/{rel}","templated":true}]}}