{"id":9598,"date":"2025-01-07T21:08:45","date_gmt":"2025-01-07T21:08:45","guid":{"rendered":"https:\/\/hoomei.fr\/produit\/praezisions-mehrzweckschere-fuer-nase-und-andere-zwecke\/"},"modified":"2025-04-22T21:29:36","modified_gmt":"2025-04-22T21:29:36","slug":"praezisions-mehrzweckschere-fuer-nase-und-andere-zwecke","status":"publish","type":"product","link":"https:\/\/hoomei.fr\/de\/produit\/praezisions-mehrzweckschere-fuer-nase-und-andere-zwecke\/","title":{"rendered":"Pr\u00e4zisions-Mehrzweckschere f\u00fcr Nase und andere Zwecke"},"content":{"rendered":"<div>\n<div>\n<div>\n<div>\n<p>Diese Pr\u00e4zisionsschere ist ein Muss f\u00fcr Ihre Pflegeroutine! Mit einer sicheren Klinge und einem ergonomischen Design k\u00f6nnen Sie damit sicher Nasenhaare schneiden, k\u00fcnstliche Wimpern retuschieren oder Make-up-Klebestreifen anpassen. Die kompakte und praktische Gr\u00f6\u00dfe macht sie ideal f\u00fcr den t\u00e4glichen Gebrauch und f\u00fcr unterwegs.  <\/p>\n<h4><strong>Warum sollten Sie diese Pr\u00e4zisionsschere w\u00e4hlen?<\/strong><\/h4>\n<ul>\n<li><strong>Garantierte Sicherheit:<\/strong> Die abgerundeten Spitzen sind ideal f\u00fcr empfindliche Bereiche wie die Nase.<\/li>\n<li><strong>Vielseitig:<\/strong> Geeignet f\u00fcr verschiedene Aufgaben in der Sch\u00f6nheitspflege und der K\u00f6rperpflege.<\/li>\n<li><strong>Zeitersparnis:<\/strong> F\u00fchren Sie Ihre Pflege einfach und m\u00fchelos durch und ben\u00f6tigen Sie kein zus\u00e4tzliches Zubeh\u00f6r.<\/li>\n<li><strong>Tipp:<\/strong> Verwenden Sie diese Schere, um Ihre k\u00fcnstlichen Wimpern pr\u00e4zise zu schneiden und eine Fehlausrichtung zu vermeiden. \u2702\ufe0f <\/li>\n<\/ul>\n<p>&nbsp;<\/p>\n<\/div>\n<\/div>\n<p><img loading=\"lazy\" decoding=\"async\" class=\"\" title=\"Round Head Stainless Steel Nose Hair Scissors Stork Type BeautyScissors For Eyebrows Nose Hair Beard Ear Hair Eyebrow Scissors\" src=\"https:\/\/hoomei.fr\/wp-content\/uploads\/2025\/01\/4565-fh8zia.jpg\" alt=\"Round Head Stainless Steel Nose Hair Scissors Stork Type BeautyScissors For Eyebrows Nose Hair Beard Ear Hair Eyebrow Scissors\" width=\"347\" height=\"700\"><img loading=\"lazy\" decoding=\"async\" class=\"\" title=\"Round Head Stainless Steel Nose Hair Scissors Stork Type BeautyScissors For Eyebrows Nose Hair Beard Ear Hair Eyebrow Scissors\" src=\"https:\/\/hoomei.fr\/wp-content\/uploads\/2025\/01\/4565-grjwi1.jpg\" alt=\"Round Head Stainless Steel Nose Hair Scissors Stork Type BeautyScissors For Eyebrows Nose Hair Beard Ear Hair Eyebrow Scissors\" width=\"362\" height=\"701\"><img loading=\"lazy\" decoding=\"async\" class=\"\" title=\"Round Head Stainless Steel Nose Hair Scissors Stork Type BeautyScissors For Eyebrows Nose Hair Beard Ear Hair Eyebrow Scissors\" src=\"https:\/\/hoomei.fr\/wp-content\/uploads\/2025\/01\/4565-jucbx1.jpg\" alt=\"Round Head Stainless Steel Nose Hair Scissors Stork Type BeautyScissors For Eyebrows Nose Hair Beard Ear Hair Eyebrow Scissors\" width=\"378\" height=\"700\"><\/p>\n<\/div>\n<\/div>\n<p>&nbsp;<\/p>\n","protected":false},"excerpt":{"rendered":"<div>\n<div>\n<p>Diese Pr\u00e4zisionsschere ist ein Muss f\u00fcr Ihre Pflegeroutine! Mit einer sicheren Klinge und einem ergonomischen Design k\u00f6nnen Sie damit sicher Nasenhaare schneiden, k\u00fcnstliche Wimpern retuschieren oder Make-up-Klebestreifen anpassen. Die kompakte und praktische Gr\u00f6\u00dfe macht sie ideal f\u00fcr den t\u00e4glichen Gebrauch und f\u00fcr unterwegs.  <\/p>\n<h4><strong>Warum sollten Sie diese Pr\u00e4zisionsschere w\u00e4hlen?<\/strong><\/h4>\n<ul>\n<li><strong>Garantierte Sicherheit:<\/strong> Die abgerundeten Spitzen sind ideal f\u00fcr empfindliche Bereiche wie die Nase.<\/li>\n<li><strong>Vielseitig:<\/strong> Geeignet f\u00fcr verschiedene Aufgaben in der Sch\u00f6nheitspflege und der K\u00f6rperpflege.<\/li>\n<li><strong>Zeitersparnis:<\/strong> F\u00fchren Sie Ihre Pflege einfach und m\u00fchelos durch und ben\u00f6tigen Sie kein zus\u00e4tzliches Zubeh\u00f6r.<\/li>\n<li><strong>Tipp:<\/strong> Verwenden Sie diese Schere, um Ihre k\u00fcnstlichen Wimpern pr\u00e4zise zu schneiden und eine Fehlausrichtung zu vermeiden. \u2702\ufe0f <\/li>\n<\/ul>\n<p>&nbsp;<\/p>\n<\/div>\n<\/div>\n<p><img loading=\"lazy\" decoding=\"async\" class=\"\" title=\"Round Head Stainless Steel Nose Hair Scissors Stork Type BeautyScissors For Eyebrows Nose Hair Beard Ear Hair Eyebrow Scissors\" src=\"https:\/\/hoomei.fr\/wp-content\/uploads\/2025\/01\/4565-fh8zia.jpg\" alt=\"Round Head Stainless Steel Nose Hair Scissors Stork Type BeautyScissors For Eyebrows Nose Hair Beard Ear Hair Eyebrow Scissors\" width=\"347\" height=\"700\"><img loading=\"lazy\" decoding=\"async\" class=\"\" title=\"Round Head Stainless Steel Nose Hair Scissors Stork Type BeautyScissors For Eyebrows Nose Hair Beard Ear Hair Eyebrow Scissors\" src=\"https:\/\/hoomei.fr\/wp-content\/uploads\/2025\/01\/4565-grjwi1.jpg\" alt=\"Round Head Stainless Steel Nose Hair Scissors Stork Type BeautyScissors For Eyebrows Nose Hair Beard Ear Hair Eyebrow Scissors\" width=\"362\" height=\"701\"><img loading=\"lazy\" decoding=\"async\" class=\"\" title=\"Round Head Stainless Steel Nose Hair Scissors Stork Type BeautyScissors For Eyebrows Nose Hair Beard Ear Hair Eyebrow Scissors\" src=\"https:\/\/hoomei.fr\/wp-content\/uploads\/2025\/01\/4565-jucbx1.jpg\" alt=\"Round Head Stainless Steel Nose Hair Scissors Stork Type BeautyScissors For Eyebrows Nose Hair Beard Ear Hair Eyebrow Scissors\" width=\"378\" height=\"700\"><\/p>\n","protected":false},"featured_media":8094,"template":"","meta":{"_acf_changed":false,"ub_ctt_via":"","_monsterinsights_skip_tracking":false,"_monsterinsights_sitenote_active":false,"_monsterinsights_sitenote_note":"","_monsterinsights_sitenote_category":0},"product_cat":[275],"product_tag":[],"class_list":{"0":"post-9598","1":"product","2":"type-product","3":"status-publish","4":"has-post-thumbnail","6":"product_cat-reine-atmung","8":"first","9":"instock","10":"sale","11":"shipping-taxable","12":"purchasable","13":"product-type-variable","14":"has-default-attributes"},"acf":[],"yoast_head":"<!-- This site is optimized with the Yoast SEO plugin v23.8 - https:\/\/yoast.com\/wordpress\/plugins\/seo\/ -->\n<title>Pr\u00e4zisions-Mehrzweckschere f\u00fcr Nase und andere Zwecke - Hoomei<\/title>\n<meta name=\"description\" content=\"Sichere Pr\u00e4zisionsschere f\u00fcr Nase, Wimpern und K\u00f6rperpflege. Vielseitig, kompakt und perfekt f\u00fcr den t\u00e4glichen Gebrauch.\" \/>\n<meta name=\"robots\" content=\"index, follow, max-snippet:-1, max-image-preview:large, max-video-preview:-1\" \/>\n<link rel=\"canonical\" href=\"https:\/\/hoomei.fr\/de\/produit\/praezisions-mehrzweckschere-fuer-nase-und-andere-zwecke\/\" \/>\n<meta property=\"og:locale\" content=\"de_DE\" \/>\n<meta property=\"og:type\" content=\"article\" \/>\n<meta property=\"og:title\" content=\"Pr\u00e4zisions-Mehrzweckschere f\u00fcr Nase und andere Zwecke - Hoomei\" \/>\n<meta property=\"og:description\" content=\"Sichere Pr\u00e4zisionsschere f\u00fcr Nase, Wimpern und K\u00f6rperpflege. Vielseitig, kompakt und perfekt f\u00fcr den t\u00e4glichen Gebrauch.\" \/>\n<meta property=\"og:url\" content=\"https:\/\/hoomei.fr\/de\/produit\/praezisions-mehrzweckschere-fuer-nase-und-andere-zwecke\/\" \/>\n<meta property=\"og:site_name\" content=\"Hoomei\" \/>\n<meta property=\"article:modified_time\" content=\"2025-04-22T21:29:36+00:00\" \/>\n<meta property=\"og:image\" content=\"https:\/\/hoomei.fr\/wp-content\/uploads\/2025\/01\/Ciseaux-de-Precision-Multi-Usage-2.png\" \/>\n\t<meta property=\"og:image:width\" content=\"1080\" \/>\n\t<meta property=\"og:image:height\" content=\"1080\" \/>\n\t<meta property=\"og:image:type\" content=\"image\/png\" \/>\n<meta name=\"twitter:card\" content=\"summary_large_image\" \/>\n<meta name=\"twitter:label1\" content=\"Gesch\u00e4tzte Lesezeit\" \/>\n\t<meta name=\"twitter:data1\" content=\"1\u00a0Minute\" \/>\n<script type=\"application\/ld+json\" class=\"yoast-schema-graph\">{\"@context\":\"https:\/\/schema.org\",\"@graph\":[{\"@type\":\"WebPage\",\"@id\":\"https:\/\/hoomei.fr\/de\/produit\/praezisions-mehrzweckschere-fuer-nase-und-andere-zwecke\/\",\"url\":\"https:\/\/hoomei.fr\/de\/produit\/praezisions-mehrzweckschere-fuer-nase-und-andere-zwecke\/\",\"name\":\"Pr\u00e4zisions-Mehrzweckschere f\u00fcr Nase und andere Zwecke - Hoomei\",\"isPartOf\":{\"@id\":\"https:\/\/hoomei.fr\/de\/#website\"},\"primaryImageOfPage\":{\"@id\":\"https:\/\/hoomei.fr\/de\/produit\/praezisions-mehrzweckschere-fuer-nase-und-andere-zwecke\/#primaryimage\"},\"image\":{\"@id\":\"https:\/\/hoomei.fr\/de\/produit\/praezisions-mehrzweckschere-fuer-nase-und-andere-zwecke\/#primaryimage\"},\"thumbnailUrl\":\"https:\/\/hoomei.fr\/wp-content\/uploads\/2025\/01\/Ciseaux-de-Precision-Multi-Usage-2.png\",\"datePublished\":\"2025-01-07T21:08:45+00:00\",\"dateModified\":\"2025-04-22T21:29:36+00:00\",\"description\":\"Sichere Pr\u00e4zisionsschere f\u00fcr Nase, Wimpern und K\u00f6rperpflege. Vielseitig, kompakt und perfekt f\u00fcr den t\u00e4glichen Gebrauch.\",\"breadcrumb\":{\"@id\":\"https:\/\/hoomei.fr\/de\/produit\/praezisions-mehrzweckschere-fuer-nase-und-andere-zwecke\/#breadcrumb\"},\"inLanguage\":\"de\",\"potentialAction\":[{\"@type\":\"ReadAction\",\"target\":[\"https:\/\/hoomei.fr\/de\/produit\/praezisions-mehrzweckschere-fuer-nase-und-andere-zwecke\/\"]}]},{\"@type\":\"ImageObject\",\"inLanguage\":\"de\",\"@id\":\"https:\/\/hoomei.fr\/de\/produit\/praezisions-mehrzweckschere-fuer-nase-und-andere-zwecke\/#primaryimage\",\"url\":\"https:\/\/hoomei.fr\/wp-content\/uploads\/2025\/01\/Ciseaux-de-Precision-Multi-Usage-2.png\",\"contentUrl\":\"https:\/\/hoomei.fr\/wp-content\/uploads\/2025\/01\/Ciseaux-de-Precision-Multi-Usage-2.png\",\"width\":1080,\"height\":1080},{\"@type\":\"BreadcrumbList\",\"@id\":\"https:\/\/hoomei.fr\/de\/produit\/praezisions-mehrzweckschere-fuer-nase-und-andere-zwecke\/#breadcrumb\",\"itemListElement\":[{\"@type\":\"ListItem\",\"position\":1,\"name\":\"Accueil\",\"item\":\"https:\/\/hoomei.fr\/de\/\"},{\"@type\":\"ListItem\",\"position\":2,\"name\":\"Shop\",\"item\":\"https:\/\/hoomei.fr\/de\/shop\/\"},{\"@type\":\"ListItem\",\"position\":3,\"name\":\"Pr\u00e4zisions-Mehrzweckschere f\u00fcr Nase und andere Zwecke\"}]},{\"@type\":\"WebSite\",\"@id\":\"https:\/\/hoomei.fr\/de\/#website\",\"url\":\"https:\/\/hoomei.fr\/de\/\",\"name\":\"Hoomei\",\"description\":\"Votre Routine R\u00e9invent\u00e9e\",\"publisher\":{\"@id\":\"https:\/\/hoomei.fr\/de\/#\/schema\/person\/8cfb2570bae5452af0aefde1cfdc78b4\"},\"potentialAction\":[{\"@type\":\"SearchAction\",\"target\":{\"@type\":\"EntryPoint\",\"urlTemplate\":\"https:\/\/hoomei.fr\/de\/?s={search_term_string}\"},\"query-input\":{\"@type\":\"PropertyValueSpecification\",\"valueRequired\":true,\"valueName\":\"search_term_string\"}}],\"inLanguage\":\"de\"},{\"@type\":[\"Person\",\"Organization\"],\"@id\":\"https:\/\/hoomei.fr\/de\/#\/schema\/person\/8cfb2570bae5452af0aefde1cfdc78b4\",\"name\":\"GHULAm WIASS\",\"image\":{\"@type\":\"ImageObject\",\"inLanguage\":\"de\",\"@id\":\"https:\/\/hoomei.fr\/de\/#\/schema\/person\/image\/\",\"url\":\"https:\/\/hoomei.fr\/wp-content\/uploads\/2024\/11\/Design-sans-titre-2024-11-01T212453.191.png\",\"contentUrl\":\"https:\/\/hoomei.fr\/wp-content\/uploads\/2024\/11\/Design-sans-titre-2024-11-01T212453.191.png\",\"width\":436,\"height\":124,\"caption\":\"GHULAm WIASS\"},\"logo\":{\"@id\":\"https:\/\/hoomei.fr\/de\/#\/schema\/person\/image\/\"},\"sameAs\":[\"http:\/\/hoomei.fr\"]}]}<\/script>\n<!-- \/ Yoast SEO plugin. -->","yoast_head_json":{"title":"Pr\u00e4zisions-Mehrzweckschere f\u00fcr Nase und andere Zwecke - Hoomei","description":"Sichere Pr\u00e4zisionsschere f\u00fcr Nase, Wimpern und K\u00f6rperpflege. Vielseitig, kompakt und perfekt f\u00fcr den t\u00e4glichen Gebrauch.","robots":{"index":"index","follow":"follow","max-snippet":"max-snippet:-1","max-image-preview":"max-image-preview:large","max-video-preview":"max-video-preview:-1"},"canonical":"https:\/\/hoomei.fr\/de\/produit\/praezisions-mehrzweckschere-fuer-nase-und-andere-zwecke\/","og_locale":"de_DE","og_type":"article","og_title":"Pr\u00e4zisions-Mehrzweckschere f\u00fcr Nase und andere Zwecke - Hoomei","og_description":"Sichere Pr\u00e4zisionsschere f\u00fcr Nase, Wimpern und K\u00f6rperpflege. Vielseitig, kompakt und perfekt f\u00fcr den t\u00e4glichen Gebrauch.","og_url":"https:\/\/hoomei.fr\/de\/produit\/praezisions-mehrzweckschere-fuer-nase-und-andere-zwecke\/","og_site_name":"Hoomei","article_modified_time":"2025-04-22T21:29:36+00:00","og_image":[{"width":1080,"height":1080,"url":"https:\/\/hoomei.fr\/wp-content\/uploads\/2025\/01\/Ciseaux-de-Precision-Multi-Usage-2.png","type":"image\/png"}],"twitter_card":"summary_large_image","twitter_misc":{"Gesch\u00e4tzte Lesezeit":"1\u00a0Minute"},"schema":{"@context":"https:\/\/schema.org","@graph":[{"@type":"WebPage","@id":"https:\/\/hoomei.fr\/de\/produit\/praezisions-mehrzweckschere-fuer-nase-und-andere-zwecke\/","url":"https:\/\/hoomei.fr\/de\/produit\/praezisions-mehrzweckschere-fuer-nase-und-andere-zwecke\/","name":"Pr\u00e4zisions-Mehrzweckschere f\u00fcr Nase und andere Zwecke - Hoomei","isPartOf":{"@id":"https:\/\/hoomei.fr\/de\/#website"},"primaryImageOfPage":{"@id":"https:\/\/hoomei.fr\/de\/produit\/praezisions-mehrzweckschere-fuer-nase-und-andere-zwecke\/#primaryimage"},"image":{"@id":"https:\/\/hoomei.fr\/de\/produit\/praezisions-mehrzweckschere-fuer-nase-und-andere-zwecke\/#primaryimage"},"thumbnailUrl":"https:\/\/hoomei.fr\/wp-content\/uploads\/2025\/01\/Ciseaux-de-Precision-Multi-Usage-2.png","datePublished":"2025-01-07T21:08:45+00:00","dateModified":"2025-04-22T21:29:36+00:00","description":"Sichere Pr\u00e4zisionsschere f\u00fcr Nase, Wimpern und K\u00f6rperpflege. Vielseitig, kompakt und perfekt f\u00fcr den t\u00e4glichen Gebrauch.","breadcrumb":{"@id":"https:\/\/hoomei.fr\/de\/produit\/praezisions-mehrzweckschere-fuer-nase-und-andere-zwecke\/#breadcrumb"},"inLanguage":"de","potentialAction":[{"@type":"ReadAction","target":["https:\/\/hoomei.fr\/de\/produit\/praezisions-mehrzweckschere-fuer-nase-und-andere-zwecke\/"]}]},{"@type":"ImageObject","inLanguage":"de","@id":"https:\/\/hoomei.fr\/de\/produit\/praezisions-mehrzweckschere-fuer-nase-und-andere-zwecke\/#primaryimage","url":"https:\/\/hoomei.fr\/wp-content\/uploads\/2025\/01\/Ciseaux-de-Precision-Multi-Usage-2.png","contentUrl":"https:\/\/hoomei.fr\/wp-content\/uploads\/2025\/01\/Ciseaux-de-Precision-Multi-Usage-2.png","width":1080,"height":1080},{"@type":"BreadcrumbList","@id":"https:\/\/hoomei.fr\/de\/produit\/praezisions-mehrzweckschere-fuer-nase-und-andere-zwecke\/#breadcrumb","itemListElement":[{"@type":"ListItem","position":1,"name":"Accueil","item":"https:\/\/hoomei.fr\/de\/"},{"@type":"ListItem","position":2,"name":"Shop","item":"https:\/\/hoomei.fr\/de\/shop\/"},{"@type":"ListItem","position":3,"name":"Pr\u00e4zisions-Mehrzweckschere f\u00fcr Nase und andere Zwecke"}]},{"@type":"WebSite","@id":"https:\/\/hoomei.fr\/de\/#website","url":"https:\/\/hoomei.fr\/de\/","name":"Hoomei","description":"Votre Routine R\u00e9invent\u00e9e","publisher":{"@id":"https:\/\/hoomei.fr\/de\/#\/schema\/person\/8cfb2570bae5452af0aefde1cfdc78b4"},"potentialAction":[{"@type":"SearchAction","target":{"@type":"EntryPoint","urlTemplate":"https:\/\/hoomei.fr\/de\/?s={search_term_string}"},"query-input":{"@type":"PropertyValueSpecification","valueRequired":true,"valueName":"search_term_string"}}],"inLanguage":"de"},{"@type":["Person","Organization"],"@id":"https:\/\/hoomei.fr\/de\/#\/schema\/person\/8cfb2570bae5452af0aefde1cfdc78b4","name":"GHULAm WIASS","image":{"@type":"ImageObject","inLanguage":"de","@id":"https:\/\/hoomei.fr\/de\/#\/schema\/person\/image\/","url":"https:\/\/hoomei.fr\/wp-content\/uploads\/2024\/11\/Design-sans-titre-2024-11-01T212453.191.png","contentUrl":"https:\/\/hoomei.fr\/wp-content\/uploads\/2024\/11\/Design-sans-titre-2024-11-01T212453.191.png","width":436,"height":124,"caption":"GHULAm WIASS"},"logo":{"@id":"https:\/\/hoomei.fr\/de\/#\/schema\/person\/image\/"},"sameAs":["http:\/\/hoomei.fr"]}]}},"_links":{"self":[{"href":"https:\/\/hoomei.fr\/de\/wp-json\/wp\/v2\/product\/9598"}],"collection":[{"href":"https:\/\/hoomei.fr\/de\/wp-json\/wp\/v2\/product"}],"about":[{"href":"https:\/\/hoomei.fr\/de\/wp-json\/wp\/v2\/types\/product"}],"wp:featuredmedia":[{"embeddable":true,"href":"https:\/\/hoomei.fr\/de\/wp-json\/wp\/v2\/media\/8094"}],"wp:attachment":[{"href":"https:\/\/hoomei.fr\/de\/wp-json\/wp\/v2\/media?parent=9598"}],"wp:term":[{"taxonomy":"product_cat","embeddable":true,"href":"https:\/\/hoomei.fr\/de\/wp-json\/wp\/v2\/product_cat?post=9598"},{"taxonomy":"product_tag","embeddable":true,"href":"https:\/\/hoomei.fr\/de\/wp-json\/wp\/v2\/product_tag?post=9598"}],"curies":[{"name":"wp","href":"https:\/\/api.w.org\/{rel}","templated":true}]}}