{"id":9597,"date":"2025-01-08T10:32:47","date_gmt":"2025-01-08T10:32:47","guid":{"rendered":"https:\/\/hoomei.fr\/produit\/reiniger-staubsauger-von-schwarzen-punkten\/"},"modified":"2025-04-22T21:27:46","modified_gmt":"2025-04-22T21:27:46","slug":"reiniger-staubsauger-von-schwarzen-punkten","status":"publish","type":"product","link":"https:\/\/hoomei.fr\/de\/produit\/reiniger-staubsauger-von-schwarzen-punkten\/","title":{"rendered":"Reiniger \/ Staubsauger von schwarzen Punkten"},"content":{"rendered":"<p>Ver\u00e4ndern Sie Ihre Hautpflegeroutine mit diesem revolution\u00e4ren Blasenreiniger gegen Mitesser. Er wurde f\u00fcr eine gr\u00fcndliche Reinigung entwickelt und kombiniert Vakuumabsaugung und Feuchtigkeitszufuhr f\u00fcr eine sichtbar reinere und strahlendere Haut. <\/p>\n<h4><strong>Warum sollten Sie sich f\u00fcr diesen Reiniger entscheiden?<\/strong><\/h4>\n<ul>\n<li><strong>Komplette Pflege:<\/strong> Reinigt, exfoliert und spendet Feuchtigkeit in einem Schritt.<\/li>\n<li><strong>Sichtbar verbesserte Haut:<\/strong> Reduziert Poren, verleiht einen ebenm\u00e4\u00dfigen Teint und entfernt Mitesser schon bei der ersten Anwendung.<\/li>\n<li><strong>Praktisch und ergonomisch:<\/strong> Kompakt und leicht zu transportieren, wenn Sie unterwegs sind.<\/li>\n<li><strong>Umweltfreundlich:<\/strong> Lange Lebensdauer und nachhaltige Materialien.<\/li>\n<\/ul>\n","protected":false},"excerpt":{"rendered":"<p>Ver\u00e4ndern Sie Ihre Hautpflegeroutine mit diesem revolution\u00e4ren Blasenreiniger gegen Mitesser. Er wurde f\u00fcr eine gr\u00fcndliche Reinigung entwickelt und kombiniert Vakuumabsaugung und Feuchtigkeitszufuhr f\u00fcr eine sichtbar reinere und strahlendere Haut. <\/p>\n<h4><strong>Warum sollten Sie sich f\u00fcr diesen Reiniger entscheiden?<\/strong><\/h4>\n<ul>\n<li><strong>Komplette Pflege:<\/strong> Reinigt, exfoliert und spendet Feuchtigkeit in einem Schritt.<\/li>\n<li><strong>Sichtbar verbesserte Haut:<\/strong> Reduziert Poren, verleiht einen ebenm\u00e4\u00dfigen Teint und entfernt Mitesser schon bei der ersten Anwendung.<\/li>\n<li><strong>Praktisch und ergonomisch:<\/strong> Kompakt und leicht zu transportieren, wenn Sie unterwegs sind.<\/li>\n<li><strong>Umweltfreundlich:<\/strong> Lange Lebensdauer und langlebige Materialien.<\/li>\n<\/ul>\n","protected":false},"featured_media":8022,"template":"","meta":{"_acf_changed":false,"ub_ctt_via":"","_monsterinsights_skip_tracking":false,"_monsterinsights_sitenote_active":false,"_monsterinsights_sitenote_note":"","_monsterinsights_sitenote_category":0},"product_cat":[275],"product_tag":[],"class_list":{"0":"post-9597","1":"product","2":"type-product","3":"status-publish","4":"has-post-thumbnail","6":"product_cat-reine-atmung","8":"first","9":"instock","10":"shipping-taxable","11":"purchasable","12":"product-type-simple"},"acf":[],"yoast_head":"<!-- This site is optimized with the Yoast SEO plugin v23.8 - https:\/\/yoast.com\/wordpress\/plugins\/seo\/ -->\n<title>Reiniger \/ Staubsauger von schwarzen Punkten - Hoomei<\/title>\n<meta name=\"description\" content=\"Entdecken Sie den Blasen Mitesser-Reiniger, ein innovatives Ger\u00e4t f\u00fcr eine reine und hydratisierte Haut. Vakuumabsaugung, Tiefenreinigung.\" \/>\n<meta name=\"robots\" content=\"index, follow, max-snippet:-1, max-image-preview:large, max-video-preview:-1\" \/>\n<link rel=\"canonical\" href=\"https:\/\/hoomei.fr\/de\/produit\/reiniger-staubsauger-von-schwarzen-punkten\/\" \/>\n<meta property=\"og:locale\" content=\"de_DE\" \/>\n<meta property=\"og:type\" content=\"article\" \/>\n<meta property=\"og:title\" content=\"Reiniger \/ Staubsauger von schwarzen Punkten - Hoomei\" \/>\n<meta property=\"og:description\" content=\"Entdecken Sie den Blasen Mitesser-Reiniger, ein innovatives Ger\u00e4t f\u00fcr eine reine und hydratisierte Haut. Vakuumabsaugung, Tiefenreinigung.\" \/>\n<meta property=\"og:url\" content=\"https:\/\/hoomei.fr\/de\/produit\/reiniger-staubsauger-von-schwarzen-punkten\/\" \/>\n<meta property=\"og:site_name\" content=\"Hoomei\" \/>\n<meta property=\"article:modified_time\" content=\"2025-04-22T21:27:46+00:00\" \/>\n<meta property=\"og:image\" content=\"https:\/\/hoomei.fr\/wp-content\/uploads\/2025\/01\/photoroom_20250112_175002-1.jpg\" \/>\n\t<meta property=\"og:image:width\" content=\"1080\" \/>\n\t<meta property=\"og:image:height\" content=\"1080\" \/>\n\t<meta property=\"og:image:type\" content=\"image\/jpeg\" \/>\n<meta name=\"twitter:card\" content=\"summary_large_image\" \/>\n<script type=\"application\/ld+json\" class=\"yoast-schema-graph\">{\"@context\":\"https:\/\/schema.org\",\"@graph\":[{\"@type\":\"WebPage\",\"@id\":\"https:\/\/hoomei.fr\/de\/produit\/reiniger-staubsauger-von-schwarzen-punkten\/\",\"url\":\"https:\/\/hoomei.fr\/de\/produit\/reiniger-staubsauger-von-schwarzen-punkten\/\",\"name\":\"Reiniger \/ Staubsauger von schwarzen Punkten - Hoomei\",\"isPartOf\":{\"@id\":\"https:\/\/hoomei.fr\/de\/#website\"},\"primaryImageOfPage\":{\"@id\":\"https:\/\/hoomei.fr\/de\/produit\/reiniger-staubsauger-von-schwarzen-punkten\/#primaryimage\"},\"image\":{\"@id\":\"https:\/\/hoomei.fr\/de\/produit\/reiniger-staubsauger-von-schwarzen-punkten\/#primaryimage\"},\"thumbnailUrl\":\"https:\/\/hoomei.fr\/wp-content\/uploads\/2025\/01\/photoroom_20250112_175002-1.jpg\",\"datePublished\":\"2025-01-08T10:32:47+00:00\",\"dateModified\":\"2025-04-22T21:27:46+00:00\",\"description\":\"Entdecken Sie den Blasen Mitesser-Reiniger, ein innovatives Ger\u00e4t f\u00fcr eine reine und hydratisierte Haut. Vakuumabsaugung, Tiefenreinigung.\",\"breadcrumb\":{\"@id\":\"https:\/\/hoomei.fr\/de\/produit\/reiniger-staubsauger-von-schwarzen-punkten\/#breadcrumb\"},\"inLanguage\":\"de\",\"potentialAction\":[{\"@type\":\"ReadAction\",\"target\":[\"https:\/\/hoomei.fr\/de\/produit\/reiniger-staubsauger-von-schwarzen-punkten\/\"]}]},{\"@type\":\"ImageObject\",\"inLanguage\":\"de\",\"@id\":\"https:\/\/hoomei.fr\/de\/produit\/reiniger-staubsauger-von-schwarzen-punkten\/#primaryimage\",\"url\":\"https:\/\/hoomei.fr\/wp-content\/uploads\/2025\/01\/photoroom_20250112_175002-1.jpg\",\"contentUrl\":\"https:\/\/hoomei.fr\/wp-content\/uploads\/2025\/01\/photoroom_20250112_175002-1.jpg\",\"width\":1080,\"height\":1080},{\"@type\":\"BreadcrumbList\",\"@id\":\"https:\/\/hoomei.fr\/de\/produit\/reiniger-staubsauger-von-schwarzen-punkten\/#breadcrumb\",\"itemListElement\":[{\"@type\":\"ListItem\",\"position\":1,\"name\":\"Accueil\",\"item\":\"https:\/\/hoomei.fr\/de\/\"},{\"@type\":\"ListItem\",\"position\":2,\"name\":\"Shop\",\"item\":\"https:\/\/hoomei.fr\/de\/shop\/\"},{\"@type\":\"ListItem\",\"position\":3,\"name\":\"Reiniger \/ Staubsauger von schwarzen Punkten\"}]},{\"@type\":\"WebSite\",\"@id\":\"https:\/\/hoomei.fr\/de\/#website\",\"url\":\"https:\/\/hoomei.fr\/de\/\",\"name\":\"Hoomei\",\"description\":\"Votre Routine R\u00e9invent\u00e9e\",\"publisher\":{\"@id\":\"https:\/\/hoomei.fr\/de\/#\/schema\/person\/8cfb2570bae5452af0aefde1cfdc78b4\"},\"potentialAction\":[{\"@type\":\"SearchAction\",\"target\":{\"@type\":\"EntryPoint\",\"urlTemplate\":\"https:\/\/hoomei.fr\/de\/?s={search_term_string}\"},\"query-input\":{\"@type\":\"PropertyValueSpecification\",\"valueRequired\":true,\"valueName\":\"search_term_string\"}}],\"inLanguage\":\"de\"},{\"@type\":[\"Person\",\"Organization\"],\"@id\":\"https:\/\/hoomei.fr\/de\/#\/schema\/person\/8cfb2570bae5452af0aefde1cfdc78b4\",\"name\":\"GHULAm WIASS\",\"image\":{\"@type\":\"ImageObject\",\"inLanguage\":\"de\",\"@id\":\"https:\/\/hoomei.fr\/de\/#\/schema\/person\/image\/\",\"url\":\"https:\/\/hoomei.fr\/wp-content\/uploads\/2024\/11\/Design-sans-titre-2024-11-01T212453.191.png\",\"contentUrl\":\"https:\/\/hoomei.fr\/wp-content\/uploads\/2024\/11\/Design-sans-titre-2024-11-01T212453.191.png\",\"width\":436,\"height\":124,\"caption\":\"GHULAm WIASS\"},\"logo\":{\"@id\":\"https:\/\/hoomei.fr\/de\/#\/schema\/person\/image\/\"},\"sameAs\":[\"http:\/\/hoomei.fr\"]}]}<\/script>\n<!-- \/ Yoast SEO plugin. -->","yoast_head_json":{"title":"Reiniger \/ Staubsauger von schwarzen Punkten - Hoomei","description":"Entdecken Sie den Blasen Mitesser-Reiniger, ein innovatives Ger\u00e4t f\u00fcr eine reine und hydratisierte Haut. Vakuumabsaugung, Tiefenreinigung.","robots":{"index":"index","follow":"follow","max-snippet":"max-snippet:-1","max-image-preview":"max-image-preview:large","max-video-preview":"max-video-preview:-1"},"canonical":"https:\/\/hoomei.fr\/de\/produit\/reiniger-staubsauger-von-schwarzen-punkten\/","og_locale":"de_DE","og_type":"article","og_title":"Reiniger \/ Staubsauger von schwarzen Punkten - Hoomei","og_description":"Entdecken Sie den Blasen Mitesser-Reiniger, ein innovatives Ger\u00e4t f\u00fcr eine reine und hydratisierte Haut. Vakuumabsaugung, Tiefenreinigung.","og_url":"https:\/\/hoomei.fr\/de\/produit\/reiniger-staubsauger-von-schwarzen-punkten\/","og_site_name":"Hoomei","article_modified_time":"2025-04-22T21:27:46+00:00","og_image":[{"width":1080,"height":1080,"url":"https:\/\/hoomei.fr\/wp-content\/uploads\/2025\/01\/photoroom_20250112_175002-1.jpg","type":"image\/jpeg"}],"twitter_card":"summary_large_image","schema":{"@context":"https:\/\/schema.org","@graph":[{"@type":"WebPage","@id":"https:\/\/hoomei.fr\/de\/produit\/reiniger-staubsauger-von-schwarzen-punkten\/","url":"https:\/\/hoomei.fr\/de\/produit\/reiniger-staubsauger-von-schwarzen-punkten\/","name":"Reiniger \/ Staubsauger von schwarzen Punkten - Hoomei","isPartOf":{"@id":"https:\/\/hoomei.fr\/de\/#website"},"primaryImageOfPage":{"@id":"https:\/\/hoomei.fr\/de\/produit\/reiniger-staubsauger-von-schwarzen-punkten\/#primaryimage"},"image":{"@id":"https:\/\/hoomei.fr\/de\/produit\/reiniger-staubsauger-von-schwarzen-punkten\/#primaryimage"},"thumbnailUrl":"https:\/\/hoomei.fr\/wp-content\/uploads\/2025\/01\/photoroom_20250112_175002-1.jpg","datePublished":"2025-01-08T10:32:47+00:00","dateModified":"2025-04-22T21:27:46+00:00","description":"Entdecken Sie den Blasen Mitesser-Reiniger, ein innovatives Ger\u00e4t f\u00fcr eine reine und hydratisierte Haut. Vakuumabsaugung, Tiefenreinigung.","breadcrumb":{"@id":"https:\/\/hoomei.fr\/de\/produit\/reiniger-staubsauger-von-schwarzen-punkten\/#breadcrumb"},"inLanguage":"de","potentialAction":[{"@type":"ReadAction","target":["https:\/\/hoomei.fr\/de\/produit\/reiniger-staubsauger-von-schwarzen-punkten\/"]}]},{"@type":"ImageObject","inLanguage":"de","@id":"https:\/\/hoomei.fr\/de\/produit\/reiniger-staubsauger-von-schwarzen-punkten\/#primaryimage","url":"https:\/\/hoomei.fr\/wp-content\/uploads\/2025\/01\/photoroom_20250112_175002-1.jpg","contentUrl":"https:\/\/hoomei.fr\/wp-content\/uploads\/2025\/01\/photoroom_20250112_175002-1.jpg","width":1080,"height":1080},{"@type":"BreadcrumbList","@id":"https:\/\/hoomei.fr\/de\/produit\/reiniger-staubsauger-von-schwarzen-punkten\/#breadcrumb","itemListElement":[{"@type":"ListItem","position":1,"name":"Accueil","item":"https:\/\/hoomei.fr\/de\/"},{"@type":"ListItem","position":2,"name":"Shop","item":"https:\/\/hoomei.fr\/de\/shop\/"},{"@type":"ListItem","position":3,"name":"Reiniger \/ Staubsauger von schwarzen Punkten"}]},{"@type":"WebSite","@id":"https:\/\/hoomei.fr\/de\/#website","url":"https:\/\/hoomei.fr\/de\/","name":"Hoomei","description":"Votre Routine R\u00e9invent\u00e9e","publisher":{"@id":"https:\/\/hoomei.fr\/de\/#\/schema\/person\/8cfb2570bae5452af0aefde1cfdc78b4"},"potentialAction":[{"@type":"SearchAction","target":{"@type":"EntryPoint","urlTemplate":"https:\/\/hoomei.fr\/de\/?s={search_term_string}"},"query-input":{"@type":"PropertyValueSpecification","valueRequired":true,"valueName":"search_term_string"}}],"inLanguage":"de"},{"@type":["Person","Organization"],"@id":"https:\/\/hoomei.fr\/de\/#\/schema\/person\/8cfb2570bae5452af0aefde1cfdc78b4","name":"GHULAm WIASS","image":{"@type":"ImageObject","inLanguage":"de","@id":"https:\/\/hoomei.fr\/de\/#\/schema\/person\/image\/","url":"https:\/\/hoomei.fr\/wp-content\/uploads\/2024\/11\/Design-sans-titre-2024-11-01T212453.191.png","contentUrl":"https:\/\/hoomei.fr\/wp-content\/uploads\/2024\/11\/Design-sans-titre-2024-11-01T212453.191.png","width":436,"height":124,"caption":"GHULAm WIASS"},"logo":{"@id":"https:\/\/hoomei.fr\/de\/#\/schema\/person\/image\/"},"sameAs":["http:\/\/hoomei.fr"]}]}},"_links":{"self":[{"href":"https:\/\/hoomei.fr\/de\/wp-json\/wp\/v2\/product\/9597"}],"collection":[{"href":"https:\/\/hoomei.fr\/de\/wp-json\/wp\/v2\/product"}],"about":[{"href":"https:\/\/hoomei.fr\/de\/wp-json\/wp\/v2\/types\/product"}],"wp:featuredmedia":[{"embeddable":true,"href":"https:\/\/hoomei.fr\/de\/wp-json\/wp\/v2\/media\/8022"}],"wp:attachment":[{"href":"https:\/\/hoomei.fr\/de\/wp-json\/wp\/v2\/media?parent=9597"}],"wp:term":[{"taxonomy":"product_cat","embeddable":true,"href":"https:\/\/hoomei.fr\/de\/wp-json\/wp\/v2\/product_cat?post=9597"},{"taxonomy":"product_tag","embeddable":true,"href":"https:\/\/hoomei.fr\/de\/wp-json\/wp\/v2\/product_tag?post=9597"}],"curies":[{"name":"wp","href":"https:\/\/api.w.org\/{rel}","templated":true}]}}