{"id":9595,"date":"2025-01-07T20:37:58","date_gmt":"2025-01-07T20:37:58","guid":{"rendered":"https:\/\/hoomei.fr\/produit\/elektrischer-mehrzweck-nasen-und-koerperhaarschneider\/"},"modified":"2025-01-07T20:37:58","modified_gmt":"2025-01-07T20:37:58","slug":"elektrischer-mehrzweck-nasen-und-koerperhaarschneider","status":"publish","type":"product","link":"https:\/\/hoomei.fr\/de\/produit\/elektrischer-mehrzweck-nasen-und-koerperhaarschneider\/","title":{"rendered":"Elektrischer Mehrzweck-Nasen- und K\u00f6rperhaarschneider"},"content":{"rendered":"<div>\n<div>\n<div>\n<div>\n<p>Vereinfachen Sie Ihre Pflegeroutine mit diesem elektrischen Mehrzweck-Trimmer! Mit einem 360\u00b0 rotierenden Kopf und einer abgerundeten Pr\u00e4zisionsklinge sorgt er f\u00fcr eine sanfte und reizfreie Rasur. Dieser Trimmer ist ideal f\u00fcr Nase, Ohren und sogar empfindliche Gesichtspartien und vereint Leistung und Sicherheit. Er ist kompakt und leicht zu transportieren und wird schnell unentbehrlich f\u00fcr die t\u00e4gliche Pflege.   <\/p>\n<h4><strong>Warum Sie es nicht \u00fcbersehen sollten?<\/strong><\/h4>\n<ul>\n<li>Wenn Sie diesen Rasenm\u00e4her nicht besitzen, riskieren Sie, weiterhin unbequeme oder ineffiziente Werkzeuge zu benutzen. Warum sollten Sie Irritationen oder grobe Schnitte tolerieren, wenn Sie ein zuverl\u00e4ssiges und schmerzfreies Ger\u00e4t haben k\u00f6nnen? \ud83d\ude1f<\/li>\n<\/ul>\n<h4><strong>Unvergleichliche Vorteile :<\/strong><\/h4>\n<ul>\n<li><strong>Schmerzfrei:<\/strong> Der abgerundete Kopf sch\u00fctzt die Haut und entfernt gleichzeitig effektiv unerw\u00fcnschte Haare.<\/li>\n<li><strong>Hygienisch:<\/strong> Einfach nach jedem Gebrauch zu waschen, um maximale Sauberkeit zu gew\u00e4hrleisten.<\/li>\n<li><strong>Kompakt:<\/strong> Passt leicht in Ihren Kulturbeutel oder Ihre Reisetasche.<\/li>\n<li><strong>Tipp:<\/strong> Nehmen Sie es mit auf Reisen, damit Sie immer und \u00fcberall makellos aussehen. \u2708\ufe0f <\/li>\n<\/ul>\n<p>&nbsp;<\/p>\n<p><img loading=\"lazy\" decoding=\"async\" class=\"\" title=\"Electric Nose Hair Trimmer Safe Not To Hurt The Nose Not Stuck Hair Multifunctional Shaving Nose Hair Electric Eyebrow Trimmer\" src=\"https:\/\/hoomei.fr\/wp-content\/uploads\/2025\/01\/3830-63be79.jpeg\" alt=\"Electric Nose Hair Trimmer Safe Not To Hurt The Nose Not Stuck Hair Multifunctional Shaving Nose Hair Electric Eyebrow Trimmer\" width=\"163\" height=\"245\"><img loading=\"lazy\" decoding=\"async\" class=\"\" title=\"Electric Nose Hair Trimmer Safe Not To Hurt The Nose Not Stuck Hair Multifunctional Shaving Nose Hair Electric Eyebrow Trimmer\" src=\"https:\/\/hoomei.fr\/wp-content\/uploads\/2025\/01\/3830-f7dba4.jpeg\" alt=\"Electric Nose Hair Trimmer Safe Not To Hurt The Nose Not Stuck Hair Multifunctional Shaving Nose Hair Electric Eyebrow Trimmer\" width=\"164\" height=\"247\"><\/p>\n<\/div>\n<\/div>\n<\/div>\n<\/div>\n<p>&nbsp;<\/p>\n","protected":false},"excerpt":{"rendered":"<p>Vereinfachen Sie Ihre Pflegeroutine mit diesem elektrischen Mehrzweck-Trimmer! Mit einem 360\u00b0 rotierenden Kopf und einer abgerundeten Pr\u00e4zisionsklinge sorgt er f\u00fcr eine sanfte und reizfreie Rasur. Dieser Trimmer ist ideal f\u00fcr Nase, Ohren und sogar empfindliche Gesichtspartien und vereint Leistung und Sicherheit. Er ist kompakt und leicht zu transportieren und wird schnell unentbehrlich f\u00fcr die t\u00e4gliche Pflege.   <\/p>\n<h4><strong>Warum Sie es nicht \u00fcbersehen sollten?<\/strong><\/h4>\n<ul>\n<li>Wenn Sie diesen Rasenm\u00e4her nicht besitzen, riskieren Sie, weiterhin unbequeme oder ineffiziente Werkzeuge zu benutzen. Warum sollten Sie Irritationen oder grobe Schnitte tolerieren, wenn Sie ein zuverl\u00e4ssiges und schmerzfreies Ger\u00e4t haben k\u00f6nnen? \ud83d\ude1f<\/li>\n<\/ul>\n<h4><strong>Unvergleichliche Vorteile :<\/strong><\/h4>\n<ul>\n<li><strong>Schmerzfrei:<\/strong> Der abgerundete Kopf sch\u00fctzt die Haut und entfernt gleichzeitig effektiv unerw\u00fcnschte Haare.<\/li>\n<li><strong>Hygienisch:<\/strong> Einfach nach jedem Gebrauch zu waschen, um maximale Sauberkeit zu gew\u00e4hrleisten.<\/li>\n<li><strong>Kompakt:<\/strong> Passt leicht in Ihren Kulturbeutel oder Ihre Reisetasche.<\/li>\n<li><strong>Tipp:<\/strong> Nehmen Sie es mit auf Reisen, damit Sie immer und \u00fcberall makellos aussehen. \u2708\ufe0f <\/li>\n<\/ul>\n<div>\n<div>\n<div>\n<div>\n<p><img loading=\"lazy\" decoding=\"async\" class=\"\" title=\"Electric Nose Hair Trimmer Safe Not To Hurt The Nose Not Stuck Hair Multifunctional Shaving Nose Hair Electric Eyebrow Trimmer\" src=\"https:\/\/hoomei.fr\/wp-content\/uploads\/2025\/01\/3830-63be79.jpeg\" alt=\"Electric Nose Hair Trimmer Safe Not To Hurt The Nose Not Stuck Hair Multifunctional Shaving Nose Hair Electric Eyebrow Trimmer\" width=\"163\" height=\"245\"><img loading=\"lazy\" decoding=\"async\" class=\"\" title=\"Electric Nose Hair Trimmer Safe Not To Hurt The Nose Not Stuck Hair Multifunctional Shaving Nose Hair Electric Eyebrow Trimmer\" src=\"https:\/\/hoomei.fr\/wp-content\/uploads\/2025\/01\/3830-f7dba4.jpeg\" alt=\"Electric Nose Hair Trimmer Safe Not To Hurt The Nose Not Stuck Hair Multifunctional Shaving Nose Hair Electric Eyebrow Trimmer\" width=\"164\" height=\"247\"><\/p>\n<\/div>\n<\/div>\n<\/div>\n<\/div>\n<p>&nbsp;<\/p>\n","protected":false},"featured_media":8158,"template":"","meta":{"_acf_changed":false,"ub_ctt_via":"","_monsterinsights_skip_tracking":false,"_monsterinsights_sitenote_active":false,"_monsterinsights_sitenote_note":"","_monsterinsights_sitenote_category":0},"product_cat":[275],"product_tag":[],"class_list":{"0":"post-9595","1":"product","2":"type-product","3":"status-publish","4":"has-post-thumbnail","6":"product_cat-reine-atmung","8":"first","9":"instock","10":"shipping-taxable","11":"purchasable","12":"product-type-simple"},"acf":[],"yoast_head":"<!-- This site is optimized with the Yoast SEO plugin v23.8 - https:\/\/yoast.com\/wordpress\/plugins\/seo\/ -->\n<title>Elektrischer Mehrzweck-Nasen- und K\u00f6rperhaarschneider - Hoomei<\/title>\n<meta name=\"description\" content=\"Elektrischer Haarschneider f\u00fcr Nase, Ohren und Gesicht. Pr\u00e4zise, sicher und einfach zu bedienen mit einem 360\u00b0 drehbaren Kopf.\" \/>\n<meta name=\"robots\" content=\"index, follow, max-snippet:-1, max-image-preview:large, max-video-preview:-1\" \/>\n<link rel=\"canonical\" href=\"https:\/\/hoomei.fr\/de\/produit\/elektrischer-mehrzweck-nasen-und-koerperhaarschneider\/\" \/>\n<meta property=\"og:locale\" content=\"de_DE\" \/>\n<meta property=\"og:type\" content=\"article\" \/>\n<meta property=\"og:title\" content=\"Elektrischer Mehrzweck-Nasen- und K\u00f6rperhaarschneider - Hoomei\" \/>\n<meta property=\"og:description\" content=\"Elektrischer Haarschneider f\u00fcr Nase, Ohren und Gesicht. Pr\u00e4zise, sicher und einfach zu bedienen mit einem 360\u00b0 drehbaren Kopf.\" \/>\n<meta property=\"og:url\" content=\"https:\/\/hoomei.fr\/de\/produit\/elektrischer-mehrzweck-nasen-und-koerperhaarschneider\/\" \/>\n<meta property=\"og:site_name\" content=\"Hoomei\" \/>\n<meta property=\"og:image\" content=\"https:\/\/hoomei.fr\/wp-content\/uploads\/2025\/01\/photoroom_20250112_201532-1.jpg\" \/>\n\t<meta property=\"og:image:width\" content=\"1080\" \/>\n\t<meta property=\"og:image:height\" content=\"1080\" \/>\n\t<meta property=\"og:image:type\" content=\"image\/jpeg\" \/>\n<meta name=\"twitter:card\" content=\"summary_large_image\" \/>\n<meta name=\"twitter:label1\" content=\"Gesch\u00e4tzte Lesezeit\" \/>\n\t<meta name=\"twitter:data1\" content=\"1\u00a0Minute\" \/>\n<script type=\"application\/ld+json\" class=\"yoast-schema-graph\">{\"@context\":\"https:\/\/schema.org\",\"@graph\":[{\"@type\":\"WebPage\",\"@id\":\"https:\/\/hoomei.fr\/de\/produit\/elektrischer-mehrzweck-nasen-und-koerperhaarschneider\/\",\"url\":\"https:\/\/hoomei.fr\/de\/produit\/elektrischer-mehrzweck-nasen-und-koerperhaarschneider\/\",\"name\":\"Elektrischer Mehrzweck-Nasen- und K\u00f6rperhaarschneider - Hoomei\",\"isPartOf\":{\"@id\":\"https:\/\/hoomei.fr\/de\/#website\"},\"primaryImageOfPage\":{\"@id\":\"https:\/\/hoomei.fr\/de\/produit\/elektrischer-mehrzweck-nasen-und-koerperhaarschneider\/#primaryimage\"},\"image\":{\"@id\":\"https:\/\/hoomei.fr\/de\/produit\/elektrischer-mehrzweck-nasen-und-koerperhaarschneider\/#primaryimage\"},\"thumbnailUrl\":\"https:\/\/hoomei.fr\/wp-content\/uploads\/2025\/01\/photoroom_20250112_201532-1.jpg\",\"datePublished\":\"2025-01-07T20:37:58+00:00\",\"dateModified\":\"2025-01-07T20:37:58+00:00\",\"description\":\"Elektrischer Haarschneider f\u00fcr Nase, Ohren und Gesicht. Pr\u00e4zise, sicher und einfach zu bedienen mit einem 360\u00b0 drehbaren Kopf.\",\"breadcrumb\":{\"@id\":\"https:\/\/hoomei.fr\/de\/produit\/elektrischer-mehrzweck-nasen-und-koerperhaarschneider\/#breadcrumb\"},\"inLanguage\":\"de\",\"potentialAction\":[{\"@type\":\"ReadAction\",\"target\":[\"https:\/\/hoomei.fr\/de\/produit\/elektrischer-mehrzweck-nasen-und-koerperhaarschneider\/\"]}]},{\"@type\":\"ImageObject\",\"inLanguage\":\"de\",\"@id\":\"https:\/\/hoomei.fr\/de\/produit\/elektrischer-mehrzweck-nasen-und-koerperhaarschneider\/#primaryimage\",\"url\":\"https:\/\/hoomei.fr\/wp-content\/uploads\/2025\/01\/photoroom_20250112_201532-1.jpg\",\"contentUrl\":\"https:\/\/hoomei.fr\/wp-content\/uploads\/2025\/01\/photoroom_20250112_201532-1.jpg\",\"width\":1080,\"height\":1080},{\"@type\":\"BreadcrumbList\",\"@id\":\"https:\/\/hoomei.fr\/de\/produit\/elektrischer-mehrzweck-nasen-und-koerperhaarschneider\/#breadcrumb\",\"itemListElement\":[{\"@type\":\"ListItem\",\"position\":1,\"name\":\"Accueil\",\"item\":\"https:\/\/hoomei.fr\/de\/\"},{\"@type\":\"ListItem\",\"position\":2,\"name\":\"Shop\",\"item\":\"https:\/\/hoomei.fr\/de\/shop\/\"},{\"@type\":\"ListItem\",\"position\":3,\"name\":\"Elektrischer Mehrzweck-Nasen- und K\u00f6rperhaarschneider\"}]},{\"@type\":\"WebSite\",\"@id\":\"https:\/\/hoomei.fr\/de\/#website\",\"url\":\"https:\/\/hoomei.fr\/de\/\",\"name\":\"Hoomei\",\"description\":\"Votre Routine R\u00e9invent\u00e9e\",\"publisher\":{\"@id\":\"https:\/\/hoomei.fr\/de\/#\/schema\/person\/8cfb2570bae5452af0aefde1cfdc78b4\"},\"potentialAction\":[{\"@type\":\"SearchAction\",\"target\":{\"@type\":\"EntryPoint\",\"urlTemplate\":\"https:\/\/hoomei.fr\/de\/?s={search_term_string}\"},\"query-input\":{\"@type\":\"PropertyValueSpecification\",\"valueRequired\":true,\"valueName\":\"search_term_string\"}}],\"inLanguage\":\"de\"},{\"@type\":[\"Person\",\"Organization\"],\"@id\":\"https:\/\/hoomei.fr\/de\/#\/schema\/person\/8cfb2570bae5452af0aefde1cfdc78b4\",\"name\":\"GHULAm WIASS\",\"image\":{\"@type\":\"ImageObject\",\"inLanguage\":\"de\",\"@id\":\"https:\/\/hoomei.fr\/de\/#\/schema\/person\/image\/\",\"url\":\"https:\/\/hoomei.fr\/wp-content\/uploads\/2024\/11\/Design-sans-titre-2024-11-01T212453.191.png\",\"contentUrl\":\"https:\/\/hoomei.fr\/wp-content\/uploads\/2024\/11\/Design-sans-titre-2024-11-01T212453.191.png\",\"width\":436,\"height\":124,\"caption\":\"GHULAm WIASS\"},\"logo\":{\"@id\":\"https:\/\/hoomei.fr\/de\/#\/schema\/person\/image\/\"},\"sameAs\":[\"http:\/\/hoomei.fr\"]}]}<\/script>\n<!-- \/ Yoast SEO plugin. -->","yoast_head_json":{"title":"Elektrischer Mehrzweck-Nasen- und K\u00f6rperhaarschneider - Hoomei","description":"Elektrischer Haarschneider f\u00fcr Nase, Ohren und Gesicht. Pr\u00e4zise, sicher und einfach zu bedienen mit einem 360\u00b0 drehbaren Kopf.","robots":{"index":"index","follow":"follow","max-snippet":"max-snippet:-1","max-image-preview":"max-image-preview:large","max-video-preview":"max-video-preview:-1"},"canonical":"https:\/\/hoomei.fr\/de\/produit\/elektrischer-mehrzweck-nasen-und-koerperhaarschneider\/","og_locale":"de_DE","og_type":"article","og_title":"Elektrischer Mehrzweck-Nasen- und K\u00f6rperhaarschneider - Hoomei","og_description":"Elektrischer Haarschneider f\u00fcr Nase, Ohren und Gesicht. Pr\u00e4zise, sicher und einfach zu bedienen mit einem 360\u00b0 drehbaren Kopf.","og_url":"https:\/\/hoomei.fr\/de\/produit\/elektrischer-mehrzweck-nasen-und-koerperhaarschneider\/","og_site_name":"Hoomei","og_image":[{"width":1080,"height":1080,"url":"https:\/\/hoomei.fr\/wp-content\/uploads\/2025\/01\/photoroom_20250112_201532-1.jpg","type":"image\/jpeg"}],"twitter_card":"summary_large_image","twitter_misc":{"Gesch\u00e4tzte Lesezeit":"1\u00a0Minute"},"schema":{"@context":"https:\/\/schema.org","@graph":[{"@type":"WebPage","@id":"https:\/\/hoomei.fr\/de\/produit\/elektrischer-mehrzweck-nasen-und-koerperhaarschneider\/","url":"https:\/\/hoomei.fr\/de\/produit\/elektrischer-mehrzweck-nasen-und-koerperhaarschneider\/","name":"Elektrischer Mehrzweck-Nasen- und K\u00f6rperhaarschneider - Hoomei","isPartOf":{"@id":"https:\/\/hoomei.fr\/de\/#website"},"primaryImageOfPage":{"@id":"https:\/\/hoomei.fr\/de\/produit\/elektrischer-mehrzweck-nasen-und-koerperhaarschneider\/#primaryimage"},"image":{"@id":"https:\/\/hoomei.fr\/de\/produit\/elektrischer-mehrzweck-nasen-und-koerperhaarschneider\/#primaryimage"},"thumbnailUrl":"https:\/\/hoomei.fr\/wp-content\/uploads\/2025\/01\/photoroom_20250112_201532-1.jpg","datePublished":"2025-01-07T20:37:58+00:00","dateModified":"2025-01-07T20:37:58+00:00","description":"Elektrischer Haarschneider f\u00fcr Nase, Ohren und Gesicht. Pr\u00e4zise, sicher und einfach zu bedienen mit einem 360\u00b0 drehbaren Kopf.","breadcrumb":{"@id":"https:\/\/hoomei.fr\/de\/produit\/elektrischer-mehrzweck-nasen-und-koerperhaarschneider\/#breadcrumb"},"inLanguage":"de","potentialAction":[{"@type":"ReadAction","target":["https:\/\/hoomei.fr\/de\/produit\/elektrischer-mehrzweck-nasen-und-koerperhaarschneider\/"]}]},{"@type":"ImageObject","inLanguage":"de","@id":"https:\/\/hoomei.fr\/de\/produit\/elektrischer-mehrzweck-nasen-und-koerperhaarschneider\/#primaryimage","url":"https:\/\/hoomei.fr\/wp-content\/uploads\/2025\/01\/photoroom_20250112_201532-1.jpg","contentUrl":"https:\/\/hoomei.fr\/wp-content\/uploads\/2025\/01\/photoroom_20250112_201532-1.jpg","width":1080,"height":1080},{"@type":"BreadcrumbList","@id":"https:\/\/hoomei.fr\/de\/produit\/elektrischer-mehrzweck-nasen-und-koerperhaarschneider\/#breadcrumb","itemListElement":[{"@type":"ListItem","position":1,"name":"Accueil","item":"https:\/\/hoomei.fr\/de\/"},{"@type":"ListItem","position":2,"name":"Shop","item":"https:\/\/hoomei.fr\/de\/shop\/"},{"@type":"ListItem","position":3,"name":"Elektrischer Mehrzweck-Nasen- und K\u00f6rperhaarschneider"}]},{"@type":"WebSite","@id":"https:\/\/hoomei.fr\/de\/#website","url":"https:\/\/hoomei.fr\/de\/","name":"Hoomei","description":"Votre Routine R\u00e9invent\u00e9e","publisher":{"@id":"https:\/\/hoomei.fr\/de\/#\/schema\/person\/8cfb2570bae5452af0aefde1cfdc78b4"},"potentialAction":[{"@type":"SearchAction","target":{"@type":"EntryPoint","urlTemplate":"https:\/\/hoomei.fr\/de\/?s={search_term_string}"},"query-input":{"@type":"PropertyValueSpecification","valueRequired":true,"valueName":"search_term_string"}}],"inLanguage":"de"},{"@type":["Person","Organization"],"@id":"https:\/\/hoomei.fr\/de\/#\/schema\/person\/8cfb2570bae5452af0aefde1cfdc78b4","name":"GHULAm WIASS","image":{"@type":"ImageObject","inLanguage":"de","@id":"https:\/\/hoomei.fr\/de\/#\/schema\/person\/image\/","url":"https:\/\/hoomei.fr\/wp-content\/uploads\/2024\/11\/Design-sans-titre-2024-11-01T212453.191.png","contentUrl":"https:\/\/hoomei.fr\/wp-content\/uploads\/2024\/11\/Design-sans-titre-2024-11-01T212453.191.png","width":436,"height":124,"caption":"GHULAm WIASS"},"logo":{"@id":"https:\/\/hoomei.fr\/de\/#\/schema\/person\/image\/"},"sameAs":["http:\/\/hoomei.fr"]}]}},"_links":{"self":[{"href":"https:\/\/hoomei.fr\/de\/wp-json\/wp\/v2\/product\/9595"}],"collection":[{"href":"https:\/\/hoomei.fr\/de\/wp-json\/wp\/v2\/product"}],"about":[{"href":"https:\/\/hoomei.fr\/de\/wp-json\/wp\/v2\/types\/product"}],"wp:featuredmedia":[{"embeddable":true,"href":"https:\/\/hoomei.fr\/de\/wp-json\/wp\/v2\/media\/8158"}],"wp:attachment":[{"href":"https:\/\/hoomei.fr\/de\/wp-json\/wp\/v2\/media?parent=9595"}],"wp:term":[{"taxonomy":"product_cat","embeddable":true,"href":"https:\/\/hoomei.fr\/de\/wp-json\/wp\/v2\/product_cat?post=9595"},{"taxonomy":"product_tag","embeddable":true,"href":"https:\/\/hoomei.fr\/de\/wp-json\/wp\/v2\/product_tag?post=9595"}],"curies":[{"name":"wp","href":"https:\/\/api.w.org\/{rel}","templated":true}]}}