{"id":10330,"date":"2025-01-11T00:20:17","date_gmt":"2025-01-11T00:20:17","guid":{"rendered":"https:\/\/hoomei.fr\/produit\/zungenreiniger-double-action-fuer-hygiene-und-frischen-atem\/"},"modified":"2025-01-11T00:20:17","modified_gmt":"2025-01-11T00:20:17","slug":"zungenreiniger-double-action-fuer-hygiene-und-frischen-atem","status":"publish","type":"product","link":"https:\/\/hoomei.fr\/de\/produit\/zungenreiniger-double-action-fuer-hygiene-und-frischen-atem\/","title":{"rendered":"Zungenreiniger Double Action \u2013 F\u00fcr Hygiene und frischen Atem"},"content":{"rendered":"<p>Machen Sie eine gr\u00fcndliche Mundreinigung mit diesem <strong>Premium-Zungenreiniger<\/strong>. Dieser Zungenreiniger entfernt effektiv Schmutz und Bakterien von Ihrer Zunge, verbessert Ihren Atem und reduziert die Probleme, die durch schlechte Mundhygiene entstehen. Die weiche B\u00fcrste und der ergonomisch geformte Schaber sorgen f\u00fcr eine gr\u00fcndliche Reinigung und schonen gleichzeitig Ihre Geschmacksnerven. \ud83c\udf3f\u2728   <\/p>\n<h4><strong>Warum sollten Sie diesen Zungenschaber w\u00e4hlen?<\/strong><\/h4>\n<ul>\n<li><strong>Garantiert frischer Atem<\/strong>: Bek\u00e4mpft wirksam unangenehme Ger\u00fcche f\u00fcr ein neues Selbstvertrauen.<\/li>\n<li><strong>Optimale Hygiene<\/strong>: Vervollst\u00e4ndigt Ihre Zahnputzroutine f\u00fcr eine perfekte Mundgesundheit.<\/li>\n<li><strong>F\u00fcr alle geeignet<\/strong>: Geeignet f\u00fcr Erwachsene und Kinder aufgrund seiner Sanftheit und Wirksamkeit.<\/li>\n<li><strong>Einfach zu pflegen<\/strong>: Waschbar und wiederverwendbar f\u00fcr eine l\u00e4ngere Nutzung.<\/li>\n<\/ul>\n","protected":false},"excerpt":{"rendered":"<p><strong>Verbessern Sie Ihre Mundhygiene mit dem Zungenreiniger Double Action.<\/strong> \u201eEr wurde entwickelt, um Verunreinigungen und Bakterien auf der Zunge effektiv zu entfernen \u2013 das ideale Werkzeug f\u00fcr frischen Atem und optimale Mundgesundheit.<\/p>\n<h4><strong>Warum sollten Sie diesen Zungenschaber w\u00e4hlen?<\/strong><\/h4>\n<ul>\n<li><strong>Garantiert frischer Atem<\/strong>: Bek\u00e4mpft wirksam unangenehme Ger\u00fcche f\u00fcr ein neues Selbstvertrauen.<\/li>\n<li><strong>Optimale Hygiene<\/strong>: Vervollst\u00e4ndigt Ihre Zahnputzroutine f\u00fcr eine perfekte Mundgesundheit.<\/li>\n<li><strong>F\u00fcr alle geeignet<\/strong>: Geeignet f\u00fcr Erwachsene und Kinder aufgrund seiner Sanftheit und Wirksamkeit.<\/li>\n<li><strong>Einfach zu pflegen<\/strong>: Waschbar und wiederverwendbar f\u00fcr eine l\u00e4ngere Nutzung.<\/li>\n<\/ul>\n","protected":false},"featured_media":7998,"template":"","meta":{"_acf_changed":false,"ub_ctt_via":"","_monsterinsights_skip_tracking":false,"_monsterinsights_sitenote_active":false,"_monsterinsights_sitenote_note":"","_monsterinsights_sitenote_category":0},"product_cat":[274],"product_tag":[],"class_list":{"0":"post-10330","1":"product","2":"type-product","3":"status-publish","4":"has-post-thumbnail","6":"product_cat-strahlendes-lacheln","8":"first","9":"instock","10":"shipping-taxable","11":"purchasable","12":"product-type-variable","13":"has-default-attributes"},"acf":[],"yoast_head":"<!-- This site is optimized with the Yoast SEO plugin v23.8 - https:\/\/yoast.com\/wordpress\/plugins\/seo\/ -->\n<title>Zungenreiniger Double Action \u2013 F\u00fcr Hygiene und frischen Atem - Hoomei<\/title>\n<meta name=\"description\" content=\"Bek\u00e4mpfen Sie schlechten Atem mit dem Double Action Zungenreiniger. Beseitigt Bakterien, sorgt f\u00fcr eine saubere Zunge und garantiert einen frischen Atem.\" \/>\n<meta name=\"robots\" content=\"index, follow, max-snippet:-1, max-image-preview:large, max-video-preview:-1\" \/>\n<link rel=\"canonical\" href=\"https:\/\/hoomei.fr\/de\/produit\/zungenreiniger-double-action-fuer-hygiene-und-frischen-atem\/\" \/>\n<meta property=\"og:locale\" content=\"de_DE\" \/>\n<meta property=\"og:type\" content=\"article\" \/>\n<meta property=\"og:title\" content=\"Zungenreiniger Double Action \u2013 F\u00fcr Hygiene und frischen Atem - Hoomei\" \/>\n<meta property=\"og:description\" content=\"Bek\u00e4mpfen Sie schlechten Atem mit dem Double Action Zungenreiniger. Beseitigt Bakterien, sorgt f\u00fcr eine saubere Zunge und garantiert einen frischen Atem.\" \/>\n<meta property=\"og:url\" content=\"https:\/\/hoomei.fr\/de\/produit\/zungenreiniger-double-action-fuer-hygiene-und-frischen-atem\/\" \/>\n<meta property=\"og:site_name\" content=\"Hoomei\" \/>\n<meta property=\"og:image\" content=\"https:\/\/hoomei.fr\/wp-content\/uploads\/2025\/01\/Gratte-dent.png\" \/>\n\t<meta property=\"og:image:width\" content=\"1080\" \/>\n\t<meta property=\"og:image:height\" content=\"1080\" \/>\n\t<meta property=\"og:image:type\" content=\"image\/png\" \/>\n<meta name=\"twitter:card\" content=\"summary_large_image\" \/>\n<meta name=\"twitter:label1\" content=\"Gesch\u00e4tzte Lesezeit\" \/>\n\t<meta name=\"twitter:data1\" content=\"1\u00a0Minute\" \/>\n<script type=\"application\/ld+json\" class=\"yoast-schema-graph\">{\"@context\":\"https:\/\/schema.org\",\"@graph\":[{\"@type\":\"WebPage\",\"@id\":\"https:\/\/hoomei.fr\/de\/produit\/zungenreiniger-double-action-fuer-hygiene-und-frischen-atem\/\",\"url\":\"https:\/\/hoomei.fr\/de\/produit\/zungenreiniger-double-action-fuer-hygiene-und-frischen-atem\/\",\"name\":\"Zungenreiniger Double Action \u2013 F\u00fcr Hygiene und frischen Atem - Hoomei\",\"isPartOf\":{\"@id\":\"https:\/\/hoomei.fr\/de\/#website\"},\"primaryImageOfPage\":{\"@id\":\"https:\/\/hoomei.fr\/de\/produit\/zungenreiniger-double-action-fuer-hygiene-und-frischen-atem\/#primaryimage\"},\"image\":{\"@id\":\"https:\/\/hoomei.fr\/de\/produit\/zungenreiniger-double-action-fuer-hygiene-und-frischen-atem\/#primaryimage\"},\"thumbnailUrl\":\"https:\/\/hoomei.fr\/wp-content\/uploads\/2025\/01\/Gratte-dent.png\",\"datePublished\":\"2025-01-11T00:20:17+00:00\",\"dateModified\":\"2025-01-11T00:20:17+00:00\",\"description\":\"Bek\u00e4mpfen Sie schlechten Atem mit dem Double Action Zungenreiniger. Beseitigt Bakterien, sorgt f\u00fcr eine saubere Zunge und garantiert einen frischen Atem.\",\"breadcrumb\":{\"@id\":\"https:\/\/hoomei.fr\/de\/produit\/zungenreiniger-double-action-fuer-hygiene-und-frischen-atem\/#breadcrumb\"},\"inLanguage\":\"de\",\"potentialAction\":[{\"@type\":\"ReadAction\",\"target\":[\"https:\/\/hoomei.fr\/de\/produit\/zungenreiniger-double-action-fuer-hygiene-und-frischen-atem\/\"]}]},{\"@type\":\"ImageObject\",\"inLanguage\":\"de\",\"@id\":\"https:\/\/hoomei.fr\/de\/produit\/zungenreiniger-double-action-fuer-hygiene-und-frischen-atem\/#primaryimage\",\"url\":\"https:\/\/hoomei.fr\/wp-content\/uploads\/2025\/01\/Gratte-dent.png\",\"contentUrl\":\"https:\/\/hoomei.fr\/wp-content\/uploads\/2025\/01\/Gratte-dent.png\",\"width\":1080,\"height\":1080},{\"@type\":\"BreadcrumbList\",\"@id\":\"https:\/\/hoomei.fr\/de\/produit\/zungenreiniger-double-action-fuer-hygiene-und-frischen-atem\/#breadcrumb\",\"itemListElement\":[{\"@type\":\"ListItem\",\"position\":1,\"name\":\"Accueil\",\"item\":\"https:\/\/hoomei.fr\/de\/\"},{\"@type\":\"ListItem\",\"position\":2,\"name\":\"Shop\",\"item\":\"https:\/\/hoomei.fr\/de\/shop\/\"},{\"@type\":\"ListItem\",\"position\":3,\"name\":\"Zungenreiniger Double Action \u2013 F\u00fcr Hygiene und frischen Atem\"}]},{\"@type\":\"WebSite\",\"@id\":\"https:\/\/hoomei.fr\/de\/#website\",\"url\":\"https:\/\/hoomei.fr\/de\/\",\"name\":\"Hoomei\",\"description\":\"Votre Routine R\u00e9invent\u00e9e\",\"publisher\":{\"@id\":\"https:\/\/hoomei.fr\/de\/#\/schema\/person\/8cfb2570bae5452af0aefde1cfdc78b4\"},\"potentialAction\":[{\"@type\":\"SearchAction\",\"target\":{\"@type\":\"EntryPoint\",\"urlTemplate\":\"https:\/\/hoomei.fr\/de\/?s={search_term_string}\"},\"query-input\":{\"@type\":\"PropertyValueSpecification\",\"valueRequired\":true,\"valueName\":\"search_term_string\"}}],\"inLanguage\":\"de\"},{\"@type\":[\"Person\",\"Organization\"],\"@id\":\"https:\/\/hoomei.fr\/de\/#\/schema\/person\/8cfb2570bae5452af0aefde1cfdc78b4\",\"name\":\"GHULAm WIASS\",\"image\":{\"@type\":\"ImageObject\",\"inLanguage\":\"de\",\"@id\":\"https:\/\/hoomei.fr\/de\/#\/schema\/person\/image\/\",\"url\":\"https:\/\/hoomei.fr\/wp-content\/uploads\/2024\/11\/Design-sans-titre-2024-11-01T212453.191.png\",\"contentUrl\":\"https:\/\/hoomei.fr\/wp-content\/uploads\/2024\/11\/Design-sans-titre-2024-11-01T212453.191.png\",\"width\":436,\"height\":124,\"caption\":\"GHULAm WIASS\"},\"logo\":{\"@id\":\"https:\/\/hoomei.fr\/de\/#\/schema\/person\/image\/\"},\"sameAs\":[\"http:\/\/hoomei.fr\"]}]}<\/script>\n<!-- \/ Yoast SEO plugin. -->","yoast_head_json":{"title":"Zungenreiniger Double Action \u2013 F\u00fcr Hygiene und frischen Atem - Hoomei","description":"Bek\u00e4mpfen Sie schlechten Atem mit dem Double Action Zungenreiniger. Beseitigt Bakterien, sorgt f\u00fcr eine saubere Zunge und garantiert einen frischen Atem.","robots":{"index":"index","follow":"follow","max-snippet":"max-snippet:-1","max-image-preview":"max-image-preview:large","max-video-preview":"max-video-preview:-1"},"canonical":"https:\/\/hoomei.fr\/de\/produit\/zungenreiniger-double-action-fuer-hygiene-und-frischen-atem\/","og_locale":"de_DE","og_type":"article","og_title":"Zungenreiniger Double Action \u2013 F\u00fcr Hygiene und frischen Atem - Hoomei","og_description":"Bek\u00e4mpfen Sie schlechten Atem mit dem Double Action Zungenreiniger. Beseitigt Bakterien, sorgt f\u00fcr eine saubere Zunge und garantiert einen frischen Atem.","og_url":"https:\/\/hoomei.fr\/de\/produit\/zungenreiniger-double-action-fuer-hygiene-und-frischen-atem\/","og_site_name":"Hoomei","og_image":[{"width":1080,"height":1080,"url":"https:\/\/hoomei.fr\/wp-content\/uploads\/2025\/01\/Gratte-dent.png","type":"image\/png"}],"twitter_card":"summary_large_image","twitter_misc":{"Gesch\u00e4tzte Lesezeit":"1\u00a0Minute"},"schema":{"@context":"https:\/\/schema.org","@graph":[{"@type":"WebPage","@id":"https:\/\/hoomei.fr\/de\/produit\/zungenreiniger-double-action-fuer-hygiene-und-frischen-atem\/","url":"https:\/\/hoomei.fr\/de\/produit\/zungenreiniger-double-action-fuer-hygiene-und-frischen-atem\/","name":"Zungenreiniger Double Action \u2013 F\u00fcr Hygiene und frischen Atem - Hoomei","isPartOf":{"@id":"https:\/\/hoomei.fr\/de\/#website"},"primaryImageOfPage":{"@id":"https:\/\/hoomei.fr\/de\/produit\/zungenreiniger-double-action-fuer-hygiene-und-frischen-atem\/#primaryimage"},"image":{"@id":"https:\/\/hoomei.fr\/de\/produit\/zungenreiniger-double-action-fuer-hygiene-und-frischen-atem\/#primaryimage"},"thumbnailUrl":"https:\/\/hoomei.fr\/wp-content\/uploads\/2025\/01\/Gratte-dent.png","datePublished":"2025-01-11T00:20:17+00:00","dateModified":"2025-01-11T00:20:17+00:00","description":"Bek\u00e4mpfen Sie schlechten Atem mit dem Double Action Zungenreiniger. Beseitigt Bakterien, sorgt f\u00fcr eine saubere Zunge und garantiert einen frischen Atem.","breadcrumb":{"@id":"https:\/\/hoomei.fr\/de\/produit\/zungenreiniger-double-action-fuer-hygiene-und-frischen-atem\/#breadcrumb"},"inLanguage":"de","potentialAction":[{"@type":"ReadAction","target":["https:\/\/hoomei.fr\/de\/produit\/zungenreiniger-double-action-fuer-hygiene-und-frischen-atem\/"]}]},{"@type":"ImageObject","inLanguage":"de","@id":"https:\/\/hoomei.fr\/de\/produit\/zungenreiniger-double-action-fuer-hygiene-und-frischen-atem\/#primaryimage","url":"https:\/\/hoomei.fr\/wp-content\/uploads\/2025\/01\/Gratte-dent.png","contentUrl":"https:\/\/hoomei.fr\/wp-content\/uploads\/2025\/01\/Gratte-dent.png","width":1080,"height":1080},{"@type":"BreadcrumbList","@id":"https:\/\/hoomei.fr\/de\/produit\/zungenreiniger-double-action-fuer-hygiene-und-frischen-atem\/#breadcrumb","itemListElement":[{"@type":"ListItem","position":1,"name":"Accueil","item":"https:\/\/hoomei.fr\/de\/"},{"@type":"ListItem","position":2,"name":"Shop","item":"https:\/\/hoomei.fr\/de\/shop\/"},{"@type":"ListItem","position":3,"name":"Zungenreiniger Double Action \u2013 F\u00fcr Hygiene und frischen Atem"}]},{"@type":"WebSite","@id":"https:\/\/hoomei.fr\/de\/#website","url":"https:\/\/hoomei.fr\/de\/","name":"Hoomei","description":"Votre Routine R\u00e9invent\u00e9e","publisher":{"@id":"https:\/\/hoomei.fr\/de\/#\/schema\/person\/8cfb2570bae5452af0aefde1cfdc78b4"},"potentialAction":[{"@type":"SearchAction","target":{"@type":"EntryPoint","urlTemplate":"https:\/\/hoomei.fr\/de\/?s={search_term_string}"},"query-input":{"@type":"PropertyValueSpecification","valueRequired":true,"valueName":"search_term_string"}}],"inLanguage":"de"},{"@type":["Person","Organization"],"@id":"https:\/\/hoomei.fr\/de\/#\/schema\/person\/8cfb2570bae5452af0aefde1cfdc78b4","name":"GHULAm WIASS","image":{"@type":"ImageObject","inLanguage":"de","@id":"https:\/\/hoomei.fr\/de\/#\/schema\/person\/image\/","url":"https:\/\/hoomei.fr\/wp-content\/uploads\/2024\/11\/Design-sans-titre-2024-11-01T212453.191.png","contentUrl":"https:\/\/hoomei.fr\/wp-content\/uploads\/2024\/11\/Design-sans-titre-2024-11-01T212453.191.png","width":436,"height":124,"caption":"GHULAm WIASS"},"logo":{"@id":"https:\/\/hoomei.fr\/de\/#\/schema\/person\/image\/"},"sameAs":["http:\/\/hoomei.fr"]}]}},"_links":{"self":[{"href":"https:\/\/hoomei.fr\/de\/wp-json\/wp\/v2\/product\/10330"}],"collection":[{"href":"https:\/\/hoomei.fr\/de\/wp-json\/wp\/v2\/product"}],"about":[{"href":"https:\/\/hoomei.fr\/de\/wp-json\/wp\/v2\/types\/product"}],"wp:featuredmedia":[{"embeddable":true,"href":"https:\/\/hoomei.fr\/de\/wp-json\/wp\/v2\/media\/7998"}],"wp:attachment":[{"href":"https:\/\/hoomei.fr\/de\/wp-json\/wp\/v2\/media?parent=10330"}],"wp:term":[{"taxonomy":"product_cat","embeddable":true,"href":"https:\/\/hoomei.fr\/de\/wp-json\/wp\/v2\/product_cat?post=10330"},{"taxonomy":"product_tag","embeddable":true,"href":"https:\/\/hoomei.fr\/de\/wp-json\/wp\/v2\/product_tag?post=10330"}],"curies":[{"name":"wp","href":"https:\/\/api.w.org\/{rel}","templated":true}]}}