{"id":2618,"date":"2013-08-11T20:13:42","date_gmt":"2013-08-11T20:13:42","guid":{"rendered":"https:\/\/hoomei.fr\/faq\/"},"modified":"2025-04-22T21:36:58","modified_gmt":"2025-04-22T21:36:58","slug":"faq","status":"publish","type":"page","link":"https:\/\/hoomei.fr\/de\/faq\/","title":{"rendered":"FAQ"},"content":{"rendered":"<p><\/p><div class=\"wp-block-ub-expand ub-expand \" id=\"ub-expand-f3a9feac-1873-4931-9ff1-1e50c8f39814\">\n<div class=\"ub-expand-portion ub-expand-partial\" id=\"ub-expand-portion-\">\n<p>Bei Hoomei.de bem\u00fchen wir uns, Ihr Einkaufserlebnis so reibungslos und angenehm wie m\u00f6glich zu gestalten. Wir verstehen, dass Sie Fragen zu unseren Produkten, Dienstleistungen oder Richtlinien haben k\u00f6nnen. Aus diesem Grund haben wir eine Liste der am h\u00e4ufigsten gestellten Fragen zusammengestellt, die Ihnen helfen soll, die ben\u00f6tigten Informationen schnell zu finden.<\/p>\n<a class=\"ub-expand-toggle-button\" role=\"button\" aria-expanded=\"false\" aria-controls=\"ub-expand-full-cdffdc3e-dae5-4b85-934b-e75ad1060a10\" tabindex=\"0\"><strong>Mehr&#8230;<app-icon _ngcontent-serverapp-c89=\"\" class=\"app-synonyms-button__icon\" _nghost-serverapp-c13=\"\" style=\"margin: 0px; padding: 0px; display: flex; justify-content: center; align-items: center; scrollbar-width: thin !important;\"><\/app-icon><\/strong><\/a><\/div>\n\n<div class=\"ub-expand-portion ub-expand-full ub-hide\" id=\"ub-expand-portion-\">\n<p>Ob Sie Fragen zum Bestellvorgang, zu unseren Lieferoptionen oder zu unserem R\u00fcckgaberecht haben, hier finden Sie klare und pr\u00e4zise Antworten. Wenn Ihre Fragen nach dem Besuch dieser Seite unbeantwortet bleiben, wenden Sie sich bitte direkt an uns, um pers\u00f6nliche Unterst\u00fctzung zu erhalten.<\/p>\n\n<p>Wir danken Ihnen f\u00fcr Ihre Neugier und Ihr Vertrauen in Hoomei.de. Wir hoffen, dass Sie die Antworten finden, die Ihnen bei Ihren Kaufentscheidungen helfen.<\/p>\n\n<p>Lassen Sie uns gemeinsam die Antworten auf Ihre h\u00e4ufigsten Fragen durchgehen, um Ihnen eine au\u00dfergew\u00f6hnliche Erfahrung bei Hoomei.de zu garantieren.<\/p>\n<a class=\"ub-expand-toggle-button\" role=\"button\" aria-expanded=\"false\" aria-controls=\"ub-expand-full-cdffdc3e-dae5-4b85-934b-e75ad1060a10\" tabindex=\"0\"><strong>Weniger anzeigen.<\/strong><\/a><\/div>\n<\/div><p><\/p><div class=\"row\"  id=\"row-164600148\">\n\n\t<div id=\"col-343279896\" class=\"col medium-6 large-6\"  >\n\t\t\t\t<div class=\"col-inner\"  >\n\t\t\t\n\t\t\t\n<div class=\"container section-title-container\" ><h3 class=\"section-title section-title-normal\"><b><\/b><span class=\"section-title-main\" >H\u00e4ufig gestellte Fragen<\/span><b><\/b><\/h3><\/div>\n<p class=\"lead\">Bitte lesen Sie unsere FAQs, bevor Sie uns eine Nachricht senden.<\/p>\n<div class=\"accordion\">\n\t<div id=\"accordion-949431016\" class=\"accordion-item\">\n\t\t<a id=\"accordion-949431016-label\" class=\"accordion-title plain\" href=\"#accordion-item-wie-kann-ich-meine-bestellung-verfolgen?\" aria-expanded=\"false\" aria-controls=\"accordion-949431016-content\" >\n\t\t\t<button class=\"toggle\" aria-label=\"Umschalten\"><i class=\"icon-angle-down\"><\/i><\/button>\n\t\t\t<span>Wie kann ich meine Bestellung verfolgen?<\/span>\n\t\t<\/a>\n\t\t<div id=\"accordion-949431016-content\" class=\"accordion-inner\" aria-labelledby=\"accordion-949431016-label\" >\n\t\t\t\n<p>Sie k\u00f6nnen Ihre Bestellung mit Hilfe der Tracking-Nummer verfolgen, die Sie in Ihrer Versandbest\u00e4tigungs-E-Mail erhalten haben. Besuchen Sie unsere Tracking-Seite und geben Sie Ihre Nummer ein, um den aktuellen Status Ihrer Bestellung einzusehen. <\/p>\n\t\t<\/div>\n\t<\/div>\n\t\n\t<div id=\"accordion-1097488916\" class=\"accordion-item\">\n\t\t<a id=\"accordion-1097488916-label\" class=\"accordion-title plain\" href=\"#accordion-item-was-soll-ich-tun,-wenn-ich-ein-defektes-oder-falsches-produkt-erhalten-habe?\" aria-expanded=\"false\" aria-controls=\"accordion-1097488916-content\" >\n\t\t\t<button class=\"toggle\" aria-label=\"Umschalten\"><i class=\"icon-angle-down\"><\/i><\/button>\n\t\t\t<span>Was soll ich tun, wenn ich ein defektes oder falsches Produkt erhalten habe?<\/span>\n\t\t<\/a>\n\t\t<div id=\"accordion-1097488916-content\" class=\"accordion-inner\" aria-labelledby=\"accordion-1097488916-label\" >\n\t\t\t\n<p>Wenn Sie ein defektes oder falsches Produkt erhalten haben, kontaktieren Sie uns bitte \u00fcber unser Kontaktformular mit Ihrer Bestellnummer und einer Beschreibung des Problems. Wir werden Sie durch die Schritte f\u00fcr einen Umtausch oder eine R\u00fcckerstattung f\u00fchren. <\/p>\n\t\t<\/div>\n\t<\/div>\n\t\n\t<div id=\"accordion-3452201145\" class=\"accordion-item\">\n\t\t<a id=\"accordion-3452201145-label\" class=\"accordion-title plain\" href=\"#accordion-item-wie-kann-ich-ein-produkt-zur\u00fcckgeben?\" aria-expanded=\"false\" aria-controls=\"accordion-3452201145-content\" >\n\t\t\t<button class=\"toggle\" aria-label=\"Umschalten\"><i class=\"icon-angle-down\"><\/i><\/button>\n\t\t\t<span>Wie kann ich ein Produkt zur\u00fcckgeben?<\/span>\n\t\t<\/a>\n\t\t<div id=\"accordion-3452201145-content\" class=\"accordion-inner\" aria-labelledby=\"accordion-3452201145-label\" >\n\t\t\t\n<p>Sie k\u00f6nnen jedes unge\u00f6ffnete Produkt innerhalb von 7 Tagen nach dem &#8230;\u00fcber die Durchf\u00fchrung einer R\u00fcckgabe.<\/p>\n\t\t<\/div>\n\t<\/div>\n\t\n\t<div id=\"accordion-3444255394\" class=\"accordion-item\">\n\t\t<a id=\"accordion-3444255394-label\" class=\"accordion-title plain\" href=\"#accordion-item-bieten-sie-rabatte-f\u00fcr-gro\u00dfeink\u00e4ufe-an?\" aria-expanded=\"false\" aria-controls=\"accordion-3444255394-content\" >\n\t\t\t<button class=\"toggle\" aria-label=\"Umschalten\"><i class=\"icon-angle-down\"><\/i><\/button>\n\t\t\t<span>Bieten Sie Rabatte f\u00fcr Gro\u00dfeink\u00e4ufe an?<\/span>\n\t\t<\/a>\n\t\t<div id=\"accordion-3444255394-content\" class=\"accordion-inner\" aria-labelledby=\"accordion-3444255394-label\" >\n\t\t\t\n<p>Ja, wir bieten Vorzugspreise f\u00fcr Gro\u00dfeink\u00e4ufe. Bitte kontaktieren Sie uns direkt, um Ihre spezifischen Bed\u00fcrfnisse zu besprechen. <\/p>\n\t\t<\/div>\n\t<\/div>\n\t\n\t<div id=\"accordion-2171895314\" class=\"accordion-item\">\n\t\t<a id=\"accordion-2171895314-label\" class=\"accordion-title plain\" href=\"#accordion-item-wie-kann-ich-hilfe-zu-einem-produkt-erhalten,-das-ich-gekauft-habe?\" aria-expanded=\"false\" aria-controls=\"accordion-2171895314-content\" >\n\t\t\t<button class=\"toggle\" aria-label=\"Umschalten\"><i class=\"icon-angle-down\"><\/i><\/button>\n\t\t\t<span>Wie kann ich Hilfe zu einem Produkt erhalten, das ich gekauft habe?<\/span>\n\t\t<\/a>\n\t\t<div id=\"accordion-2171895314-content\" class=\"accordion-inner\" aria-labelledby=\"accordion-2171895314-label\" >\n\t\t\t\n<p>Wenn Sie Hilfe bei der Verwendung eines Produkts ben\u00f6tigen oder technische Fragen haben, besuchen Sie bitte unsere Support-Seite oder wenden Sie sich an unseren Kundenservice, um pers\u00f6nliche Unterst\u00fctzung zu erhalten.<\/p>\n\t\t<\/div>\n\t<\/div>\n\t\n\t<div id=\"accordion-518397569\" class=\"accordion-item\">\n\t\t<a id=\"accordion-518397569-label\" class=\"accordion-title plain\" href=\"#accordion-item-wo-kann-ich-informationen-\u00fcber-neue-produkte-oder-werbeaktionen-finden?\" aria-expanded=\"false\" aria-controls=\"accordion-518397569-content\" >\n\t\t\t<button class=\"toggle\" aria-label=\"Umschalten\"><i class=\"icon-angle-down\"><\/i><\/button>\n\t\t\t<span>Wo kann ich Informationen \u00fcber neue Produkte oder Werbeaktionen finden?<\/span>\n\t\t<\/a>\n\t\t<div id=\"accordion-518397569-content\" class=\"accordion-inner\" aria-labelledby=\"accordion-518397569-label\" >\n\t\t\t\n<p>Um \u00fcber unsere neuesten Produkte und Angebote auf dem Laufenden zu bleiben, abonnieren Sie unseren Newsletter oder folgen Sie uns in unseren sozialen Netzwerken.<\/p>\n\t\t<\/div>\n\t<\/div>\n\t\n<\/div>\n\t\t<\/div>\n\t\t\t\t\t<\/div>\n\n\t\n\n\t<div id=\"col-1694600349\" class=\"col medium-6 large-6\"  >\n\t\t\t\t<div class=\"col-inner\"  >\n\t\t\t\n\t\t\t\n<\/p>\n\t<div class=\"img has-hover x md-x lg-x y md-y lg-y\" id=\"image_1114827634\">\n\t\t\t\t\t\t<div data-animate=\"bounceIn\">\t\t<div class=\"img-inner dark\" style=\"margin:0px 0px 0px 0px;\">\n\t\t\t<img loading=\"lazy\" decoding=\"async\" width=\"1\" height=\"1\" src=\"https:\/\/hoomei.fr\/wp-content\/uploads\/2024\/11\/Question-and-Answer-1.svg\" class=\"attachment-large size-large\" alt=\"\" \/>\t\t\t\t\t\t\n\t\t\t\t\t<\/div>\n\t\t<\/div>\t\t\t\t\t\t\n<style>\n#image_1114827634 {\n  width: 75%;\n}\n<\/style>\n\t<\/div>\n\t\n\t\t<\/div>\n\t\t\t\t\t<\/div>\n\n\t\n\n<style>\n#row-164600148 > .col > .col-inner {\n  padding: 55px 0px 0px 0px;\n}\n<\/style>\n<\/div>","protected":false},"excerpt":{"rendered":"","protected":false},"author":1,"featured_media":0,"parent":0,"menu_order":0,"comment_status":"closed","ping_status":"closed","template":"","meta":{"_acf_changed":false,"ub_ctt_via":"","_monsterinsights_skip_tracking":false,"_monsterinsights_sitenote_active":false,"_monsterinsights_sitenote_note":"","_monsterinsights_sitenote_category":0,"footnotes":""},"class_list":["post-2618","page","type-page","status-publish","hentry"],"featured_image_src":null,"acf":[],"yoast_head":"<!-- This site is optimized with the Yoast SEO plugin v23.8 - https:\/\/yoast.com\/wordpress\/plugins\/seo\/ -->\n<title>FAQ - Hoomei<\/title>\n<meta name=\"robots\" content=\"index, follow, max-snippet:-1, max-image-preview:large, max-video-preview:-1\" \/>\n<link rel=\"canonical\" href=\"https:\/\/hoomei.fr\/de\/faq\/\" \/>\n<meta property=\"og:locale\" content=\"de_DE\" \/>\n<meta property=\"og:type\" content=\"article\" \/>\n<meta property=\"og:title\" content=\"FAQ - Hoomei\" \/>\n<meta property=\"og:url\" content=\"https:\/\/hoomei.fr\/de\/faq\/\" \/>\n<meta property=\"og:site_name\" content=\"Hoomei\" \/>\n<meta property=\"article:modified_time\" content=\"2025-04-22T21:36:58+00:00\" \/>\n<meta property=\"og:image\" content=\"https:\/\/hoomei.fr\/wp-content\/uploads\/2024\/11\/img_0192-1.jpg\" \/>\n\t<meta property=\"og:image:width\" content=\"1000\" \/>\n\t<meta property=\"og:image:height\" content=\"1000\" \/>\n\t<meta property=\"og:image:type\" content=\"image\/jpeg\" \/>\n<meta name=\"twitter:card\" content=\"summary_large_image\" \/>\n<meta name=\"twitter:label1\" content=\"Gesch\u00e4tzte Lesezeit\" \/>\n\t<meta name=\"twitter:data1\" content=\"3\u00a0Minuten\" \/>\n<script type=\"application\/ld+json\" class=\"yoast-schema-graph\">{\"@context\":\"https:\/\/schema.org\",\"@graph\":[{\"@type\":\"WebPage\",\"@id\":\"https:\/\/hoomei.fr\/de\/faq\/\",\"url\":\"https:\/\/hoomei.fr\/de\/faq\/\",\"name\":\"FAQ - Hoomei\",\"isPartOf\":{\"@id\":\"https:\/\/hoomei.fr\/de\/#website\"},\"datePublished\":\"2013-08-11T20:13:42+00:00\",\"dateModified\":\"2025-04-22T21:36:58+00:00\",\"breadcrumb\":{\"@id\":\"https:\/\/hoomei.fr\/de\/faq\/#breadcrumb\"},\"inLanguage\":\"de\",\"potentialAction\":[{\"@type\":\"ReadAction\",\"target\":[\"https:\/\/hoomei.fr\/de\/faq\/\"]}]},{\"@type\":\"BreadcrumbList\",\"@id\":\"https:\/\/hoomei.fr\/de\/faq\/#breadcrumb\",\"itemListElement\":[{\"@type\":\"ListItem\",\"position\":1,\"name\":\"Accueil\",\"item\":\"https:\/\/hoomei.fr\/de\/\"},{\"@type\":\"ListItem\",\"position\":2,\"name\":\"FAQ\"}]},{\"@type\":\"WebSite\",\"@id\":\"https:\/\/hoomei.fr\/de\/#website\",\"url\":\"https:\/\/hoomei.fr\/de\/\",\"name\":\"Hoomei\",\"description\":\"Votre Routine R\u00e9invent\u00e9e\",\"publisher\":{\"@id\":\"https:\/\/hoomei.fr\/de\/#\/schema\/person\/8cfb2570bae5452af0aefde1cfdc78b4\"},\"potentialAction\":[{\"@type\":\"SearchAction\",\"target\":{\"@type\":\"EntryPoint\",\"urlTemplate\":\"https:\/\/hoomei.fr\/de\/?s={search_term_string}\"},\"query-input\":{\"@type\":\"PropertyValueSpecification\",\"valueRequired\":true,\"valueName\":\"search_term_string\"}}],\"inLanguage\":\"de\"},{\"@type\":[\"Person\",\"Organization\"],\"@id\":\"https:\/\/hoomei.fr\/de\/#\/schema\/person\/8cfb2570bae5452af0aefde1cfdc78b4\",\"name\":\"GHULAm WIASS\",\"image\":{\"@type\":\"ImageObject\",\"inLanguage\":\"de\",\"@id\":\"https:\/\/hoomei.fr\/de\/#\/schema\/person\/image\/\",\"url\":\"https:\/\/hoomei.fr\/wp-content\/uploads\/2024\/11\/Design-sans-titre-2024-11-01T212453.191.png\",\"contentUrl\":\"https:\/\/hoomei.fr\/wp-content\/uploads\/2024\/11\/Design-sans-titre-2024-11-01T212453.191.png\",\"width\":436,\"height\":124,\"caption\":\"GHULAm WIASS\"},\"logo\":{\"@id\":\"https:\/\/hoomei.fr\/de\/#\/schema\/person\/image\/\"},\"sameAs\":[\"http:\/\/hoomei.fr\"]}]}<\/script>\n<!-- \/ Yoast SEO plugin. -->","yoast_head_json":{"title":"FAQ - Hoomei","robots":{"index":"index","follow":"follow","max-snippet":"max-snippet:-1","max-image-preview":"max-image-preview:large","max-video-preview":"max-video-preview:-1"},"canonical":"https:\/\/hoomei.fr\/de\/faq\/","og_locale":"de_DE","og_type":"article","og_title":"FAQ - Hoomei","og_url":"https:\/\/hoomei.fr\/de\/faq\/","og_site_name":"Hoomei","article_modified_time":"2025-04-22T21:36:58+00:00","og_image":[{"width":1000,"height":1000,"url":"https:\/\/hoomei.fr\/wp-content\/uploads\/2024\/11\/img_0192-1.jpg","type":"image\/jpeg"}],"twitter_card":"summary_large_image","twitter_misc":{"Gesch\u00e4tzte Lesezeit":"3\u00a0Minuten"},"schema":{"@context":"https:\/\/schema.org","@graph":[{"@type":"WebPage","@id":"https:\/\/hoomei.fr\/de\/faq\/","url":"https:\/\/hoomei.fr\/de\/faq\/","name":"FAQ - Hoomei","isPartOf":{"@id":"https:\/\/hoomei.fr\/de\/#website"},"datePublished":"2013-08-11T20:13:42+00:00","dateModified":"2025-04-22T21:36:58+00:00","breadcrumb":{"@id":"https:\/\/hoomei.fr\/de\/faq\/#breadcrumb"},"inLanguage":"de","potentialAction":[{"@type":"ReadAction","target":["https:\/\/hoomei.fr\/de\/faq\/"]}]},{"@type":"BreadcrumbList","@id":"https:\/\/hoomei.fr\/de\/faq\/#breadcrumb","itemListElement":[{"@type":"ListItem","position":1,"name":"Accueil","item":"https:\/\/hoomei.fr\/de\/"},{"@type":"ListItem","position":2,"name":"FAQ"}]},{"@type":"WebSite","@id":"https:\/\/hoomei.fr\/de\/#website","url":"https:\/\/hoomei.fr\/de\/","name":"Hoomei","description":"Votre Routine R\u00e9invent\u00e9e","publisher":{"@id":"https:\/\/hoomei.fr\/de\/#\/schema\/person\/8cfb2570bae5452af0aefde1cfdc78b4"},"potentialAction":[{"@type":"SearchAction","target":{"@type":"EntryPoint","urlTemplate":"https:\/\/hoomei.fr\/de\/?s={search_term_string}"},"query-input":{"@type":"PropertyValueSpecification","valueRequired":true,"valueName":"search_term_string"}}],"inLanguage":"de"},{"@type":["Person","Organization"],"@id":"https:\/\/hoomei.fr\/de\/#\/schema\/person\/8cfb2570bae5452af0aefde1cfdc78b4","name":"GHULAm WIASS","image":{"@type":"ImageObject","inLanguage":"de","@id":"https:\/\/hoomei.fr\/de\/#\/schema\/person\/image\/","url":"https:\/\/hoomei.fr\/wp-content\/uploads\/2024\/11\/Design-sans-titre-2024-11-01T212453.191.png","contentUrl":"https:\/\/hoomei.fr\/wp-content\/uploads\/2024\/11\/Design-sans-titre-2024-11-01T212453.191.png","width":436,"height":124,"caption":"GHULAm WIASS"},"logo":{"@id":"https:\/\/hoomei.fr\/de\/#\/schema\/person\/image\/"},"sameAs":["http:\/\/hoomei.fr"]}]}},"_links":{"self":[{"href":"https:\/\/hoomei.fr\/de\/wp-json\/wp\/v2\/pages\/2618"}],"collection":[{"href":"https:\/\/hoomei.fr\/de\/wp-json\/wp\/v2\/pages"}],"about":[{"href":"https:\/\/hoomei.fr\/de\/wp-json\/wp\/v2\/types\/page"}],"author":[{"embeddable":true,"href":"https:\/\/hoomei.fr\/de\/wp-json\/wp\/v2\/users\/1"}],"replies":[{"embeddable":true,"href":"https:\/\/hoomei.fr\/de\/wp-json\/wp\/v2\/comments?post=2618"}],"version-history":[{"count":6,"href":"https:\/\/hoomei.fr\/de\/wp-json\/wp\/v2\/pages\/2618\/revisions"}],"predecessor-version":[{"id":9650,"href":"https:\/\/hoomei.fr\/de\/wp-json\/wp\/v2\/pages\/2618\/revisions\/9650"}],"wp:attachment":[{"href":"https:\/\/hoomei.fr\/de\/wp-json\/wp\/v2\/media?parent=2618"}],"curies":[{"name":"wp","href":"https:\/\/api.w.org\/{rel}","templated":true}]}}