{"id":2603,"date":"2013-08-11T19:22:53","date_gmt":"2013-08-11T19:22:53","guid":{"rendered":"https:\/\/hoomei.fr\/kontakt\/"},"modified":"2025-01-01T23:06:36","modified_gmt":"2025-01-01T23:06:36","slug":"kontakt","status":"publish","type":"page","link":"https:\/\/hoomei.fr\/de\/kontakt\/","title":{"rendered":"Kontakt"},"content":{"rendered":"<p> <\/p>\n<div class=\"row\"  id=\"row-240942438\">\n\n\n\t<div id=\"col-89780087\" class=\"col medium-6 large-6\"  >\n\t\t\t\t<div class=\"col-inner\"  >\n\t\t\t\n\t\t\t\n\n<div class=\"container section-title-container\" ><h3 class=\"section-title section-title-normal\"><b><\/b><span class=\"section-title-main\" >H\u00e4ufig gestellte Fragen<\/span><b><\/b><\/h3><\/div>\n\n<p class=\"lead\">Bitte lesen Sie unsere FAQs, bevor Sie uns eine Nachricht senden.<\/p>\n<div class=\"accordion\">\n\n\t<div id=\"accordion-3918659623\" class=\"accordion-item\">\n\t\t<a id=\"accordion-3918659623-label\" class=\"accordion-title plain\" href=\"#accordion-item-wie-kann-ich-meine-bestellung-verfolgen?\" aria-expanded=\"false\" aria-controls=\"accordion-3918659623-content\" >\n\t\t\t<button class=\"toggle\" aria-label=\"Umschalten\"><i class=\"icon-angle-down\"><\/i><\/button>\n\t\t\t<span>Wie kann ich meine Bestellung verfolgen?<\/span>\n\t\t<\/a>\n\t\t<div id=\"accordion-3918659623-content\" class=\"accordion-inner\" aria-labelledby=\"accordion-3918659623-label\" >\n\t\t\t\n\n<p>Sie k\u00f6nnen Ihre Bestellung mit Hilfe der Tracking-Nummer verfolgen, die Sie in Ihrer Versandbest\u00e4tigungs-E-Mail erhalten haben. Besuchen Sie unsere Tracking-Seite und geben Sie Ihre Nummer ein, um den aktuellen Status Ihrer Bestellung einzusehen.<\/p>\n\n\t\t<\/div>\n\t<\/div>\n\t\n\t<div id=\"accordion-4079766862\" class=\"accordion-item\">\n\t\t<a id=\"accordion-4079766862-label\" class=\"accordion-title plain\" href=\"#accordion-item-was-soll-ich-tun,-wenn-ich-ein-defektes-oder-falsches-produkt-erhalten-habe?\" aria-expanded=\"false\" aria-controls=\"accordion-4079766862-content\" >\n\t\t\t<button class=\"toggle\" aria-label=\"Umschalten\"><i class=\"icon-angle-down\"><\/i><\/button>\n\t\t\t<span>Was soll ich tun, wenn ich ein defektes oder falsches Produkt erhalten habe?<\/span>\n\t\t<\/a>\n\t\t<div id=\"accordion-4079766862-content\" class=\"accordion-inner\" aria-labelledby=\"accordion-4079766862-label\" >\n\t\t\t\n\n<p>Wenn Sie ein defektes oder falsches Produkt erhalten haben, kontaktieren Sie uns bitte \u00fcber unser Kontaktformular mit Ihrer Bestellnummer und einer Beschreibung des Problems. Wir werden Sie durch die Schritte f\u00fcr einen Umtausch oder eine R\u00fcckerstattung f\u00fchren.<\/p>\n\n\t\t<\/div>\n\t<\/div>\n\t\n\t<div id=\"accordion-2141377362\" class=\"accordion-item\">\n\t\t<a id=\"accordion-2141377362-label\" class=\"accordion-title plain\" href=\"#accordion-item-wie-kann-ich-ein-produkt-zur\u00fcckgeben?\" aria-expanded=\"false\" aria-controls=\"accordion-2141377362-content\" >\n\t\t\t<button class=\"toggle\" aria-label=\"Umschalten\"><i class=\"icon-angle-down\"><\/i><\/button>\n\t\t\t<span>Wie kann ich ein Produkt zur\u00fcckgeben?<\/span>\n\t\t<\/a>\n\t\t<div id=\"accordion-2141377362-content\" class=\"accordion-inner\" aria-labelledby=\"accordion-2141377362-label\" >\n\t\t\t\n\n<p>Sie k\u00f6nnen jedes unge\u00f6ffnete Produkt innerhalb von 7 Tagen nach &#8230;ous Rabatte f\u00fcr Gro\u00dfeink\u00e4ufe zur\u00fcckgeben?&#8220;]\n<p>Ja, wir bieten Vorzugspreise f\u00fcr Gro\u00dfeink\u00e4ufe. Bitte kontaktieren Sie uns direkt, um Ihre spezifischen Bed\u00fcrfnisse zu besprechen.<\/p>\n\n\t\t<\/div>\n\t<\/div>\n\t\n\t<div id=\"accordion-287813553\" class=\"accordion-item\">\n\t\t<a id=\"accordion-287813553-label\" class=\"accordion-title plain\" href=\"#accordion-item-wie-kann-ich-hilfe-zu-einem-produkt-erhalten,-das-ich-gekauft-habe?\" aria-expanded=\"false\" aria-controls=\"accordion-287813553-content\" >\n\t\t\t<button class=\"toggle\" aria-label=\"Umschalten\"><i class=\"icon-angle-down\"><\/i><\/button>\n\t\t\t<span>Wie kann ich Hilfe zu einem Produkt erhalten, das ich gekauft habe?<\/span>\n\t\t<\/a>\n\t\t<div id=\"accordion-287813553-content\" class=\"accordion-inner\" aria-labelledby=\"accordion-287813553-label\" >\n\t\t\t\n\n<p>Wenn Sie Hilfe bei der Verwendung eines Produkts ben\u00f6tigen oder technische Fragen haben, besuchen Sie bitte unsere Support-Seite oder wenden Sie sich an unseren Kundenservice, um pers\u00f6nliche Unterst\u00fctzung zu erhalten.<\/p>\n\n\t\t<\/div>\n\t<\/div>\n\t\n\t<div id=\"accordion-3812908384\" class=\"accordion-item\">\n\t\t<a id=\"accordion-3812908384-label\" class=\"accordion-title plain\" href=\"#accordion-item-wo-kann-ich-informationen-\u00fcber-neue-produkte-oder-werbeaktionen-finden?\" aria-expanded=\"false\" aria-controls=\"accordion-3812908384-content\" >\n\t\t\t<button class=\"toggle\" aria-label=\"Umschalten\"><i class=\"icon-angle-down\"><\/i><\/button>\n\t\t\t<span>Wo kann ich Informationen \u00fcber neue Produkte oder Werbeaktionen finden?<\/span>\n\t\t<\/a>\n\t\t<div id=\"accordion-3812908384-content\" class=\"accordion-inner\" aria-labelledby=\"accordion-3812908384-label\" >\n\t\t\t\n\n<p>Um \u00fcber unsere neuesten Produkte und Angebote auf dem Laufenden zu bleiben, abonnieren Sie unseren Newsletter oder folgen Sie uns in unseren sozialen Netzwerken.<\/p>\n\n\t\t<\/div>\n\t<\/div>\n\t\n\n<\/div>\n\n\t\t<\/div>\n\t\t\t\t\t<\/div>\n\n\t\n\n\t<div id=\"col-1995776267\" class=\"col medium-6 large-6\"  >\n\t\t\t\t<div class=\"col-inner\"  >\n\t\t\t\n\t\t\t\n\n<div class=\"container section-title-container\" ><h3 class=\"section-title section-title-normal\"><b><\/b><span class=\"section-title-main\" >Senden Sie uns eine E-Mail<\/span><b><\/b><\/h3><\/div>\n\n<p>Bitte geben Sie hier Ihre Nachricht ein:<\/p>\n\n<div class=\"wpcf7 no-js\" id=\"wpcf7-f14-o1\" lang=\"fr-FR\" dir=\"ltr\">\n<div class=\"screen-reader-response\"><p role=\"status\" aria-live=\"polite\" aria-atomic=\"true\"><\/p> <ul><\/ul><\/div>\n<form action=\"\/de\/wp-json\/wp\/v2\/pages\/2603#wpcf7-f14-o1\" method=\"post\" class=\"wpcf7-form init\" aria-label=\"Formulaire de contact\" novalidate=\"novalidate\" data-status=\"init\">\n<div style=\"display: none;\">\n<input type=\"hidden\" name=\"_wpcf7\" value=\"14\" \/>\n<input type=\"hidden\" name=\"_wpcf7_version\" value=\"5.9.8\" \/>\n<input type=\"hidden\" name=\"_wpcf7_locale\" value=\"fr_FR\" \/>\n<input type=\"hidden\" name=\"_wpcf7_unit_tag\" value=\"wpcf7-f14-o1\" \/>\n<input type=\"hidden\" name=\"_wpcf7_container_post\" value=\"0\" \/>\n<input type=\"hidden\" name=\"_wpcf7_posted_data_hash\" value=\"\" \/>\n<\/div>\n<div class=\"form-flat\">\n\t<p><span class=\"wpcf7-form-control-wrap\" data-name=\"your-name\"><input size=\"40\" maxlength=\"400\" class=\"wpcf7-form-control wpcf7-text wpcf7-validates-as-required\" aria-required=\"true\" aria-invalid=\"false\" placeholder=\"Votre nom\" value=\"\" type=\"text\" name=\"your-name\" \/><\/span>\n\t<\/p>\n\t<p><span class=\"wpcf7-form-control-wrap\" data-name=\"your-email\"><input size=\"40\" maxlength=\"400\" class=\"wpcf7-form-control wpcf7-email wpcf7-validates-as-required wpcf7-text wpcf7-validates-as-email\" aria-required=\"true\" aria-invalid=\"false\" placeholder=\"Votre Email\" value=\"\" type=\"email\" name=\"your-email\" \/><\/span>\n\t<\/p>\n\t<p><span class=\"wpcf7-form-control-wrap\" data-name=\"your-message\"><textarea cols=\"40\" rows=\"10\" maxlength=\"2000\" class=\"wpcf7-form-control wpcf7-textarea\" aria-invalid=\"false\" placeholder=\"Votre message\" name=\"your-message\"><\/textarea><\/span>\n\t<\/p>\n\t<p><span class=\"wpcf7-form-control-wrap\" data-name=\"your-name\"><input size=\"40\" maxlength=\"400\" class=\"wpcf7-form-control wpcf7-text wpcf7-validates-as-required\" aria-required=\"true\" aria-invalid=\"false\" placeholder=\"Sujet\" value=\"\" type=\"text\" name=\"your-name\" \/><\/span>\n\t<\/p>\n\t<p><input class=\"wpcf7-form-control wpcf7-submit has-spinner button\" type=\"submit\" value=\"Envoyer\" \/>\n\t<\/p>\n<\/div><div class=\"wpcf7-response-output\" aria-hidden=\"true\"><\/div>\n<\/form>\n<\/div>\n\n\n\t\t<\/div>\n\t\t\t\t\t<\/div>\n\n\t\n\n\n<style>\n#row-240942438 > .col > .col-inner {\n  padding: 5px 0px 0px 0px;\n}\n<\/style>\n<\/div>","protected":false},"excerpt":{"rendered":"","protected":false},"author":1,"featured_media":0,"parent":0,"menu_order":0,"comment_status":"closed","ping_status":"closed","template":"page-blank.php","meta":{"_acf_changed":false,"ub_ctt_via":"","_monsterinsights_skip_tracking":false,"_monsterinsights_sitenote_active":false,"_monsterinsights_sitenote_note":"","_monsterinsights_sitenote_category":0,"footnotes":""},"class_list":["post-2603","page","type-page","status-publish","hentry"],"featured_image_src":null,"acf":[],"yoast_head":"<!-- This site is optimized with the Yoast SEO plugin v23.8 - https:\/\/yoast.com\/wordpress\/plugins\/seo\/ -->\n<title>Kontakt - Hoomei<\/title>\n<meta name=\"robots\" content=\"index, follow, max-snippet:-1, max-image-preview:large, max-video-preview:-1\" \/>\n<link rel=\"canonical\" href=\"https:\/\/hoomei.fr\/de\/kontakt\/\" \/>\n<meta property=\"og:locale\" content=\"de_DE\" \/>\n<meta property=\"og:type\" content=\"article\" \/>\n<meta property=\"og:title\" content=\"Kontakt - Hoomei\" \/>\n<meta property=\"og:url\" content=\"https:\/\/hoomei.fr\/de\/kontakt\/\" \/>\n<meta property=\"og:site_name\" content=\"Hoomei\" \/>\n<meta property=\"article:modified_time\" content=\"2025-01-01T23:06:36+00:00\" \/>\n<meta property=\"og:image\" content=\"https:\/\/hoomei.fr\/wp-content\/uploads\/2024\/11\/img_0192-1.jpg\" \/>\n\t<meta property=\"og:image:width\" content=\"1000\" \/>\n\t<meta property=\"og:image:height\" content=\"1000\" \/>\n\t<meta property=\"og:image:type\" content=\"image\/jpeg\" \/>\n<meta name=\"twitter:card\" content=\"summary_large_image\" \/>\n<meta name=\"twitter:label1\" content=\"Gesch\u00e4tzte Lesezeit\" \/>\n\t<meta name=\"twitter:data1\" content=\"1\u00a0Minute\" \/>\n<script type=\"application\/ld+json\" class=\"yoast-schema-graph\">{\"@context\":\"https:\/\/schema.org\",\"@graph\":[{\"@type\":\"WebPage\",\"@id\":\"https:\/\/hoomei.fr\/de\/kontakt\/\",\"url\":\"https:\/\/hoomei.fr\/de\/kontakt\/\",\"name\":\"Kontakt - Hoomei\",\"isPartOf\":{\"@id\":\"https:\/\/hoomei.fr\/de\/#website\"},\"datePublished\":\"2013-08-11T19:22:53+00:00\",\"dateModified\":\"2025-01-01T23:06:36+00:00\",\"breadcrumb\":{\"@id\":\"https:\/\/hoomei.fr\/de\/kontakt\/#breadcrumb\"},\"inLanguage\":\"de\",\"potentialAction\":[{\"@type\":\"ReadAction\",\"target\":[\"https:\/\/hoomei.fr\/de\/kontakt\/\"]}]},{\"@type\":\"BreadcrumbList\",\"@id\":\"https:\/\/hoomei.fr\/de\/kontakt\/#breadcrumb\",\"itemListElement\":[{\"@type\":\"ListItem\",\"position\":1,\"name\":\"Accueil\",\"item\":\"https:\/\/hoomei.fr\/de\/\"},{\"@type\":\"ListItem\",\"position\":2,\"name\":\"Kontakt\"}]},{\"@type\":\"WebSite\",\"@id\":\"https:\/\/hoomei.fr\/de\/#website\",\"url\":\"https:\/\/hoomei.fr\/de\/\",\"name\":\"Hoomei\",\"description\":\"Votre Routine R\u00e9invent\u00e9e\",\"publisher\":{\"@id\":\"https:\/\/hoomei.fr\/de\/#\/schema\/person\/8cfb2570bae5452af0aefde1cfdc78b4\"},\"potentialAction\":[{\"@type\":\"SearchAction\",\"target\":{\"@type\":\"EntryPoint\",\"urlTemplate\":\"https:\/\/hoomei.fr\/de\/?s={search_term_string}\"},\"query-input\":{\"@type\":\"PropertyValueSpecification\",\"valueRequired\":true,\"valueName\":\"search_term_string\"}}],\"inLanguage\":\"de\"},{\"@type\":[\"Person\",\"Organization\"],\"@id\":\"https:\/\/hoomei.fr\/de\/#\/schema\/person\/8cfb2570bae5452af0aefde1cfdc78b4\",\"name\":\"GHULAm WIASS\",\"image\":{\"@type\":\"ImageObject\",\"inLanguage\":\"de\",\"@id\":\"https:\/\/hoomei.fr\/de\/#\/schema\/person\/image\/\",\"url\":\"https:\/\/hoomei.fr\/wp-content\/uploads\/2024\/11\/Design-sans-titre-2024-11-01T212453.191.png\",\"contentUrl\":\"https:\/\/hoomei.fr\/wp-content\/uploads\/2024\/11\/Design-sans-titre-2024-11-01T212453.191.png\",\"width\":436,\"height\":124,\"caption\":\"GHULAm WIASS\"},\"logo\":{\"@id\":\"https:\/\/hoomei.fr\/de\/#\/schema\/person\/image\/\"},\"sameAs\":[\"http:\/\/hoomei.fr\"]}]}<\/script>\n<!-- \/ Yoast SEO plugin. -->","yoast_head_json":{"title":"Kontakt - Hoomei","robots":{"index":"index","follow":"follow","max-snippet":"max-snippet:-1","max-image-preview":"max-image-preview:large","max-video-preview":"max-video-preview:-1"},"canonical":"https:\/\/hoomei.fr\/de\/kontakt\/","og_locale":"de_DE","og_type":"article","og_title":"Kontakt - Hoomei","og_url":"https:\/\/hoomei.fr\/de\/kontakt\/","og_site_name":"Hoomei","article_modified_time":"2025-01-01T23:06:36+00:00","og_image":[{"width":1000,"height":1000,"url":"https:\/\/hoomei.fr\/wp-content\/uploads\/2024\/11\/img_0192-1.jpg","type":"image\/jpeg"}],"twitter_card":"summary_large_image","twitter_misc":{"Gesch\u00e4tzte Lesezeit":"1\u00a0Minute"},"schema":{"@context":"https:\/\/schema.org","@graph":[{"@type":"WebPage","@id":"https:\/\/hoomei.fr\/de\/kontakt\/","url":"https:\/\/hoomei.fr\/de\/kontakt\/","name":"Kontakt - Hoomei","isPartOf":{"@id":"https:\/\/hoomei.fr\/de\/#website"},"datePublished":"2013-08-11T19:22:53+00:00","dateModified":"2025-01-01T23:06:36+00:00","breadcrumb":{"@id":"https:\/\/hoomei.fr\/de\/kontakt\/#breadcrumb"},"inLanguage":"de","potentialAction":[{"@type":"ReadAction","target":["https:\/\/hoomei.fr\/de\/kontakt\/"]}]},{"@type":"BreadcrumbList","@id":"https:\/\/hoomei.fr\/de\/kontakt\/#breadcrumb","itemListElement":[{"@type":"ListItem","position":1,"name":"Accueil","item":"https:\/\/hoomei.fr\/de\/"},{"@type":"ListItem","position":2,"name":"Kontakt"}]},{"@type":"WebSite","@id":"https:\/\/hoomei.fr\/de\/#website","url":"https:\/\/hoomei.fr\/de\/","name":"Hoomei","description":"Votre Routine R\u00e9invent\u00e9e","publisher":{"@id":"https:\/\/hoomei.fr\/de\/#\/schema\/person\/8cfb2570bae5452af0aefde1cfdc78b4"},"potentialAction":[{"@type":"SearchAction","target":{"@type":"EntryPoint","urlTemplate":"https:\/\/hoomei.fr\/de\/?s={search_term_string}"},"query-input":{"@type":"PropertyValueSpecification","valueRequired":true,"valueName":"search_term_string"}}],"inLanguage":"de"},{"@type":["Person","Organization"],"@id":"https:\/\/hoomei.fr\/de\/#\/schema\/person\/8cfb2570bae5452af0aefde1cfdc78b4","name":"GHULAm WIASS","image":{"@type":"ImageObject","inLanguage":"de","@id":"https:\/\/hoomei.fr\/de\/#\/schema\/person\/image\/","url":"https:\/\/hoomei.fr\/wp-content\/uploads\/2024\/11\/Design-sans-titre-2024-11-01T212453.191.png","contentUrl":"https:\/\/hoomei.fr\/wp-content\/uploads\/2024\/11\/Design-sans-titre-2024-11-01T212453.191.png","width":436,"height":124,"caption":"GHULAm WIASS"},"logo":{"@id":"https:\/\/hoomei.fr\/de\/#\/schema\/person\/image\/"},"sameAs":["http:\/\/hoomei.fr"]}]}},"_links":{"self":[{"href":"https:\/\/hoomei.fr\/de\/wp-json\/wp\/v2\/pages\/2603"}],"collection":[{"href":"https:\/\/hoomei.fr\/de\/wp-json\/wp\/v2\/pages"}],"about":[{"href":"https:\/\/hoomei.fr\/de\/wp-json\/wp\/v2\/types\/page"}],"author":[{"embeddable":true,"href":"https:\/\/hoomei.fr\/de\/wp-json\/wp\/v2\/users\/1"}],"replies":[{"embeddable":true,"href":"https:\/\/hoomei.fr\/de\/wp-json\/wp\/v2\/comments?post=2603"}],"version-history":[{"count":1,"href":"https:\/\/hoomei.fr\/de\/wp-json\/wp\/v2\/pages\/2603\/revisions"}],"predecessor-version":[{"id":2605,"href":"https:\/\/hoomei.fr\/de\/wp-json\/wp\/v2\/pages\/2603\/revisions\/2605"}],"wp:attachment":[{"href":"https:\/\/hoomei.fr\/de\/wp-json\/wp\/v2\/media?parent=2603"}],"curies":[{"name":"wp","href":"https:\/\/api.w.org\/{rel}","templated":true}]}}