{"id":2558,"date":"2013-08-11T19:06:15","date_gmt":"2013-08-11T19:06:15","guid":{"rendered":"https:\/\/hoomei.fr\/unsere-geschichte\/"},"modified":"2025-01-01T23:06:32","modified_gmt":"2025-01-01T23:06:32","slug":"unsere-geschichte","status":"publish","type":"page","link":"https:\/\/hoomei.fr\/de\/unsere-geschichte\/","title":{"rendered":"Unsere Geschichte"},"content":{"rendered":"\n  <div class=\"banner has-hover has-parallax\" id=\"banner-827519293\">\n          <div class=\"banner-inner fill\">\n        <div class=\"banner-bg fill\" data-parallax=\"-3\" data-parallax-container=\".banner\" data-parallax-background>\n            <img loading=\"lazy\" decoding=\"async\" width=\"1020\" height=\"680\" src=\"https:\/\/hoomei.fr\/wp-content\/uploads\/2024\/11\/01-1200x800.jpg\" class=\"bg attachment-large size-large\" alt=\"\" \/>                        <div class=\"overlay\"><\/div>            \n                    <\/div>\n\t\t\n        <div class=\"banner-layers container\">\n            <div class=\"fill banner-link\"><\/div>            \n\n   <div id=\"text-box-487384635\" class=\"text-box banner-layer x50 md-x50 lg-x50 y80 md-y80 lg-y80 res-text\">\n                                <div class=\"text-box-content text dark\">\n              \n              <div class=\"text-inner text-center\">\n                  \n\n<h1 class=\"lead\">Unsere Geschichte<\/h1>\n<p class=\"lead\">&#8222;Das Erbe einer Handwerkskunst, die Wiege der Raffinesse&#8230;&#8220;<\/p>\n<p>\n\n\n              <\/div>\n           <\/div>\n                            \n<style>\n#text-box-487384635 {\n  width: 60%;\n}\n#text-box-487384635 .text-box-content {\n  font-size: 100%;\n}\n<\/style>\n    <\/div>\n \n\n        <\/div>\n      <\/div>\n\n            \n<style>\n#banner-827519293 {\n  padding-top: 507px;\n  background-color: rgb(122, 122, 122);\n}\n#banner-827519293 .overlay {\n  background-color: rgba(0, 0, 0, 0.32);\n}\n<\/style>\n  <\/div>\n\n\n<div class=\"row\"  id=\"row-1718805853\">\n\n\n\t<div id=\"col-1924259792\" class=\"col small-12 large-12\"  >\n\t\t\t\t<div class=\"col-inner\"  >\n\t\t\t\n\t\t\t\n\n\t<div id=\"text-2973311681\" class=\"text\">\n\t\t\n\n<blockquote>\n<p class=\"lead text-center\"><strong>&#8222;Eine Verpflichtung zu Exzellenz und Innovation in jeder Kreation&#8230;&#8220;.<\/strong><\/p>\n<p> <\/p>\n<\/blockquote>\n<h3>Urspr\u00fcnge<\/h3>\n<p>Unsere Reise begann mit einer einfachen, aber wirkungsvollen Idee: traditionelle Handwerkskunst mit moderner Technologie zu kombinieren, um Produkte zu schaffen, die \u00fcber die \u00fcblichen Erwartungen an Funktion und Stil hinausgehen. Bei Hoomei.de haben wir auf jahrhundertealtes handwerkliches K\u00f6nnen zur\u00fcckgegriffen, das von anonymen Meistern geerbt wurde, deren Techniken \u00fcber Generationen hinweg perfektioniert wurden. <\/p>\n<h3>Philosophie und Leidenschaft<\/h3>\n<p>Wir glauben, dass jedes Produkt ein Spiegelbild von Exzellenz und Raffinesse sein sollte. Diese Philosophie leitet jeden Schritt unseres kreativen Prozesses, vom ersten Entwurf \u00fcber die sorgf\u00e4ltige Auswahl der Materialien bis hin zur sorgf\u00e4ltigen Herstellung. Unsere Leidenschaft f\u00fcr Qualit\u00e4t ist es, die uns zu Innovationen antreibt und die Grenzen des M\u00f6glichen \u00fcberschreitet.  <\/p>\n<h3>Wachstum und Entwicklung<\/h3>\n<p>Als Hoomei.de wuchs, erweiterten wir unser Sortiment auf eine Vielzahl von Produkten, die alle unsere Verpflichtung zu Spitzenleistungen verk\u00f6rpern. Von hochwertigen Haushaltsger\u00e4ten bis hin zu innovativen Beleuchtungsl\u00f6sungen ist jede neue Erg\u00e4nzung das Ergebnis gr\u00fcndlicher Forschung und eines tiefen Verst\u00e4ndnisses f\u00fcr die Bed\u00fcrfnisse unserer Kunden. <\/p>\n<p>Wir haben auch unsere geografische Reichweite erweitert und erreichen nun eine weltweite Kundschaft, die die Kunst des guten Lebens zu sch\u00e4tzen wei\u00df. Unser Ruf hat sich als vertrauensw\u00fcrdige Marke gefestigt, die f\u00fcr ihre Integrit\u00e4t und ihr Engagement f\u00fcr die Kundenzufriedenheit bekannt ist. <\/p>\n<h3>Verpflichtung zur Nachhaltigkeit<\/h3>\n<p>In einer Welt, in der Nachhaltigkeit immer entscheidender wird, haben wir proaktive Schritte unternommen, um umweltfreundliche Praktiken in alle Aspekte unseres Unternehmens zu integrieren. Von der Verwendung recycelter und wiederverwertbarer Materialien bis hin zur Optimierung unserer Produktionsprozesse zur Abfallminimierung &#8211; unser Engagement f\u00fcr den Planeten ist genauso stark wie unser Engagement f\u00fcr unsere Kunden. <\/p>\n<h3>Die Zukunft von Hoomei.de<\/h3>\n<p>Die Zukunft von Hoomei.de ist gl\u00e4nzend mit ehrgeizigen Projekten am Horizont. Wir erforschen st\u00e4ndig neue Technologien und Materialien, die die Funktionalit\u00e4t und \u00c4sthetik unserer Produkte weiter verbessern k\u00f6nnen. Wir sind bestrebt, unser Erbe der Qualit\u00e4t zu bewahren und gleichzeitig Innovationen f\u00fcr die Zukunft zu entwickeln.  <\/p>\n<h3>Treten Sie unserer Gemeinschaft bei<\/h3>\n<p>Wir laden jeden Kunden und jeden Besucher ein, Teil unserer Gemeinschaft zu werden. Bei Hoomei.de sind Sie nicht nur ein Kunde, sondern ein Partner auf einer Reise der Entdeckung und der Exzellenz. Erkunden Sie unsere Website, entdecken Sie unsere Produkte und sehen Sie selbst, wie wir Ihr t\u00e4gliches Leben bereichern k\u00f6nnen.  <\/p>\n\t\t\n<style>\n#text-2973311681 {\n  font-size: 1.05rem;\n}\n@media (min-width:550px) {\n  #text-2973311681 {\n    font-size: 1.3rem;\n  }\n}\n<\/style>\n\t<\/div>\n\t\n<div class=\"text-center\"><div class=\"is-divider divider clearfix\" ><\/div><\/div>\n\n\n\t\t<\/div>\n\t\t\t\t\t<\/div>\n\n\t\n\n<\/div>","protected":false},"excerpt":{"rendered":"","protected":false},"author":1,"featured_media":0,"parent":0,"menu_order":0,"comment_status":"closed","ping_status":"closed","template":"page-transparent-header-light.php","meta":{"_acf_changed":false,"ub_ctt_via":"","_monsterinsights_skip_tracking":false,"_monsterinsights_sitenote_active":false,"_monsterinsights_sitenote_note":"","_monsterinsights_sitenote_category":0,"footnotes":""},"class_list":["post-2558","page","type-page","status-publish","hentry"],"featured_image_src":null,"acf":[],"yoast_head":"<!-- This site is optimized with the Yoast SEO plugin v23.8 - https:\/\/yoast.com\/wordpress\/plugins\/seo\/ -->\n<title>Unsere Geschichte - Hoomei<\/title>\n<meta name=\"robots\" content=\"index, follow, max-snippet:-1, max-image-preview:large, max-video-preview:-1\" \/>\n<link rel=\"canonical\" href=\"https:\/\/hoomei.fr\/de\/unsere-geschichte\/\" \/>\n<meta property=\"og:locale\" content=\"de_DE\" \/>\n<meta property=\"og:type\" content=\"article\" \/>\n<meta property=\"og:title\" content=\"Unsere Geschichte - Hoomei\" \/>\n<meta property=\"og:url\" content=\"https:\/\/hoomei.fr\/de\/unsere-geschichte\/\" \/>\n<meta property=\"og:site_name\" content=\"Hoomei\" \/>\n<meta property=\"article:modified_time\" content=\"2025-01-01T23:06:32+00:00\" \/>\n<meta property=\"og:image\" content=\"https:\/\/hoomei.fr\/wp-content\/uploads\/2024\/11\/img_0192-1.jpg\" \/>\n\t<meta property=\"og:image:width\" content=\"1000\" \/>\n\t<meta property=\"og:image:height\" content=\"1000\" \/>\n\t<meta property=\"og:image:type\" content=\"image\/jpeg\" \/>\n<meta name=\"twitter:card\" content=\"summary_large_image\" \/>\n<meta name=\"twitter:label1\" content=\"Gesch\u00e4tzte Lesezeit\" \/>\n\t<meta name=\"twitter:data1\" content=\"2\u00a0Minuten\" \/>\n<script type=\"application\/ld+json\" class=\"yoast-schema-graph\">{\"@context\":\"https:\/\/schema.org\",\"@graph\":[{\"@type\":\"WebPage\",\"@id\":\"https:\/\/hoomei.fr\/de\/unsere-geschichte\/\",\"url\":\"https:\/\/hoomei.fr\/de\/unsere-geschichte\/\",\"name\":\"Unsere Geschichte - Hoomei\",\"isPartOf\":{\"@id\":\"https:\/\/hoomei.fr\/de\/#website\"},\"datePublished\":\"2013-08-11T19:06:15+00:00\",\"dateModified\":\"2025-01-01T23:06:32+00:00\",\"breadcrumb\":{\"@id\":\"https:\/\/hoomei.fr\/de\/unsere-geschichte\/#breadcrumb\"},\"inLanguage\":\"de\",\"potentialAction\":[{\"@type\":\"ReadAction\",\"target\":[\"https:\/\/hoomei.fr\/de\/unsere-geschichte\/\"]}]},{\"@type\":\"BreadcrumbList\",\"@id\":\"https:\/\/hoomei.fr\/de\/unsere-geschichte\/#breadcrumb\",\"itemListElement\":[{\"@type\":\"ListItem\",\"position\":1,\"name\":\"Accueil\",\"item\":\"https:\/\/hoomei.fr\/de\/\"},{\"@type\":\"ListItem\",\"position\":2,\"name\":\"Unsere Geschichte\"}]},{\"@type\":\"WebSite\",\"@id\":\"https:\/\/hoomei.fr\/de\/#website\",\"url\":\"https:\/\/hoomei.fr\/de\/\",\"name\":\"Hoomei\",\"description\":\"Votre Routine R\u00e9invent\u00e9e\",\"publisher\":{\"@id\":\"https:\/\/hoomei.fr\/de\/#\/schema\/person\/8cfb2570bae5452af0aefde1cfdc78b4\"},\"potentialAction\":[{\"@type\":\"SearchAction\",\"target\":{\"@type\":\"EntryPoint\",\"urlTemplate\":\"https:\/\/hoomei.fr\/de\/?s={search_term_string}\"},\"query-input\":{\"@type\":\"PropertyValueSpecification\",\"valueRequired\":true,\"valueName\":\"search_term_string\"}}],\"inLanguage\":\"de\"},{\"@type\":[\"Person\",\"Organization\"],\"@id\":\"https:\/\/hoomei.fr\/de\/#\/schema\/person\/8cfb2570bae5452af0aefde1cfdc78b4\",\"name\":\"GHULAm WIASS\",\"image\":{\"@type\":\"ImageObject\",\"inLanguage\":\"de\",\"@id\":\"https:\/\/hoomei.fr\/de\/#\/schema\/person\/image\/\",\"url\":\"https:\/\/hoomei.fr\/wp-content\/uploads\/2024\/11\/Design-sans-titre-2024-11-01T212453.191.png\",\"contentUrl\":\"https:\/\/hoomei.fr\/wp-content\/uploads\/2024\/11\/Design-sans-titre-2024-11-01T212453.191.png\",\"width\":436,\"height\":124,\"caption\":\"GHULAm WIASS\"},\"logo\":{\"@id\":\"https:\/\/hoomei.fr\/de\/#\/schema\/person\/image\/\"},\"sameAs\":[\"http:\/\/hoomei.fr\"]}]}<\/script>\n<!-- \/ Yoast SEO plugin. -->","yoast_head_json":{"title":"Unsere Geschichte - Hoomei","robots":{"index":"index","follow":"follow","max-snippet":"max-snippet:-1","max-image-preview":"max-image-preview:large","max-video-preview":"max-video-preview:-1"},"canonical":"https:\/\/hoomei.fr\/de\/unsere-geschichte\/","og_locale":"de_DE","og_type":"article","og_title":"Unsere Geschichte - Hoomei","og_url":"https:\/\/hoomei.fr\/de\/unsere-geschichte\/","og_site_name":"Hoomei","article_modified_time":"2025-01-01T23:06:32+00:00","og_image":[{"width":1000,"height":1000,"url":"https:\/\/hoomei.fr\/wp-content\/uploads\/2024\/11\/img_0192-1.jpg","type":"image\/jpeg"}],"twitter_card":"summary_large_image","twitter_misc":{"Gesch\u00e4tzte Lesezeit":"2\u00a0Minuten"},"schema":{"@context":"https:\/\/schema.org","@graph":[{"@type":"WebPage","@id":"https:\/\/hoomei.fr\/de\/unsere-geschichte\/","url":"https:\/\/hoomei.fr\/de\/unsere-geschichte\/","name":"Unsere Geschichte - Hoomei","isPartOf":{"@id":"https:\/\/hoomei.fr\/de\/#website"},"datePublished":"2013-08-11T19:06:15+00:00","dateModified":"2025-01-01T23:06:32+00:00","breadcrumb":{"@id":"https:\/\/hoomei.fr\/de\/unsere-geschichte\/#breadcrumb"},"inLanguage":"de","potentialAction":[{"@type":"ReadAction","target":["https:\/\/hoomei.fr\/de\/unsere-geschichte\/"]}]},{"@type":"BreadcrumbList","@id":"https:\/\/hoomei.fr\/de\/unsere-geschichte\/#breadcrumb","itemListElement":[{"@type":"ListItem","position":1,"name":"Accueil","item":"https:\/\/hoomei.fr\/de\/"},{"@type":"ListItem","position":2,"name":"Unsere Geschichte"}]},{"@type":"WebSite","@id":"https:\/\/hoomei.fr\/de\/#website","url":"https:\/\/hoomei.fr\/de\/","name":"Hoomei","description":"Votre Routine R\u00e9invent\u00e9e","publisher":{"@id":"https:\/\/hoomei.fr\/de\/#\/schema\/person\/8cfb2570bae5452af0aefde1cfdc78b4"},"potentialAction":[{"@type":"SearchAction","target":{"@type":"EntryPoint","urlTemplate":"https:\/\/hoomei.fr\/de\/?s={search_term_string}"},"query-input":{"@type":"PropertyValueSpecification","valueRequired":true,"valueName":"search_term_string"}}],"inLanguage":"de"},{"@type":["Person","Organization"],"@id":"https:\/\/hoomei.fr\/de\/#\/schema\/person\/8cfb2570bae5452af0aefde1cfdc78b4","name":"GHULAm WIASS","image":{"@type":"ImageObject","inLanguage":"de","@id":"https:\/\/hoomei.fr\/de\/#\/schema\/person\/image\/","url":"https:\/\/hoomei.fr\/wp-content\/uploads\/2024\/11\/Design-sans-titre-2024-11-01T212453.191.png","contentUrl":"https:\/\/hoomei.fr\/wp-content\/uploads\/2024\/11\/Design-sans-titre-2024-11-01T212453.191.png","width":436,"height":124,"caption":"GHULAm WIASS"},"logo":{"@id":"https:\/\/hoomei.fr\/de\/#\/schema\/person\/image\/"},"sameAs":["http:\/\/hoomei.fr"]}]}},"_links":{"self":[{"href":"https:\/\/hoomei.fr\/de\/wp-json\/wp\/v2\/pages\/2558"}],"collection":[{"href":"https:\/\/hoomei.fr\/de\/wp-json\/wp\/v2\/pages"}],"about":[{"href":"https:\/\/hoomei.fr\/de\/wp-json\/wp\/v2\/types\/page"}],"author":[{"embeddable":true,"href":"https:\/\/hoomei.fr\/de\/wp-json\/wp\/v2\/users\/1"}],"replies":[{"embeddable":true,"href":"https:\/\/hoomei.fr\/de\/wp-json\/wp\/v2\/comments?post=2558"}],"version-history":[{"count":2,"href":"https:\/\/hoomei.fr\/de\/wp-json\/wp\/v2\/pages\/2558\/revisions"}],"predecessor-version":[{"id":2578,"href":"https:\/\/hoomei.fr\/de\/wp-json\/wp\/v2\/pages\/2558\/revisions\/2578"}],"wp:attachment":[{"href":"https:\/\/hoomei.fr\/de\/wp-json\/wp\/v2\/media?parent=2558"}],"curies":[{"name":"wp","href":"https:\/\/api.w.org\/{rel}","templated":true}]}}