{"id":2509,"date":"2024-11-17T22:00:01","date_gmt":"2024-11-17T22:00:01","guid":{"rendered":"https:\/\/hoomei.fr\/rueckerstattung-rueckgabe\/"},"modified":"2025-01-01T23:06:10","modified_gmt":"2025-01-01T23:06:10","slug":"rueckerstattung-rueckgabe","status":"publish","type":"page","link":"https:\/\/hoomei.fr\/de\/rueckerstattung-rueckgabe\/","title":{"rendered":"R\u00fcckerstattung &amp; R\u00fcckgabe"},"content":{"rendered":"\t<div id=\"gap-1506941315\" class=\"gap-element clearfix\" style=\"display:block; height:auto;\">\n\t\t\n<style>\n#gap-1506941315 {\n  padding-top: 30px;\n}\n<\/style>\n\t<\/div>\n\t<h2 class=\"wp-block-heading\"><strong>R\u00fcckerstattungs- und R\u00fcckgabebestimmungen von Hoomei.de<\/strong><\/h2><p><strong>1. Einleitung<\/strong> Wir bei Hoomei.de haben uns der Zufriedenheit unserer Kunden verpflichtet. Wenn Sie mit Ihrem Kauf nicht ganz zufrieden sind, sind wir da, um Ihnen zu helfen. <\/p><p><strong>2. R\u00fcckgabe<\/strong> Sie k\u00f6nnen die meisten neuen, unge\u00f6ffneten Artikel, die von Hoomei.de verkauft und versandt wurden, innerhalb von 7 Tagen nach Lieferung gegen volle Erstattung des Kaufpreises zur\u00fcckgeben. So gehen Sie vor: <\/p><ul class=\"wp-block-list\"><li><strong>Schritt 1:<\/strong> Kontaktieren Sie unseren Kundenservice, um eine R\u00fcckgabeautorisierungsnummer zu erhalten.<\/li>\n\n<li><strong>Schritt 2:<\/strong> Senden Sie den Artikel an die Adresse, die wir Ihnen mitteilen werden.<\/li>\n\n<li><strong>Schritt 3:<\/strong> Legen Sie Ihrem Paket die Quittung oder den Kaufnachweis bei.<\/li><\/ul><p><strong>R\u00fcckgabebedingungen :<\/strong><\/p><ul class=\"wp-block-list\"><li>Die Artikel m\u00fcssen in ihrer Originalverpackung zur\u00fcckgeschickt werden.<\/li>\n\n<li>Die Artikel m\u00fcssen unbenutzt und in demselben Zustand sein, in dem Sie sie erhalten haben.<\/li><\/ul><p><strong>3. R\u00fcckerstattungen<\/strong> Sobald wir den zur\u00fcckgesandten Artikel erhalten und gepr\u00fcft haben, senden wir Ihnen eine E-Mail, in der wir Ihnen best\u00e4tigen, dass wir Ihren Artikel erhalten haben. Wir werden Sie auch dar\u00fcber informieren, ob Ihre R\u00fcckerstattung genehmigt oder abgelehnt wurde. <\/p><p>Wenn Ihr Antrag genehmigt wird, wird Ihre R\u00fcckerstattung bearbeitet und innerhalb einer bestimmten Anzahl von Tagen wird automatisch eine Gutschrift auf Ihre Kreditkarte oder Ihre urspr\u00fcngliche Zahlungsmethode angewiesen.<\/p><p><strong>4. Umtausch<\/strong> Wir ersetzen Artikel nur, wenn sie defekt oder besch\u00e4digt sind. Wenn Sie einen Artikel gegen denselben Artikel umtauschen m\u00f6chten, senden Sie uns bitte eine E-Mail an info@hoomei.fr. <\/p><p><strong>5. R\u00fccksendekosten<\/strong> Die Versandkosten f\u00fcr die R\u00fccksendung Ihres Artikels sind von Ihnen zu tragen. Die Versandkosten k\u00f6nnen nicht zur\u00fcckerstattet werden. Wenn Sie eine R\u00fcckerstattung erhalten, werden die Kosten f\u00fcr die R\u00fccksendung von Ihrer R\u00fcckerstattung abgezogen.  <\/p><p><strong>6. Kontaktieren Sie uns<\/strong> Wenn Sie Fragen dazu haben, wie Sie Ihren Artikel an Hoomei.de zur\u00fccksenden k\u00f6nnen, kontaktieren Sie uns bitte unter info@hoomei.fr.<\/p>","protected":false},"excerpt":{"rendered":"<p>R\u00fcckerstattungs- und R\u00fcckgabebestimmungen von Hoomei.de 1. Einleitung Wir bei Hoomei.de haben uns der Zufriedenheit unserer Kunden verpflichtet. Wenn Sie mit Ihrem Kauf nicht ganz zufrieden sind, sind wir da, um Ihnen zu helfen. 2. R\u00fcckgabe Sie k\u00f6nnen die meisten neuen, unge\u00f6ffneten Artikel, die von Hoomei.de verkauft und versandt wurden, innerhalb von 7 Tagen nach Lieferung [&#8230;]\n","protected":false},"author":1,"featured_media":0,"parent":0,"menu_order":0,"comment_status":"closed","ping_status":"closed","template":"","meta":{"_acf_changed":false,"ub_ctt_via":"","_monsterinsights_skip_tracking":false,"_monsterinsights_sitenote_active":false,"_monsterinsights_sitenote_note":"","_monsterinsights_sitenote_category":0,"footnotes":""},"class_list":["post-2509","page","type-page","status-publish","hentry"],"featured_image_src":null,"acf":[],"yoast_head":"<!-- This site is optimized with the Yoast SEO plugin v23.8 - https:\/\/yoast.com\/wordpress\/plugins\/seo\/ -->\n<title>R\u00fcckerstattung &amp; R\u00fcckgabe - Hoomei<\/title>\n<meta name=\"description\" content=\"Erfahren Sie mehr \u00fcber die R\u00fcckerstattungs- und R\u00fcckgaberichtlinien von Hoomei.de. Geben Sie Ihre Eink\u00e4ufe einfach und vertrauensvoll mit unseren klaren Richtlinien zur\u00fcck.\" \/>\n<meta name=\"robots\" content=\"index, follow, max-snippet:-1, max-image-preview:large, max-video-preview:-1\" \/>\n<link rel=\"canonical\" href=\"https:\/\/hoomei.fr\/de\/rueckerstattung-rueckgabe\/\" \/>\n<meta property=\"og:locale\" content=\"de_DE\" \/>\n<meta property=\"og:type\" content=\"article\" \/>\n<meta property=\"og:title\" content=\"R\u00fcckerstattung &amp; R\u00fcckgabe - Hoomei\" \/>\n<meta property=\"og:description\" content=\"Erfahren Sie mehr \u00fcber die R\u00fcckerstattungs- und R\u00fcckgaberichtlinien von Hoomei.de. Geben Sie Ihre Eink\u00e4ufe einfach und vertrauensvoll mit unseren klaren Richtlinien zur\u00fcck.\" \/>\n<meta property=\"og:url\" content=\"https:\/\/hoomei.fr\/de\/rueckerstattung-rueckgabe\/\" \/>\n<meta property=\"og:site_name\" content=\"Hoomei\" \/>\n<meta property=\"article:modified_time\" content=\"2025-01-01T23:06:10+00:00\" \/>\n<meta property=\"og:image\" content=\"https:\/\/hoomei.fr\/wp-content\/uploads\/2024\/11\/img_0192-1.jpg\" \/>\n\t<meta property=\"og:image:width\" content=\"1000\" \/>\n\t<meta property=\"og:image:height\" content=\"1000\" \/>\n\t<meta property=\"og:image:type\" content=\"image\/jpeg\" \/>\n<meta name=\"twitter:card\" content=\"summary_large_image\" \/>\n<meta name=\"twitter:label1\" content=\"Gesch\u00e4tzte Lesezeit\" \/>\n\t<meta name=\"twitter:data1\" content=\"2\u00a0Minuten\" \/>\n<script type=\"application\/ld+json\" class=\"yoast-schema-graph\">{\"@context\":\"https:\/\/schema.org\",\"@graph\":[{\"@type\":\"WebPage\",\"@id\":\"https:\/\/hoomei.fr\/de\/rueckerstattung-rueckgabe\/\",\"url\":\"https:\/\/hoomei.fr\/de\/rueckerstattung-rueckgabe\/\",\"name\":\"R\u00fcckerstattung &amp; R\u00fcckgabe - Hoomei\",\"isPartOf\":{\"@id\":\"https:\/\/hoomei.fr\/de\/#website\"},\"datePublished\":\"2024-11-17T22:00:01+00:00\",\"dateModified\":\"2025-01-01T23:06:10+00:00\",\"description\":\"Erfahren Sie mehr \u00fcber die R\u00fcckerstattungs- und R\u00fcckgaberichtlinien von Hoomei.de. Geben Sie Ihre Eink\u00e4ufe einfach und vertrauensvoll mit unseren klaren Richtlinien zur\u00fcck.\",\"breadcrumb\":{\"@id\":\"https:\/\/hoomei.fr\/de\/rueckerstattung-rueckgabe\/#breadcrumb\"},\"inLanguage\":\"de\",\"potentialAction\":[{\"@type\":\"ReadAction\",\"target\":[\"https:\/\/hoomei.fr\/de\/rueckerstattung-rueckgabe\/\"]}]},{\"@type\":\"BreadcrumbList\",\"@id\":\"https:\/\/hoomei.fr\/de\/rueckerstattung-rueckgabe\/#breadcrumb\",\"itemListElement\":[{\"@type\":\"ListItem\",\"position\":1,\"name\":\"Accueil\",\"item\":\"https:\/\/hoomei.fr\/de\/\"},{\"@type\":\"ListItem\",\"position\":2,\"name\":\"R\u00fcckerstattung &amp; R\u00fcckgabe\"}]},{\"@type\":\"WebSite\",\"@id\":\"https:\/\/hoomei.fr\/de\/#website\",\"url\":\"https:\/\/hoomei.fr\/de\/\",\"name\":\"Hoomei\",\"description\":\"Votre Routine R\u00e9invent\u00e9e\",\"publisher\":{\"@id\":\"https:\/\/hoomei.fr\/de\/#\/schema\/person\/8cfb2570bae5452af0aefde1cfdc78b4\"},\"potentialAction\":[{\"@type\":\"SearchAction\",\"target\":{\"@type\":\"EntryPoint\",\"urlTemplate\":\"https:\/\/hoomei.fr\/de\/?s={search_term_string}\"},\"query-input\":{\"@type\":\"PropertyValueSpecification\",\"valueRequired\":true,\"valueName\":\"search_term_string\"}}],\"inLanguage\":\"de\"},{\"@type\":[\"Person\",\"Organization\"],\"@id\":\"https:\/\/hoomei.fr\/de\/#\/schema\/person\/8cfb2570bae5452af0aefde1cfdc78b4\",\"name\":\"GHULAm WIASS\",\"image\":{\"@type\":\"ImageObject\",\"inLanguage\":\"de\",\"@id\":\"https:\/\/hoomei.fr\/de\/#\/schema\/person\/image\/\",\"url\":\"https:\/\/hoomei.fr\/wp-content\/uploads\/2024\/11\/Design-sans-titre-2024-11-01T212453.191.png\",\"contentUrl\":\"https:\/\/hoomei.fr\/wp-content\/uploads\/2024\/11\/Design-sans-titre-2024-11-01T212453.191.png\",\"width\":436,\"height\":124,\"caption\":\"GHULAm WIASS\"},\"logo\":{\"@id\":\"https:\/\/hoomei.fr\/de\/#\/schema\/person\/image\/\"},\"sameAs\":[\"http:\/\/hoomei.fr\"]}]}<\/script>\n<!-- \/ Yoast SEO plugin. -->","yoast_head_json":{"title":"R\u00fcckerstattung &amp; R\u00fcckgabe - Hoomei","description":"Erfahren Sie mehr \u00fcber die R\u00fcckerstattungs- und R\u00fcckgaberichtlinien von Hoomei.de. Geben Sie Ihre Eink\u00e4ufe einfach und vertrauensvoll mit unseren klaren Richtlinien zur\u00fcck.","robots":{"index":"index","follow":"follow","max-snippet":"max-snippet:-1","max-image-preview":"max-image-preview:large","max-video-preview":"max-video-preview:-1"},"canonical":"https:\/\/hoomei.fr\/de\/rueckerstattung-rueckgabe\/","og_locale":"de_DE","og_type":"article","og_title":"R\u00fcckerstattung &amp; R\u00fcckgabe - Hoomei","og_description":"Erfahren Sie mehr \u00fcber die R\u00fcckerstattungs- und R\u00fcckgaberichtlinien von Hoomei.de. Geben Sie Ihre Eink\u00e4ufe einfach und vertrauensvoll mit unseren klaren Richtlinien zur\u00fcck.","og_url":"https:\/\/hoomei.fr\/de\/rueckerstattung-rueckgabe\/","og_site_name":"Hoomei","article_modified_time":"2025-01-01T23:06:10+00:00","og_image":[{"width":1000,"height":1000,"url":"https:\/\/hoomei.fr\/wp-content\/uploads\/2024\/11\/img_0192-1.jpg","type":"image\/jpeg"}],"twitter_card":"summary_large_image","twitter_misc":{"Gesch\u00e4tzte Lesezeit":"2\u00a0Minuten"},"schema":{"@context":"https:\/\/schema.org","@graph":[{"@type":"WebPage","@id":"https:\/\/hoomei.fr\/de\/rueckerstattung-rueckgabe\/","url":"https:\/\/hoomei.fr\/de\/rueckerstattung-rueckgabe\/","name":"R\u00fcckerstattung &amp; R\u00fcckgabe - Hoomei","isPartOf":{"@id":"https:\/\/hoomei.fr\/de\/#website"},"datePublished":"2024-11-17T22:00:01+00:00","dateModified":"2025-01-01T23:06:10+00:00","description":"Erfahren Sie mehr \u00fcber die R\u00fcckerstattungs- und R\u00fcckgaberichtlinien von Hoomei.de. Geben Sie Ihre Eink\u00e4ufe einfach und vertrauensvoll mit unseren klaren Richtlinien zur\u00fcck.","breadcrumb":{"@id":"https:\/\/hoomei.fr\/de\/rueckerstattung-rueckgabe\/#breadcrumb"},"inLanguage":"de","potentialAction":[{"@type":"ReadAction","target":["https:\/\/hoomei.fr\/de\/rueckerstattung-rueckgabe\/"]}]},{"@type":"BreadcrumbList","@id":"https:\/\/hoomei.fr\/de\/rueckerstattung-rueckgabe\/#breadcrumb","itemListElement":[{"@type":"ListItem","position":1,"name":"Accueil","item":"https:\/\/hoomei.fr\/de\/"},{"@type":"ListItem","position":2,"name":"R\u00fcckerstattung &amp; R\u00fcckgabe"}]},{"@type":"WebSite","@id":"https:\/\/hoomei.fr\/de\/#website","url":"https:\/\/hoomei.fr\/de\/","name":"Hoomei","description":"Votre Routine R\u00e9invent\u00e9e","publisher":{"@id":"https:\/\/hoomei.fr\/de\/#\/schema\/person\/8cfb2570bae5452af0aefde1cfdc78b4"},"potentialAction":[{"@type":"SearchAction","target":{"@type":"EntryPoint","urlTemplate":"https:\/\/hoomei.fr\/de\/?s={search_term_string}"},"query-input":{"@type":"PropertyValueSpecification","valueRequired":true,"valueName":"search_term_string"}}],"inLanguage":"de"},{"@type":["Person","Organization"],"@id":"https:\/\/hoomei.fr\/de\/#\/schema\/person\/8cfb2570bae5452af0aefde1cfdc78b4","name":"GHULAm WIASS","image":{"@type":"ImageObject","inLanguage":"de","@id":"https:\/\/hoomei.fr\/de\/#\/schema\/person\/image\/","url":"https:\/\/hoomei.fr\/wp-content\/uploads\/2024\/11\/Design-sans-titre-2024-11-01T212453.191.png","contentUrl":"https:\/\/hoomei.fr\/wp-content\/uploads\/2024\/11\/Design-sans-titre-2024-11-01T212453.191.png","width":436,"height":124,"caption":"GHULAm WIASS"},"logo":{"@id":"https:\/\/hoomei.fr\/de\/#\/schema\/person\/image\/"},"sameAs":["http:\/\/hoomei.fr"]}]}},"_links":{"self":[{"href":"https:\/\/hoomei.fr\/de\/wp-json\/wp\/v2\/pages\/2509"}],"collection":[{"href":"https:\/\/hoomei.fr\/de\/wp-json\/wp\/v2\/pages"}],"about":[{"href":"https:\/\/hoomei.fr\/de\/wp-json\/wp\/v2\/types\/page"}],"author":[{"embeddable":true,"href":"https:\/\/hoomei.fr\/de\/wp-json\/wp\/v2\/users\/1"}],"replies":[{"embeddable":true,"href":"https:\/\/hoomei.fr\/de\/wp-json\/wp\/v2\/comments?post=2509"}],"version-history":[{"count":1,"href":"https:\/\/hoomei.fr\/de\/wp-json\/wp\/v2\/pages\/2509\/revisions"}],"predecessor-version":[{"id":2511,"href":"https:\/\/hoomei.fr\/de\/wp-json\/wp\/v2\/pages\/2509\/revisions\/2511"}],"wp:attachment":[{"href":"https:\/\/hoomei.fr\/de\/wp-json\/wp\/v2\/media?parent=2509"}],"curies":[{"name":"wp","href":"https:\/\/api.w.org\/{rel}","templated":true}]}}