{"id":2464,"date":"2024-11-21T00:26:34","date_gmt":"2024-11-21T00:26:34","guid":{"rendered":"https:\/\/hoomei.fr\/rechtliche-hinweise\/"},"modified":"2025-01-01T23:06:06","modified_gmt":"2025-01-01T23:06:06","slug":"rechtliche-hinweise","status":"publish","type":"page","link":"https:\/\/hoomei.fr\/de\/rechtliche-hinweise\/","title":{"rendered":"Rechtliche Hinweise"},"content":{"rendered":"\t<div id=\"gap-17668797\" class=\"gap-element clearfix\" style=\"display:block; height:auto;\">\n\t\t\n<style>\n#gap-17668797 {\n  padding-top: 30px;\n}\n<\/style>\n\t<\/div>\n\t<h2 class=\"wp-block-heading\"><strong>Rechtliche Hinweise von Hoomei.de<\/strong><\/h2><p><\/p><p><strong>Herausgeber der Website:<\/strong> Hoomei<br\/>Eingetragener Sitz: 39 Rue Amp\u00e8re, 94200 Ivry-Sur-Seine, Frankreich<br\/>Vertreten durch Herrn Wiass Ghulam<br\/>Eingetragen im Handels- und Gesellschaftsregister von Paris unter der Nummer 893 489 336<br\/>E-Mail-Adresse: <a>info@hoomei.fr<\/a><\/p><p><strong>Hosting :<\/strong> Die Website Hoomei.de wird von HOSTINGER Operations UAB<br\/>gehostet. Adresse: 61 Lordou Vironos Street, 6023 Larnaca, Zypern.<\/p><p><strong>Geistiges Eigentum:<\/strong> Der Inhalt dieser Website, einschlie\u00dflich, aber nicht beschr\u00e4nkt auf Bilder, Texte, Videos, Animationen, T\u00f6ne, Logos, Gifs und Icons sowie deren Formatierung sind das ausschlie\u00dfliche Eigentum der Firma Hoomei, mit Ausnahme von Marken, Logos oder Inhalten, die anderen Partnerunternehmen oder Autoren geh\u00f6ren.<\/p><p>Jede auch nur teilweise Vervielf\u00e4ltigung, Verbreitung, \u00c4nderung, Anpassung, Weiterleitung oder Ver\u00f6ffentlichung dieser verschiedenen Elemente ist ohne die ausdr\u00fcckliche schriftliche Genehmigung von Hoomei strengstens untersagt. Diese Darstellung oder Vervielf\u00e4ltigung, gleichg\u00fcltig durch welches Verfahren, stellt eine F\u00e4lschung dar, die durch die Artikel L.335-2 ff. des Gesetzes \u00fcber geistiges Eigentum geahndet wird. Die Nichtbeachtung dieses Verbots stellt eine F\u00e4lschung dar, f\u00fcr die der F\u00e4lscher zivil- und strafrechtlich haftbar gemacht werden kann.  <\/p><p><strong>Haftung:<\/strong> Die Firma Hoomei bem\u00fcht sich, m\u00f6glichst genaue Informationen auf der Website Hoomei.de zur Verf\u00fcgung zu stellen. Sie kann jedoch nicht f\u00fcr Auslassungen, Ungenauigkeiten und M\u00e4ngel in der Aktualisierung haftbar gemacht werden, sei es durch sie selbst oder durch dritte Partner, die ihr diese Informationen zur Verf\u00fcgung stellen. <\/p><p>Alle Informationen auf Hoomei.de sind unverbindlich und k\u00f6nnen sich ohne Vorank\u00fcndigung \u00e4ndern oder weiterentwickeln. Dar\u00fcber hinaus sind die Informationen auf Hoomei.de nicht ersch\u00f6pfend. Sie werden vorbehaltlich der seit ihrer Ver\u00f6ffentlichung vorgenommenen \u00c4nderungen bereitgestellt.  <\/p><p><strong>Hyperlinks :<\/strong> Die Website Hoomei.de kann eine Reihe von Hyperlinks zu anderen Websites enthalten, die mit der Genehmigung von Hoomei eingerichtet wurden. Hoomei hat jedoch nicht die M\u00f6glichkeit, den Inhalt dieser Seiten zu \u00fcberpr\u00fcfen und \u00fcbernimmt dementsprechend keine Verantwortung f\u00fcr diese Seiten. <\/p><p><strong>Anwendbares Recht und Gerichtsstand:<\/strong> Alle Streitigkeiten im Zusammenhang mit der Nutzung der Website Hoomei.fr unterliegen dem franz\u00f6sischen Recht. Die ausschlie\u00dfliche Zust\u00e4ndigkeit liegt bei den zust\u00e4ndigen Gerichten in Paris. <\/p><p><strong>Pers\u00f6nliche Daten:<\/strong> Weitere Informationen dar\u00fcber, wie wir Ihre pers\u00f6nlichen Daten verarbeiten, finden Sie in unserer Datenschutzrichtlinie.<\/p>","protected":false},"excerpt":{"rendered":"<p>Rechtliche Hinweise von Hoomei.de Herausgeber der Website: HoomeiEingetragener Sitz: 39 Rue Amp\u00e8re, 94200 Ivry-Sur-Seine, FrankreichVertreten durch Herrn Wiass GhulamEingetragen im Handels- und Gesellschaftsregister von Paris unter der Nummer 893 489 336E-Mail-Adresse: info@hoomei.fr Hosting : Die Website Hoomei.de wird von HOSTINGER Operations UABgehostet. Adresse: 61 Lordou Vironos Street, 6023 Larnaca, Zypern. Geistiges Eigentum: Der Inhalt dieser [&#8230;]\n","protected":false},"author":1,"featured_media":0,"parent":0,"menu_order":0,"comment_status":"closed","ping_status":"closed","template":"","meta":{"_acf_changed":false,"ub_ctt_via":"","_monsterinsights_skip_tracking":false,"_monsterinsights_sitenote_active":false,"_monsterinsights_sitenote_note":"","_monsterinsights_sitenote_category":0,"footnotes":""},"class_list":["post-2464","page","type-page","status-publish","hentry"],"featured_image_src":null,"acf":[],"yoast_head":"<!-- This site is optimized with the Yoast SEO plugin v23.8 - https:\/\/yoast.com\/wordpress\/plugins\/seo\/ -->\n<title>Rechtliche Hinweise - Hoomei<\/title>\n<meta name=\"description\" content=\"Lesen Sie die rechtlichen Hinweise, um mehr \u00fcber unser Unternehmen, unsere Nutzungsbedingungen und unsere Datenschutzpolitik zu erfahren. Vollst\u00e4ndige rechtliche Informationen finden Sie hier.\" \/>\n<meta name=\"robots\" content=\"index, follow, max-snippet:-1, max-image-preview:large, max-video-preview:-1\" \/>\n<link rel=\"canonical\" href=\"https:\/\/hoomei.fr\/de\/rechtliche-hinweise\/\" \/>\n<meta property=\"og:locale\" content=\"de_DE\" \/>\n<meta property=\"og:type\" content=\"article\" \/>\n<meta property=\"og:title\" content=\"Rechtliche Hinweise - Hoomei\" \/>\n<meta property=\"og:description\" content=\"Lesen Sie die rechtlichen Hinweise, um mehr \u00fcber unser Unternehmen, unsere Nutzungsbedingungen und unsere Datenschutzpolitik zu erfahren. Vollst\u00e4ndige rechtliche Informationen finden Sie hier.\" \/>\n<meta property=\"og:url\" content=\"https:\/\/hoomei.fr\/de\/rechtliche-hinweise\/\" \/>\n<meta property=\"og:site_name\" content=\"Hoomei\" \/>\n<meta property=\"article:modified_time\" content=\"2025-01-01T23:06:06+00:00\" \/>\n<meta property=\"og:image\" content=\"https:\/\/hoomei.fr\/wp-content\/uploads\/2024\/11\/img_0192-1.jpg\" \/>\n\t<meta property=\"og:image:width\" content=\"1000\" \/>\n\t<meta property=\"og:image:height\" content=\"1000\" \/>\n\t<meta property=\"og:image:type\" content=\"image\/jpeg\" \/>\n<meta name=\"twitter:card\" content=\"summary_large_image\" \/>\n<meta name=\"twitter:label1\" content=\"Gesch\u00e4tzte Lesezeit\" \/>\n\t<meta name=\"twitter:data1\" content=\"2\u00a0Minuten\" \/>\n<script type=\"application\/ld+json\" class=\"yoast-schema-graph\">{\"@context\":\"https:\/\/schema.org\",\"@graph\":[{\"@type\":\"WebPage\",\"@id\":\"https:\/\/hoomei.fr\/de\/rechtliche-hinweise\/\",\"url\":\"https:\/\/hoomei.fr\/de\/rechtliche-hinweise\/\",\"name\":\"Rechtliche Hinweise - Hoomei\",\"isPartOf\":{\"@id\":\"https:\/\/hoomei.fr\/de\/#website\"},\"datePublished\":\"2024-11-21T00:26:34+00:00\",\"dateModified\":\"2025-01-01T23:06:06+00:00\",\"description\":\"Lesen Sie die rechtlichen Hinweise, um mehr \u00fcber unser Unternehmen, unsere Nutzungsbedingungen und unsere Datenschutzpolitik zu erfahren. Vollst\u00e4ndige rechtliche Informationen finden Sie hier.\",\"breadcrumb\":{\"@id\":\"https:\/\/hoomei.fr\/de\/rechtliche-hinweise\/#breadcrumb\"},\"inLanguage\":\"de\",\"potentialAction\":[{\"@type\":\"ReadAction\",\"target\":[\"https:\/\/hoomei.fr\/de\/rechtliche-hinweise\/\"]}]},{\"@type\":\"BreadcrumbList\",\"@id\":\"https:\/\/hoomei.fr\/de\/rechtliche-hinweise\/#breadcrumb\",\"itemListElement\":[{\"@type\":\"ListItem\",\"position\":1,\"name\":\"Accueil\",\"item\":\"https:\/\/hoomei.fr\/de\/\"},{\"@type\":\"ListItem\",\"position\":2,\"name\":\"Rechtliche Hinweise\"}]},{\"@type\":\"WebSite\",\"@id\":\"https:\/\/hoomei.fr\/de\/#website\",\"url\":\"https:\/\/hoomei.fr\/de\/\",\"name\":\"Hoomei\",\"description\":\"Votre Routine R\u00e9invent\u00e9e\",\"publisher\":{\"@id\":\"https:\/\/hoomei.fr\/de\/#\/schema\/person\/8cfb2570bae5452af0aefde1cfdc78b4\"},\"potentialAction\":[{\"@type\":\"SearchAction\",\"target\":{\"@type\":\"EntryPoint\",\"urlTemplate\":\"https:\/\/hoomei.fr\/de\/?s={search_term_string}\"},\"query-input\":{\"@type\":\"PropertyValueSpecification\",\"valueRequired\":true,\"valueName\":\"search_term_string\"}}],\"inLanguage\":\"de\"},{\"@type\":[\"Person\",\"Organization\"],\"@id\":\"https:\/\/hoomei.fr\/de\/#\/schema\/person\/8cfb2570bae5452af0aefde1cfdc78b4\",\"name\":\"GHULAm WIASS\",\"image\":{\"@type\":\"ImageObject\",\"inLanguage\":\"de\",\"@id\":\"https:\/\/hoomei.fr\/de\/#\/schema\/person\/image\/\",\"url\":\"https:\/\/hoomei.fr\/wp-content\/uploads\/2024\/11\/Design-sans-titre-2024-11-01T212453.191.png\",\"contentUrl\":\"https:\/\/hoomei.fr\/wp-content\/uploads\/2024\/11\/Design-sans-titre-2024-11-01T212453.191.png\",\"width\":436,\"height\":124,\"caption\":\"GHULAm WIASS\"},\"logo\":{\"@id\":\"https:\/\/hoomei.fr\/de\/#\/schema\/person\/image\/\"},\"sameAs\":[\"http:\/\/hoomei.fr\"]}]}<\/script>\n<!-- \/ Yoast SEO plugin. -->","yoast_head_json":{"title":"Rechtliche Hinweise - Hoomei","description":"Lesen Sie die rechtlichen Hinweise, um mehr \u00fcber unser Unternehmen, unsere Nutzungsbedingungen und unsere Datenschutzpolitik zu erfahren. Vollst\u00e4ndige rechtliche Informationen finden Sie hier.","robots":{"index":"index","follow":"follow","max-snippet":"max-snippet:-1","max-image-preview":"max-image-preview:large","max-video-preview":"max-video-preview:-1"},"canonical":"https:\/\/hoomei.fr\/de\/rechtliche-hinweise\/","og_locale":"de_DE","og_type":"article","og_title":"Rechtliche Hinweise - Hoomei","og_description":"Lesen Sie die rechtlichen Hinweise, um mehr \u00fcber unser Unternehmen, unsere Nutzungsbedingungen und unsere Datenschutzpolitik zu erfahren. Vollst\u00e4ndige rechtliche Informationen finden Sie hier.","og_url":"https:\/\/hoomei.fr\/de\/rechtliche-hinweise\/","og_site_name":"Hoomei","article_modified_time":"2025-01-01T23:06:06+00:00","og_image":[{"width":1000,"height":1000,"url":"https:\/\/hoomei.fr\/wp-content\/uploads\/2024\/11\/img_0192-1.jpg","type":"image\/jpeg"}],"twitter_card":"summary_large_image","twitter_misc":{"Gesch\u00e4tzte Lesezeit":"2\u00a0Minuten"},"schema":{"@context":"https:\/\/schema.org","@graph":[{"@type":"WebPage","@id":"https:\/\/hoomei.fr\/de\/rechtliche-hinweise\/","url":"https:\/\/hoomei.fr\/de\/rechtliche-hinweise\/","name":"Rechtliche Hinweise - Hoomei","isPartOf":{"@id":"https:\/\/hoomei.fr\/de\/#website"},"datePublished":"2024-11-21T00:26:34+00:00","dateModified":"2025-01-01T23:06:06+00:00","description":"Lesen Sie die rechtlichen Hinweise, um mehr \u00fcber unser Unternehmen, unsere Nutzungsbedingungen und unsere Datenschutzpolitik zu erfahren. Vollst\u00e4ndige rechtliche Informationen finden Sie hier.","breadcrumb":{"@id":"https:\/\/hoomei.fr\/de\/rechtliche-hinweise\/#breadcrumb"},"inLanguage":"de","potentialAction":[{"@type":"ReadAction","target":["https:\/\/hoomei.fr\/de\/rechtliche-hinweise\/"]}]},{"@type":"BreadcrumbList","@id":"https:\/\/hoomei.fr\/de\/rechtliche-hinweise\/#breadcrumb","itemListElement":[{"@type":"ListItem","position":1,"name":"Accueil","item":"https:\/\/hoomei.fr\/de\/"},{"@type":"ListItem","position":2,"name":"Rechtliche Hinweise"}]},{"@type":"WebSite","@id":"https:\/\/hoomei.fr\/de\/#website","url":"https:\/\/hoomei.fr\/de\/","name":"Hoomei","description":"Votre Routine R\u00e9invent\u00e9e","publisher":{"@id":"https:\/\/hoomei.fr\/de\/#\/schema\/person\/8cfb2570bae5452af0aefde1cfdc78b4"},"potentialAction":[{"@type":"SearchAction","target":{"@type":"EntryPoint","urlTemplate":"https:\/\/hoomei.fr\/de\/?s={search_term_string}"},"query-input":{"@type":"PropertyValueSpecification","valueRequired":true,"valueName":"search_term_string"}}],"inLanguage":"de"},{"@type":["Person","Organization"],"@id":"https:\/\/hoomei.fr\/de\/#\/schema\/person\/8cfb2570bae5452af0aefde1cfdc78b4","name":"GHULAm WIASS","image":{"@type":"ImageObject","inLanguage":"de","@id":"https:\/\/hoomei.fr\/de\/#\/schema\/person\/image\/","url":"https:\/\/hoomei.fr\/wp-content\/uploads\/2024\/11\/Design-sans-titre-2024-11-01T212453.191.png","contentUrl":"https:\/\/hoomei.fr\/wp-content\/uploads\/2024\/11\/Design-sans-titre-2024-11-01T212453.191.png","width":436,"height":124,"caption":"GHULAm WIASS"},"logo":{"@id":"https:\/\/hoomei.fr\/de\/#\/schema\/person\/image\/"},"sameAs":["http:\/\/hoomei.fr"]}]}},"_links":{"self":[{"href":"https:\/\/hoomei.fr\/de\/wp-json\/wp\/v2\/pages\/2464"}],"collection":[{"href":"https:\/\/hoomei.fr\/de\/wp-json\/wp\/v2\/pages"}],"about":[{"href":"https:\/\/hoomei.fr\/de\/wp-json\/wp\/v2\/types\/page"}],"author":[{"embeddable":true,"href":"https:\/\/hoomei.fr\/de\/wp-json\/wp\/v2\/users\/1"}],"replies":[{"embeddable":true,"href":"https:\/\/hoomei.fr\/de\/wp-json\/wp\/v2\/comments?post=2464"}],"version-history":[{"count":1,"href":"https:\/\/hoomei.fr\/de\/wp-json\/wp\/v2\/pages\/2464\/revisions"}],"predecessor-version":[{"id":2468,"href":"https:\/\/hoomei.fr\/de\/wp-json\/wp\/v2\/pages\/2464\/revisions\/2468"}],"wp:attachment":[{"href":"https:\/\/hoomei.fr\/de\/wp-json\/wp\/v2\/media?parent=2464"}],"curies":[{"name":"wp","href":"https:\/\/api.w.org\/{rel}","templated":true}]}}