{"id":2323,"date":"2024-11-17T22:00:26","date_gmt":"2024-11-17T22:00:26","guid":{"rendered":"https:\/\/hoomei.fr\/conditions-generales-dutilisation\/"},"modified":"2025-01-01T23:04:05","modified_gmt":"2025-01-01T23:04:05","slug":"conditions-generales-dutilisation","status":"publish","type":"page","link":"https:\/\/hoomei.fr\/de\/conditions-generales-dutilisation\/","title":{"rendered":"Conditions g\u00e9n\u00e9rales d&#8217;utilisation"},"content":{"rendered":"\t<div id=\"gap-2097000795\" class=\"gap-element clearfix\" style=\"display:block; height:auto;\">\n\t\t\n<style>\n#gap-2097000795 {\n  padding-top: 30px;\n}\n<\/style>\n\t<\/div>\n\t<p><\/p><h2 class=\"wp-block-heading\">Allgemeine Nutzungsbedingungen von Hoomei<\/h2><p><strong>1. Einf\u00fchrung<\/strong> Willkommen auf Hoomei.fr. Durch die Nutzung unserer Website erkl\u00e4ren Sie sich mit diesen Nutzungsbedingungen einverstanden. Bitte lesen Sie diese sorgf\u00e4ltig durch. Wenn Sie diesen Bedingungen nicht zustimmen, d\u00fcrfen Sie nicht auf Hoomei.de zugreifen oder es nutzen.<\/p><p><strong>2. Geistiges Eigentum\n<\/strong> Die auf Hoomei.de ver\u00f6ffentlichten Inhalte, einschlie\u00dflich Texte, Grafiken, Logos, Bilder sowie die Zusammenstellung dieser Inhalte und jeglicher auf der Website verwendeter Software, ist Eigentum von Hoomei.de oder seinen Lieferanten und durch die franz\u00f6sischen und internationalen Urheberrechtsgesetze gesch\u00fctzt.<\/p><p><strong>3. Utilisation du site<\/strong> a. Hoomei.fr vous accorde une licence limit\u00e9e pour acc\u00e9der et utiliser le site pour des fins personnelles. b. Cette licence n&#8217;inclut pas la revente ni l&#8217;utilisation commerciale des contenus du site. c. Le site ne doit pas \u00eatre reproduit, dupliqu\u00e9, copi\u00e9, vendu, revendu, visit\u00e9 ou autrement exploit\u00e9 pour un usage commercial sans consentement expr\u00e8s \u00e9crit de notre part.<\/p><p><strong>4. Comptes utilisateurs<\/strong> Si vous cr\u00e9ez un compte sur Hoomei.fr, vous \u00eates responsable de maintenir la confidentialit\u00e9 de votre compte et de votre mot de passe, ainsi que de restreindre l&#8217;acc\u00e8s \u00e0 votre ordinateur. Vous acceptez la responsabilit\u00e9 pour toutes les activit\u00e9s qui se d\u00e9roulent sous votre compte ou mot de passe.<\/p><p><strong>5. Risques li\u00e9s \u00e0 l&#8217;utilisation de l&#8217;Internet<\/strong> En utilisant Hoomei.fr, vous acceptez les risques inh\u00e9rents \u00e0 l&#8217;utilisation de l&#8217;Internet et vous convenez que Hoomei.fr ne sera pas responsable des dommages caus\u00e9s par l&#8217;utilisation du site.<\/p><p><strong>6. Modifications des conditions<\/strong> Hoomei.fr se r\u00e9serve le droit de modifier ou de remplacer n&#8217;importe quelles conditions g\u00e9n\u00e9rales d&#8217;utilisation \u00e0 tout moment. Nous nous occuperons de vous informer de toute modification.<\/p><p><strong>7. Juridiction et lois applicables<\/strong> Les pr\u00e9sentes conditions d&#8217;utilisation sont r\u00e9gies et interpr\u00e9t\u00e9es conform\u00e9ment aux lois de la France, et vous vous soumettez irr\u00e9vocablement \u00e0 la juridiction exclusive des tribunaux de ce pays.<\/p><p><strong>8. Contactez-nous<\/strong> Pour toute question concernant les Conditions G\u00e9n\u00e9rales d&#8217;Utilisation, veuillez nous contacter \u00e0 info@hoomei.fr<\/p>","protected":false},"excerpt":{"rendered":"<p>Allgemeine Nutzungsbedingungen von Hoomei 1. Einf\u00fchrung Willkommen auf Hoomei.fr. Durch die Nutzung unserer Website erkl\u00e4ren Sie sich mit diesen Nutzungsbedingungen einverstanden. Bitte lesen Sie diese sorgf\u00e4ltig durch. Wenn Sie diesen Bedingungen nicht zustimmen, d\u00fcrfen Sie nicht auf Hoomei.de zugreifen oder es nutzen. 2. Geistiges Eigentum Die auf Hoomei.de ver\u00f6ffentlichten Inhalte, einschlie\u00dflich Texte, Grafiken, Logos, Bilder [&#8230;]\n","protected":false},"author":1,"featured_media":0,"parent":0,"menu_order":0,"comment_status":"closed","ping_status":"closed","template":"","meta":{"_acf_changed":false,"ub_ctt_via":"","_monsterinsights_skip_tracking":false,"_monsterinsights_sitenote_active":false,"_monsterinsights_sitenote_note":"","_monsterinsights_sitenote_category":0,"footnotes":""},"class_list":["post-2323","page","type-page","status-publish","hentry"],"featured_image_src":null,"acf":[],"yoast_head":"<!-- This site is optimized with the Yoast SEO plugin v23.8 - https:\/\/yoast.com\/wordpress\/plugins\/seo\/ -->\n<title>Conditions g\u00e9n\u00e9rales d&#039;utilisation - Hoomei<\/title>\n<meta name=\"description\" content=\"Consultez les conditions g\u00e9n\u00e9rales d&#039;utilisation de pour comprendre vos droits et responsabilit\u00e9s en tant qu&#039;utilisateur de notre site. Tout ce que vous devez savoir en un clic.\" \/>\n<meta name=\"robots\" content=\"index, follow, max-snippet:-1, max-image-preview:large, max-video-preview:-1\" \/>\n<link rel=\"canonical\" href=\"https:\/\/hoomei.fr\/de\/conditions-generales-dutilisation\/\" \/>\n<meta property=\"og:locale\" content=\"de_DE\" \/>\n<meta property=\"og:type\" content=\"article\" \/>\n<meta property=\"og:title\" content=\"Conditions g\u00e9n\u00e9rales d&#039;utilisation - Hoomei\" \/>\n<meta property=\"og:description\" content=\"Consultez les conditions g\u00e9n\u00e9rales d&#039;utilisation de pour comprendre vos droits et responsabilit\u00e9s en tant qu&#039;utilisateur de notre site. Tout ce que vous devez savoir en un clic.\" \/>\n<meta property=\"og:url\" content=\"https:\/\/hoomei.fr\/de\/conditions-generales-dutilisation\/\" \/>\n<meta property=\"og:site_name\" content=\"Hoomei\" \/>\n<meta property=\"article:modified_time\" content=\"2025-01-01T23:04:05+00:00\" \/>\n<meta property=\"og:image\" content=\"https:\/\/hoomei.fr\/wp-content\/uploads\/2024\/11\/img_0192-1.jpg\" \/>\n\t<meta property=\"og:image:width\" content=\"1000\" \/>\n\t<meta property=\"og:image:height\" content=\"1000\" \/>\n\t<meta property=\"og:image:type\" content=\"image\/jpeg\" \/>\n<meta name=\"twitter:card\" content=\"summary_large_image\" \/>\n<meta name=\"twitter:label1\" content=\"Gesch\u00e4tzte Lesezeit\" \/>\n\t<meta name=\"twitter:data1\" content=\"2\u00a0Minuten\" \/>\n<script type=\"application\/ld+json\" class=\"yoast-schema-graph\">{\"@context\":\"https:\/\/schema.org\",\"@graph\":[{\"@type\":\"WebPage\",\"@id\":\"https:\/\/hoomei.fr\/de\/conditions-generales-dutilisation\/\",\"url\":\"https:\/\/hoomei.fr\/de\/conditions-generales-dutilisation\/\",\"name\":\"Conditions g\u00e9n\u00e9rales d'utilisation - Hoomei\",\"isPartOf\":{\"@id\":\"https:\/\/hoomei.fr\/de\/#website\"},\"datePublished\":\"2024-11-17T22:00:26+00:00\",\"dateModified\":\"2025-01-01T23:04:05+00:00\",\"description\":\"Consultez les conditions g\u00e9n\u00e9rales d'utilisation de pour comprendre vos droits et responsabilit\u00e9s en tant qu'utilisateur de notre site. Tout ce que vous devez savoir en un clic.\",\"breadcrumb\":{\"@id\":\"https:\/\/hoomei.fr\/de\/conditions-generales-dutilisation\/#breadcrumb\"},\"inLanguage\":\"de\",\"potentialAction\":[{\"@type\":\"ReadAction\",\"target\":[\"https:\/\/hoomei.fr\/de\/conditions-generales-dutilisation\/\"]}]},{\"@type\":\"BreadcrumbList\",\"@id\":\"https:\/\/hoomei.fr\/de\/conditions-generales-dutilisation\/#breadcrumb\",\"itemListElement\":[{\"@type\":\"ListItem\",\"position\":1,\"name\":\"Accueil\",\"item\":\"https:\/\/hoomei.fr\/de\/\"},{\"@type\":\"ListItem\",\"position\":2,\"name\":\"Conditions g\u00e9n\u00e9rales d&#8217;utilisation\"}]},{\"@type\":\"WebSite\",\"@id\":\"https:\/\/hoomei.fr\/de\/#website\",\"url\":\"https:\/\/hoomei.fr\/de\/\",\"name\":\"Hoomei\",\"description\":\"Votre Routine R\u00e9invent\u00e9e\",\"publisher\":{\"@id\":\"https:\/\/hoomei.fr\/de\/#\/schema\/person\/8cfb2570bae5452af0aefde1cfdc78b4\"},\"potentialAction\":[{\"@type\":\"SearchAction\",\"target\":{\"@type\":\"EntryPoint\",\"urlTemplate\":\"https:\/\/hoomei.fr\/de\/?s={search_term_string}\"},\"query-input\":{\"@type\":\"PropertyValueSpecification\",\"valueRequired\":true,\"valueName\":\"search_term_string\"}}],\"inLanguage\":\"de\"},{\"@type\":[\"Person\",\"Organization\"],\"@id\":\"https:\/\/hoomei.fr\/de\/#\/schema\/person\/8cfb2570bae5452af0aefde1cfdc78b4\",\"name\":\"GHULAm WIASS\",\"image\":{\"@type\":\"ImageObject\",\"inLanguage\":\"de\",\"@id\":\"https:\/\/hoomei.fr\/de\/#\/schema\/person\/image\/\",\"url\":\"https:\/\/hoomei.fr\/wp-content\/uploads\/2024\/11\/Design-sans-titre-2024-11-01T212453.191.png\",\"contentUrl\":\"https:\/\/hoomei.fr\/wp-content\/uploads\/2024\/11\/Design-sans-titre-2024-11-01T212453.191.png\",\"width\":436,\"height\":124,\"caption\":\"GHULAm WIASS\"},\"logo\":{\"@id\":\"https:\/\/hoomei.fr\/de\/#\/schema\/person\/image\/\"},\"sameAs\":[\"http:\/\/hoomei.fr\"]}]}<\/script>\n<!-- \/ Yoast SEO plugin. -->","yoast_head_json":{"title":"Conditions g\u00e9n\u00e9rales d'utilisation - Hoomei","description":"Consultez les conditions g\u00e9n\u00e9rales d'utilisation de pour comprendre vos droits et responsabilit\u00e9s en tant qu'utilisateur de notre site. Tout ce que vous devez savoir en un clic.","robots":{"index":"index","follow":"follow","max-snippet":"max-snippet:-1","max-image-preview":"max-image-preview:large","max-video-preview":"max-video-preview:-1"},"canonical":"https:\/\/hoomei.fr\/de\/conditions-generales-dutilisation\/","og_locale":"de_DE","og_type":"article","og_title":"Conditions g\u00e9n\u00e9rales d'utilisation - Hoomei","og_description":"Consultez les conditions g\u00e9n\u00e9rales d'utilisation de pour comprendre vos droits et responsabilit\u00e9s en tant qu'utilisateur de notre site. Tout ce que vous devez savoir en un clic.","og_url":"https:\/\/hoomei.fr\/de\/conditions-generales-dutilisation\/","og_site_name":"Hoomei","article_modified_time":"2025-01-01T23:04:05+00:00","og_image":[{"width":1000,"height":1000,"url":"https:\/\/hoomei.fr\/wp-content\/uploads\/2024\/11\/img_0192-1.jpg","type":"image\/jpeg"}],"twitter_card":"summary_large_image","twitter_misc":{"Gesch\u00e4tzte Lesezeit":"2\u00a0Minuten"},"schema":{"@context":"https:\/\/schema.org","@graph":[{"@type":"WebPage","@id":"https:\/\/hoomei.fr\/de\/conditions-generales-dutilisation\/","url":"https:\/\/hoomei.fr\/de\/conditions-generales-dutilisation\/","name":"Conditions g\u00e9n\u00e9rales d'utilisation - Hoomei","isPartOf":{"@id":"https:\/\/hoomei.fr\/de\/#website"},"datePublished":"2024-11-17T22:00:26+00:00","dateModified":"2025-01-01T23:04:05+00:00","description":"Consultez les conditions g\u00e9n\u00e9rales d'utilisation de pour comprendre vos droits et responsabilit\u00e9s en tant qu'utilisateur de notre site. Tout ce que vous devez savoir en un clic.","breadcrumb":{"@id":"https:\/\/hoomei.fr\/de\/conditions-generales-dutilisation\/#breadcrumb"},"inLanguage":"de","potentialAction":[{"@type":"ReadAction","target":["https:\/\/hoomei.fr\/de\/conditions-generales-dutilisation\/"]}]},{"@type":"BreadcrumbList","@id":"https:\/\/hoomei.fr\/de\/conditions-generales-dutilisation\/#breadcrumb","itemListElement":[{"@type":"ListItem","position":1,"name":"Accueil","item":"https:\/\/hoomei.fr\/de\/"},{"@type":"ListItem","position":2,"name":"Conditions g\u00e9n\u00e9rales d&#8217;utilisation"}]},{"@type":"WebSite","@id":"https:\/\/hoomei.fr\/de\/#website","url":"https:\/\/hoomei.fr\/de\/","name":"Hoomei","description":"Votre Routine R\u00e9invent\u00e9e","publisher":{"@id":"https:\/\/hoomei.fr\/de\/#\/schema\/person\/8cfb2570bae5452af0aefde1cfdc78b4"},"potentialAction":[{"@type":"SearchAction","target":{"@type":"EntryPoint","urlTemplate":"https:\/\/hoomei.fr\/de\/?s={search_term_string}"},"query-input":{"@type":"PropertyValueSpecification","valueRequired":true,"valueName":"search_term_string"}}],"inLanguage":"de"},{"@type":["Person","Organization"],"@id":"https:\/\/hoomei.fr\/de\/#\/schema\/person\/8cfb2570bae5452af0aefde1cfdc78b4","name":"GHULAm WIASS","image":{"@type":"ImageObject","inLanguage":"de","@id":"https:\/\/hoomei.fr\/de\/#\/schema\/person\/image\/","url":"https:\/\/hoomei.fr\/wp-content\/uploads\/2024\/11\/Design-sans-titre-2024-11-01T212453.191.png","contentUrl":"https:\/\/hoomei.fr\/wp-content\/uploads\/2024\/11\/Design-sans-titre-2024-11-01T212453.191.png","width":436,"height":124,"caption":"GHULAm WIASS"},"logo":{"@id":"https:\/\/hoomei.fr\/de\/#\/schema\/person\/image\/"},"sameAs":["http:\/\/hoomei.fr"]}]}},"_links":{"self":[{"href":"https:\/\/hoomei.fr\/de\/wp-json\/wp\/v2\/pages\/2323"}],"collection":[{"href":"https:\/\/hoomei.fr\/de\/wp-json\/wp\/v2\/pages"}],"about":[{"href":"https:\/\/hoomei.fr\/de\/wp-json\/wp\/v2\/types\/page"}],"author":[{"embeddable":true,"href":"https:\/\/hoomei.fr\/de\/wp-json\/wp\/v2\/users\/1"}],"replies":[{"embeddable":true,"href":"https:\/\/hoomei.fr\/de\/wp-json\/wp\/v2\/comments?post=2323"}],"version-history":[{"count":3,"href":"https:\/\/hoomei.fr\/de\/wp-json\/wp\/v2\/pages\/2323\/revisions"}],"predecessor-version":[{"id":2399,"href":"https:\/\/hoomei.fr\/de\/wp-json\/wp\/v2\/pages\/2323\/revisions\/2399"}],"wp:attachment":[{"href":"https:\/\/hoomei.fr\/de\/wp-json\/wp\/v2\/media?parent=2323"}],"curies":[{"name":"wp","href":"https:\/\/api.w.org\/{rel}","templated":true}]}}